{"id":11962,"date":"2019-01-11T15:12:50","date_gmt":"2019-01-11T15:12:50","guid":{"rendered":"https:\/\/www.swisscleantech.ch\/?page_id=11962"},"modified":"2020-01-11T12:16:21","modified_gmt":"2020-01-11T12:16:21","slug":"an-abmeldung-fruehlingsanlass-2019-inkl-gv","status":"publish","type":"page","link":"https:\/\/www.swisscleantech.ch\/fr\/an-abmeldung-fruehlingsanlass-2019-inkl-gv\/","title":{"rendered":"Fr\u00fchlingsanlass 2019"},"content":{"rendered":"<h1>Fr\u00fchlingsanlass 2019<\/h1>\r\n<h4>Mehr Mut im Klimaschutz - so kommt die Schweiz voran<\/h4>\r\n<p>Mittwoch, 6. M\u00e4rz 2019 im Hotel National Bern\u00a0<\/p>\r\n<p><div class=\"wpforms-container wpforms-container-full\" id=\"wpforms-9434\"><form id=\"wpforms-form-9434\" class=\"wpforms-validate wpforms-form\" data-formid=\"9434\" method=\"post\" enctype=\"multipart\/form-data\" action=\"\/fr\/wp-json\/wp\/v2\/pages\/11962\" data-token=\"b5322a8f4f9f675e1454eee35c3cf72b\"><noscript class=\"wpforms-error-noscript\">Veuillez activer JavaScript dans votre navigateur pour remplir ce formulaire.<\/noscript><div class=\"wpforms-field-container\"><div id=\"wpforms-9434-field_7-container\" class=\"wpforms-field wpforms-field-checkbox wpforms-conditional-trigger\" data-field-id=\"7\"><ul id=\"wpforms-9434-field_7\"><li class=\"choice-1 depth-1\"><input type=\"checkbox\" id=\"wpforms-9434-field_7_1\" name=\"wpforms[fields][7][]\" value=\"Ich bin Mitglied und melde mich f\u00fcr die Generalversammlung an (17:15 Uhr) \"  ><label class=\"wpforms-field-label-inline\" for=\"wpforms-9434-field_7_1\">Ich bin Mitglied und melde mich f\u00fcr die Generalversammlung an (17:15 Uhr) <\/label><\/li><li class=\"choice-2 depth-1\"><input type=\"checkbox\" id=\"wpforms-9434-field_7_2\" name=\"wpforms[fields][7][]\" value=\"Ich melde mich f\u00fcr den Hauptanlass an (19:00 Uhr)\"  ><label class=\"wpforms-field-label-inline\" for=\"wpforms-9434-field_7_2\">Ich melde mich f\u00fcr den Hauptanlass an (19:00 Uhr)<\/label><\/li><li class=\"choice-5 depth-1\"><input type=\"checkbox\" id=\"wpforms-9434-field_7_5\" name=\"wpforms[fields][7][]\" value=\"Ich bin verhindert und w\u00fcnsche keine weiteren Informationen zu diesem Event\"  ><label class=\"wpforms-field-label-inline\" for=\"wpforms-9434-field_7_5\">Ich bin verhindert und w\u00fcnsche keine weiteren Informationen zu diesem Event<\/label><\/li><\/ul><\/div><div id=\"wpforms-9434-field_1-container\" class=\"wpforms-field wpforms-field-name\" data-field-id=\"1\"><label class=\"wpforms-field-label\" for=\"wpforms-9434-field_1\">Name <span class=\"wpforms-required-label\">*<\/span><\/label><div class=\"wpforms-field-row wpforms-field-large\"><div class=\"wpforms-field-row-block wpforms-first wpforms-one-half\"><input type=\"text\" id=\"wpforms-9434-field_1\" class=\"wpforms-field-name-first wpforms-field-required\" name=\"wpforms[fields][1][first]\" required><label for=\"wpforms-9434-field_1\" class=\"wpforms-field-sublabel after \">Pr\u00e9nom<\/label><\/div><div class=\"wpforms-field-row-block wpforms-one-half\"><input type=\"text\" id=\"wpforms-9434-field_1-last\" class=\"wpforms-field-name-last wpforms-field-required\" name=\"wpforms[fields][1][last]\" required><label for=\"wpforms-9434-field_1-last\" class=\"wpforms-field-sublabel after \">Nom<\/label><\/div><\/div><\/div><div id=\"wpforms-9434-field_2-container\" class=\"wpforms-field wpforms-field-text\" data-field-id=\"2\"><label class=\"wpforms-field-label\" for=\"wpforms-9434-field_2\">Firma\/Organisation<\/label><input type=\"text\" id=\"wpforms-9434-field_2\" class=\"wpforms-field-large\" name=\"wpforms[fields][2]\" ><\/div><div id=\"wpforms-9434-field_8-container\" class=\"wpforms-field wpforms-field-text\" data-field-id=\"8\"><label class=\"wpforms-field-label\" for=\"wpforms-9434-field_8\">Adresse<\/label><input type=\"text\" id=\"wpforms-9434-field_8\" class=\"wpforms-field-medium\" name=\"wpforms[fields][8]\" ><\/div><div id=\"wpforms-9434-field_9-container\" class=\"wpforms-field wpforms-field-text\" data-field-id=\"9\"><label class=\"wpforms-field-label\" for=\"wpforms-9434-field_9\">PLZ &amp; Ort <\/label><input type=\"text\" id=\"wpforms-9434-field_9\" class=\"wpforms-field-medium\" name=\"wpforms[fields][9]\" ><\/div><div id=\"wpforms-9434-field_3-container\" class=\"wpforms-field wpforms-field-text\" data-field-id=\"3\"><label class=\"wpforms-field-label\" for=\"wpforms-9434-field_3\">Position<\/label><input type=\"text\" id=\"wpforms-9434-field_3\" class=\"wpforms-field-large\" name=\"wpforms[fields][3]\" ><\/div><div id=\"wpforms-9434-field_4-container\" class=\"wpforms-field wpforms-field-email\" data-field-id=\"4\"><label class=\"wpforms-field-label\" for=\"wpforms-9434-field_4\">E-Mail <span class=\"wpforms-required-label\">*<\/span><\/label><input type=\"email\" id=\"wpforms-9434-field_4\" class=\"wpforms-field-large wpforms-field-required\" name=\"wpforms[fields][4]\" required><\/div><div id=\"wpforms-9434-field_10-container\" class=\"wpforms-field wpforms-field-checkbox\" data-field-id=\"10\"><ul id=\"wpforms-9434-field_10\" class=\"wpforms-field-required\"><li class=\"choice-1 depth-1\"><input type=\"checkbox\" id=\"wpforms-9434-field_10_1\" name=\"wpforms[fields][10][]\" value=\"Ich bin Firmen- oder Verbandsmitglied (gratis)\" required ><label class=\"wpforms-field-label-inline\" for=\"wpforms-9434-field_10_1\">Ich bin Firmen- oder Verbandsmitglied (gratis)<\/label><\/li><li class=\"choice-2 depth-1\"><input type=\"checkbox\" id=\"wpforms-9434-field_10_2\" name=\"wpforms[fields][10][]\" value=\"Ich bin ein Friend of swisscleantech (75.00 CHF)\" required ><label class=\"wpforms-field-label-inline\" for=\"wpforms-9434-field_10_2\">Ich bin ein Friend of swisscleantech (75.00 CHF)<\/label><\/li><li class=\"choice-3 depth-1\"><input type=\"checkbox\" id=\"wpforms-9434-field_10_3\" name=\"wpforms[fields][10][]\" value=\"Ich bin kein Mitglied (150.00 CHF)\" required ><label class=\"wpforms-field-label-inline\" for=\"wpforms-9434-field_10_3\">Ich bin kein Mitglied (150.00 CHF)<\/label><\/li><\/ul><\/div><div id=\"wpforms-9434-field_5-container\" class=\"wpforms-field wpforms-field-checkbox wpforms-conditional-field wpforms-conditional-hide\" data-field-id=\"5\"><label class=\"wpforms-field-label wpforms-label-hide\" for=\"wpforms-9434-field_5\">Annullationsbedingungen <span class=\"wpforms-required-label\">*<\/span><\/label><ul id=\"wpforms-9434-field_5\" class=\"wpforms-field-required\"><li class=\"choice-1 depth-1\"><input type=\"checkbox\" id=\"wpforms-9434-field_5_1\" name=\"wpforms[fields][5][]\" value=\"Hiermit best\u00e4tige ich, dass meine Anmeldung verbindlich ist. Bei einer Abmeldung von weniger als 5 Arbeitstagen vor der Veranstaltung werden allf\u00e4llige Teilnahmegeb\u00fchren vollumf\u00e4nglich in Rechnung gestellt.  \" required ><label class=\"wpforms-field-label-inline\" for=\"wpforms-9434-field_5_1\">Hiermit best\u00e4tige ich, dass meine Anmeldung verbindlich ist. Bei einer Abmeldung von weniger als 5 Arbeitstagen vor der Veranstaltung werden allf\u00e4llige Teilnahmegeb\u00fchren vollumf\u00e4nglich in Rechnung gestellt.  <\/label><\/li><\/ul><\/div><div id=\"wpforms-9434-field_6-container\" class=\"wpforms-field wpforms-field-textarea\" data-field-id=\"6\"><label class=\"wpforms-field-label\" for=\"wpforms-9434-field_6\">Bemerkungen<\/label><textarea id=\"wpforms-9434-field_6\" class=\"wpforms-field-medium\" name=\"wpforms[fields][6]\" ><\/textarea><\/div><\/div><div class=\"wpforms-field wpforms-field-hp\"><label for=\"wpforms-9434-field-hp\" class=\"wpforms-field-label\">Comment<\/label><input type=\"text\" name=\"wpforms[hp]\" id=\"wpforms-9434-field-hp\" class=\"wpforms-field-medium\"><\/div><div class=\"wpforms-submit-container\"><input type=\"hidden\" name=\"wpforms[id]\" value=\"9434\"><input type=\"hidden\" name=\"wpforms[author]\" value=\"1\"><button type=\"submit\" name=\"wpforms[submit]\" id=\"wpforms-submit-9434\" class=\"wpforms-submit\" data-alt-text=\"Sende...\" data-submit-text=\"Absenden\" aria-live=\"assertive\" value=\"wpforms-submit\">Absenden<\/button><\/div><\/form><\/div>  <!-- .wpforms-container --><br \/>\r\n<br \/>\r\nSie wissen nicht, ob Sie Firmenmitglied oder Verbandsmitglied sind? \u00dcberpr\u00fcfen Sie Ihren <a href=\"https:\/\/www.swisscleantech.ch\/verband\/mitglieder\/\">Status<\/a>.\u00a0<\/p>\r\n<p><a href=\"https:\/\/www.swisscleantech.ch\/agendaeintrag\/fruehlingsanlass\/\">Zur\u00fcck zur Veranstaltung<\/a><br \/>\r\n<a href=\"https:\/\/www.swisscleantech.ch\/agenda\/\">Zur\u00fcck zur Agenda<\/a><\/p>","protected":false},"excerpt":{"rendered":"Fr\u00fchlingsanlass 2019 Mehr Mut im Klimaschutz - so kommt die Schweiz voran Mittwoch, 6. M\u00e4rz 2019 im Hotel National Bern\u00a0 Sie wissen nicht, ob Sie Firmenmitglied oder Verbandsmitglied sind? \u00dcberpr\u00fcfen Sie Ihren Status.\u00a0 Zur\u00fcck zur Veranstaltung Zur\u00fcck zur Agenda","protected":false},"author":1,"featured_media":0,"parent":0,"menu_order":0,"comment_status":"closed","ping_status":"closed","template":"","meta":{"inline_featured_image":false},"acf":[],"_links":{"self":[{"href":"https:\/\/www.swisscleantech.ch\/fr\/wp-json\/wp\/v2\/pages\/11962"}],"collection":[{"href":"https:\/\/www.swisscleantech.ch\/fr\/wp-json\/wp\/v2\/pages"}],"about":[{"href":"https:\/\/www.swisscleantech.ch\/fr\/wp-json\/wp\/v2\/types\/page"}],"author":[{"embeddable":true,"href":"https:\/\/www.swisscleantech.ch\/fr\/wp-json\/wp\/v2\/users\/1"}],"replies":[{"embeddable":true,"href":"https:\/\/www.swisscleantech.ch\/fr\/wp-json\/wp\/v2\/comments?post=11962"}],"version-history":[{"count":7,"href":"https:\/\/www.swisscleantech.ch\/fr\/wp-json\/wp\/v2\/pages\/11962\/revisions"}],"predecessor-version":[{"id":15713,"href":"https:\/\/www.swisscleantech.ch\/fr\/wp-json\/wp\/v2\/pages\/11962\/revisions\/15713"}],"wp:attachment":[{"href":"https:\/\/www.swisscleantech.ch\/fr\/wp-json\/wp\/v2\/media?parent=11962"}],"curies":[{"name":"wp","href":"https:\/\/api.w.org\/{rel}","templated":true}]}}