{"id":13032,"date":"2019-03-22T17:33:25","date_gmt":"2019-03-22T17:33:25","guid":{"rendered":"https:\/\/www.swisscleantech.ch\/?page_id=13032"},"modified":"2022-02-14T11:49:27","modified_gmt":"2022-02-14T11:49:27","slug":"anmeldung-m2m-swisscom","status":"publish","type":"page","link":"https:\/\/www.swisscleantech.ch\/fr\/anmeldung-abmeldung-formulare\/anmeldung-m2m-swisscom\/","title":{"rendered":"An-\/Abmeldung Member2Member Anlass"},"content":{"rendered":"<h1>An-\/Abmeldung Member 2 Member-Anlass<\/h1>\r\n<h4>Swisscom l\u00e4dt ein<\/h4>\r\n<p>Dienstag, 22. September 2020 bei Swisscom, F\u00f6rrlibuckstrasse 181 in Z\u00fcrich<\/p>\r\n<p><div class=\"wpforms-container wpforms-container-full\" id=\"wpforms-17223\"><form id=\"wpforms-form-17223\" class=\"wpforms-validate wpforms-form\" data-formid=\"17223\" method=\"post\" enctype=\"multipart\/form-data\" action=\"\/fr\/wp-json\/wp\/v2\/pages\/13032\" data-token=\"a93f5fd98c2d42812466e8f576e1777d\"><noscript class=\"wpforms-error-noscript\">Veuillez activer JavaScript dans votre navigateur pour remplir ce formulaire.<\/noscript><div class=\"wpforms-field-container\"><div id=\"wpforms-17223-field_7-container\" class=\"wpforms-field wpforms-field-checkbox\" data-field-id=\"7\"><ul id=\"wpforms-17223-field_7\" class=\"wpforms-field-required\"><li class=\"choice-1 depth-1\"><input type=\"checkbox\" id=\"wpforms-17223-field_7_1\" name=\"wpforms[fields][7][]\" value=\"Ich melde mich zum M2M-Anlass an und nehme vor Ort teil\" required ><label class=\"wpforms-field-label-inline\" for=\"wpforms-17223-field_7_1\">Ich melde mich zum M2M-Anlass an und nehme vor Ort teil<\/label><\/li><li class=\"choice-7 depth-1\"><input type=\"checkbox\" id=\"wpforms-17223-field_7_7\" name=\"wpforms[fields][7][]\" value=\"Ich melde mich zum M2M-Anlass an &amp; nehme virtuell teil (Anmeldung via: https:\/\/bit.ly\/3iyHkVh)\" required ><label class=\"wpforms-field-label-inline\" for=\"wpforms-17223-field_7_7\">Ich melde mich zum M2M-Anlass an &amp; nehme virtuell teil (Anmeldung via: https:\/\/bit.ly\/3iyHkVh)<\/label><\/li><li class=\"choice-5 depth-1\"><input type=\"checkbox\" id=\"wpforms-17223-field_7_5\" name=\"wpforms[fields][7][]\" value=\"Ich bin verhindert und w\u00fcnsche keine weiteren Informationen zu diesem Event\" required ><label class=\"wpforms-field-label-inline\" for=\"wpforms-17223-field_7_5\">Ich bin verhindert und w\u00fcnsche keine weiteren Informationen zu diesem Event<\/label><\/li><\/ul><\/div><div id=\"wpforms-17223-field_1-container\" class=\"wpforms-field wpforms-field-name\" data-field-id=\"1\"><label class=\"wpforms-field-label\" for=\"wpforms-17223-field_1\">Name <span class=\"wpforms-required-label\">*<\/span><\/label><div class=\"wpforms-field-row wpforms-field-large\"><div class=\"wpforms-field-row-block wpforms-first wpforms-one-half\"><input type=\"text\" id=\"wpforms-17223-field_1\" class=\"wpforms-field-name-first wpforms-field-required\" name=\"wpforms[fields][1][first]\" required><label for=\"wpforms-17223-field_1\" class=\"wpforms-field-sublabel after \">Pr\u00e9nom<\/label><\/div><div class=\"wpforms-field-row-block wpforms-one-half\"><input type=\"text\" id=\"wpforms-17223-field_1-last\" class=\"wpforms-field-name-last wpforms-field-required\" name=\"wpforms[fields][1][last]\" required><label for=\"wpforms-17223-field_1-last\" class=\"wpforms-field-sublabel after \">Nom<\/label><\/div><\/div><\/div><div id=\"wpforms-17223-field_3-container\" class=\"wpforms-field wpforms-field-text\" data-field-id=\"3\"><label class=\"wpforms-field-label\" for=\"wpforms-17223-field_3\">Position<\/label><input type=\"text\" id=\"wpforms-17223-field_3\" class=\"wpforms-field-large\" name=\"wpforms[fields][3]\" ><\/div><div id=\"wpforms-17223-field_4-container\" class=\"wpforms-field wpforms-field-email\" data-field-id=\"4\"><label class=\"wpforms-field-label\" for=\"wpforms-17223-field_4\">E-Mail <span class=\"wpforms-required-label\">*<\/span><\/label><input type=\"email\" id=\"wpforms-17223-field_4\" class=\"wpforms-field-large wpforms-field-required\" name=\"wpforms[fields][4]\" required><\/div><div id=\"wpforms-17223-field_2-container\" class=\"wpforms-field wpforms-field-text\" data-field-id=\"2\"><label class=\"wpforms-field-label\" for=\"wpforms-17223-field_2\">Firma\/Organisation <span class=\"wpforms-required-label\">*<\/span><\/label><input type=\"text\" id=\"wpforms-17223-field_2\" class=\"wpforms-field-large wpforms-field-required\" name=\"wpforms[fields][2]\" required><\/div><div id=\"wpforms-17223-field_27-container\" class=\"wpforms-field wpforms-field-address\" data-field-id=\"27\"><label class=\"wpforms-field-label\" for=\"wpforms-17223-field_27\">Adresse<\/label><div class=\"wpforms-field-row wpforms-field-medium\"><div ><input type=\"text\" id=\"wpforms-17223-field_27\" class=\"wpforms-field-address-address1\" name=\"wpforms[fields][27][address1]\" ><label for=\"wpforms-17223-field_27\" class=\"wpforms-field-sublabel after wpforms-sublabel-hide\">Address Line 1<\/label><\/div><\/div><div class=\"wpforms-field-row wpforms-field-medium\"><div class=\"wpforms-field-row-block wpforms-one-half wpforms-first\"><input type=\"text\" id=\"wpforms-17223-field_27-city\" class=\"wpforms-field-address-city\" name=\"wpforms[fields][27][city]\" ><label for=\"wpforms-17223-field_27-city\" class=\"wpforms-field-sublabel after wpforms-sublabel-hide\">City<\/label><\/div><div class=\"wpforms-field-row-block wpforms-one-half\"><input type=\"text\" id=\"wpforms-17223-field_27-state\" class=\"wpforms-field-address-state\" name=\"wpforms[fields][27][state]\" ><label for=\"wpforms-17223-field_27-state\" class=\"wpforms-field-sublabel after wpforms-sublabel-hide\">State \/ Province \/ Region<\/label><\/div><\/div><\/div><div id=\"wpforms-17223-field_10-container\" class=\"wpforms-field wpforms-field-checkbox\" data-field-id=\"10\"><ul id=\"wpforms-17223-field_10\"><li class=\"choice-1 depth-1\"><input type=\"checkbox\" id=\"wpforms-17223-field_10_1\" name=\"wpforms[fields][10][]\" value=\"Ich bin Firmen- oder Verbandsmitglied\"  ><label class=\"wpforms-field-label-inline\" for=\"wpforms-17223-field_10_1\">Ich bin Firmen- oder Verbandsmitglied<\/label><\/li><li class=\"choice-2 depth-1\"><input type=\"checkbox\" id=\"wpforms-17223-field_10_2\" name=\"wpforms[fields][10][]\" value=\"Ich bin ein Friend of swisscleantech\"  ><label class=\"wpforms-field-label-inline\" for=\"wpforms-17223-field_10_2\">Ich bin ein Friend of swisscleantech<\/label><\/li><li class=\"choice-3 depth-1\"><input type=\"checkbox\" id=\"wpforms-17223-field_10_3\" name=\"wpforms[fields][10][]\" value=\"Ich bin noch kein swisscleantech Mitglied, aber m\u00f6chte vor dem Anlass beitreten\"  ><label class=\"wpforms-field-label-inline\" for=\"wpforms-17223-field_10_3\">Ich bin noch kein swisscleantech Mitglied, aber m\u00f6chte vor dem Anlass beitreten<\/label><\/li><li class=\"choice-4 depth-1\"><input type=\"checkbox\" id=\"wpforms-17223-field_10_4\" name=\"wpforms[fields][10][]\" value=\"Ich wurde pers\u00f6nlich von (bitte Namen ins Bemerkungsfeld eintragen) eingeladen\"  ><label class=\"wpforms-field-label-inline\" for=\"wpforms-17223-field_10_4\">Ich wurde pers\u00f6nlich von (bitte Namen ins Bemerkungsfeld eintragen) eingeladen<\/label><\/li><li class=\"choice-5 depth-1\"><input type=\"checkbox\" id=\"wpforms-17223-field_10_5\" name=\"wpforms[fields][10][]\" value=\"Ich habe mich abgemeldet\"  ><label class=\"wpforms-field-label-inline\" for=\"wpforms-17223-field_10_5\">Ich habe mich abgemeldet<\/label><\/li><\/ul><\/div><div id=\"wpforms-17223-field_6-container\" class=\"wpforms-field wpforms-field-textarea\" data-field-id=\"6\"><label class=\"wpforms-field-label\" for=\"wpforms-17223-field_6\">Bemerkungen<\/label><textarea id=\"wpforms-17223-field_6\" class=\"wpforms-field-medium\" name=\"wpforms[fields][6]\" ><\/textarea><\/div><\/div><div class=\"wpforms-field wpforms-field-hp\"><label for=\"wpforms-17223-field-hp\" class=\"wpforms-field-label\">Website<\/label><input type=\"text\" name=\"wpforms[hp]\" id=\"wpforms-17223-field-hp\" class=\"wpforms-field-medium\"><\/div><div class=\"wpforms-submit-container\"><input type=\"hidden\" name=\"wpforms[id]\" value=\"17223\"><input type=\"hidden\" name=\"wpforms[author]\" value=\"1\"><button type=\"submit\" name=\"wpforms[submit]\" id=\"wpforms-submit-17223\" class=\"wpforms-submit\" data-alt-text=\"Sende...\" data-submit-text=\"Absenden\" aria-live=\"assertive\" value=\"wpforms-submit\">Absenden<\/button><\/div><\/form><\/div>  <!-- .wpforms-container --><br \/>\r\n<br \/>\r\nSie wissen nicht, ob Sie Firmenmitglied oder Verbandsmitglied sind? \u00dcberpr\u00fcfen Sie Ihren <a href=\"https:\/\/www.swisscleantech.ch\/verband\/mitglieder\/\">Status<\/a>.\u00a0<\/p>\r\n<p>&nbsp;<\/p>\r\n<p><a href=\"https:\/\/www.swisscleantech.ch\/fr\/agendaeintrag\/member2member-swisscom-laedt-ein\/\">Zur\u00fcck zur Veranstaltung<\/a><br \/>\r\n<a href=\"https:\/\/www.swisscleantech.ch\/agenda\/\">Zur\u00fcck zur Agenda<\/a><\/p>","protected":false},"excerpt":{"rendered":"An-\/Abmeldung Member 2 Member-Anlass Swisscom l\u00e4dt ein Dienstag, 22. September 2020 bei Swisscom, F\u00f6rrlibuckstrasse 181 in Z\u00fcrich Sie wissen nicht, ob Sie Firmenmitglied oder Verbandsmitglied sind? \u00dcberpr\u00fcfen Sie Ihren Status.\u00a0 &nbsp; Zur\u00fcck zur Veranstaltung Zur\u00fcck zur Agenda","protected":false},"author":1,"featured_media":0,"parent":20573,"menu_order":0,"comment_status":"closed","ping_status":"closed","template":"","meta":{"inline_featured_image":false},"acf":[],"_links":{"self":[{"href":"https:\/\/www.swisscleantech.ch\/fr\/wp-json\/wp\/v2\/pages\/13032"}],"collection":[{"href":"https:\/\/www.swisscleantech.ch\/fr\/wp-json\/wp\/v2\/pages"}],"about":[{"href":"https:\/\/www.swisscleantech.ch\/fr\/wp-json\/wp\/v2\/types\/page"}],"author":[{"embeddable":true,"href":"https:\/\/www.swisscleantech.ch\/fr\/wp-json\/wp\/v2\/users\/1"}],"replies":[{"embeddable":true,"href":"https:\/\/www.swisscleantech.ch\/fr\/wp-json\/wp\/v2\/comments?post=13032"}],"version-history":[{"count":5,"href":"https:\/\/www.swisscleantech.ch\/fr\/wp-json\/wp\/v2\/pages\/13032\/revisions"}],"predecessor-version":[{"id":17227,"href":"https:\/\/www.swisscleantech.ch\/fr\/wp-json\/wp\/v2\/pages\/13032\/revisions\/17227"}],"up":[{"embeddable":true,"href":"https:\/\/www.swisscleantech.ch\/fr\/wp-json\/wp\/v2\/pages\/20573"}],"wp:attachment":[{"href":"https:\/\/www.swisscleantech.ch\/fr\/wp-json\/wp\/v2\/media?parent=13032"}],"curies":[{"name":"wp","href":"https:\/\/api.w.org\/{rel}","templated":true}]}}