{"id":14683,"date":"2019-10-01T16:19:46","date_gmt":"2019-10-01T16:19:46","guid":{"rendered":"https:\/\/www.swisscleantech.ch\/?page_id=14683"},"modified":"2022-02-14T11:51:12","modified_gmt":"2022-02-14T11:51:12","slug":"jubianlass19","status":"publish","type":"page","link":"https:\/\/www.swisscleantech.ch\/fr\/anmeldung-abmeldung-formulare\/jubianlass19\/","title":{"rendered":"Anmeldung Fr\u00fchlingsanlass 2019"},"content":{"rendered":"<h1>An-\/Abmeldung Jubil\u00e4umsanlass 2019<\/h1>\r\n<p><b><i>\u00abReframe the Frame \u2013 die Wirtschaft von morgen gestalten. Klimatauglich.\u00bb<\/i><\/b><br \/>\r\n<b><i>Donnerstag, 14. November 2019, ab\u00a016:30 Uhr<\/i><\/b><br \/>\r\n<b><i>Bierh\u00fcbeli, Bern (<a href=\"https:\/\/goo.gl\/maps\/pEpNaRzoQaZrCNt96\" target=\"_blank\" rel=\"noopener\">Map<\/a>)<br \/>\r\n<br \/>\r\n<\/i><\/b><\/p>\r\n<p><div class=\"wpforms-container wpforms-container-full\" id=\"wpforms-14659\"><form id=\"wpforms-form-14659\" class=\"wpforms-validate wpforms-form\" data-formid=\"14659\" method=\"post\" enctype=\"multipart\/form-data\" action=\"\/fr\/wp-json\/wp\/v2\/pages\/14683\" data-token=\"994efccec300063af97c5fb7d0f37a4c\"><noscript class=\"wpforms-error-noscript\">Veuillez activer JavaScript dans votre navigateur pour remplir ce formulaire.<\/noscript><div class=\"wpforms-field-container\"><div id=\"wpforms-14659-field_7-container\" class=\"wpforms-field wpforms-field-checkbox\" data-field-id=\"7\"><ul id=\"wpforms-14659-field_7\" class=\"wpforms-field-required\"><li class=\"choice-1 depth-1\"><input type=\"checkbox\" id=\"wpforms-14659-field_7_1\" name=\"wpforms[fields][7][]\" value=\"Ich melde mich zum swisscleantech Jubil\u00e4umsanlass &quot;Reframe the Frame&quot; an\" required ><label class=\"wpforms-field-label-inline\" for=\"wpforms-14659-field_7_1\">Ich melde mich zum swisscleantech Jubil\u00e4umsanlass \"Reframe the Frame\" an<\/label><\/li><li class=\"choice-5 depth-1\"><input type=\"checkbox\" id=\"wpforms-14659-field_7_5\" name=\"wpforms[fields][7][]\" value=\"Ich bin verhindert und w\u00fcnsche keine weiteren Informationen zu diesem Event\" required ><label class=\"wpforms-field-label-inline\" for=\"wpforms-14659-field_7_5\">Ich bin verhindert und w\u00fcnsche keine weiteren Informationen zu diesem Event<\/label><\/li><\/ul><\/div><div id=\"wpforms-14659-field_1-container\" class=\"wpforms-field wpforms-field-name\" data-field-id=\"1\"><label class=\"wpforms-field-label\" for=\"wpforms-14659-field_1\">Name <span class=\"wpforms-required-label\">*<\/span><\/label><div class=\"wpforms-field-row wpforms-field-large\"><div class=\"wpforms-field-row-block wpforms-first wpforms-one-half\"><input type=\"text\" id=\"wpforms-14659-field_1\" class=\"wpforms-field-name-first wpforms-field-required\" name=\"wpforms[fields][1][first]\" required><label for=\"wpforms-14659-field_1\" class=\"wpforms-field-sublabel after \">Pr\u00e9nom<\/label><\/div><div class=\"wpforms-field-row-block wpforms-one-half\"><input type=\"text\" id=\"wpforms-14659-field_1-last\" class=\"wpforms-field-name-last wpforms-field-required\" name=\"wpforms[fields][1][last]\" required><label for=\"wpforms-14659-field_1-last\" class=\"wpforms-field-sublabel after \">Nom<\/label><\/div><\/div><\/div><div id=\"wpforms-14659-field_2-container\" class=\"wpforms-field wpforms-field-text\" data-field-id=\"2\"><label class=\"wpforms-field-label\" for=\"wpforms-14659-field_2\">Firma\/Organisation <span class=\"wpforms-required-label\">*<\/span><\/label><input type=\"text\" id=\"wpforms-14659-field_2\" class=\"wpforms-field-large wpforms-field-required\" name=\"wpforms[fields][2]\" required><\/div><div id=\"wpforms-14659-field_8-container\" class=\"wpforms-field wpforms-field-text\" data-field-id=\"8\"><label class=\"wpforms-field-label\" for=\"wpforms-14659-field_8\">Rechnungsadresse <span class=\"wpforms-required-label\">*<\/span><\/label><input type=\"text\" id=\"wpforms-14659-field_8\" class=\"wpforms-field-medium wpforms-field-required\" name=\"wpforms[fields][8]\" required><\/div><div id=\"wpforms-14659-field_9-container\" class=\"wpforms-field wpforms-field-text\" data-field-id=\"9\"><label class=\"wpforms-field-label\" for=\"wpforms-14659-field_9\">PLZ &amp; Ort  <span class=\"wpforms-required-label\">*<\/span><\/label><input type=\"text\" id=\"wpforms-14659-field_9\" class=\"wpforms-field-medium wpforms-field-required\" name=\"wpforms[fields][9]\" required><\/div><div id=\"wpforms-14659-field_3-container\" class=\"wpforms-field wpforms-field-text\" data-field-id=\"3\"><label class=\"wpforms-field-label\" for=\"wpforms-14659-field_3\">Position<\/label><input type=\"text\" id=\"wpforms-14659-field_3\" class=\"wpforms-field-large\" name=\"wpforms[fields][3]\" ><\/div><div id=\"wpforms-14659-field_4-container\" class=\"wpforms-field wpforms-field-email\" data-field-id=\"4\"><label class=\"wpforms-field-label\" for=\"wpforms-14659-field_4\">E-Mail <span class=\"wpforms-required-label\">*<\/span><\/label><input type=\"email\" id=\"wpforms-14659-field_4\" class=\"wpforms-field-large wpforms-field-required\" name=\"wpforms[fields][4]\" required><\/div><div id=\"wpforms-14659-field_26-container\" class=\"wpforms-field wpforms-field-text\" data-field-id=\"26\"><label class=\"wpforms-field-label\" for=\"wpforms-14659-field_26\">Linkedin-Profil Link<\/label><input type=\"text\" id=\"wpforms-14659-field_26\" class=\"wpforms-field-medium\" name=\"wpforms[fields][26]\" ><\/div><div id=\"wpforms-14659-field_10-container\" class=\"wpforms-field wpforms-field-checkbox wpforms-conditional-trigger\" data-field-id=\"10\"><ul id=\"wpforms-14659-field_10\"><li class=\"choice-1 depth-1\"><input type=\"checkbox\" id=\"wpforms-14659-field_10_1\" name=\"wpforms[fields][10][]\" value=\"Ich bin Firmen- oder Verbandsmitglied (90.00 CHF)\"  ><label class=\"wpforms-field-label-inline\" for=\"wpforms-14659-field_10_1\">Ich bin Firmen- oder Verbandsmitglied (90.00 CHF)<\/label><\/li><li class=\"choice-2 depth-1\"><input type=\"checkbox\" id=\"wpforms-14659-field_10_2\" name=\"wpforms[fields][10][]\" value=\"Ich bin ein Friend of swisscleantech (90.00 CHF)\"  ><label class=\"wpforms-field-label-inline\" for=\"wpforms-14659-field_10_2\">Ich bin ein Friend of swisscleantech (90.00 CHF)<\/label><\/li><li class=\"choice-3 depth-1\"><input type=\"checkbox\" id=\"wpforms-14659-field_10_3\" name=\"wpforms[fields][10][]\" value=\"Ich bin kein Mitglied (180.00 CHF)\"  ><label class=\"wpforms-field-label-inline\" for=\"wpforms-14659-field_10_3\">Ich bin kein Mitglied (180.00 CHF)<\/label><\/li><li class=\"choice-4 depth-1\"><input type=\"checkbox\" id=\"wpforms-14659-field_10_4\" name=\"wpforms[fields][10][]\" value=\"Ich bin interessiert an einer Mitgliedschaft und begleite:\"  ><label class=\"wpforms-field-label-inline\" for=\"wpforms-14659-field_10_4\">Ich bin interessiert an einer Mitgliedschaft und begleite:<\/label><\/li><\/ul><\/div><div id=\"wpforms-14659-field_25-container\" class=\"wpforms-field wpforms-field-text wpforms-conditional-field wpforms-conditional-show\" data-field-id=\"25\" style=\"display:none;\"><input type=\"text\" id=\"wpforms-14659-field_25\" class=\"wpforms-field-medium\" name=\"wpforms[fields][25]\" ><div class=\"wpforms-field-description\">Bitte Vor- und Nachnamen, inkl. Firma angeben<\/div><\/div><div id=\"wpforms-14659-field_19-container\" class=\"wpforms-field wpforms-field-checkbox wpforms-conditional-trigger\" data-field-id=\"19\"><label class=\"wpforms-field-label\" for=\"wpforms-14659-field_19\">Special f\u00fcr Mitglieder<\/label><ul id=\"wpforms-14659-field_19\"><li class=\"choice-1 depth-1\"><input type=\"checkbox\" id=\"wpforms-14659-field_19_1\" name=\"wpforms[fields][19][]\" value=\"Ich profitiere vom exklusiven Member-Angebot und bringe ein potenzielles Mitglied mit. Ich als auch mein Gast bezahlen je nur 70.00 CHF Teilnahmegeb\u00fchr.\"  ><label class=\"wpforms-field-label-inline\" for=\"wpforms-14659-field_19_1\">Ich profitiere vom exklusiven Member-Angebot und bringe ein potenzielles Mitglied mit. Ich als auch mein Gast bezahlen je nur 70.00 CHF Teilnahmegeb\u00fchr.<\/label><\/li><li class=\"choice-2 depth-1\"><input type=\"checkbox\" id=\"wpforms-14659-field_19_2\" name=\"wpforms[fields][19][]\" value=\"Ich fordere meinen Gast auf, sich via dieser Anmeldeseite anzumelden.\"  ><label class=\"wpforms-field-label-inline\" for=\"wpforms-14659-field_19_2\">Ich fordere meinen Gast auf, sich via dieser Anmeldeseite anzumelden.<\/label><\/li><\/ul><\/div><div id=\"wpforms-14659-field_16-container\" class=\"wpforms-field wpforms-field-text wpforms-conditional-field wpforms-conditional-show\" data-field-id=\"16\" style=\"display:none;\"><input type=\"text\" id=\"wpforms-14659-field_16\" class=\"wpforms-field-medium\" name=\"wpforms[fields][16]\" ><div class=\"wpforms-field-description\">Vor- und Nachname meines Gastes <\/div><\/div><div id=\"wpforms-14659-field_21-container\" class=\"wpforms-field wpforms-field-text wpforms-conditional-field wpforms-conditional-show\" data-field-id=\"21\" style=\"display:none;\"><input type=\"text\" id=\"wpforms-14659-field_21\" class=\"wpforms-field-medium\" name=\"wpforms[fields][21]\" ><div class=\"wpforms-field-description\">Firma meines Gastes <\/div><\/div><div id=\"wpforms-14659-field_23-container\" class=\"wpforms-field wpforms-field-checkbox\" data-field-id=\"23\"><label class=\"wpforms-field-label\" for=\"wpforms-14659-field_23\">Annullationsbedingungen <span class=\"wpforms-required-label\">*<\/span><\/label><ul id=\"wpforms-14659-field_23\" class=\"wpforms-field-required\"><li class=\"choice-1 depth-1\"><input type=\"checkbox\" id=\"wpforms-14659-field_23_1\" name=\"wpforms[fields][23][]\" value=\"Hiermit best\u00e4tige ich, dass meine Anmeldung verbindlich ist. Bei einer Abmeldung von weniger als 5 Arbeitstagen vor der Veranstaltung werden die Teilnahmegeb\u00fchren vollumf\u00e4nglich in Rechnung gestellt.  \" required ><label class=\"wpforms-field-label-inline\" for=\"wpforms-14659-field_23_1\">Hiermit best\u00e4tige ich, dass meine Anmeldung verbindlich ist. Bei einer Abmeldung von weniger als 5 Arbeitstagen vor der Veranstaltung werden die Teilnahmegeb\u00fchren vollumf\u00e4nglich in Rechnung gestellt.  <\/label><\/li><li class=\"choice-2 depth-1\"><input type=\"checkbox\" id=\"wpforms-14659-field_23_2\" name=\"wpforms[fields][23][]\" value=\"Ich habe mich abgemeldet - die Annullationsbedigungen sind somit f\u00fcr mich nicht g\u00fcltig.\" required ><label class=\"wpforms-field-label-inline\" for=\"wpforms-14659-field_23_2\">Ich habe mich abgemeldet - die Annullationsbedigungen sind somit f\u00fcr mich nicht g\u00fcltig.<\/label><\/li><\/ul><\/div><div id=\"wpforms-14659-field_6-container\" class=\"wpforms-field wpforms-field-textarea\" data-field-id=\"6\"><label class=\"wpforms-field-label\" for=\"wpforms-14659-field_6\">Bemerkungen<\/label><textarea id=\"wpforms-14659-field_6\" class=\"wpforms-field-medium\" name=\"wpforms[fields][6]\" ><\/textarea><\/div><\/div><div class=\"wpforms-field wpforms-field-hp\"><label for=\"wpforms-14659-field-hp\" class=\"wpforms-field-label\">Message<\/label><input type=\"text\" name=\"wpforms[hp]\" id=\"wpforms-14659-field-hp\" class=\"wpforms-field-medium\"><\/div><div class=\"wpforms-submit-container\"><input type=\"hidden\" name=\"wpforms[id]\" value=\"14659\"><input type=\"hidden\" name=\"wpforms[author]\" value=\"1\"><button type=\"submit\" name=\"wpforms[submit]\" id=\"wpforms-submit-14659\" class=\"wpforms-submit\" data-alt-text=\"Sende...\" data-submit-text=\"Absenden\" aria-live=\"assertive\" value=\"wpforms-submit\">Absenden<\/button><\/div><\/form><\/div>  <!-- .wpforms-container --><br \/>\r\n<br \/>\r\nSie wissen nicht, ob Sie Firmenmitglied oder Verbandsmitglied sind? \u00dcberpr\u00fcfen Sie Ihren <a href=\"https:\/\/www.swisscleantech.ch\/verband\/mitglieder\/\">Status<\/a>.\u00a0<\/p>\r\n<p><a href=\"https:\/\/www.swisscleantech.ch\/agendaeintrag\/jubilaeumsanlass\/\">Zur\u00fcck zur Veranstaltung<\/a><br \/>\r\n<a href=\"https:\/\/www.swisscleantech.ch\/agenda\/\">Zur\u00fcck zur Agenda<\/a><\/p>","protected":false},"excerpt":{"rendered":"An-\/Abmeldung Jubil\u00e4umsanlass 2019 \u00abReframe the Frame \u2013 die Wirtschaft von morgen gestalten. Klimatauglich.\u00bb Donnerstag, 14. November 2019, ab\u00a016:30 Uhr Bierh\u00fcbeli, Bern (Map) Sie wissen nicht, ob Sie Firmenmitglied oder Verbandsmitglied sind? \u00dcberpr\u00fcfen Sie Ihren Status.\u00a0 Zur\u00fcck zur Veranstaltung Zur\u00fcck zur Agenda","protected":false},"author":1,"featured_media":0,"parent":20573,"menu_order":0,"comment_status":"closed","ping_status":"closed","template":"","meta":{"inline_featured_image":false},"acf":[],"_links":{"self":[{"href":"https:\/\/www.swisscleantech.ch\/fr\/wp-json\/wp\/v2\/pages\/14683"}],"collection":[{"href":"https:\/\/www.swisscleantech.ch\/fr\/wp-json\/wp\/v2\/pages"}],"about":[{"href":"https:\/\/www.swisscleantech.ch\/fr\/wp-json\/wp\/v2\/types\/page"}],"author":[{"embeddable":true,"href":"https:\/\/www.swisscleantech.ch\/fr\/wp-json\/wp\/v2\/users\/1"}],"replies":[{"embeddable":true,"href":"https:\/\/www.swisscleantech.ch\/fr\/wp-json\/wp\/v2\/comments?post=14683"}],"version-history":[{"count":4,"href":"https:\/\/www.swisscleantech.ch\/fr\/wp-json\/wp\/v2\/pages\/14683\/revisions"}],"predecessor-version":[{"id":14688,"href":"https:\/\/www.swisscleantech.ch\/fr\/wp-json\/wp\/v2\/pages\/14683\/revisions\/14688"}],"up":[{"embeddable":true,"href":"https:\/\/www.swisscleantech.ch\/fr\/wp-json\/wp\/v2\/pages\/20573"}],"wp:attachment":[{"href":"https:\/\/www.swisscleantech.ch\/fr\/wp-json\/wp\/v2\/media?parent=14683"}],"curies":[{"name":"wp","href":"https:\/\/api.w.org\/{rel}","templated":true}]}}