{"id":17368,"date":"2020-07-28T10:22:28","date_gmt":"2020-07-28T10:22:28","guid":{"rendered":"https:\/\/www.swisscleantech.ch\/?page_id=17368"},"modified":"2025-11-05T15:26:24","modified_gmt":"2025-11-05T15:26:24","slug":"fondations-donateurs-prives","status":"publish","type":"page","link":"https:\/\/www.swisscleantech.ch\/fr\/adhesion\/fondations-donateurs-prives\/","title":{"rendered":"Fondations &#038; Donateurs priv\u00e9s"},"content":{"rendered":"swisscleantech a d\u00e9fini des <a href=\"https:\/\/www.swisscleantech.ch\/fr\/objectifs\/\">objectifs centraux<\/a>. Pour atteindre ces objectifs, nous avons d\u00e9marr\u00e9 des projets que vous pouvez soutenir. Nous sommes \u00e9galement heureux de d\u00e9velopper des partenariats sp\u00e9cifiques \u00e0 des projets.\r\n<div class=\"foldbox_ct\">\r\n<div class=\"foldbox_title\">Le CO<sub>2<\/sub> au juste prix<\/div>\r\n<div class=\"foldbox_content\">\r\n\r\nLe prix doit refl\u00e9ter correctement les co\u00fbts des gaz \u00e0 effet de serre. Nous intervenons pour que ce levier de l\u2019\u00e9conomie de march\u00e9 ait un effet optimal.\r\n\r\n<\/div>\r\n<\/div>\r\n<div class=\"foldbox_ct\">\r\n<div class=\"foldbox_title\">L\u2019approvisionnement en \u00e9lectricit\u00e9 renouvelable et fiable<\/div>\r\n<div class=\"foldbox_content\">\r\n\r\nL\u2019\u00e9lectricit\u00e9 est renouvelable et elle est distribu\u00e9e, stock\u00e9e et utilis\u00e9e intelligemment gr\u00e2ce \u00e0 la digitalisation. Nous d\u00e9fendons des mesures incitatives permettant la r\u00e9alisation de cet objectif.\r\n\r\n<\/div>\r\n<\/div>\r\n<div class=\"foldbox_ct\">\r\n<div class=\"foldbox_title\">Les b\u00e2timents sans CO<sub>2<\/sub> et fonctionnant comme des centrales \u00e9lectriques<\/div>\r\n<div class=\"foldbox_content\">\r\n\r\nL\u2019efficacit\u00e9 \u00e9nerg\u00e9tique et la production d\u2019\u00e9nergie d\u00e9centralis\u00e9e rendent les b\u00e2timents climat-compatibles. Le fonds pour la modernisation que nous avons propos\u00e9 assure un financement n\u00e9cessaire.\r\n\r\n<\/div>\r\n<\/div>\r\n<div class=\"foldbox_ct\">\r\n<div class=\"foldbox_title\">La mobilit\u00e9 sans CO<sub>2<\/sub> devient la norme<\/div>\r\n<div class=\"foldbox_content\">\r\n\r\nL\u2019efficacit\u00e9 est assur\u00e9e gr\u00e2ce \u00e0 une interconnexion optimale des modes de transport et des moteurs n\u2019\u00e9mettant pas de CO<sub>2<\/sub>. Nous nous engageons pour que le cadre politique soit pos\u00e9.\r\n\r\n<\/div>\r\n<\/div>\r\n<div class=\"foldbox_ct\">\r\n<div class=\"foldbox_title\">Les march\u00e9s publics durables<\/div>\r\n<div class=\"foldbox_content\">\r\n\r\nLa Conf\u00e9d\u00e9ration, les cantons et les communes retiennent des crit\u00e8res de durabilit\u00e9 dans les march\u00e9s publics. Nous faisons en sorte que les r\u00e8gles soient applicables et renforcent ainsi les entreprises suisses.\r\n\r\n<\/div>\r\n<\/div>\r\n<div class=\"foldbox_ct\">\r\n<div class=\"foldbox_title\">La Suisse est pr\u00e9curseur en mati\u00e8re de technologies climatiquement neutres et de financement durable<\/div>\r\n<div class=\"foldbox_content\">\r\n\r\nLes conditions-cadre que nous d\u00e9fendons favorisent l\u2019innovation et font progresser les produits et les services financiers neutres en CO<sub>2<\/sub>. Cela cr\u00e9e de nouvelles opportunit\u00e9s d\u2019exportation.\r\n\r\n<\/div>\r\n<\/div>\r\n<div class=\"foldbox_ct\">\r\n<div class=\"foldbox_title\">#CEO4Climate<\/div>\r\n<div class=\"foldbox_content\">\r\n\r\n#CEO4Climate est un groupe informel de dirigeants \u00e9conomiques qui s\u2019engagent pour une politique climatique suisse effective. Cette initiative vise \u00e0 ce que les chefs d\u2019entreprise se positionnent pour une politique climatique ambitieuse et r\u00e9clament des avanc\u00e9es aux responsables politiques. Le projet a \u00e9t\u00e9 initi\u00e9 entre autre par swisscleantech. Plus de 100 CEO ont d\u00e9j\u00e0 sign\u00e9! <a href=\"https:\/\/ceo4climate.ch\/fr\/accueil\/\" target=\"_blank\" rel=\"noopener noreferrer\">En savoir plus<\/a>\r\n\r\n<\/div>\r\n<\/div>\r\n<div class=\"foldbox_ct\">\r\n<div class=\"foldbox_title\">Action au Palais f\u00e9d\u00e9ral<\/div>\r\n<div class=\"foldbox_content\">\r\n\r\nNotre responsable Politique, Martina Novak, suit l\u2019actualit\u00e9 de pr\u00e8s lorsque des d\u00e9cisions sont prises. Jeune, sympathique et comp\u00e9tente, Martina d\u00e9fend le climat avec des arguments convaincants. Soutenez le travail de cette \u00ablobbyiste\u00bb un peu diff\u00e9rente.\r\n\u00abUn caf\u00e9 au Palais f\u00e9d\u00e9ral\u00bb: convenez d\u2019une visite personnalis\u00e9e au Palais f\u00e9d\u00e9ral en compagnie de Martina Novak \u2013 c\u2019est avec plaisir que nous vous ferons une <a href=\"mailto:martina.novak@swisscleantech.ch\">offre<\/a>.\r\n\r\n<\/div>\r\n<\/div>\r\n<div class=\"foldbox_ct\">\r\n<div class=\"foldbox_title\">L\u00e0 o\u00f9 c\u2019est le plus n\u00e9cessaire<\/div>\r\n<div class=\"foldbox_content\">\r\n\r\nVirez le montant souhait\u00e9 sur le compte ci-dessous avec la r\u00e9f\u00e9rence \u00abDon\u00bb ou contactez-nous \u00e0 l\u2019aide du formulaire ci-dessous. Nous pourrons vous adresser un bulletin de versement.\r\n\r\n<\/div>\r\n<\/div>\r\n&nbsp;\r\n<div class=\"prt_teambox\">\r\n<div class=\"prt_img\"><img decoding=\"async\" loading=\"lazy\" class=\"alignnone wp-image-36847 size-medium\" src=\"https:\/\/www.swisscleantech.ch\/files\/Madeleine-Guyer-swisscleantech-300x300.jpg\" alt=\"\" width=\"300\" height=\"300\" srcset=\"https:\/\/www.swisscleantech.ch\/files\/Madeleine-Guyer-swisscleantech-300x300.jpg 300w, https:\/\/www.swisscleantech.ch\/files\/Madeleine-Guyer-swisscleantech-125x125.jpg 125w, https:\/\/www.swisscleantech.ch\/files\/Madeleine-Guyer-swisscleantech.jpg 400w\" sizes=\"(max-width: 300px) 100vw, 300px\" \/><\/div>\r\nVotre contact <p><p>\r\n\r\n<strong>Madeleine Guyer<\/strong><br data-rich-text-line-break=\"true\" \/>Community &amp; membership relations<br data-rich-text-line-break=\"true\" \/><br data-rich-text-line-break=\"true\" \/><a href=\"mailto:madeleine.guyer@swisscleantech.ch\" data-rich-text-format-boundary=\"true\">madeleine.guyer@swisscleantech.ch<\/a><br data-rich-text-line-break=\"true\" \/>+41 58 580 08 09\r\n<div style=\"clear: both;\"><\/div>\r\n<\/div>\r\n<strong>Notre compte \u00e0 la Raiffeisenbank:\u00a0<\/strong>\r\nIBAN CH17 8080 8002 9605 6628 6\r\nClearing-Nr. 80808\r\nR\u00e9f\u00e9rence Don pour \u00abCO<sub>2<\/sub>\/march\u00e9 de l\u2019\u00e9lectricit\u00e9\/b\u00e2timent etc.\u00bb\r\n\r\n<img decoding=\"async\" loading=\"lazy\" class=\"alignnone size-full wp-image-18131\" src=\"https:\/\/www.swisscleantech.ch\/files\/TWINT_Montant-personalise_FR.png\" alt=\"\" width=\"1087\" height=\"496\" srcset=\"https:\/\/www.swisscleantech.ch\/files\/TWINT_Montant-personalise_FR.png 1087w, https:\/\/www.swisscleantech.ch\/files\/TWINT_Montant-personalise_FR-300x137.png 300w, https:\/\/www.swisscleantech.ch\/files\/TWINT_Montant-personalise_FR-768x350.png 768w, https:\/\/www.swisscleantech.ch\/files\/TWINT_Montant-personalise_FR-1024x467.png 1024w\" sizes=\"(max-width: 1087px) 100vw, 1087px\" \/>\r\n\r\n<div class=\"wpforms-container wpforms-container-full\" id=\"wpforms-17367\"><form id=\"wpforms-form-17367\" class=\"wpforms-validate wpforms-form\" data-formid=\"17367\" method=\"post\" enctype=\"multipart\/form-data\" action=\"\/fr\/wp-json\/wp\/v2\/pages\/17368\" data-token=\"dec88379fed44af9e83754b84269142a\"><noscript class=\"wpforms-error-noscript\">Veuillez activer JavaScript dans votre navigateur pour remplir ce formulaire.<\/noscript><div class=\"wpforms-field-container\"><div id=\"wpforms-17367-field_25-container\" class=\"wpforms-field wpforms-field-radio\" data-field-id=\"25\"><label class=\"wpforms-field-label\" for=\"wpforms-17367-field_25\">Civilit\u00e9 <span class=\"wpforms-required-label\">*<\/span><\/label><ul id=\"wpforms-17367-field_25\" class=\"wpforms-field-required\"><li class=\"choice-1 depth-1\"><input type=\"radio\" id=\"wpforms-17367-field_25_1\" name=\"wpforms[fields][25]\" value=\"Madame\" required ><label class=\"wpforms-field-label-inline\" for=\"wpforms-17367-field_25_1\">Madame<\/label><\/li><li class=\"choice-2 depth-1\"><input type=\"radio\" id=\"wpforms-17367-field_25_2\" name=\"wpforms[fields][25]\" value=\"Monsieur\" required ><label class=\"wpforms-field-label-inline\" for=\"wpforms-17367-field_25_2\">Monsieur<\/label><\/li><\/ul><\/div><div id=\"wpforms-17367-field_19-container\" class=\"wpforms-field wpforms-field-text\" data-field-id=\"19\"><label class=\"wpforms-field-label\" for=\"wpforms-17367-field_19\">Pr\u00e9nom <span class=\"wpforms-required-label\">*<\/span><\/label><input type=\"text\" id=\"wpforms-17367-field_19\" class=\"wpforms-field-medium wpforms-field-required\" name=\"wpforms[fields][19]\" required><\/div><div id=\"wpforms-17367-field_5-container\" class=\"wpforms-field wpforms-field-text\" data-field-id=\"5\"><label class=\"wpforms-field-label\" for=\"wpforms-17367-field_5\">Nom <span class=\"wpforms-required-label\">*<\/span><\/label><input type=\"text\" id=\"wpforms-17367-field_5\" class=\"wpforms-field-medium wpforms-field-required\" name=\"wpforms[fields][5]\" required><\/div><div id=\"wpforms-17367-field_26-container\" class=\"wpforms-field wpforms-field-radio\" data-field-id=\"26\"><label class=\"wpforms-field-label wpforms-label-hide\" for=\"wpforms-17367-field_26\">Supporter-Typ<\/label><ul id=\"wpforms-17367-field_26\"><li class=\"choice-1 depth-1\"><input type=\"radio\" id=\"wpforms-17367-field_26_1\" name=\"wpforms[fields][26]\" value=\"Fondation \u2013 Institution\"  ><label class=\"wpforms-field-label-inline\" for=\"wpforms-17367-field_26_1\">Fondation \u2013 Institution<\/label><\/li><li class=\"choice-2 depth-1\"><input type=\"radio\" id=\"wpforms-17367-field_26_2\" name=\"wpforms[fields][26]\" value=\"Donateur.rice priv\u00e9.e\"  ><label class=\"wpforms-field-label-inline\" for=\"wpforms-17367-field_26_2\">Donateur.rice priv\u00e9.e<\/label><\/li><li class=\"choice-3 depth-1\"><input type=\"radio\" id=\"wpforms-17367-field_26_3\" name=\"wpforms[fields][26]\" value=\"Entreprise\"  ><label class=\"wpforms-field-label-inline\" for=\"wpforms-17367-field_26_3\">Entreprise<\/label><\/li><\/ul><\/div><div id=\"wpforms-17367-field_22-container\" class=\"wpforms-field wpforms-field-text\" data-field-id=\"22\"><label class=\"wpforms-field-label\" for=\"wpforms-17367-field_22\">Fonction<\/label><input type=\"text\" id=\"wpforms-17367-field_22\" class=\"wpforms-field-medium\" name=\"wpforms[fields][22]\" ><\/div><div id=\"wpforms-17367-field_7-container\" class=\"wpforms-field wpforms-field-text\" data-field-id=\"7\"><label class=\"wpforms-field-label\" for=\"wpforms-17367-field_7\">T\u00e9l\u00e9phone<\/label><input type=\"text\" id=\"wpforms-17367-field_7\" class=\"wpforms-field-medium\" name=\"wpforms[fields][7]\" ><\/div><div id=\"wpforms-17367-field_8-container\" class=\"wpforms-field wpforms-field-text\" data-field-id=\"8\"><label class=\"wpforms-field-label\" for=\"wpforms-17367-field_8\">Adresse e-mail <span class=\"wpforms-required-label\">*<\/span><\/label><input type=\"text\" id=\"wpforms-17367-field_8\" class=\"wpforms-field-medium wpforms-field-required\" name=\"wpforms[fields][8]\" required><\/div><div id=\"wpforms-17367-field_9-container\" class=\"wpforms-field wpforms-field-text\" data-field-id=\"9\"><label class=\"wpforms-field-label\" for=\"wpforms-17367-field_9\">Adresse de correspondance <span class=\"wpforms-required-label\">*<\/span><\/label><input type=\"text\" id=\"wpforms-17367-field_9\" class=\"wpforms-field-medium wpforms-field-required\" name=\"wpforms[fields][9]\" required><\/div><div id=\"wpforms-17367-field_11-container\" class=\"wpforms-field wpforms-field-checkbox\" data-field-id=\"11\"><label class=\"wpforms-field-label\" for=\"wpforms-17367-field_11\">Je souhaite apporter un soutien:<\/label><ul id=\"wpforms-17367-field_11\"><li class=\"choice-1 depth-1\"><input type=\"checkbox\" id=\"wpforms-17367-field_11_1\" name=\"wpforms[fields][11][]\" value=\"Dons libres\"  ><label class=\"wpforms-field-label-inline\" for=\"wpforms-17367-field_11_1\">Dons libres<\/label><\/li><li class=\"choice-2 depth-1\"><input type=\"checkbox\" id=\"wpforms-17367-field_11_2\" name=\"wpforms[fields][11][]\" value=\"CEO4Climate\"  ><label class=\"wpforms-field-label-inline\" for=\"wpforms-17367-field_11_2\">CEO4Climate<\/label><\/li><li class=\"choice-3 depth-1\"><input type=\"checkbox\" id=\"wpforms-17367-field_11_3\" name=\"wpforms[fields][11][]\" value=\"Le CO2 au juste prix\"  ><label class=\"wpforms-field-label-inline\" for=\"wpforms-17367-field_11_3\">Le CO2 au juste prix<\/label><\/li><li class=\"choice-5 depth-1\"><input type=\"checkbox\" id=\"wpforms-17367-field_11_5\" name=\"wpforms[fields][11][]\" value=\"L\u2019approvisionnement en \u00e9lectricit\u00e9 renouvelable et fiable\"  ><label class=\"wpforms-field-label-inline\" for=\"wpforms-17367-field_11_5\">L\u2019approvisionnement en \u00e9lectricit\u00e9 renouvelable et fiable<\/label><\/li><li class=\"choice-4 depth-1\"><input type=\"checkbox\" id=\"wpforms-17367-field_11_4\" name=\"wpforms[fields][11][]\" value=\"Les b\u00e2timents sans CO2 et fonctionnant comme des centrales \u00e9lectriques\"  ><label class=\"wpforms-field-label-inline\" for=\"wpforms-17367-field_11_4\">Les b\u00e2timents sans CO2 et fonctionnant comme des centrales \u00e9lectriques<\/label><\/li><li class=\"choice-8 depth-1\"><input type=\"checkbox\" id=\"wpforms-17367-field_11_8\" name=\"wpforms[fields][11][]\" value=\"La mobilit\u00e9 sans CO2 devient la norme\"  ><label class=\"wpforms-field-label-inline\" for=\"wpforms-17367-field_11_8\">La mobilit\u00e9 sans CO2 devient la norme<\/label><\/li><li class=\"choice-6 depth-1\"><input type=\"checkbox\" id=\"wpforms-17367-field_11_6\" name=\"wpforms[fields][11][]\" value=\"Les march\u00e9s publics durables \"  ><label class=\"wpforms-field-label-inline\" for=\"wpforms-17367-field_11_6\">Les march\u00e9s publics durables <\/label><\/li><li class=\"choice-7 depth-1\"><input type=\"checkbox\" id=\"wpforms-17367-field_11_7\" name=\"wpforms[fields][11][]\" value=\"La Suisse est pr\u00e9curseur en mati\u00e8re de technologies climatiquement neutres et de financement durable\"  ><label class=\"wpforms-field-label-inline\" for=\"wpforms-17367-field_11_7\">La Suisse est pr\u00e9curseur en mati\u00e8re de technologies climatiquement neutres et de financement durable<\/label><\/li><li class=\"choice-9 depth-1\"><input type=\"checkbox\" id=\"wpforms-17367-field_11_9\" name=\"wpforms[fields][11][]\" value=\"Action au Palais f\u00e9d\u00e9ral\"  ><label class=\"wpforms-field-label-inline\" for=\"wpforms-17367-field_11_9\">Action au Palais f\u00e9d\u00e9ral<\/label><\/li><\/ul><\/div><div id=\"wpforms-17367-field_13-container\" class=\"wpforms-field wpforms-field-text\" data-field-id=\"13\"><label class=\"wpforms-field-label\" for=\"wpforms-17367-field_13\">Montant<\/label><input type=\"text\" id=\"wpforms-17367-field_13\" class=\"wpforms-field-medium\" name=\"wpforms[fields][13]\" ><\/div><div id=\"wpforms-17367-field_12-container\" class=\"wpforms-field wpforms-field-textarea\" data-field-id=\"12\"><label class=\"wpforms-field-label\" for=\"wpforms-17367-field_12\">Remarques<\/label><textarea id=\"wpforms-17367-field_12\" class=\"wpforms-field-medium\" name=\"wpforms[fields][12]\" ><\/textarea><\/div><\/div><div class=\"wpforms-field wpforms-field-hp\"><label for=\"wpforms-17367-field-hp\" class=\"wpforms-field-label\">Website<\/label><input type=\"text\" name=\"wpforms[hp]\" id=\"wpforms-17367-field-hp\" class=\"wpforms-field-medium\"><\/div><div class=\"wpforms-submit-container\"><input type=\"hidden\" name=\"wpforms[id]\" value=\"17367\"><input type=\"hidden\" name=\"wpforms[author]\" value=\"1\"><button type=\"submit\" name=\"wpforms[submit]\" id=\"wpforms-submit-17367\" class=\"wpforms-submit\" data-alt-text=\"Sende...\" data-submit-text=\"Envoyer\" aria-live=\"assertive\" value=\"wpforms-submit\">Envoyer<\/button><\/div><\/form><\/div>  <!-- .wpforms-container -->","protected":false},"excerpt":{"rendered":"swisscleantech a d\u00e9fini des objectifs centraux. Pour atteindre ces objectifs, nous avons d\u00e9marr\u00e9 des projets que vous pouvez soutenir. Nous sommes \u00e9galement heureux de d\u00e9velopper des partenariats sp\u00e9cifiques \u00e0 des projets. Le CO2 au juste prix Le prix doit refl\u00e9ter correctement les co\u00fbts des gaz \u00e0 effet de serre. Nous intervenons pour que ce levier...  <a class=\"excerpt-read-more\" href=\"https:\/\/www.swisscleantech.ch\/fr\/adhesion\/fondations-donateurs-prives\/\" title=\"LireFondations &#038; Donateurs priv\u00e9s\">Lire la suite &raquo;<\/a>","protected":false},"author":1,"featured_media":0,"parent":8793,"menu_order":0,"comment_status":"closed","ping_status":"closed","template":"","meta":{"inline_featured_image":false},"acf":[],"_links":{"self":[{"href":"https:\/\/www.swisscleantech.ch\/fr\/wp-json\/wp\/v2\/pages\/17368"}],"collection":[{"href":"https:\/\/www.swisscleantech.ch\/fr\/wp-json\/wp\/v2\/pages"}],"about":[{"href":"https:\/\/www.swisscleantech.ch\/fr\/wp-json\/wp\/v2\/types\/page"}],"author":[{"embeddable":true,"href":"https:\/\/www.swisscleantech.ch\/fr\/wp-json\/wp\/v2\/users\/1"}],"replies":[{"embeddable":true,"href":"https:\/\/www.swisscleantech.ch\/fr\/wp-json\/wp\/v2\/comments?post=17368"}],"version-history":[{"count":12,"href":"https:\/\/www.swisscleantech.ch\/fr\/wp-json\/wp\/v2\/pages\/17368\/revisions"}],"predecessor-version":[{"id":37164,"href":"https:\/\/www.swisscleantech.ch\/fr\/wp-json\/wp\/v2\/pages\/17368\/revisions\/37164"}],"up":[{"embeddable":true,"href":"https:\/\/www.swisscleantech.ch\/fr\/wp-json\/wp\/v2\/pages\/8793"}],"wp:attachment":[{"href":"https:\/\/www.swisscleantech.ch\/fr\/wp-json\/wp\/v2\/media?parent=17368"}],"curies":[{"name":"wp","href":"https:\/\/api.w.org\/{rel}","templated":true}]}}