{"id":17829,"date":"2020-01-08T09:46:43","date_gmt":"2020-01-08T09:46:43","guid":{"rendered":"https:\/\/www.swisscleantech.ch\/?page_id=17829"},"modified":"2020-11-08T10:22:36","modified_gmt":"2020-11-08T10:22:36","slug":"evenement-annuel-2020","status":"publish","type":"page","link":"https:\/\/www.swisscleantech.ch\/fr\/evenement-annuel-2020\/","title":{"rendered":"Ev\u00e9nement annuel 2020"},"content":{"rendered":"<h1>\u00e9v\u00e9nement annuel 2020<\/h1>\r\n<h4><strong>\u00abLes opportunit\u00e9s de l\u2019innovation\u00bb<\/strong><\/h4>\r\n<p>19 novembre 2020, virtuel<\/p>\r\n<div class=\"wpforms-container wpforms-container-full\" id=\"wpforms-17833\"><form id=\"wpforms-form-17833\" class=\"wpforms-validate wpforms-form\" data-formid=\"17833\" method=\"post\" enctype=\"multipart\/form-data\" action=\"\/fr\/wp-json\/wp\/v2\/pages\/17829\" data-token=\"7c4325cb3cbd4b329070ad7a8e350df9\"><noscript class=\"wpforms-error-noscript\">Veuillez activer JavaScript dans votre navigateur pour remplir ce formulaire.<\/noscript><div class=\"wpforms-field-container\"><div id=\"wpforms-17833-field_7-container\" class=\"wpforms-field wpforms-field-checkbox\" data-field-id=\"7\"><label class=\"wpforms-field-label\" for=\"wpforms-17833-field_7\">Inscription \/ D\u00e9sinscription <span class=\"wpforms-required-label\">*<\/span><\/label><ul id=\"wpforms-17833-field_7\" class=\"wpforms-field-required\"><li class=\"choice-2 depth-1\"><input type=\"checkbox\" id=\"wpforms-17833-field_7_2\" name=\"wpforms[fields][7][]\" value=\"Je suis membre de swisscleantech et je m&#039;inscris \u00e0 l&#039;assembl\u00e9e g\u00e9n\u00e9rale (virtuelle, d\u00e9but du programme \u00e0 17h15)\" required ><label class=\"wpforms-field-label-inline\" for=\"wpforms-17833-field_7_2\">Je suis membre de swisscleantech et je m'inscris \u00e0 l'assembl\u00e9e g\u00e9n\u00e9rale (virtuelle, d\u00e9but du programme \u00e0 17h15)<\/label><\/li><li class=\"choice-7 depth-1\"><input type=\"checkbox\" id=\"wpforms-17833-field_7_7\" name=\"wpforms[fields][7][]\" value=\"Je m&#039;inscris \u00e0 l&#039;\u00e9v\u00e9nement principal (virtuel, d\u00e9but du programme \u00e0 18:00 h)\" required ><label class=\"wpforms-field-label-inline\" for=\"wpforms-17833-field_7_7\">Je m'inscris \u00e0 l'\u00e9v\u00e9nement principal (virtuel, d\u00e9but du programme \u00e0 18:00 h)<\/label><\/li><li class=\"choice-5 depth-1\"><input type=\"checkbox\" id=\"wpforms-17833-field_7_5\" name=\"wpforms[fields][7][]\" value=\"Je ne peux pas assister \u00e0 cet \u00e9v\u00e9nement et ne souhaite pas recevoir plus d&#039;informations\" required ><label class=\"wpforms-field-label-inline\" for=\"wpforms-17833-field_7_5\">Je ne peux pas assister \u00e0 cet \u00e9v\u00e9nement et ne souhaite pas recevoir plus d'informations<\/label><\/li><\/ul><\/div><div id=\"wpforms-17833-field_1-container\" class=\"wpforms-field wpforms-field-name\" data-field-id=\"1\"><label class=\"wpforms-field-label\" for=\"wpforms-17833-field_1\">Nom- et Pr\u00e9nom <span class=\"wpforms-required-label\">*<\/span><\/label><input type=\"text\" id=\"wpforms-17833-field_1\" class=\"wpforms-field-large wpforms-field-required\" name=\"wpforms[fields][1]\" required><\/div><div id=\"wpforms-17833-field_2-container\" class=\"wpforms-field wpforms-field-text\" data-field-id=\"2\"><label class=\"wpforms-field-label\" for=\"wpforms-17833-field_2\">Entreprise<\/label><input type=\"text\" id=\"wpforms-17833-field_2\" class=\"wpforms-field-large\" name=\"wpforms[fields][2]\" ><\/div><div id=\"wpforms-17833-field_8-container\" class=\"wpforms-field wpforms-field-text\" data-field-id=\"8\"><label class=\"wpforms-field-label\" for=\"wpforms-17833-field_8\">Adresse <span class=\"wpforms-required-label\">*<\/span><\/label><input type=\"text\" id=\"wpforms-17833-field_8\" class=\"wpforms-field-medium wpforms-field-required\" name=\"wpforms[fields][8]\" required><\/div><div id=\"wpforms-17833-field_9-container\" class=\"wpforms-field wpforms-field-text\" data-field-id=\"9\"><label class=\"wpforms-field-label\" for=\"wpforms-17833-field_9\">Code Postale &amp; Lieu <span class=\"wpforms-required-label\">*<\/span><\/label><input type=\"text\" id=\"wpforms-17833-field_9\" class=\"wpforms-field-medium wpforms-field-required\" name=\"wpforms[fields][9]\" required><\/div><div id=\"wpforms-17833-field_3-container\" class=\"wpforms-field wpforms-field-text\" data-field-id=\"3\"><label class=\"wpforms-field-label\" for=\"wpforms-17833-field_3\">Position<\/label><input type=\"text\" id=\"wpforms-17833-field_3\" class=\"wpforms-field-large\" name=\"wpforms[fields][3]\" ><\/div><div id=\"wpforms-17833-field_4-container\" class=\"wpforms-field wpforms-field-email\" data-field-id=\"4\"><label class=\"wpforms-field-label\" for=\"wpforms-17833-field_4\">E-Mail <span class=\"wpforms-required-label\">*<\/span><\/label><input type=\"email\" id=\"wpforms-17833-field_4\" class=\"wpforms-field-large wpforms-field-required\" name=\"wpforms[fields][4]\" required><\/div><div id=\"wpforms-17833-field_6-container\" class=\"wpforms-field wpforms-field-textarea\" data-field-id=\"6\"><label class=\"wpforms-field-label\" for=\"wpforms-17833-field_6\">Commentaires<\/label><textarea id=\"wpforms-17833-field_6\" class=\"wpforms-field-medium\" name=\"wpforms[fields][6]\" ><\/textarea><\/div><\/div><div class=\"wpforms-field wpforms-field-hp\"><label for=\"wpforms-17833-field-hp\" class=\"wpforms-field-label\">Website<\/label><input type=\"text\" name=\"wpforms[hp]\" id=\"wpforms-17833-field-hp\" class=\"wpforms-field-medium\"><\/div><div class=\"wpforms-submit-container\"><input type=\"hidden\" name=\"wpforms[id]\" value=\"17833\"><input type=\"hidden\" name=\"wpforms[author]\" value=\"1\"><button type=\"submit\" name=\"wpforms[submit]\" id=\"wpforms-submit-17833\" class=\"wpforms-submit\" data-alt-text=\"Envoyer...\" data-submit-text=\"Soumettre\" aria-live=\"assertive\" value=\"wpforms-submit\">Soumettre<\/button><\/div><\/form><\/div>  <!-- .wpforms-container -->","protected":false},"excerpt":{"rendered":"\u00e9v\u00e9nement annuel 2020 \u00abLes opportunit\u00e9s de l\u2019innovation\u00bb 19 novembre 2020, virtuel","protected":false},"author":1,"featured_media":0,"parent":0,"menu_order":0,"comment_status":"closed","ping_status":"closed","template":"","meta":{"inline_featured_image":false},"acf":[],"_links":{"self":[{"href":"https:\/\/www.swisscleantech.ch\/fr\/wp-json\/wp\/v2\/pages\/17829"}],"collection":[{"href":"https:\/\/www.swisscleantech.ch\/fr\/wp-json\/wp\/v2\/pages"}],"about":[{"href":"https:\/\/www.swisscleantech.ch\/fr\/wp-json\/wp\/v2\/types\/page"}],"author":[{"embeddable":true,"href":"https:\/\/www.swisscleantech.ch\/fr\/wp-json\/wp\/v2\/users\/1"}],"replies":[{"embeddable":true,"href":"https:\/\/www.swisscleantech.ch\/fr\/wp-json\/wp\/v2\/comments?post=17829"}],"version-history":[{"count":4,"href":"https:\/\/www.swisscleantech.ch\/fr\/wp-json\/wp\/v2\/pages\/17829\/revisions"}],"predecessor-version":[{"id":17834,"href":"https:\/\/www.swisscleantech.ch\/fr\/wp-json\/wp\/v2\/pages\/17829\/revisions\/17834"}],"wp:attachment":[{"href":"https:\/\/www.swisscleantech.ch\/fr\/wp-json\/wp\/v2\/media?parent=17829"}],"curies":[{"name":"wp","href":"https:\/\/api.w.org\/{rel}","templated":true}]}}