{"id":1839,"date":"2018-05-21T19:47:27","date_gmt":"2018-05-21T19:47:27","guid":{"rendered":"https:\/\/sct-v4.or-link.ch\/?page_id=1839"},"modified":"2026-03-02T09:56:45","modified_gmt":"2026-03-02T09:56:45","slug":"medias","status":"publish","type":"page","link":"https:\/\/www.swisscleantech.ch\/fr\/medias\/","title":{"rendered":"M\u00e9dias"},"content":{"rendered":"\n<h1><strong>M\u00e9dias<\/strong><\/h1>\n<h4><a href=\"https:\/\/www.swisscleantech.ch\/medien-presse\/pressespiegel\/\">swisscleantech dans les m\u00e9dias<\/a><\/h4>\n<p>&nbsp;<\/p>\n<h4>Contacts pour les m\u00e9dias<\/h4>\n<p>&nbsp;<\/p>\n\n\n\n<div class=\"is-layout-flex wp-container-9 wp-block-columns\">\n<div class=\"is-layout-flow wp-block-column\">\n<div class=\"is-layout-flex wp-container-3 wp-block-columns\">\n<div class=\"is-layout-flow wp-block-column\">\n<figure class=\"wp-block-image size-full is-resized\"><img decoding=\"async\" loading=\"lazy\" src=\"https:\/\/www.swisscleantech.ch\/files\/Michael-Mandl-swisscleantech-2.jpg\" alt=\"\" class=\"wp-image-36846\" width=\"200\" height=\"200\" srcset=\"https:\/\/www.swisscleantech.ch\/files\/Michael-Mandl-swisscleantech-2.jpg 400w, https:\/\/www.swisscleantech.ch\/files\/Michael-Mandl-swisscleantech-2-300x300.jpg 300w, https:\/\/www.swisscleantech.ch\/files\/Michael-Mandl-swisscleantech-2-125x125.jpg 125w\" sizes=\"(max-width: 200px) 100vw, 200px\" \/><\/figure>\n<\/div>\n\n\n\n<div class=\"is-layout-flow wp-block-column\">\n\n\n<h3><strong>Michael Mandl<br><\/strong><\/h3>\n<p>Co-directeur &amp; Public Affairs<\/p>\n<p>+41 79 709 14 41<\/p>\n<p><a href=\"mailto:michael.mandl@swisscleantech.ch\">e-mail<\/a><\/p>\n<\/div>\n<\/div>\n<\/div>\n\n\n\n<div class=\"is-layout-flow wp-block-column\">\n<div class=\"is-layout-flex wp-container-7 wp-block-columns\">\n<div class=\"is-layout-flow wp-block-column\">\n<figure class=\"wp-block-image size-large is-resized\"><img decoding=\"async\" loading=\"lazy\" src=\"https:\/\/www.swisscleantech.ch\/files\/Christian-Zeyer-2.jpg\" alt=\"\" width=\"200\" height=\"200\"\/><\/figure>\n<\/div>\n\n\n\n<div class=\"is-layout-flow wp-block-column\">\n\n\n<h3><strong>Chris Zeyer<\/strong><\/h3>\n<p>Co-directeur &amp; Research<\/p>\n<p>+41 79 606 21 46<\/p>\n<p><a href=\"mailto:christian.zeyer@swisscleantech.ch\">e-mail<\/a><\/p>\n<\/div>\n<\/div>\n<\/div>\n<\/div>\n\n\n<h4>Logos \u00e0 t\u00e9l\u00e9charger<\/h4>\n<div style=\"clear: both;\">\u00a0<\/div>\n<img decoding=\"async\" class=\"size-medium wp-image-413 alignleft\" style=\"float: left; height: 180px; width: auto; padding: 20px 40px 20px 20px;\" src=\"https:\/\/www.swisscleantech.ch\/wp-content\/themes\/sct\/library\/images\/SCT_Logo_Claim_FR_RGB.png\" \/>\n<p><strong>Version couleur<\/strong><br \/><a href=\"https:\/\/www.swisscleantech.ch\/wp-content\/themes\/sct\/library\/images\/SCT_Logo_Claim_FR_RGB.png#\" target=\"_blank\" rel=\"noopener noreferrer\">PNG (RGB)<\/a><br \/><a href=\"https:\/\/www.swisscleantech.ch\/wp-content\/themes\/sct\/library\/images\/SCT_Logo_Claim_FR_CMYK.ai\" target=\"_blank\" rel=\"noopener noreferrer\">AI (CMYK)<\/a><br \/><a href=\"https:\/\/www.swisscleantech.ch\/wp-content\/themes\/sct\/library\/images\/SCT_Logo_Claim_FR_CMYK.eps\" target=\"_blank\" rel=\"noopener noreferrer\">EPS (CMYK)<\/a><\/p>\n<p>\u00a0<\/p>\n<p><img decoding=\"async\" class=\"size-medium wp-image-418 alignleft\" style=\"float: left; height: 180px; width: auto; padding: 20px 40px 20px 20px;\" src=\"https:\/\/www.swisscleantech.ch\/wp-content\/themes\/sct\/library\/images\/SCT_Logo_Claim_FR_SW.png\" \/><strong>Version en noir et blanc<\/strong><br \/><a href=\"https:\/\/www.swisscleantech.ch\/wp-content\/themes\/sct\/library\/images\/SCT_Logo_Claim_FR_SW.png#\" target=\"_blank\" rel=\"noopener noreferrer\">PNG<\/a><\/p>\n<p>\u00a0<\/p>\n<div style=\"clear: both; height: 20px;\">\u00a0<\/div>\n<p>\u00a0<\/p>\n<p>\u00a0<\/p>","protected":false},"excerpt":{"rendered":"<p>Logos \u00e0 t\u00e9l\u00e9charger \u00a0 Version couleurPNG (RGB)AI (CMYK)EPS (CMYK) \u00a0 Version en noir et blancPNG \u00a0 \u00a0 \u00a0 \u00a0<\/p>\n","protected":false},"author":1,"featured_media":0,"parent":0,"menu_order":0,"comment_status":"closed","ping_status":"closed","template":"","meta":{"inline_featured_image":false},"acf":[],"_links":{"self":[{"href":"https:\/\/www.swisscleantech.ch\/fr\/wp-json\/wp\/v2\/pages\/1839"}],"collection":[{"href":"https:\/\/www.swisscleantech.ch\/fr\/wp-json\/wp\/v2\/pages"}],"about":[{"href":"https:\/\/www.swisscleantech.ch\/fr\/wp-json\/wp\/v2\/types\/page"}],"author":[{"embeddable":true,"href":"https:\/\/www.swisscleantech.ch\/fr\/wp-json\/wp\/v2\/users\/1"}],"replies":[{"embeddable":true,"href":"https:\/\/www.swisscleantech.ch\/fr\/wp-json\/wp\/v2\/comments?post=1839"}],"version-history":[{"count":34,"href":"https:\/\/www.swisscleantech.ch\/fr\/wp-json\/wp\/v2\/pages\/1839\/revisions"}],"predecessor-version":[{"id":38468,"href":"https:\/\/www.swisscleantech.ch\/fr\/wp-json\/wp\/v2\/pages\/1839\/revisions\/38468"}],"wp:attachment":[{"href":"https:\/\/www.swisscleantech.ch\/fr\/wp-json\/wp\/v2\/media?parent=1839"}],"curies":[{"name":"wp","href":"https:\/\/api.w.org\/{rel}","templated":true}]}}