{"id":18548,"date":"2021-03-16T13:44:39","date_gmt":"2021-03-16T13:44:39","guid":{"rendered":"https:\/\/www.swisscleantech.ch\/?page_id=18548"},"modified":"2021-04-20T07:30:28","modified_gmt":"2021-04-20T07:30:28","slug":"aga2021","status":"publish","type":"page","link":"https:\/\/www.swisscleantech.ch\/fr\/aga2021\/","title":{"rendered":"Assembl\u00e9e g\u00e9n\u00e9rale 2021"},"content":{"rendered":"<h1>Inscription \/ D\u00e9sinscription \u00e0 l'Assembl\u00e9e g\u00e9n\u00e9rale 2021<\/h1>\r\n<h3>Lundi 3 mai 2021, \u00e0 partir de 18h45 \/\/ Virtuel via Zoom\u00a0<\/h3>\r\n<p><div class=\"wpforms-container wpforms-container-full\" id=\"wpforms-18542\"><form id=\"wpforms-form-18542\" class=\"wpforms-validate wpforms-form\" data-formid=\"18542\" method=\"post\" enctype=\"multipart\/form-data\" action=\"\/fr\/wp-json\/wp\/v2\/pages\/18548\" data-token=\"3a3560b30a46716a0343533b5c0b5c8e\"><noscript class=\"wpforms-error-noscript\">Veuillez activer JavaScript dans votre navigateur pour remplir ce formulaire.<\/noscript><div class=\"wpforms-field-container\"><div id=\"wpforms-18542-field_7-container\" class=\"wpforms-field wpforms-field-checkbox\" data-field-id=\"7\"><label class=\"wpforms-field-label\" for=\"wpforms-18542-field_7\">Inscription \/ D\u00e9sinscription <span class=\"wpforms-required-label\">*<\/span><\/label><ul id=\"wpforms-18542-field_7\" class=\"wpforms-field-required\"><li class=\"choice-1 depth-1\"><input type=\"checkbox\" id=\"wpforms-18542-field_7_1\" name=\"wpforms[fields][7][]\" value=\"Je suis membre et je m&#039;inscris \u00e0 l&#039;AG virtuelle 2021 via Zoom\" required ><label class=\"wpforms-field-label-inline\" for=\"wpforms-18542-field_7_1\">Je suis membre et je m'inscris \u00e0 l'AG virtuelle 2021 via Zoom<\/label><\/li><li class=\"choice-5 depth-1\"><input type=\"checkbox\" id=\"wpforms-18542-field_7_5\" name=\"wpforms[fields][7][]\" value=\"Je ne peux pas assister \u00e0 cet \u00e9v\u00e9nement et ne souhaite pas recevoir plus d&#039;informations\" required ><label class=\"wpforms-field-label-inline\" for=\"wpforms-18542-field_7_5\">Je ne peux pas assister \u00e0 cet \u00e9v\u00e9nement et ne souhaite pas recevoir plus d'informations<\/label><\/li><\/ul><\/div><div id=\"wpforms-18542-field_1-container\" class=\"wpforms-field wpforms-field-name\" data-field-id=\"1\"><label class=\"wpforms-field-label\" for=\"wpforms-18542-field_1\">Nom- et Pr\u00e9nom <span class=\"wpforms-required-label\">*<\/span><\/label><input type=\"text\" id=\"wpforms-18542-field_1\" class=\"wpforms-field-large wpforms-field-required\" name=\"wpforms[fields][1]\" required><\/div><div id=\"wpforms-18542-field_2-container\" class=\"wpforms-field wpforms-field-text\" data-field-id=\"2\"><label class=\"wpforms-field-label\" for=\"wpforms-18542-field_2\">Entreprise <\/label><input type=\"text\" id=\"wpforms-18542-field_2\" class=\"wpforms-field-large\" name=\"wpforms[fields][2]\" ><\/div><div id=\"wpforms-18542-field_8-container\" class=\"wpforms-field wpforms-field-text\" data-field-id=\"8\"><label class=\"wpforms-field-label\" for=\"wpforms-18542-field_8\">Adresse <span class=\"wpforms-required-label\">*<\/span><\/label><input type=\"text\" id=\"wpforms-18542-field_8\" class=\"wpforms-field-medium wpforms-field-required\" name=\"wpforms[fields][8]\" required><\/div><div id=\"wpforms-18542-field_9-container\" class=\"wpforms-field wpforms-field-text\" data-field-id=\"9\"><label class=\"wpforms-field-label\" for=\"wpforms-18542-field_9\">Code Postale &amp; lieu <span class=\"wpforms-required-label\">*<\/span><\/label><input type=\"text\" id=\"wpforms-18542-field_9\" class=\"wpforms-field-medium wpforms-field-required\" name=\"wpforms[fields][9]\" required><\/div><div id=\"wpforms-18542-field_3-container\" class=\"wpforms-field wpforms-field-text\" data-field-id=\"3\"><label class=\"wpforms-field-label\" for=\"wpforms-18542-field_3\">Position<\/label><input type=\"text\" id=\"wpforms-18542-field_3\" class=\"wpforms-field-large\" name=\"wpforms[fields][3]\" ><\/div><div id=\"wpforms-18542-field_4-container\" class=\"wpforms-field wpforms-field-email\" data-field-id=\"4\"><label class=\"wpforms-field-label\" for=\"wpforms-18542-field_4\">E-Mail <span class=\"wpforms-required-label\">*<\/span><\/label><input type=\"email\" id=\"wpforms-18542-field_4\" class=\"wpforms-field-large wpforms-field-required\" name=\"wpforms[fields][4]\" required><\/div><div id=\"wpforms-18542-field_6-container\" class=\"wpforms-field wpforms-field-textarea\" data-field-id=\"6\"><label class=\"wpforms-field-label\" for=\"wpforms-18542-field_6\">Commentaires<\/label><textarea id=\"wpforms-18542-field_6\" class=\"wpforms-field-medium\" name=\"wpforms[fields][6]\" ><\/textarea><\/div><\/div><div class=\"wpforms-field wpforms-field-hp\"><label for=\"wpforms-18542-field-hp\" class=\"wpforms-field-label\">Website<\/label><input type=\"text\" name=\"wpforms[hp]\" id=\"wpforms-18542-field-hp\" class=\"wpforms-field-medium\"><\/div><div class=\"wpforms-submit-container\"><input type=\"hidden\" name=\"wpforms[id]\" value=\"18542\"><input type=\"hidden\" name=\"wpforms[author]\" value=\"1\"><button type=\"submit\" name=\"wpforms[submit]\" id=\"wpforms-submit-18542\" class=\"wpforms-submit\" data-alt-text=\"Envoyer....\" data-submit-text=\"Soumettre\" aria-live=\"assertive\" value=\"wpforms-submit\">Soumettre<\/button><\/div><\/form><\/div>  <!-- .wpforms-container --><br \/>\r\n<br \/>\r\n<\/p>","protected":false},"excerpt":{"rendered":"Inscription \/ D\u00e9sinscription \u00e0 l'Assembl\u00e9e g\u00e9n\u00e9rale 2021 Lundi 3 mai 2021, \u00e0 partir de 18h45 \/\/ Virtuel via Zoom\u00a0","protected":false},"author":1,"featured_media":0,"parent":0,"menu_order":0,"comment_status":"closed","ping_status":"closed","template":"","meta":{"inline_featured_image":false},"acf":[],"_links":{"self":[{"href":"https:\/\/www.swisscleantech.ch\/fr\/wp-json\/wp\/v2\/pages\/18548"}],"collection":[{"href":"https:\/\/www.swisscleantech.ch\/fr\/wp-json\/wp\/v2\/pages"}],"about":[{"href":"https:\/\/www.swisscleantech.ch\/fr\/wp-json\/wp\/v2\/types\/page"}],"author":[{"embeddable":true,"href":"https:\/\/www.swisscleantech.ch\/fr\/wp-json\/wp\/v2\/users\/1"}],"replies":[{"embeddable":true,"href":"https:\/\/www.swisscleantech.ch\/fr\/wp-json\/wp\/v2\/comments?post=18548"}],"version-history":[{"count":3,"href":"https:\/\/www.swisscleantech.ch\/fr\/wp-json\/wp\/v2\/pages\/18548\/revisions"}],"predecessor-version":[{"id":18699,"href":"https:\/\/www.swisscleantech.ch\/fr\/wp-json\/wp\/v2\/pages\/18548\/revisions\/18699"}],"wp:attachment":[{"href":"https:\/\/www.swisscleantech.ch\/fr\/wp-json\/wp\/v2\/media?parent=18548"}],"curies":[{"name":"wp","href":"https:\/\/api.w.org\/{rel}","templated":true}]}}