{"id":18835,"date":"2021-05-07T14:16:04","date_gmt":"2021-05-07T14:16:04","guid":{"rendered":"https:\/\/www.swisscleantech.ch\/?page_id=18835"},"modified":"2025-07-03T04:34:35","modified_gmt":"2025-07-03T04:34:35","slug":"newsletter","status":"publish","type":"page","link":"https:\/\/www.swisscleantech.ch\/fr\/newsletter\/","title":{"rendered":"Newsletter_FR_2021"},"content":{"rendered":"<h1>Presque fini !<\/h1>\nQuels sont les th\u00e8mes qui vous int\u00e9ressent en particulier ? Indiquez vos pr\u00e9f\u00e9rences et nous vous informerons en fonction de vos besoins.","protected":false},"excerpt":{"rendered":"Presque fini ! Quels sont les th\u00e8mes qui vous int\u00e9ressent en particulier ? Indiquez vos pr\u00e9f\u00e9rences et nous vous informerons en fonction de vos besoins.","protected":false},"author":1,"featured_media":0,"parent":0,"menu_order":0,"comment_status":"closed","ping_status":"closed","template":"","meta":{"inline_featured_image":false},"acf":[],"_links":{"self":[{"href":"https:\/\/www.swisscleantech.ch\/fr\/wp-json\/wp\/v2\/pages\/18835"}],"collection":[{"href":"https:\/\/www.swisscleantech.ch\/fr\/wp-json\/wp\/v2\/pages"}],"about":[{"href":"https:\/\/www.swisscleantech.ch\/fr\/wp-json\/wp\/v2\/types\/page"}],"author":[{"embeddable":true,"href":"https:\/\/www.swisscleantech.ch\/fr\/wp-json\/wp\/v2\/users\/1"}],"replies":[{"embeddable":true,"href":"https:\/\/www.swisscleantech.ch\/fr\/wp-json\/wp\/v2\/comments?post=18835"}],"version-history":[{"count":6,"href":"https:\/\/www.swisscleantech.ch\/fr\/wp-json\/wp\/v2\/pages\/18835\/revisions"}],"predecessor-version":[{"id":36043,"href":"https:\/\/www.swisscleantech.ch\/fr\/wp-json\/wp\/v2\/pages\/18835\/revisions\/36043"}],"wp:attachment":[{"href":"https:\/\/www.swisscleantech.ch\/fr\/wp-json\/wp\/v2\/media?parent=18835"}],"curies":[{"name":"wp","href":"https:\/\/api.w.org\/{rel}","templated":true}]}}