{"id":19035,"date":"2021-06-17T09:22:03","date_gmt":"2021-06-17T09:22:03","guid":{"rendered":"https:\/\/www.swisscleantech.ch\/?page_id=19035"},"modified":"2021-06-17T09:55:28","modified_gmt":"2021-06-17T09:55:28","slug":"co2-gesetz","status":"publish","type":"page","link":"https:\/\/www.swisscleantech.ch\/fr\/co2-gesetz\/","title":{"rendered":"Einsch\u00e4tzungen zum CO2-Gesetz"},"content":{"rendered":"<p><strong><a href=\"https:\/\/photos.google.com\/share\/AF1QipOy-ZTK1hoidzmG707hdr2ekrqEJa2AYCNJaTJWRems3YVW1gz3XGtb4ocVuRucBA?key=clRMYzEwRG5HcXZHbE5xZVkyQThjTW5mN1preklR\" target=\"_blank\" rel=\"noopener\">Fabian Etter<\/a>,<\/strong> Co-Pr\u00e4sident swisscleantech, GL-Mitglied von Energie Zukunft Schweiz, Mitglied der Gesch\u00e4ftsleitung, Verwaltungsrat Elektro Etter AG<br \/>\r\n\u00a0<br \/>\r\n<strong><a href=\"https:\/\/photos.google.com\/share\/AF1QipPCuchBRcw0Wx0sFEVQ-lWvc0KiNtKhnqPKKlLijfSz04sLaVuUZnPqksp57bt0Uw?key=d2FZM2NOaDVYS1VNeHNocU1aYXJtczZob2YyMnVR\" target=\"_blank\" rel=\"noopener\">J\u00fcrg Grossen<\/a>,<\/strong> GLP-Pr\u00e4sident und Nationalrat, GL-Mitglied von elektroplan Buchs &amp; Grossen AG, Gesch\u00e4ftsf\u00fchrer ElektroLink AG<br \/>\r\n\u00a0<br \/>\r\n<a href=\"https:\/\/photos.google.com\/share\/AF1QipOMLcYtZ_cIQD5CSXR5opAPmZurkBrVVUdsXq7hqqWxRiDF1ocOnlGXDO-KJRO1hQ?key=ME4tWVhBd1BxOEFsb3RVOEg5c1BjazRZcVkwOE1B\" target=\"_blank\" rel=\"noopener\"><strong>Damian<\/strong> <strong>M\u00fcller<\/strong>,<\/a> St\u00e4nderat<\/p>","protected":false},"excerpt":{"rendered":"Fabian Etter, Co-Pr\u00e4sident swisscleantech, GL-Mitglied von Energie Zukunft Schweiz, Mitglied der Gesch\u00e4ftsleitung, Verwaltungsrat Elektro Etter AG \u00a0 J\u00fcrg Grossen, GLP-Pr\u00e4sident und Nationalrat, GL-Mitglied von elektroplan Buchs &amp; Grossen AG, Gesch\u00e4ftsf\u00fchrer ElektroLink AG \u00a0 Damian M\u00fcller, St\u00e4nderat","protected":false},"author":1,"featured_media":0,"parent":0,"menu_order":0,"comment_status":"closed","ping_status":"closed","template":"","meta":{"inline_featured_image":false},"acf":[],"_links":{"self":[{"href":"https:\/\/www.swisscleantech.ch\/fr\/wp-json\/wp\/v2\/pages\/19035"}],"collection":[{"href":"https:\/\/www.swisscleantech.ch\/fr\/wp-json\/wp\/v2\/pages"}],"about":[{"href":"https:\/\/www.swisscleantech.ch\/fr\/wp-json\/wp\/v2\/types\/page"}],"author":[{"embeddable":true,"href":"https:\/\/www.swisscleantech.ch\/fr\/wp-json\/wp\/v2\/users\/1"}],"replies":[{"embeddable":true,"href":"https:\/\/www.swisscleantech.ch\/fr\/wp-json\/wp\/v2\/comments?post=19035"}],"version-history":[{"count":11,"href":"https:\/\/www.swisscleantech.ch\/fr\/wp-json\/wp\/v2\/pages\/19035\/revisions"}],"predecessor-version":[{"id":19046,"href":"https:\/\/www.swisscleantech.ch\/fr\/wp-json\/wp\/v2\/pages\/19035\/revisions\/19046"}],"wp:attachment":[{"href":"https:\/\/www.swisscleantech.ch\/fr\/wp-json\/wp\/v2\/media?parent=19035"}],"curies":[{"name":"wp","href":"https:\/\/api.w.org\/{rel}","templated":true}]}}