{"id":20584,"date":"2022-02-14T12:17:25","date_gmt":"2022-02-14T12:17:25","guid":{"rendered":"https:\/\/www.swisscleantech.ch\/?page_id=20584"},"modified":"2022-02-14T12:39:48","modified_gmt":"2022-02-14T12:39:48","slug":"anmeldung-fokusgruppe-co2-gesetz-revision","status":"publish","type":"page","link":"https:\/\/www.swisscleantech.ch\/fr\/anmeldung-abmeldung-formulare\/anmeldung-fokusgruppe-co2-gesetz-revision\/","title":{"rendered":"Anmeldung Fokusgruppe CO2-Gesetz (Revision)"},"content":{"rendered":"<p><span style=\"font-weight: bold;\">Donnnerstag, 3. M\u00e4rz 2022<br \/>\r\n<\/span><span style=\"font-weight: bold;\">P\u00e4dagogische Hochschule Z\u00fcrich<\/span><\/p>\r\n<p style=\"margin: 0in; font-family: Calibri; font-size: 11.0pt;\"><div class=\"wpforms-container wpforms-container-full\" id=\"wpforms-20583\"><form id=\"wpforms-form-20583\" class=\"wpforms-validate wpforms-form\" data-formid=\"20583\" method=\"post\" enctype=\"multipart\/form-data\" action=\"\/fr\/wp-json\/wp\/v2\/pages\/20584\" data-token=\"902a37d779aca8f65676ac9a5d13797d\"><noscript class=\"wpforms-error-noscript\">Veuillez activer JavaScript dans votre navigateur pour remplir ce formulaire.<\/noscript><div class=\"wpforms-field-container\"><div id=\"wpforms-20583-field_7-container\" class=\"wpforms-field wpforms-field-checkbox\" data-field-id=\"7\"><label class=\"wpforms-field-label\" for=\"wpforms-20583-field_7\">An- oder Abmeldung <span class=\"wpforms-required-label\">*<\/span><\/label><ul id=\"wpforms-20583-field_7\" class=\"wpforms-field-required\"><li class=\"choice-2 depth-1\"><input type=\"checkbox\" id=\"wpforms-20583-field_7_2\" name=\"wpforms[fields][7][]\" value=\"Ich melde mich f\u00fcr die Fokusgruppe zum CO2-Gesetz (Teilnahme vor Ort in Z\u00fcrich) an.\" required ><label class=\"wpforms-field-label-inline\" for=\"wpforms-20583-field_7_2\">Ich melde mich f\u00fcr die Fokusgruppe zum CO2-Gesetz (Teilnahme vor Ort in Z\u00fcrich) an.<\/label><\/li><li class=\"choice-7 depth-1\"><input type=\"checkbox\" id=\"wpforms-20583-field_7_7\" name=\"wpforms[fields][7][]\" value=\"Ich kann leider nicht teilnehmen.\" required ><label class=\"wpforms-field-label-inline\" for=\"wpforms-20583-field_7_7\">Ich kann leider nicht teilnehmen.<\/label><\/li><\/ul><\/div><div id=\"wpforms-20583-field_1-container\" class=\"wpforms-field wpforms-field-name\" data-field-id=\"1\"><label class=\"wpforms-field-label\" for=\"wpforms-20583-field_1\">Name <span class=\"wpforms-required-label\">*<\/span><\/label><div class=\"wpforms-field-row wpforms-field-large\"><div class=\"wpforms-field-row-block wpforms-first wpforms-one-half\"><input type=\"text\" id=\"wpforms-20583-field_1\" class=\"wpforms-field-name-first wpforms-field-required\" name=\"wpforms[fields][1][first]\" required><label for=\"wpforms-20583-field_1\" class=\"wpforms-field-sublabel after \">Pr\u00e9nom<\/label><\/div><div class=\"wpforms-field-row-block wpforms-one-half\"><input type=\"text\" id=\"wpforms-20583-field_1-last\" class=\"wpforms-field-name-last wpforms-field-required\" name=\"wpforms[fields][1][last]\" required><label for=\"wpforms-20583-field_1-last\" class=\"wpforms-field-sublabel after \">Nom<\/label><\/div><\/div><\/div><div id=\"wpforms-20583-field_2-container\" class=\"wpforms-field wpforms-field-text\" data-field-id=\"2\"><label class=\"wpforms-field-label\" for=\"wpforms-20583-field_2\">Firma\/Organisation<\/label><input type=\"text\" id=\"wpforms-20583-field_2\" class=\"wpforms-field-large\" name=\"wpforms[fields][2]\" ><\/div><div id=\"wpforms-20583-field_8-container\" class=\"wpforms-field wpforms-field-text\" data-field-id=\"8\"><label class=\"wpforms-field-label\" for=\"wpforms-20583-field_8\">Adresse <span class=\"wpforms-required-label\">*<\/span><\/label><input type=\"text\" id=\"wpforms-20583-field_8\" class=\"wpforms-field-medium wpforms-field-required\" name=\"wpforms[fields][8]\" required><\/div><div id=\"wpforms-20583-field_9-container\" class=\"wpforms-field wpforms-field-text\" data-field-id=\"9\"><label class=\"wpforms-field-label\" for=\"wpforms-20583-field_9\">PLZ &amp; Ort  <span class=\"wpforms-required-label\">*<\/span><\/label><input type=\"text\" id=\"wpforms-20583-field_9\" class=\"wpforms-field-medium wpforms-field-required\" name=\"wpforms[fields][9]\" required><\/div><div id=\"wpforms-20583-field_3-container\" class=\"wpforms-field wpforms-field-text\" data-field-id=\"3\"><label class=\"wpforms-field-label\" for=\"wpforms-20583-field_3\">Position<\/label><input type=\"text\" id=\"wpforms-20583-field_3\" class=\"wpforms-field-large\" name=\"wpforms[fields][3]\" ><\/div><div id=\"wpforms-20583-field_4-container\" class=\"wpforms-field wpforms-field-email\" data-field-id=\"4\"><label class=\"wpforms-field-label\" for=\"wpforms-20583-field_4\">E-Mail <span class=\"wpforms-required-label\">*<\/span><\/label><input type=\"email\" id=\"wpforms-20583-field_4\" class=\"wpforms-field-large wpforms-field-required\" name=\"wpforms[fields][4]\" required><\/div><div id=\"wpforms-20583-field_6-container\" class=\"wpforms-field wpforms-field-textarea\" data-field-id=\"6\"><label class=\"wpforms-field-label\" for=\"wpforms-20583-field_6\">Bemerkungen<\/label><textarea id=\"wpforms-20583-field_6\" class=\"wpforms-field-medium\" name=\"wpforms[fields][6]\" ><\/textarea><\/div><\/div><div class=\"wpforms-field wpforms-field-hp\"><label for=\"wpforms-20583-field-hp\" class=\"wpforms-field-label\">Phone<\/label><input type=\"text\" name=\"wpforms[hp]\" id=\"wpforms-20583-field-hp\" class=\"wpforms-field-medium\"><\/div><div class=\"wpforms-submit-container\"><input type=\"hidden\" name=\"wpforms[id]\" value=\"20583\"><input type=\"hidden\" name=\"wpforms[author]\" value=\"1\"><button type=\"submit\" name=\"wpforms[submit]\" id=\"wpforms-submit-20583\" class=\"wpforms-submit\" data-alt-text=\"Sende...\" data-submit-text=\"Absenden\" aria-live=\"assertive\" value=\"wpforms-submit\">Absenden<\/button><\/div><\/form><\/div>  <!-- .wpforms-container --><\/p>\r\n<p><a href=\"https:\/\/www.swisscleantech.ch\/agendaeintrag\/fokusgruppe-co2-gesetz\/\">Zur\u00fcck zur Veranstaltung<\/a><br \/>\r\n<a href=\"http:\/\/?page_id=61\">Zur\u00fcck zur Agenda<\/a><\/p>\r\n<p style=\"margin: 0in; font-family: Calibri; font-size: 11.0pt;\">\u00a0<\/p>","protected":false},"excerpt":{"rendered":"Donnnerstag, 3. M\u00e4rz 2022 P\u00e4dagogische Hochschule Z\u00fcrich Zur\u00fcck zur Veranstaltung Zur\u00fcck zur Agenda \u00a0","protected":false},"author":1,"featured_media":0,"parent":20573,"menu_order":0,"comment_status":"closed","ping_status":"closed","template":"","meta":{"inline_featured_image":false},"acf":[],"_links":{"self":[{"href":"https:\/\/www.swisscleantech.ch\/fr\/wp-json\/wp\/v2\/pages\/20584"}],"collection":[{"href":"https:\/\/www.swisscleantech.ch\/fr\/wp-json\/wp\/v2\/pages"}],"about":[{"href":"https:\/\/www.swisscleantech.ch\/fr\/wp-json\/wp\/v2\/types\/page"}],"author":[{"embeddable":true,"href":"https:\/\/www.swisscleantech.ch\/fr\/wp-json\/wp\/v2\/users\/1"}],"replies":[{"embeddable":true,"href":"https:\/\/www.swisscleantech.ch\/fr\/wp-json\/wp\/v2\/comments?post=20584"}],"version-history":[{"count":5,"href":"https:\/\/www.swisscleantech.ch\/fr\/wp-json\/wp\/v2\/pages\/20584\/revisions"}],"predecessor-version":[{"id":20593,"href":"https:\/\/www.swisscleantech.ch\/fr\/wp-json\/wp\/v2\/pages\/20584\/revisions\/20593"}],"up":[{"embeddable":true,"href":"https:\/\/www.swisscleantech.ch\/fr\/wp-json\/wp\/v2\/pages\/20573"}],"wp:attachment":[{"href":"https:\/\/www.swisscleantech.ch\/fr\/wp-json\/wp\/v2\/media?parent=20584"}],"curies":[{"name":"wp","href":"https:\/\/api.w.org\/{rel}","templated":true}]}}