{"id":20957,"date":"2022-04-05T12:02:33","date_gmt":"2022-04-05T12:02:33","guid":{"rendered":"https:\/\/www.swisscleantech.ch\/?page_id=20957"},"modified":"2022-04-05T12:03:07","modified_gmt":"2022-04-05T12:03:07","slug":"an-abmeldung-schweiz-klimaneutral-2050-zuege-fuer-die-zukunft-die-neue-welt-der-logistik","status":"publish","type":"page","link":"https:\/\/www.swisscleantech.ch\/fr\/anmeldung-abmeldung-formulare\/an-abmeldung-schweiz-klimaneutral-2050-zuege-fuer-die-zukunft-die-neue-welt-der-logistik\/","title":{"rendered":"An-\/Abmeldung Schweiz klimaneutral 2050: Z\u00fcge f\u00fcr die Zukunft: Die neue Welt der Logistik"},"content":{"rendered":"<h1>Schweiz klimaneutral 2050: Z\u00fcge f\u00fcr die Zukunft: Die neue Welt der Logistik<\/h1>\r\n<p>Montag, 9. Mai 2022, ab 18:30 Uhr | Treffpunkt an der Juchstrasse 9 in Z\u00fcrich Altstetten<\/p>\r\n<div class=\"wpforms-container wpforms-container-full\" id=\"wpforms-20943\"><form id=\"wpforms-form-20943\" class=\"wpforms-validate wpforms-form\" data-formid=\"20943\" method=\"post\" enctype=\"multipart\/form-data\" action=\"\/fr\/wp-json\/wp\/v2\/pages\/20957\" data-token=\"ef4c7811b9e02dc9c25d74738c2d6a3a\"><noscript class=\"wpforms-error-noscript\">Veuillez activer JavaScript dans votre navigateur pour remplir ce formulaire.<\/noscript><div class=\"wpforms-field-container\"><div id=\"wpforms-20943-field_7-container\" class=\"wpforms-field wpforms-field-checkbox\" data-field-id=\"7\"><label class=\"wpforms-field-label\" for=\"wpforms-20943-field_7\">An- oder Abmeldung <span class=\"wpforms-required-label\">*<\/span><\/label><ul id=\"wpforms-20943-field_7\" class=\"wpforms-field-required\"><li class=\"choice-2 depth-1\"><input type=\"checkbox\" id=\"wpforms-20943-field_7_2\" name=\"wpforms[fields][7][]\" value=\"Ich melde mich f\u00fcr den Event Schweiz Klimaneutral 2050: Z\u00fcge f\u00fcr die Zukunft an (Teilnahme vor Ort)\" required ><label class=\"wpforms-field-label-inline\" for=\"wpforms-20943-field_7_2\">Ich melde mich f\u00fcr den Event Schweiz Klimaneutral 2050: Z\u00fcge f\u00fcr die Zukunft an (Teilnahme vor Ort)<\/label><\/li><li class=\"choice-6 depth-1\"><input type=\"checkbox\" id=\"wpforms-20943-field_7_6\" name=\"wpforms[fields][7][]\" value=\"Ich melde mich f\u00fcr den Event Schweiz Klimaneutral 2050: Z\u00fcge f\u00fcr die Zukunft an (virtuelle Teilnahme)\" required ><label class=\"wpforms-field-label-inline\" for=\"wpforms-20943-field_7_6\">Ich melde mich f\u00fcr den Event Schweiz Klimaneutral 2050: Z\u00fcge f\u00fcr die Zukunft an (virtuelle Teilnahme)<\/label><\/li><li class=\"choice-5 depth-1\"><input type=\"checkbox\" id=\"wpforms-20943-field_7_5\" name=\"wpforms[fields][7][]\" value=\"Ich bin verhindert und w\u00fcnsche keine weiteren Informationen zu diesem Event\" required ><label class=\"wpforms-field-label-inline\" for=\"wpforms-20943-field_7_5\">Ich bin verhindert und w\u00fcnsche keine weiteren Informationen zu diesem Event<\/label><\/li><\/ul><\/div><div id=\"wpforms-20943-field_1-container\" class=\"wpforms-field wpforms-field-name\" data-field-id=\"1\"><label class=\"wpforms-field-label\" for=\"wpforms-20943-field_1\">Name <span class=\"wpforms-required-label\">*<\/span><\/label><div class=\"wpforms-field-row wpforms-field-large\"><div class=\"wpforms-field-row-block wpforms-first wpforms-one-half\"><input type=\"text\" id=\"wpforms-20943-field_1\" class=\"wpforms-field-name-first wpforms-field-required\" name=\"wpforms[fields][1][first]\" required><label for=\"wpforms-20943-field_1\" class=\"wpforms-field-sublabel after \">Pr\u00e9nom<\/label><\/div><div class=\"wpforms-field-row-block wpforms-one-half\"><input type=\"text\" id=\"wpforms-20943-field_1-last\" class=\"wpforms-field-name-last wpforms-field-required\" name=\"wpforms[fields][1][last]\" required><label for=\"wpforms-20943-field_1-last\" class=\"wpforms-field-sublabel after \">Nom<\/label><\/div><\/div><\/div><div id=\"wpforms-20943-field_2-container\" class=\"wpforms-field wpforms-field-text\" data-field-id=\"2\"><label class=\"wpforms-field-label\" for=\"wpforms-20943-field_2\">Firma\/Organisation<\/label><input type=\"text\" id=\"wpforms-20943-field_2\" class=\"wpforms-field-large\" name=\"wpforms[fields][2]\" ><\/div><div id=\"wpforms-20943-field_8-container\" class=\"wpforms-field wpforms-field-text\" data-field-id=\"8\"><label class=\"wpforms-field-label\" for=\"wpforms-20943-field_8\">Adresse <span class=\"wpforms-required-label\">*<\/span><\/label><input type=\"text\" id=\"wpforms-20943-field_8\" class=\"wpforms-field-medium wpforms-field-required\" name=\"wpforms[fields][8]\" required><\/div><div id=\"wpforms-20943-field_9-container\" class=\"wpforms-field wpforms-field-text\" data-field-id=\"9\"><label class=\"wpforms-field-label\" for=\"wpforms-20943-field_9\">PLZ &amp; Ort  <span class=\"wpforms-required-label\">*<\/span><\/label><input type=\"text\" id=\"wpforms-20943-field_9\" class=\"wpforms-field-medium wpforms-field-required\" name=\"wpforms[fields][9]\" required><\/div><div id=\"wpforms-20943-field_3-container\" class=\"wpforms-field wpforms-field-text\" data-field-id=\"3\"><label class=\"wpforms-field-label\" for=\"wpforms-20943-field_3\">Position<\/label><input type=\"text\" id=\"wpforms-20943-field_3\" class=\"wpforms-field-large\" name=\"wpforms[fields][3]\" ><\/div><div id=\"wpforms-20943-field_4-container\" class=\"wpforms-field wpforms-field-email\" data-field-id=\"4\"><label class=\"wpforms-field-label\" for=\"wpforms-20943-field_4\">E-Mail <span class=\"wpforms-required-label\">*<\/span><\/label><input type=\"email\" id=\"wpforms-20943-field_4\" class=\"wpforms-field-large wpforms-field-required\" name=\"wpforms[fields][4]\" required><\/div><div id=\"wpforms-20943-field_6-container\" class=\"wpforms-field wpforms-field-textarea\" data-field-id=\"6\"><label class=\"wpforms-field-label\" for=\"wpforms-20943-field_6\">Bemerkungen<\/label><textarea id=\"wpforms-20943-field_6\" class=\"wpforms-field-medium\" name=\"wpforms[fields][6]\" ><\/textarea><\/div><div id=\"wpforms-20943-field_15-container\" class=\"wpforms-field wpforms-field-checkbox\" data-field-id=\"15\"><label class=\"wpforms-field-label\" for=\"wpforms-20943-field_15\">Sind Sie Mitglied von:<\/label><ul id=\"wpforms-20943-field_15\"><li class=\"choice-1 depth-1\"><input type=\"checkbox\" id=\"wpforms-20943-field_15_1\" name=\"wpforms[fields][15][]\" value=\"swisscleantech\"  ><label class=\"wpforms-field-label-inline\" for=\"wpforms-20943-field_15_1\">swisscleantech<\/label><\/li><li class=\"choice-2 depth-1\"><input type=\"checkbox\" id=\"wpforms-20943-field_15_2\" name=\"wpforms[fields][15][]\" value=\"Swiss Engineering\"  ><label class=\"wpforms-field-label-inline\" for=\"wpforms-20943-field_15_2\">Swiss Engineering<\/label><\/li><li class=\"choice-3 depth-1\"><input type=\"checkbox\" id=\"wpforms-20943-field_15_3\" name=\"wpforms[fields][15][]\" value=\"keines von Beiden\"  ><label class=\"wpforms-field-label-inline\" for=\"wpforms-20943-field_15_3\">keines von Beiden<\/label><\/li><\/ul><\/div><div id=\"wpforms-20943-field_17-container\" class=\"wpforms-field wpforms-field-text\" data-field-id=\"17\"><label class=\"wpforms-field-label\" for=\"wpforms-20943-field_17\">Wie wurden Sie auf die Veranstaltung aufmerksam?<\/label><input type=\"text\" id=\"wpforms-20943-field_17\" class=\"wpforms-field-medium\" name=\"wpforms[fields][17]\" ><\/div><\/div><div class=\"wpforms-field wpforms-field-hp\"><label for=\"wpforms-20943-field-hp\" class=\"wpforms-field-label\">Message<\/label><input type=\"text\" name=\"wpforms[hp]\" id=\"wpforms-20943-field-hp\" class=\"wpforms-field-medium\"><\/div><div class=\"wpforms-submit-container\"><input type=\"hidden\" name=\"wpforms[id]\" value=\"20943\"><input type=\"hidden\" name=\"wpforms[author]\" value=\"1\"><button type=\"submit\" name=\"wpforms[submit]\" id=\"wpforms-submit-20943\" class=\"wpforms-submit\" data-alt-text=\"Sende...\" data-submit-text=\"Absenden\" aria-live=\"assertive\" value=\"wpforms-submit\">Absenden<\/button><\/div><\/form><\/div>  <!-- .wpforms-container -->\r\n<p><a href=\"https:\/\/www.swisscleantech.ch\/agenda\/\">Zur\u00fcck zur Agenda<\/a><\/p>","protected":false},"excerpt":{"rendered":"Schweiz klimaneutral 2050: Z\u00fcge f\u00fcr die Zukunft: Die neue Welt der Logistik Montag, 9. Mai 2022, ab 18:30 Uhr | Treffpunkt an der Juchstrasse 9 in Z\u00fcrich Altstetten Zur\u00fcck zur Agenda","protected":false},"author":1,"featured_media":0,"parent":20573,"menu_order":0,"comment_status":"closed","ping_status":"closed","template":"","meta":{"inline_featured_image":false},"acf":[],"_links":{"self":[{"href":"https:\/\/www.swisscleantech.ch\/fr\/wp-json\/wp\/v2\/pages\/20957"}],"collection":[{"href":"https:\/\/www.swisscleantech.ch\/fr\/wp-json\/wp\/v2\/pages"}],"about":[{"href":"https:\/\/www.swisscleantech.ch\/fr\/wp-json\/wp\/v2\/types\/page"}],"author":[{"embeddable":true,"href":"https:\/\/www.swisscleantech.ch\/fr\/wp-json\/wp\/v2\/users\/1"}],"replies":[{"embeddable":true,"href":"https:\/\/www.swisscleantech.ch\/fr\/wp-json\/wp\/v2\/comments?post=20957"}],"version-history":[{"count":2,"href":"https:\/\/www.swisscleantech.ch\/fr\/wp-json\/wp\/v2\/pages\/20957\/revisions"}],"predecessor-version":[{"id":20960,"href":"https:\/\/www.swisscleantech.ch\/fr\/wp-json\/wp\/v2\/pages\/20957\/revisions\/20960"}],"up":[{"embeddable":true,"href":"https:\/\/www.swisscleantech.ch\/fr\/wp-json\/wp\/v2\/pages\/20573"}],"wp:attachment":[{"href":"https:\/\/www.swisscleantech.ch\/fr\/wp-json\/wp\/v2\/media?parent=20957"}],"curies":[{"name":"wp","href":"https:\/\/api.w.org\/{rel}","templated":true}]}}