{"id":22563,"date":"2022-09-29T10:02:41","date_gmt":"2022-09-29T10:02:41","guid":{"rendered":"https:\/\/www.swisscleantech.ch\/?page_id=22563"},"modified":"2022-09-29T10:02:41","modified_gmt":"2022-09-29T10:02:41","slug":"inscription-swisscleantech-en-romandie-2022","status":"publish","type":"page","link":"https:\/\/www.swisscleantech.ch\/fr\/inscriptions-et-formulaires\/inscription-swisscleantech-en-romandie-2022\/","title":{"rendered":"Inscription swisscleantech en Romandie 2022"},"content":{"rendered":"<h1 class=\"entry-title single-title\">La crise \u00e9nerg\u00e9tique, une chance pour la protection du climat ?!<\/h1>\r\n<h3><strong> Les \u00e9nergies renouvelables au service de la s\u00e9curit\u00e9 d'approvisionnement \u2013 swisscleantech en Romandie<\/strong><\/h3>\r\n<p>le mercredi 2 novembre 2022, 18h00 | Morges<\/p>\r\n<p><strong>Romande\u00a0Energie\u00a0SA\u00a0<br \/>\r\n<\/strong>Rue de Lausanne 53\u00a0<br \/>\r\n1110 Morges<\/p>\r\n<div class=\"wpforms-container wpforms-container-full\" id=\"wpforms-22571\"><form id=\"wpforms-form-22571\" class=\"wpforms-validate wpforms-form\" data-formid=\"22571\" method=\"post\" enctype=\"multipart\/form-data\" action=\"\/fr\/wp-json\/wp\/v2\/pages\/22563\" data-token=\"b169306a23fd310ff86e61e9b85945d1\"><noscript class=\"wpforms-error-noscript\">Veuillez activer JavaScript dans votre navigateur pour remplir ce formulaire.<\/noscript><div class=\"wpforms-field-container\"><div id=\"wpforms-22571-field_7-container\" class=\"wpforms-field wpforms-field-checkbox\" data-field-id=\"7\"><label class=\"wpforms-field-label\" for=\"wpforms-22571-field_7\">Inscription <span class=\"wpforms-required-label\">*<\/span><\/label><ul id=\"wpforms-22571-field_7\" class=\"wpforms-field-required\"><li class=\"choice-6 depth-1\"><input type=\"checkbox\" id=\"wpforms-22571-field_7_6\" name=\"wpforms[fields][7][]\" value=\"C&#039;est avec plaisir que je participe \u00e0 l&#039;\u00e9v\u00e9nement \u00abswisscleantech en Romandie\u00bb.\" required ><label class=\"wpforms-field-label-inline\" for=\"wpforms-22571-field_7_6\">C'est avec plaisir que je participe \u00e0 l'\u00e9v\u00e9nement \u00abswisscleantech en Romandie\u00bb.<\/label><\/li><li class=\"choice-7 depth-1\"><input type=\"checkbox\" id=\"wpforms-22571-field_7_7\" name=\"wpforms[fields][7][]\" value=\"C&#039;est avec plaisir que je participerai \u00e9galement au point du programme pr\u00e9c\u00e9dent \u00abswisscleantech \u2013 la voix de l&#039;\u00e9conomie climat-compatible : un aper\u00e7u des projets actuels et de l\u2019int\u00e9r\u00eat d&#039;une adh\u00e9sion\u00bb \u00e0 17 heures (optionnel) \" required ><label class=\"wpforms-field-label-inline\" for=\"wpforms-22571-field_7_7\">C'est avec plaisir que je participerai \u00e9galement au point du programme pr\u00e9c\u00e9dent \u00abswisscleantech \u2013 la voix de l'\u00e9conomie climat-compatible : un aper\u00e7u des projets actuels et de l\u2019int\u00e9r\u00eat d'une adh\u00e9sion\u00bb \u00e0 17 heures (optionnel) <\/label><\/li><\/ul><\/div><div id=\"wpforms-22571-field_1-container\" class=\"wpforms-field wpforms-field-name\" data-field-id=\"1\"><label class=\"wpforms-field-label\" for=\"wpforms-22571-field_1\">Nom <span class=\"wpforms-required-label\">*<\/span><\/label><input type=\"text\" id=\"wpforms-22571-field_1\" class=\"wpforms-field-large wpforms-field-required\" name=\"wpforms[fields][1]\" required><\/div><div id=\"wpforms-22571-field_2-container\" class=\"wpforms-field wpforms-field-text\" data-field-id=\"2\"><label class=\"wpforms-field-label\" for=\"wpforms-22571-field_2\">Entreprise\/organisation<\/label><input type=\"text\" id=\"wpforms-22571-field_2\" class=\"wpforms-field-large\" name=\"wpforms[fields][2]\" ><\/div><div id=\"wpforms-22571-field_3-container\" class=\"wpforms-field wpforms-field-text\" data-field-id=\"3\"><label class=\"wpforms-field-label\" for=\"wpforms-22571-field_3\">poste<\/label><input type=\"text\" id=\"wpforms-22571-field_3\" class=\"wpforms-field-large\" name=\"wpforms[fields][3]\" ><\/div><div id=\"wpforms-22571-field_4-container\" class=\"wpforms-field wpforms-field-email\" data-field-id=\"4\"><label class=\"wpforms-field-label\" for=\"wpforms-22571-field_4\">E-mail <span class=\"wpforms-required-label\">*<\/span><\/label><input type=\"email\" id=\"wpforms-22571-field_4\" class=\"wpforms-field-large wpforms-field-required\" name=\"wpforms[fields][4]\" required><\/div><div id=\"wpforms-22571-field_6-container\" class=\"wpforms-field wpforms-field-textarea\" data-field-id=\"6\"><label class=\"wpforms-field-label\" for=\"wpforms-22571-field_6\">Remarques<\/label><textarea id=\"wpforms-22571-field_6\" class=\"wpforms-field-medium\" name=\"wpforms[fields][6]\" ><\/textarea><\/div><\/div><div class=\"wpforms-field wpforms-field-hp\"><label for=\"wpforms-22571-field-hp\" class=\"wpforms-field-label\">Email<\/label><input type=\"text\" name=\"wpforms[hp]\" id=\"wpforms-22571-field-hp\" class=\"wpforms-field-medium\"><\/div><div class=\"wpforms-submit-container\"><input type=\"hidden\" name=\"wpforms[id]\" value=\"22571\"><input type=\"hidden\" name=\"wpforms[author]\" value=\"1\"><button type=\"submit\" name=\"wpforms[submit]\" id=\"wpforms-submit-22571\" class=\"wpforms-submit\" data-alt-text=\"Envoyer\" data-submit-text=\"Envoyer\" aria-live=\"assertive\" value=\"wpforms-submit\">Envoyer<\/button><\/div><\/form><\/div>  <!-- .wpforms-container -->","protected":false},"excerpt":{"rendered":"La crise \u00e9nerg\u00e9tique, une chance pour la protection du climat ?! Les \u00e9nergies renouvelables au service de la s\u00e9curit\u00e9 d'approvisionnement \u2013 swisscleantech en Romandie le mercredi 2 novembre 2022, 18h00 | Morges Romande\u00a0Energie\u00a0SA\u00a0 Rue de Lausanne 53\u00a0 1110 Morges","protected":false},"author":1,"featured_media":0,"parent":22568,"menu_order":0,"comment_status":"closed","ping_status":"closed","template":"","meta":{"inline_featured_image":false},"acf":[],"_links":{"self":[{"href":"https:\/\/www.swisscleantech.ch\/fr\/wp-json\/wp\/v2\/pages\/22563"}],"collection":[{"href":"https:\/\/www.swisscleantech.ch\/fr\/wp-json\/wp\/v2\/pages"}],"about":[{"href":"https:\/\/www.swisscleantech.ch\/fr\/wp-json\/wp\/v2\/types\/page"}],"author":[{"embeddable":true,"href":"https:\/\/www.swisscleantech.ch\/fr\/wp-json\/wp\/v2\/users\/1"}],"replies":[{"embeddable":true,"href":"https:\/\/www.swisscleantech.ch\/fr\/wp-json\/wp\/v2\/comments?post=22563"}],"version-history":[{"count":2,"href":"https:\/\/www.swisscleantech.ch\/fr\/wp-json\/wp\/v2\/pages\/22563\/revisions"}],"predecessor-version":[{"id":22572,"href":"https:\/\/www.swisscleantech.ch\/fr\/wp-json\/wp\/v2\/pages\/22563\/revisions\/22572"}],"up":[{"embeddable":true,"href":"https:\/\/www.swisscleantech.ch\/fr\/wp-json\/wp\/v2\/pages\/22568"}],"wp:attachment":[{"href":"https:\/\/www.swisscleantech.ch\/fr\/wp-json\/wp\/v2\/media?parent=22563"}],"curies":[{"name":"wp","href":"https:\/\/api.w.org\/{rel}","templated":true}]}}