{"id":26795,"date":"2023-07-20T11:59:05","date_gmt":"2023-07-20T11:59:05","guid":{"rendered":"https:\/\/www.swisscleantech.ch\/?page_id=26795"},"modified":"2025-04-07T12:36:18","modified_gmt":"2025-04-07T12:36:18","slug":"bilan-climatique-et-dobjectifs-climatiques","status":"publish","type":"page","link":"https:\/\/www.swisscleantech.ch\/fr\/services\/bilan-climatique-et-dobjectifs-climatiques\/","title":{"rendered":"Bilan climatique et objectifs climatiques"},"content":{"rendered":"\n<h1>Bilan climatique et objectifs climatiques<\/h1>\n\n\n\n<p><strong>swisscleantech aide ses adh\u00e9rents \u00e0 mettre en \u0153uvre leurs mesures de protection du climat. Pour que la Suisse atteigne l\u2019objectif z\u00e9ro \u00e9mission nette qu\u2019elle s\u2019est fix\u00e9, il faut des objectifs climatiques efficaces \u00e0 l\u2019\u00e9chelon des entreprises. La premi\u00e8re \u00e9tape est la transparence, et par cons\u00e9quent l\u2019\u00e9tablissement d\u2019un bilan climatique. Dans une deuxi\u00e8me \u00e9tape, il convient de fixer des objectifs bas\u00e9s sur la science. Le bilan climatique et les objectifs climatiques constituent la base permettant de mettre en \u0153uvre des mesures efficaces de protection du climat.<\/strong><\/p>\n\n\n\n<div id=\"sct-kacheln-block_69ed0ecc73dca9704fdc0cd2faeb4e76\" class=\"sct_kacheln_wrapper\" >\n   \n\t<div class=\"acf-innerblocks-container\">\n\n<div id=\"sct-kachel-block_135f30daf3606e3c23722f0e7fc9fc1e\" class=\"sct_kachel span_1 grad_orange2\"  >\n   \n\t<div class=\"kachel_inner\">\n\t\t<h1><\/h1>\n\t\t<img decoding=\"async\" class=\"kachel_icon quad3\" src=\"https:\/\/www.swisscleantech.ch\/files\/Schritt-1-Klimabilanz.svg\" \/> \t\t<span>1. Bilan climatique<\/span>\n\t<\/div>\n\t\n\t\n\t\n<\/div>\n\t\n\n\n<div id=\"sct-kachel-block_3e63230ad53d86599122a4cdbe88c555\" class=\"sct_kachel span_1 grad_blau1\"  >\n   \n\t<div class=\"kachel_inner\">\n\t\t<h1><\/h1>\n\t\t<img decoding=\"async\" class=\"kachel_icon quad3\" src=\"https:\/\/www.swisscleantech.ch\/files\/Schritt-2-Klimaziele.svg\" \/> \t\t<span>2. Objectifs climatiques<\/span>\n\t<\/div>\n\t\n\t\n\t\n<\/div>\n\t\n\n\n<div id=\"sct-kachel-block_b81dc96b1e4fc73d3a9d8ec51177166b\" class=\"sct_kachel span_1 grad_gruen2\"  >\n   \n\t<div class=\"kachel_inner\">\n\t\t<h1><\/h1>\n\t\t<img decoding=\"async\" class=\"kachel_icon quad3\" src=\"https:\/\/www.swisscleantech.ch\/files\/Schritt-3-Massnahmen-Umsetzung.svg\" \/> \t\t<span>3. Mesures &#038; mise en \u0153uvre<\/span>\n\t<\/div>\n\t\n\t\n\t\n<\/div>\n\t\n<\/div>\n\t\n\t\n<\/div>\n\n\n\n<p>swisscleantech aide ses adh\u00e9rents \u00e0 \u00e9laborer et \u00e0 mettre en \u0153uvre des objectifs climatiques pour leur entreprise :<\/p>\n\n\n\n<div class=\"is-layout-flex wp-container-3 wp-block-columns\">\n<div class=\"is-layout-flow wp-block-column abstand_klein has-background\" style=\"background-color:#e3ebf1\"><div class=\"wp-block-image\">\n<figure class=\"aligncenter size-large is-resized\"><img decoding=\"async\" src=\"https:\/\/www.swisscleantech.ch\/files\/bilan-climatique.svg\" alt=\"\" class=\"wp-image-26811\" width=\"300\"\/><\/figure><\/div>\n\n\n<h3 class=\"has-text-align-center\">Bilan climatique<\/h3>\n\n\n\n<p><strong>Pour qu\u2019une entreprise poursuive efficacement ses objectifs climatiques, il faut d\u2019abord avoir une vue d\u2019ensemble des gaz \u00e0 effet de serre qu\u2019elle g\u00e9n\u00e8re par ses activit\u00e9s \u2013 cette vue d\u2019ensemble est fournie par le bilan climatique.<\/strong><\/p>\n\n\n\n<p>Le bilan d\u00e9termine la quantit\u00e9 de gaz \u00e0 effet de serre g\u00e9n\u00e9r\u00e9e par une action, une consommation, une prestation ou un produit donn\u00e9. Le Greenhouse Gas Protocol (protocole GHG) divise le bilan climatique en trois \u00ab&nbsp;scopes&nbsp;\u00bb.<\/p>\n<\/div>\n\n\n\n<div class=\"is-layout-flow wp-block-column abstand_klein has-background\" style=\"background-color:#e3ebf1\"><div class=\"wp-block-image\">\n<figure class=\"aligncenter size-large is-resized\"><img decoding=\"async\" src=\"https:\/\/www.swisscleantech.ch\/files\/objectifs-climatiques-1.svg\" alt=\"\" class=\"wp-image-26813\" width=\"300\"\/><\/figure><\/div>\n\n\n<h3 class=\"has-text-align-center\">Objectifs climatiques selon l\u2019initiative Science Based Targets (SBTi)<\/h3>\n\n\n\n<p><strong>Pour qu\u2019une entreprise atteigne son objectif z\u00e9ro \u00e9mission nette, les \u00e9missions de gaz \u00e0 effet de serre doivent \u00eatre r\u00e9duites au maximum et les \u00e9missions restantes \u00eatre compens\u00e9es par des technologies d\u2019\u00e9mission n\u00e9gative.<\/strong><\/p>\n\n\n\n<p>L\u2019initiative aide les entreprises \u00e0 d\u00e9finir des objectifs de r\u00e9duction des gaz \u00e0 effet de serre, efficaces et fond\u00e9s sur la science. L\u2019initiative vise \u00e0 diminuer rapidement les \u00e9missions afin que le r\u00e9chauffement climatique puisse \u00eatre limit\u00e9 \u00e0 1,5 \u00b0C. Dans ce cadre, les entreprises comptant plus de 500 employ\u00e9s d\u00e9terminent leurs objectifs de r\u00e9duction sur l\u2019ensemble de la cha\u00eene de valeur (scopes 1 \u00e0 3). Les PME peuvent se limiter aux scopes 1 et 2.<\/p>\n<\/div>\n<\/div>\n\n\n\n<div class=\"is-layout-constrained wp-block-group superhero_first\"><div class=\"wp-block-group__inner-container\">\n<div class=\"is-layout-flex wp-container-6 wp-block-columns teasertext\">\n<div class=\"is-layout-flow wp-block-column\" style=\"flex-basis:80%\">\n<p><strong>Les adh\u00e9rents de swisscleantech b\u00e9n\u00e9ficient la premi\u00e8re ann\u00e9e d\u2019une remise de 10 % <\/strong>sur les services de conseil de First Climate, myclimate ou Swiss Climate pour l\u2019\u00e9tablissement d\u2019un bilan climatique et\/ou la mise en place d\u2019un objectif climatique bas\u00e9 sur la science selon l\u2019initiative Science Based Targets (SBTi).<\/p>\n\n\n\n<p>Nous avons \u00e9valu\u00e9 et r\u00e9sum\u00e9, en collaboration avec Go for Impact, d&#8217;autres entreprises de conseil et des forfaits de base pour 3000.- :<\/p>\n\n\n\n<p><a href=\"https:\/\/sbti.go-for-impact.ch\/fr\/service\/#conseil\" target=\"_blank\" rel=\"noopener\">Autres entreprises de conseil et offres<\/a><\/p>\n<\/div>\n\n\n\n<div class=\"is-layout-flow wp-block-column\" style=\"flex-basis:20%\"><\/div>\n<\/div>\n\n\n\n<div class=\"is-layout-flex wp-container-12 wp-block-columns sh_einleitung_row2\">\n<div class=\"is-layout-flow wp-block-column\" style=\"flex-basis:80%\">\n<p>Vous \u00eates int\u00e9ress\u00e9 par un conseil sans engagement et par les offres concernant le bilan climatique &amp; les objectifs climatiques ou vous avez des questions concernant les premi\u00e8res \u00e9tapes&nbsp;? N\u2019h\u00e9sitez pas \u00e0 me contacter par mail.<\/p>\n<\/div>\n\n\n\n<div class=\"is-layout-flow wp-block-column sh_einleitung_col2\" style=\"flex-basis:20%\">\n<div class=\"is-vertical is-nowrap is-layout-flex wp-container-10 wp-block-group\">\n<figure class=\"wp-block-image size-full\"><img decoding=\"async\" loading=\"lazy\" width=\"400\" height=\"400\" src=\"https:\/\/www.swisscleantech.ch\/files\/Madeleine-Guyer.jpg\" alt=\"\" class=\"wp-image-23223\" srcset=\"https:\/\/www.swisscleantech.ch\/files\/Madeleine-Guyer.jpg 400w, https:\/\/www.swisscleantech.ch\/files\/Madeleine-Guyer-300x300.jpg 300w, https:\/\/www.swisscleantech.ch\/files\/Madeleine-Guyer-125x125.jpg 125w\" sizes=\"(max-width: 400px) 100vw, 400px\" \/><figcaption class=\"wp-element-caption\"> <\/figcaption><\/figure>\n\n\n\n\n\n<div class=\"is-layout-constrained wp-block-group\"><div class=\"wp-block-group__inner-container\">\n<p><strong>Madeleine Guyer<br><\/strong> <a href=\"mailto:madeleine.guyer@swisscleantech.ch\">Mail<\/a> | <a href=\"https:\/\/www.linkedin.com\/in\/madeleine-guyer-295ba410\/\" target=\"_blank\" rel=\"noopener\">LinkedIn<\/a><\/p>\n\n\n\n<p> <\/p>\n\n\n\n<div class=\"is-layout-flex wp-block-buttons\"><\/div>\n<\/div><\/div>\n<\/div>\n\n\n<\/div>\n<\/div>\n<\/div><\/div>\n\n\n\n<div class=\"is-layout-flex wp-container-19 wp-block-columns\">\n<div class=\"is-layout-flow wp-block-column has-background\" style=\"background-color:#e3ebf1\">\n<div class=\"is-layout-flex wp-container-17 wp-block-columns\">\n<div class=\"is-layout-flow wp-block-column\" style=\"flex-basis:5%\"><\/div>\n\n\n\n<div class=\"is-layout-flow wp-block-column\" style=\"flex-basis:90%\">\n<h2>Pourquoi les entreprises ont-elles besoin d\u2019un bilan climatique et d\u2019objectifs climatiques&nbsp;?<\/h2>\n<p>Les objectifs climatiques nationaux et internationaux sont de plus en plus ambitieux et la pression de la Conf\u00e9d\u00e9ration et de l\u2019\u00e9tranger sur les entreprises suisses augmente \u00e9galement.<\/p>\n<p>Les objectifs climatiques deviendront par cons\u00e9quent t\u00f4t ou tard obligatoires pour toutes les entreprises. L\u2019acceptation de la loi sur la protection du climat va contraindre toutes les entreprises suisses \u00e0 afficher z\u00e9ro \u00e9mission nette au plus tard en 2050.<\/p>\n<p>Par ailleurs, \u00ab&nbsp;l\u2019ordonnance relative au rapport sur les questions climatiques&nbsp;\u00bb entrera en vigueur en Suisse au d\u00e9but 2024 (dans un premier temps pour les entreprises comptant plus de 500 employ\u00e9s et dont le total du bilan est \u00e9gal ou sup\u00e9rieur \u00e0 20 millions de francs ou dont le chiffre d\u2019affaires d\u00e9passe 40 millions de francs). En application de cette ordonnance, les entreprises devront \u00e9galement faire un rapport sur leurs cha\u00eenes d\u2019approvisionnement.<\/p>\n<p>Avec ces nouvelles r\u00e9glementations, de nombreuses PME devront \u00e0 l\u2019avenir faire preuve de transparence sur leurs \u00e9missions de GES et leurs objectifs climatiques lors des appels d\u2019offres afin de ne pas \u00eatre \u00e9limin\u00e9es d\u00e8s les pr\u00e9qualifications.<\/p>\n<p><strong>Les entreprises ont le choix soit de se conformer \u00e0 ces dispositions au dernier moment, soit de se positionner comme pr\u00e9curseurs et de mettre en \u0153uvre des mesures ambitieuses d\u00e8s maintenant.<\/strong><\/p>\n<\/div>\n\n\n\n<div class=\"is-layout-flow wp-block-column\" style=\"flex-basis:5%\"><\/div>\n<\/div>\n<\/div>\n<\/div>\n","protected":false},"excerpt":{"rendered":"<p>Bilan climatique et objectifs climatiques swisscleantech aide ses adh\u00e9rents \u00e0 mettre en \u0153uvre leurs mesures de protection du climat. Pour que la Suisse atteigne l\u2019objectif z\u00e9ro \u00e9mission nette qu\u2019elle s\u2019est fix\u00e9, il faut des objectifs climatiques efficaces \u00e0 l\u2019\u00e9chelon des entreprises. La premi\u00e8re \u00e9tape est la transparence, et par cons\u00e9quent l\u2019\u00e9tablissement d\u2019un bilan climatique. Dans&#8230;  <a class=\"excerpt-read-more\" href=\"https:\/\/www.swisscleantech.ch\/fr\/services\/bilan-climatique-et-dobjectifs-climatiques\/\" title=\"LireBilan climatique et objectifs climatiques\">Lire la suite &raquo;<\/a><\/p>\n","protected":false},"author":14,"featured_media":0,"parent":14725,"menu_order":0,"comment_status":"closed","ping_status":"closed","template":"","meta":{"inline_featured_image":false},"acf":[],"_links":{"self":[{"href":"https:\/\/www.swisscleantech.ch\/fr\/wp-json\/wp\/v2\/pages\/26795"}],"collection":[{"href":"https:\/\/www.swisscleantech.ch\/fr\/wp-json\/wp\/v2\/pages"}],"about":[{"href":"https:\/\/www.swisscleantech.ch\/fr\/wp-json\/wp\/v2\/types\/page"}],"author":[{"embeddable":true,"href":"https:\/\/www.swisscleantech.ch\/fr\/wp-json\/wp\/v2\/users\/14"}],"replies":[{"embeddable":true,"href":"https:\/\/www.swisscleantech.ch\/fr\/wp-json\/wp\/v2\/comments?post=26795"}],"version-history":[{"count":29,"href":"https:\/\/www.swisscleantech.ch\/fr\/wp-json\/wp\/v2\/pages\/26795\/revisions"}],"predecessor-version":[{"id":34180,"href":"https:\/\/www.swisscleantech.ch\/fr\/wp-json\/wp\/v2\/pages\/26795\/revisions\/34180"}],"up":[{"embeddable":true,"href":"https:\/\/www.swisscleantech.ch\/fr\/wp-json\/wp\/v2\/pages\/14725"}],"wp:attachment":[{"href":"https:\/\/www.swisscleantech.ch\/fr\/wp-json\/wp\/v2\/media?parent=26795"}],"curies":[{"name":"wp","href":"https:\/\/api.w.org\/{rel}","templated":true}]}}