{"id":27500,"date":"2023-10-09T14:50:42","date_gmt":"2023-10-09T14:50:42","guid":{"rendered":"https:\/\/www.swisscleantech.ch\/?page_id=27500"},"modified":"2023-10-09T14:51:29","modified_gmt":"2023-10-09T14:51:29","slug":"forum-kreislaufwirtschaft-anfrage-gratis-tickets","status":"publish","type":"page","link":"https:\/\/www.swisscleantech.ch\/fr\/anmeldung-abmeldung-formulare\/forum-kreislaufwirtschaft-anfrage-gratis-tickets\/","title":{"rendered":"Forum Kreislaufwirtschaft: Anfrage Gratis-Tickets"},"content":{"rendered":"\n<h1>Forum Kreislaufwirtschaft: Anfrage Gratis-Tickets<\/h1>\n\n\n\n<h6>exklusiv f\u00fcr Mitglieder<\/h6>\n\n\n<div class=\"wpforms-container wpforms-container-full\" id=\"wpforms-27496\"><form id=\"wpforms-form-27496\" class=\"wpforms-validate wpforms-form\" data-formid=\"27496\" method=\"post\" enctype=\"multipart\/form-data\" action=\"\/fr\/wp-json\/wp\/v2\/pages\/27500\" data-token=\"5a4641c116e67c1fc731062209846431\"><noscript class=\"wpforms-error-noscript\">Veuillez activer JavaScript dans votre navigateur pour remplir ce formulaire.<\/noscript><div class=\"wpforms-field-container\"><div id=\"wpforms-27496-field_40-container\" class=\"wpforms-field wpforms-field-checkbox\" data-field-id=\"40\"><label class=\"wpforms-field-label\" for=\"wpforms-27496-field_40\">Forum Kreislaufwirtschaft 2023<\/label><ul id=\"wpforms-27496-field_40\"><li class=\"choice-1 depth-1\"><input type=\"checkbox\" id=\"wpforms-27496-field_40_1\" name=\"wpforms[fields][40][]\" value=\"Ja, ich interessiere mich f\u00fcr kostenlose Tickets f\u00fcr das diesj\u00e4hrige Forum Kreislaufwirtschaft am Donnerstag, 9. November in Aarau.\"  ><label class=\"wpforms-field-label-inline\" for=\"wpforms-27496-field_40_1\">Ja, ich interessiere mich f\u00fcr kostenlose Tickets f\u00fcr das diesj\u00e4hrige Forum Kreislaufwirtschaft am Donnerstag, 9. November in Aarau.<\/label><\/li><\/ul><\/div><div id=\"wpforms-27496-field_32-container\" class=\"wpforms-field wpforms-field-divider\" data-field-id=\"32\"><h3 id=\"wpforms-27496-field_32\" name=\"wpforms[fields][32]\">Deine Kontaktdaten<\/h3><\/div><div id=\"wpforms-27496-field_1-container\" class=\"wpforms-field wpforms-field-name\" data-field-id=\"1\"><label class=\"wpforms-field-label\" for=\"wpforms-27496-field_1\">Name <span class=\"wpforms-required-label\">*<\/span><\/label><div class=\"wpforms-field-row wpforms-field-large\"><div class=\"wpforms-field-row-block wpforms-first wpforms-one-half\"><input type=\"text\" id=\"wpforms-27496-field_1\" class=\"wpforms-field-name-first wpforms-field-required\" name=\"wpforms[fields][1][first]\" required><label for=\"wpforms-27496-field_1\" class=\"wpforms-field-sublabel after \">Pr\u00e9nom<\/label><\/div><div class=\"wpforms-field-row-block wpforms-one-half\"><input type=\"text\" id=\"wpforms-27496-field_1-last\" class=\"wpforms-field-name-last wpforms-field-required\" name=\"wpforms[fields][1][last]\" required><label for=\"wpforms-27496-field_1-last\" class=\"wpforms-field-sublabel after \">Nom<\/label><\/div><\/div><\/div><div id=\"wpforms-27496-field_2-container\" class=\"wpforms-field wpforms-field-text\" data-field-id=\"2\"><label class=\"wpforms-field-label\" for=\"wpforms-27496-field_2\">Unternehmen\/Organisation <span class=\"wpforms-required-label\">*<\/span><\/label><input type=\"text\" id=\"wpforms-27496-field_2\" class=\"wpforms-field-large wpforms-field-required\" name=\"wpforms[fields][2]\" required><\/div><div id=\"wpforms-27496-field_4-container\" class=\"wpforms-field wpforms-field-email\" data-field-id=\"4\"><label class=\"wpforms-field-label\" for=\"wpforms-27496-field_4\">E-Mail <span class=\"wpforms-required-label\">*<\/span><\/label><input type=\"email\" id=\"wpforms-27496-field_4\" class=\"wpforms-field-large wpforms-field-required\" name=\"wpforms[fields][4]\" required><\/div><\/div><div class=\"wpforms-field wpforms-field-hp\"><label for=\"wpforms-27496-field-hp\" class=\"wpforms-field-label\">Name<\/label><input type=\"text\" name=\"wpforms[hp]\" id=\"wpforms-27496-field-hp\" class=\"wpforms-field-medium\"><\/div><div class=\"wpforms-submit-container\"><input type=\"hidden\" name=\"wpforms[id]\" value=\"27496\"><input type=\"hidden\" name=\"wpforms[author]\" value=\"15\"><button type=\"submit\" name=\"wpforms[submit]\" id=\"wpforms-submit-27496\" class=\"wpforms-submit\" data-alt-text=\"Sende...\" data-submit-text=\"Absenden\" aria-live=\"assertive\" value=\"wpforms-submit\">Absenden<\/button><\/div><\/form><\/div>  <!-- .wpforms-container -->","protected":false},"excerpt":{"rendered":"<p>Forum Kreislaufwirtschaft: Anfrage Gratis-Tickets<\/p>\n","protected":false},"author":15,"featured_media":0,"parent":20573,"menu_order":0,"comment_status":"closed","ping_status":"closed","template":"","meta":{"inline_featured_image":false},"acf":[],"_links":{"self":[{"href":"https:\/\/www.swisscleantech.ch\/fr\/wp-json\/wp\/v2\/pages\/27500"}],"collection":[{"href":"https:\/\/www.swisscleantech.ch\/fr\/wp-json\/wp\/v2\/pages"}],"about":[{"href":"https:\/\/www.swisscleantech.ch\/fr\/wp-json\/wp\/v2\/types\/page"}],"author":[{"embeddable":true,"href":"https:\/\/www.swisscleantech.ch\/fr\/wp-json\/wp\/v2\/users\/15"}],"replies":[{"embeddable":true,"href":"https:\/\/www.swisscleantech.ch\/fr\/wp-json\/wp\/v2\/comments?post=27500"}],"version-history":[{"count":3,"href":"https:\/\/www.swisscleantech.ch\/fr\/wp-json\/wp\/v2\/pages\/27500\/revisions"}],"predecessor-version":[{"id":27507,"href":"https:\/\/www.swisscleantech.ch\/fr\/wp-json\/wp\/v2\/pages\/27500\/revisions\/27507"}],"up":[{"embeddable":true,"href":"https:\/\/www.swisscleantech.ch\/fr\/wp-json\/wp\/v2\/pages\/20573"}],"wp:attachment":[{"href":"https:\/\/www.swisscleantech.ch\/fr\/wp-json\/wp\/v2\/media?parent=27500"}],"curies":[{"name":"wp","href":"https:\/\/api.w.org\/{rel}","templated":true}]}}