{"id":2788,"date":"2018-04-11T06:32:12","date_gmt":"2018-04-11T06:32:12","guid":{"rendered":"https:\/\/sct-v7.or-link.ch\/home\/"},"modified":"2026-03-24T10:14:17","modified_gmt":"2026-03-24T10:14:17","slug":"home","status":"publish","type":"page","link":"https:\/\/www.swisscleantech.ch\/fr\/","title":{"rendered":"Donner forme aujourd\u2019hui \u00e0 l\u2019\u00e9conomie de demain. Climat compatible."},"content":{"rendered":"\n<p>Comme association \u00e9conomique, ensemble avec nos <a href=\"https:\/\/www.swisscleantech.ch\/fr\/association\/adherents-partenaires\/\">environ 700 adh\u00e9rents<\/a> nous visons \u00e0 mobiliser les responsables politiques et la soci\u00e9t\u00e9 et agissons pour que la Suisse devienne neutre en CO<sub>2<\/sub> d\u2019ici 2050. C\u2019est ainsi que l\u2019\u00e9conomie deviendra climat compatible.<\/p>\n\n\n\n<div class=\"is-layout-flex wp-block-buttons\">\n<div class=\"wp-block-button\"><a class=\"wp-block-button__link wp-element-button\" href=\"https:\/\/www.swisscleantech.ch\/fr\/association\/\">Qui sommes-nous?<\/a><\/div>\n<\/div>\n\n\n\n<div style=\"height:80px\" aria-hidden=\"true\" class=\"wp-block-spacer\"><\/div>\n\n\n\n<div id=\"sct-hero-block_6ab97e515393294a7db2af12b1f73f63\" class=\"sct_hero_wrapper\">\n   \n\t<div class=\"box_content\">\n\t\t<h1>L&#8217;efficacit\u00e9 sous les projecteurs<\/h1>\n\t\t<span>rapport annuel 2025<\/span>\n\t<\/div>\n\n\t<div class=\"box_image\" style=\"background-image: url(https:\/\/www.swisscleantech.ch\/files\/Titelseite-Jahresbericht-2-Kacheln.png);\"><\/div>\n\t\n\t\n\t\n<\/div>\n\n\n\n<p>Plus que jamais une \u00e9conomie climat compatible, efficace, soutenue par swisscleantech, a toute sa place. Avec nos adh\u00e9rents et partenaires, nous exposons les faits, luttons pour le maintien d\u2019une politique \u00e9nerg\u00e9tique et climatique ambitieuse et montrons comment r\u00e9silience, comp\u00e9titivit\u00e9 et protection du climat vont de pair.<\/p>\n\n\n\n<div class=\"is-layout-flex wp-block-buttons\">\n<div class=\"wp-block-button\"><a class=\"wp-block-button__link wp-element-button\" href=\"https:\/\/www.swisscleantech.ch\/fr\/rapport-annuel\/rapport-annuel-2025\/\">rapport annuel<\/a><\/div>\n<\/div>\n\n\n\n<div style=\"height:80px\" aria-hidden=\"true\" class=\"wp-block-spacer\"><\/div>\n\n\n\n<div id=\"sct-hero-block_929153652d5bb926ac96fdff54b10b23\" class=\"sct_hero_wrapper\">\n   \n\t<div class=\"box_content\">\n\t\t<h1>Solutions d\u2019\u00e9limination du CO<sub>2<\/sub><\/h1>\n\t\t<span><\/span>\n\t<\/div>\n\n\t<div class=\"box_image\" style=\"background-image: url(https:\/\/www.swisscleantech.ch\/files\/Solutions-delimination-du-CO2.jpg);\"><\/div>\n\t\n\t\n\t\n<\/div>\n\n\n\n<p>Ces adh\u00e9rents de swisscleantech aident les entreprises \u00e0 atteindre leurs objectifs z\u00e9ro net; les certificats peuvent \u00eatre achet\u00e9s directement via des projets concrets ou aupr\u00e8s d\u2019interm\u00e9diaires:<\/p>\n\n\n\n<div class=\"is-layout-flex wp-block-buttons\">\n<div class=\"wp-block-button\"><a class=\"wp-block-button__link wp-element-button\" href=\"https:\/\/www.swisscleantech.ch\/fr\/services\/solutions-delimination-du-co2\/\">Solutions d\u2019\u00e9limination du CO<sub>2<\/sub><\/a><\/div>\n<\/div>\n\n\n\n<div style=\"height:40px\" aria-hidden=\"true\" class=\"wp-block-spacer\"><\/div>\n\n\n\n<h4>Contributions les plus r\u00e9centes<\/h4>\n\n\n \n\n\n\n\t\t\t<div class=\"newest_posts_wrapper_2023\">\t\n\t\t\t\t<div class=\"newest_posts_ct\">\n\t\t\t\t\n\t\t\t\t\n\n\t\t\t\t\t\n\t\t\t\n\t\t\t\t\t\t\t\t<div class=\"newest_posts\">\n\t\t\t\t\t\t\t\t\t<a href=\"https:\/\/www.swisscleantech.ch\/fr\/prise-de-position\/prise-de-position-sur-la-modification-de-lordonnance-sur-les-dechets-oled\/\" rel=\"bookmark\" title=\"Prise de position sur la modification de l\u2019ordonnance sur les d\u00e9chets (OLED)\" class=\"hnul\">\n\t\t\t\t\t\t\t\t\t\t\t\t\t\t\t\t\t\t<span class=\"cmpi\" style=\"background-image: url(https:\/\/www.swisscleantech.ch\/files\/Stellungnahme-zur-Aenderung-der-Abfallverordnung.jpg); position: relative;\">\n\t\t\t\t\t\t\t\t\t\t\t\t\t\t\t\t\t\t\t\t\n\t\t\t\t\t\t\t\t\t<\/span>\n\t\t\t\t\t\t\t\t\t\n\t\t\t\t\t\t\t\t\t\t<h3>Prise de position sur la modification de l\u2019ordonnance sur les d\u00e9chets (OLED)<\/h3><\/a>\n\t\t\t\t\t\t\t\t\t\t<span class=\"home_posts_text_inner\">\n\t\t\t\t\t\t\t\t\t\t\n\t\t\t\t\t\t\t\t\t<strong><\/strong> Dans le cadre de la r\u00e9vision de la loi sur la protection de l\u2019environnement (LPE), nous avons d\u00e9fendu des orientations politiques soutenant ce ...\t\t\t\t\t\t\t\t\t\n\t\t\t\t\t\t\t\t\t<br>\n\t\t\t\t\t\t\t\t\t<span class=\"newest_posts_meta\">\n\t\t\t\t\t\t\t\t\t\n\t\t\t\t\t\t\t\t\t\t\t\t\t\t\t\t\t\t<a href=\"\/beitragstyp\/prise-de-position\" class=\"hnul\">\n\t\t\t\t\t\t\t\t\tPrise de position\t\t\t\t\t\t\t\t\t<\/a>\n\t\t\t\t\t\t\t\t\t  - 09.04.2026\t\t\t\t\t\t\t\t\t<\/span>\n\t\t\t\t\t\t\t\t\t<\/span>\n\t\t\t\t\t\t\t\t\t\n\t\t\t\t\t\t\t\t\t\n\t\t\t\t\t<\/div>\n\t\t\t\t\t\n\t\t\t\t\t\n\t\t\t\t\n\t\t\t\t\n\t\t\n\t\t\t\n\n\t\t\t\t\t\n\t\t\t\n\t\t\t\t\t\t\t\t<div class=\"newest_posts\">\n\t\t\t\t\t\t\t\t\t<a href=\"https:\/\/www.swisscleantech.ch\/fr\/prise-de-position\/prise-de-position-sur-la-modification-de-lordonnance-sur-la-protection-des-eaux-oeaux-mise-en-oeuvre-de-22-3702-motion-jauslin\/\" rel=\"bookmark\" title=\"Prise de position sur la modification de l\u2019ordonnance sur la protection des eaux OEaux (mise en \u0153uvre de 22.3702 motion Jauslin)\" class=\"hnul\">\n\t\t\t\t\t\t\t\t\t\t\t\t\t\t\t\t\t\t<span class=\"cmpi\" style=\"background-image: url(https:\/\/www.swisscleantech.ch\/files\/Aenderung-Gewaesserschutzverordnung.jpg); position: relative;\">\n\t\t\t\t\t\t\t\t\t\t\t\t\t\t\t\t\t\t\t\t\n\t\t\t\t\t\t\t\t\t<\/span>\n\t\t\t\t\t\t\t\t\t\n\t\t\t\t\t\t\t\t\t\t<h3>Prise de position sur la modification de l\u2019ordonnance sur la protection des eaux OEaux (mise en \u0153uvre de 22.3702 motion Jauslin)<\/h3><\/a>\n\t\t\t\t\t\t\t\t\t\t<span class=\"home_posts_text_inner\">\n\t\t\t\t\t\t\t\t\t\t\n\t\t\t\t\t\t\t\t\t<strong><\/strong> La modification de l\u2019ordonnance cr\u00e9era les conditions l\u00e9gales permettant d\u2019exploiter plus efficacement les rejets thermiques et la chaleur souterraine ...\t\t\t\t\t\t\t\t\t\n\t\t\t\t\t\t\t\t\t<br>\n\t\t\t\t\t\t\t\t\t<span class=\"newest_posts_meta\">\n\t\t\t\t\t\t\t\t\t\n\t\t\t\t\t\t\t\t\t\t\t\t\t\t\t\t\t\t<a href=\"\/beitragstyp\/prise-de-position\" class=\"hnul\">\n\t\t\t\t\t\t\t\t\tPrise de position\t\t\t\t\t\t\t\t\t<\/a>\n\t\t\t\t\t\t\t\t\t  - 09.04.2026\t\t\t\t\t\t\t\t\t<\/span>\n\t\t\t\t\t\t\t\t\t<\/span>\n\t\t\t\t\t\t\t\t\t\n\t\t\t\t\t\t\t\t\t\n\t\t\t\t\t<\/div>\n\t\t\t\t\t\n\t\t\t\t\t\n\t\t\t\t\n\t\t\t\t\n\t\t\n\t\t\t\n\n\t\t\t\t\t\n\t\t\t\n\t\t\t\t\t\t\t\t<div class=\"newest_posts\">\n\t\t\t\t\t\t\t\t\t<a href=\"https:\/\/www.swisscleantech.ch\/fr\/prise-de-position\/prise-de-position-sur-la-revision-partielle-de-la-loi-sur-les-telecommunications-dans-le-domaine-de-la-telephonie-mobile\/\" rel=\"bookmark\" title=\"Prise de position sur la r\u00e9vision partielle de la loi sur les t\u00e9l\u00e9communications dans le domaine de la t\u00e9l\u00e9phonie mobile\" class=\"hnul\">\n\t\t\t\t\t\t\t\t\t\t\t\t\t\t\t\t\t\t<span class=\"cmpi\" style=\"background-image: url(https:\/\/www.swisscleantech.ch\/files\/Fernmeldegesetz-Mobilfunk.jpg); position: relative;\">\n\t\t\t\t\t\t\t\t\t\t\t\t\t\t\t\t\t\t\t\t\n\t\t\t\t\t\t\t\t\t<\/span>\n\t\t\t\t\t\t\t\t\t\n\t\t\t\t\t\t\t\t\t\t<h3>Prise de position sur la r\u00e9vision partielle de la loi sur les t\u00e9l\u00e9communications dans le domaine de la t\u00e9l\u00e9phonie mobile<\/h3><\/a>\n\t\t\t\t\t\t\t\t\t\t<span class=\"home_posts_text_inner\">\n\t\t\t\t\t\t\t\t\t\t\n\t\t\t\t\t\t\t\t\t<strong><\/strong> swisscleantech salue la r\u00e9vision partielle propos\u00e9e de la loi sur les t\u00e9l\u00e9communications. Le projet tient compte du fait que les r\u00e9seaux de t\u00e9l\u00e9phonie ...\t\t\t\t\t\t\t\t\t\n\t\t\t\t\t\t\t\t\t<br>\n\t\t\t\t\t\t\t\t\t<span class=\"newest_posts_meta\">\n\t\t\t\t\t\t\t\t\t\n\t\t\t\t\t\t\t\t\t\t\t\t\t\t\t\t\t\t<a href=\"\/beitragstyp\/prise-de-position\" class=\"hnul\">\n\t\t\t\t\t\t\t\t\tPrise de position\t\t\t\t\t\t\t\t\t<\/a>\n\t\t\t\t\t\t\t\t\t  - 31.03.2026\t\t\t\t\t\t\t\t\t<\/span>\n\t\t\t\t\t\t\t\t\t<\/span>\n\t\t\t\t\t\t\t\t\t\n\t\t\t\t\t\t\t\t\t\n\t\t\t\t\t<\/div>\n\t\t\t\t\t\n\t\t\t\t\t\n\t\t\t\t\n\t\t\t\t\n\t\t\n\t\t\t\n\n\t\t\t\t\t\n\t\t\t\n\t\t\t\t\t\t\t\t<div class=\"newest_posts\">\n\t\t\t\t\t\t\t\t\t<a href=\"https:\/\/www.swisscleantech.ch\/fr\/article\/la-transition-energetique-une-contribution-essentielle-a-la-resilience-de-la-suisse\/\" rel=\"bookmark\" title=\"La transition \u00e9nerg\u00e9tique \u2013 une contribution essentielle \u00e0 la r\u00e9silience de la Suisse\" class=\"hnul\">\n\t\t\t\t\t\t\t\t\t\t\t\t\t\t\t\t\t\t<span class=\"cmpi\" style=\"background-image: url(https:\/\/www.swisscleantech.ch\/files\/Ausblick-Klimapolitik-Energiepolitik-Schweiz-2024.jpg); position: relative;\">\n\t\t\t\t\t\t\t\t\t\t\t\t\t\t\t\t\t\t\t\t\n\t\t\t\t\t\t\t\t\t<\/span>\n\t\t\t\t\t\t\t\t\t\n\t\t\t\t\t\t\t\t\t\t<h3>La transition \u00e9nerg\u00e9tique \u2013 une contribution essentielle \u00e0 la r\u00e9silience de la Suisse<\/h3><\/a>\n\t\t\t\t\t\t\t\t\t\t<span class=\"home_posts_text_inner\">\n\t\t\t\t\t\t\t\t\t\t\n\t\t\t\t\t\t\t\t\t<strong><\/strong> Un syst\u00e8me \u00e9nerg\u00e9tique, bas\u00e9 sur les \u00e9nergies renouvelables, est possible. C\u2019est ce que montre l\u2019analyse d\u2019Axpo, laquelle confirme de nombreuses ...\t\t\t\t\t\t\t\t\t\n\t\t\t\t\t\t\t\t\t<br>\n\t\t\t\t\t\t\t\t\t<span class=\"newest_posts_meta\">\n\t\t\t\t\t\t\t\t\t\n\t\t\t\t\t\t\t\t\t\t\t\t\t\t\t\t\t\t<a href=\"\/beitragstyp\/article\" class=\"hnul\">\n\t\t\t\t\t\t\t\t\tArticle\t\t\t\t\t\t\t\t\t<\/a>\n\t\t\t\t\t\t\t\t\t  - 26.03.2026\t\t\t\t\t\t\t\t\t<\/span>\n\t\t\t\t\t\t\t\t\t<\/span>\n\t\t\t\t\t\t\t\t\t\n\t\t\t\t\t\t\t\t\t\n\t\t\t\t\t<\/div>\n\t\t\t\t\t\n\t\t\t\t\t\n\t\t\t\t\n\t\t\t\t\n\t\t\n\t\t\t\t\n\n\t\t\t\t\t <\/div> \n\t  \n\t  \t<div style=\"clear: both;\"><\/div>\n\t\t\t\t\t\t\n\t\t\t\t\t\t<a href=\"https:\/\/www.swisscleantech.ch\/fr\/aktuell\/news-swisscleantech\/\"\n   class=\"home_link\">\n\tWeitere Beitr\u00e4ge<\/a>\n\t  <\/div>\n\n\n\n\n\n\n<h4>Notre engagement<\/h4>\n\n\n\n<div class=\"is-layout-flex wp-container-16 wp-block-columns has-background\" style=\"background-color:#e3ebf1\">\n<div class=\"is-layout-flow wp-block-column\">\n<div class=\"is-layout-flex wp-container-14 wp-block-columns nl23_cols_top_bottom\">\n<div class=\"is-layout-flow wp-block-column\">\n<div class=\"is-layout-constrained wp-block-group\"><div class=\"wp-block-group__inner-container\"><div class=\"wp-block-image\">\n<figure class=\"aligncenter size-large is-resized\"><img decoding=\"async\" src=\"https:\/\/www.swisscleantech.ch\/files\/Mobiliser_RGB.svg\" alt=\"\" class=\"wp-image-24827\" width=\"200\"\/><\/figure><\/div>\n\n<div class=\"wp-block-image\">\n<figure class=\"aligncenter size-large\"><img decoding=\"async\"  src=\"https:\/\/www.swisscleantech.ch\/files\/Mobiliser_RGB.svg\" alt=\"\" class=\"wp-image-24827\"\/><\/figure><\/div>\n\n\n<div style=\"height:20px\" aria-hidden=\"true\" class=\"wp-block-spacer\"><\/div>\n\n\n\n<p>Nous mobilisons les responsables politiques et la soci\u00e9t\u00e9 pour que les activit\u00e9s \u00e9conomiques climat compatibles soient b\u00e9n\u00e9fiques pour tous. Leader sur le th\u00e8me de la politique \u00e9nerg\u00e9tique et climatique, nous pr\u00e9sentons des solutions pour une \u00e9conomie durable qui assume ses responsabilit\u00e9s en mati\u00e8re de protection du climat.<\/p>\n\n\n\n<p>Nous d\u00e9fendons une politique lib\u00e9rale reposant sur l\u2019innovation et la v\u00e9rit\u00e9 des co\u00fbts et nous appuyons sur des donn\u00e9es scientifiques.<\/p>\n<\/div><\/div>\n\n\n\n<div class=\"is-layout-constrained wp-block-group\"><div class=\"wp-block-group__inner-container\">\n<div class=\"is-content-justification-left is-layout-flex wp-container-5 wp-block-buttons\">\n<div class=\"wp-block-button\"><a class=\"wp-block-button__link wp-element-button\" href=\"https:\/\/www.swisscleantech.ch\/fr\/aktuell\/news-swisscleantech\/\">News<\/a><\/div>\n<\/div>\n\n\n\n<div class=\"is-content-justification-left is-layout-flex wp-container-6 wp-block-buttons\">\n<div class=\"wp-block-button\"><a class=\"wp-block-button__link wp-element-button\" href=\"https:\/\/www.swisscleantech.ch\/fr\/agenda2030-fr\/\">Nos objectifs<\/a><\/div>\n<\/div>\n<\/div><\/div>\n<\/div>\n\n\n\n<div class=\"is-layout-flow wp-block-column\">\n<div class=\"is-layout-constrained wp-block-group\"><div class=\"wp-block-group__inner-container\"><div class=\"wp-block-image\">\n<figure class=\"aligncenter size-large is-resized\"><img decoding=\"async\" src=\"https:\/\/www.swisscleantech.ch\/files\/Mise-en-reseau_RGB.svg\" alt=\"\" class=\"wp-image-24824\" width=\"200\"\/><\/figure><\/div>\n\n<div class=\"wp-block-image\">\n<figure class=\"aligncenter size-large\"><img decoding=\"async\"  src=\"https:\/\/www.swisscleantech.ch\/files\/Mise-en-reseau_RGB.svg\" alt=\"\" class=\"wp-image-24824\"\/><\/figure><\/div>\n\n\n<div style=\"height:20px\" aria-hidden=\"true\" class=\"wp-block-spacer\"><\/div>\n\n\n\n<p>Nous r\u00e9unissons les entreprises, les ONG et les scientifiques et d\u00e9veloppons ensemble de nouvelles solutions s\u2019appliquant \u00e0 toutes les branches pour une \u00e9conomie et une soci\u00e9t\u00e9 suisses climat compatibles.<\/p>\n\n\n\n<p>En apportant une expertise et avec des partenariats, nous aidons nos adh\u00e9rents \u00e0 acc\u00e9l\u00e9rer leur action pour aller vers z\u00e9ro \u00e9mission nette.<\/p>\n<\/div><\/div>\n\n\n\n<div class=\"is-layout-constrained wp-block-group\"><div class=\"wp-block-group__inner-container\">\n<div class=\"is-layout-flex wp-block-buttons\">\n<div class=\"wp-block-button is-style-fill\"><a class=\"wp-block-button__link wp-element-button\" href=\"https:\/\/www.swisscleantech.ch\/fr\/agenda\/?f=swisscleantech\">\u00e9v\u00e9nements swisscleantech<\/a><\/div>\n<\/div>\n\n\n\n<div class=\"is-layout-flex wp-block-buttons\">\n<div class=\"wp-block-button\"><a class=\"wp-block-button__link wp-element-button\" href=\"https:\/\/www.swisscleantech.ch\/fr\/association\/adherents-partenaires\/\">Nos adh\u00e9rents<\/a><\/div>\n<\/div>\n<\/div><\/div>\n<\/div>\n<\/div>\n<\/div>\n<\/div>\n\n\n\n<div style=\"height:40px\" aria-hidden=\"true\" class=\"wp-block-spacer\"><\/div>\n\n\n\n<h4>Ev\u00e9nements de l&#8217;\u00e9conomie climat compatible<\/h4>\n\n\n \n\n<div class=\"home_agenda_ct agenda_list\">\n\n\t\t  \t<div class=\"more_posts_ct\">\t\t\t\t\t\t\t\t\t\t\t\n\n\t\t\t\t\t\t\t\t\t\t\t\t\n\n\t\t\t\t\t\t\t<div class=\"more_posts\">\n\t\t\t\t\t\t\t\t\n\t\t\t\t\t\t\t\t<span class=\"agenda_datum\"><strong>22.<br>APR<br>2026<\/strong><\/span>\n\t\t\t\t\t\t\t\t<span class=\"agenda_content\">\n\t\t\t\t\t\t\t\t\t<a href=\"https:\/\/www.swisscleantech.ch\/fr\/agendaeintrag\/forum-zur-zukunft-der-land-und-ernaehrungswirtschaft\/\" rel=\"bookmark\" title=\"Forum zur Zukunft der Land- und Ern\u00e4hrungswirtschaft\">\n\t\t\t\t\t\t\t\t\t\t<h3>Forum zur Zukunft der Land- und Ern\u00e4hrungswirtschaft<\/h3><\/a>\n\t\t\t\t\t\t\t\t\t<span class=\"agenda_veranstalter\">Circular Lab<\/span><br>\n\t\t\t\t\t\t\t\t\t<span class=\"agenda_zeit\">09:00 - 16:00 Uhr<\/span><br>\n\t\t\t\t\t\t\t\t\t<span class=\"agenda_ort\">SQUARE, Universit\u00e4t St. Gallen (HSG)<\/span><br>\n\t\t\t\t\t\t\t\t\t\n\t\t\t\t\t\t\t\t\t\n\t\t\t\t\t\t\t\t\t<\/span>\n\t\t\t\t\t\t\t\t\t\n\t\t\t\t\t\t\t\t<div style=\"clear: both;\"><\/div>\n\t\t\t\t\t\t\t\t\n\t\t\t\t\t<\/div>\n\t\t\t\t\t\n\t\t\t\t\t\n\n\n\t\t\t\t\t\t\t\n\t\t\t\t\t\t\t<div class=\"more_posts\">\n\t\t\t\t\t\t\t\t\n\t\t\t\t\t\t\t\t<span class=\"agenda_datum\"><strong>24.<br>APR<br>2026<\/strong><\/span>\n\t\t\t\t\t\t\t\t<span class=\"agenda_content\">\n\t\t\t\t\t\t\t\t\t<a href=\"https:\/\/www.swisscleantech.ch\/fr\/agendaeintrag\/6-stadtwerkekongress\/\" rel=\"bookmark\" title=\"6. Stadtwerkekongress\">\n\t\t\t\t\t\t\t\t\t\t<h3>6. Stadtwerkekongress<\/h3><\/a>\n\t\t\t\t\t\t\t\t\t<span class=\"agenda_veranstalter\">Swisspower AG<\/span><br>\n\t\t\t\t\t\t\t\t\t<span class=\"agenda_zeit\"><\/span><br>\n\t\t\t\t\t\t\t\t\t<span class=\"agenda_ort\">All\u00e9e Ernest Ansermet 1, 1003 Lausanne<\/span><br>\n\t\t\t\t\t\t\t\t\t\n\t\t\t\t\t\t\t\t\t\n\t\t\t\t\t\t\t\t\t<\/span>\n\t\t\t\t\t\t\t\t\t\n\t\t\t\t\t\t\t\t<div style=\"clear: both;\"><\/div>\n\t\t\t\t\t\t\t\t\n\t\t\t\t\t<\/div>\n\t\t\t\t\t\n\t\t\t\t\t\n\n\n\t\t\t\t\t\t\t\n\t\t\t\t\t\t\t<div class=\"more_posts\">\n\t\t\t\t\t\t\t\t\n\t\t\t\t\t\t\t\t<span class=\"agenda_datum\"><strong>30.<br>APR<br>2026<\/strong><\/span>\n\t\t\t\t\t\t\t\t<span class=\"agenda_content\">\n\t\t\t\t\t\t\t\t\t<a href=\"https:\/\/www.swisscleantech.ch\/fr\/agendaeintrag\/cours-facades-photovoltaiques\/\" rel=\"bookmark\" title=\"Cours fa\u00e7ades photovolta\u00efques\">\n\t\t\t\t\t\t\t\t\t\t<h3>Cours fa\u00e7ades photovolta\u00efques<\/h3><\/a>\n\t\t\t\t\t\t\t\t\t<span class=\"agenda_veranstalter\">energie-cluster.ch<\/span><br>\n\t\t\t\t\t\t\t\t\t<span class=\"agenda_zeit\">08:30 - 17:00 Uhr<\/span><br>\n\t\t\t\t\t\t\t\t\t<span class=\"agenda_ort\">\u00c9cole de la construction, Route Ignace Paderewski 2, 1131 Tolochenaz<\/span><br>\n\t\t\t\t\t\t\t\t\t\n\t\t\t\t\t\t\t\t\t\n\t\t\t\t\t\t\t\t\t<\/span>\n\t\t\t\t\t\t\t\t\t\n\t\t\t\t\t\t\t\t<div style=\"clear: both;\"><\/div>\n\t\t\t\t\t\t\t\t\n\t\t\t\t\t<\/div>\n\t\t\t\t\t\n\t\t\t\t\t\n\n\n\t\t\t\t\t\t\t\n\t\t\t\t\t\t\t\t\t\n\n\t\t\t\t\t\t\t\t\t\t\t\t\t\n\t\t\t\t\t\t<div style=\"clear: both;\"><\/div>\n\t\t\t\t\t\t\n\t\t\t\t\t\n\t\t\t\t\t\t\n\t <\/div>\t\n\t  <\/div>\n\t \n\t  <a href=\"https:\/\/www.swisscleantech.ch\/fr\/agenda\/\" class=\"home_link\">Autres \u00e9v\u00e9nements<\/a> \t\n\n\n\n\n\n\n<div style=\"height:100px\" aria-hidden=\"true\" class=\"wp-block-spacer\"><\/div>\n\n\n\n<div id=\"sct-hero-block_47e56f0eb72d6977b78f6219a133c57e\" class=\"sct_hero_wrapper\">\n   \n\t<div class=\"box_content\">\n\t\t<h1>Plus rapidement vers l\u2019objectif z\u00e9ro \u00e9mission nette avec nos membres de soutien<\/h1>\n\t\t<span>Gr\u00e2ce \u00e0 ces partenariats, nous avan\u00e7ons plus rapidement sur la voie de l\u2019\u00e9conomie climat compatible. <\/span>\n\t<\/div>\n\n\t<div class=\"box_image\" style=\"background-image: url(https:\/\/www.swisscleantech.ch\/files\/Foerdermitglieder.jpg);\"><\/div>\n\t\n\t\n\t\n<\/div>\n\n\n\n<div class=\"is-layout-flex wp-container-21 wp-block-columns\">\n<div class=\"is-layout-flow wp-block-column\"><div class=\"wp-block-image\">\n<figure class=\"aligncenter size-large\"><img decoding=\"async\" src=\"https:\/\/www.swisscleantech.ch\/files\/Google-Logo.png\" alt=\"\"\/><\/figure><\/div><\/div>\n\n\n\n<div class=\"is-layout-flow wp-block-column\"><div class=\"wp-block-image\">\n<figure class=\"aligncenter size-large\"><img decoding=\"async\" src=\"https:\/\/www.swisscleantech.ch\/files\/Griesser-Logo.png\" alt=\"\"\/><\/figure><\/div><\/div>\n\n\n\n<div class=\"is-layout-flow wp-block-column\"><div class=\"wp-block-image\">\n<figure class=\"aligncenter size-large\"><img decoding=\"async\" src=\"https:\/\/www.swisscleantech.ch\/files\/Logo-Ikea.png\" alt=\"\"\/><\/figure><\/div><\/div>\n\n\n\n<div class=\"is-layout-flow wp-block-column\"><div class=\"wp-block-image\">\n<figure class=\"aligncenter size-large\"><img decoding=\"async\" src=\"https:\/\/www.swisscleantech.ch\/files\/Logo-PwC.png\" alt=\"\"\/><\/figure><\/div><\/div>\n<\/div>\n\n\n\n<div class=\"is-layout-flex wp-container-26 wp-block-columns\">\n<div class=\"is-layout-flow wp-block-column\"><div class=\"wp-block-image\">\n<figure class=\"aligncenter size-large\"><img decoding=\"async\" src=\"https:\/\/www.swisscleantech.ch\/files\/SAP-Schweiz-Logo-1.png\" alt=\"\"\/><\/figure><\/div><\/div>\n\n\n\n<div class=\"is-layout-flow wp-block-column\"><div class=\"wp-block-image\">\n<figure class=\"aligncenter size-large\"><img decoding=\"async\" src=\"https:\/\/www.swisscleantech.ch\/files\/Logo_Siemens.png\" alt=\"\"\/><\/figure><\/div><\/div>\n\n\n\n<div class=\"is-layout-flow wp-block-column\"><div class=\"wp-block-image\">\n<figure class=\"aligncenter size-large\"><img decoding=\"async\" src=\"https:\/\/www.swisscleantech.ch\/files\/Zurich-Schweiz-Logo.png\" alt=\"\"\/><\/figure><\/div><\/div>\n\n\n\n<div class=\"is-layout-flow wp-block-column\"><div class=\"wp-block-image\">\n<figure class=\"aligncenter size-large\"><img decoding=\"async\" src=\"https:\/\/www.swisscleantech.ch\/files\/Zuercher-Kantonalbank-Logo.png\" alt=\"\"\/><\/figure><\/div><\/div>\n<\/div>\n\n\n\n<p>Ensemble, nous travaillons sur des th\u00e8mes \u00e0 l\u2019interface de l\u2019\u00e9conomie et de la politique. La mise en place d\u2019une logistique verte, l\u2019acc\u00e9l\u00e9ration de l\u2019assainissement des b\u00e2timents ou l\u2019encouragement de l\u2019efficacit\u00e9 \u00e9nerg\u00e9tique en sont des exemples. Nos membres de soutien nous aident \u00e9galement \u00e0 d\u00e9velopper encore le mouvement CEO4Climate.<\/p>\n\n\n\n<p>Nous les remercions de leur soutien dynamique, des \u00e9changes constructifs et de leur travail essentiel comme entreprises pionni\u00e8res de la durabilit\u00e9 !<\/p>\n\n\n\n<div class=\"is-layout-flex wp-block-buttons\">\n<div class=\"wp-block-button\"><a class=\"wp-block-button__link wp-element-button\" href=\"https:\/\/www.swisscleantech.ch\/fr\/association\/membres-de-soutien\/\">Membres de soutien<\/a><\/div>\n<\/div>\n\n\n\n<div style=\"height:100px\" aria-hidden=\"true\" class=\"wp-block-spacer\"><\/div>\n\n\n\n<div id=\"sct-kacheln-block_d59070fd079492662ec889a48bb025e9\" class=\"sct_kacheln_wrapper\" >\n   \n\t<div class=\"acf-innerblocks-container\">\n\n<a class=\"kachel_link\" href=\" https:\/\/www.swisscleantech.ch\/fr\/rapport-annuel\/rapport-annuel-2025\/\"> <div id=\"sct-kachel-block_03f85b26eb39823ae3370759766b8e27\" class=\"sct_kachel span_1 kachel_bild\" style=\"background-image: url(https:\/\/www.swisscleantech.ch\/files\/Titelseite-Jahresbericht-2025.jpg);\"  >\n   \n\t<div class=\"kachel_inner\">\n\t\t<h1>Rapport annuel<\/h1>\n\t\t\t\t<span>L\u2019efficacit\u00e9 sous les projecteurs<\/span>\n\t<\/div>\n\t\n\t\n\t\n<\/div>\n\t<\/a> \n\n\n<a class=\"kachel_link\" href=\" https:\/\/www.swisscleantech.ch\/fr\/association\/\"> <div id=\"sct-kachel-block_a7ee5a7a352ad65e38a9b732373b4f76\" class=\"sct_kachel span_1 kachel_bild\" style=\"background-image: url(https:\/\/www.swisscleantech.ch\/files\/swisscleantech-Team-2026-klein-1.jpg);\"  >\n   \n\t<div class=\"kachel_inner\">\n\t\t<h1>Qui sommes-nous?<\/h1>\n\t\t\t\t<span><\/span>\n\t<\/div>\n\t\n\t\n\t\n<\/div>\n\t<\/a> \n\n\n<a class=\"kachel_link\" href=\" https:\/\/www.swisscleantech.ch\/fr\/adhesion\/\"> <div id=\"sct-kachel-block_941c30914141c5e3097847a5bbc356f8\" class=\"sct_kachel span_1 grad_orange4\"  >\n   \n\t<div class=\"kachel_inner\">\n\t\t<h1>Participer<\/h1>\n\t\t\t\t<span>Devenir adh\u00e9rent<\/span>\n\t<\/div>\n\t\n\t\n\t\n<\/div>\n\t<\/a> \n<\/div>\n\t\n\t\n<\/div>\n","protected":false},"excerpt":{"rendered":"Comme association \u00e9conomique, ensemble avec nos environ 700 adh\u00e9rents nous visons \u00e0 mobiliser les responsables politiques et la soci\u00e9t\u00e9 et agissons pour que la Suisse devienne neutre en CO2 d\u2019ici 2050. C\u2019est ainsi que l\u2019\u00e9conomie deviendra climat compatible. Plus que jamais une \u00e9conomie climat compatible, efficace, soutenue par swisscleantech, a toute sa place. Avec nos...  <a class=\"excerpt-read-more\" href=\"https:\/\/www.swisscleantech.ch\/fr\/agendaeintrag\/cours-facades-photovoltaiques\/\" title=\"LireCours fa\u00e7ades photovolta\u00efques\">Lire la suite &raquo;<\/a>","protected":false},"author":1,"featured_media":25355,"parent":0,"menu_order":0,"comment_status":"closed","ping_status":"closed","template":"page-superhero.php","meta":{"inline_featured_image":false},"acf":[],"_links":{"self":[{"href":"https:\/\/www.swisscleantech.ch\/fr\/wp-json\/wp\/v2\/pages\/2788"}],"collection":[{"href":"https:\/\/www.swisscleantech.ch\/fr\/wp-json\/wp\/v2\/pages"}],"about":[{"href":"https:\/\/www.swisscleantech.ch\/fr\/wp-json\/wp\/v2\/types\/page"}],"author":[{"embeddable":true,"href":"https:\/\/www.swisscleantech.ch\/fr\/wp-json\/wp\/v2\/users\/1"}],"replies":[{"embeddable":true,"href":"https:\/\/www.swisscleantech.ch\/fr\/wp-json\/wp\/v2\/comments?post=2788"}],"version-history":[{"count":154,"href":"https:\/\/www.swisscleantech.ch\/fr\/wp-json\/wp\/v2\/pages\/2788\/revisions"}],"predecessor-version":[{"id":39420,"href":"https:\/\/www.swisscleantech.ch\/fr\/wp-json\/wp\/v2\/pages\/2788\/revisions\/39420"}],"wp:featuredmedia":[{"embeddable":true,"href":"https:\/\/www.swisscleantech.ch\/fr\/wp-json\/wp\/v2\/media\/25355"}],"wp:attachment":[{"href":"https:\/\/www.swisscleantech.ch\/fr\/wp-json\/wp\/v2\/media?parent=2788"}],"curies":[{"name":"wp","href":"https:\/\/api.w.org\/{rel}","templated":true}]}}