{"id":28646,"date":"2023-11-28T13:55:22","date_gmt":"2023-11-28T13:55:22","guid":{"rendered":"https:\/\/www.swisscleantech.ch\/?page_id=28646"},"modified":"2025-10-23T08:51:43","modified_gmt":"2025-10-23T08:51:43","slug":"groupe-de-travail-logistique-verte","status":"publish","type":"page","link":"https:\/\/www.swisscleantech.ch\/fr\/services\/groupe-de-travail-logistique-verte\/","title":{"rendered":"Groupe de travail Logistique verte"},"content":{"rendered":"\n<div id=\"sct-hero-block_71d20472b6b6c98249766f5c0e7ffb15\" class=\"sct_hero_wrapper\">\n   \n\t<div class=\"box_content\">\n\t\t<h1>Groupe de travail Logistique verte<\/h1>\n\t\t<span>Ensemble, faire avancer la d\u00e9carbonation du transport de marchandises <\/span>\n\t<\/div>\n\n\t<div class=\"box_image\" style=\"background-image: url(https:\/\/www.swisscleantech.ch\/files\/Arbeitsgruppe-Grune-Logistik.jpg);\"><\/div>\n\t\n\t\n\t\n<\/div>\n\n\n\n<p class=\"h4\"><strong>Le groupe de travail Logistique verte r\u00e9unit des entreprises tout au long de la cha\u00eene de valeur de la logistique pour faire avancer ensemble la d\u00e9carbonation du transport de marchandises. Il existe un potentiel important dans le secteur priv\u00e9 pour r\u00e9duire les \u00e9missions dans la logistique gr\u00e2ce \u00e0 des collaborations. Au-del\u00e0 des initiatives des entreprises, il faut aussi am\u00e9liorer les conditions-cadre politiques \u2013 le groupe de travail s\u2019engage donc aussi bien dans l\u2019\u00e9conomie que dans la politique.<\/strong><\/p>\n\n\n\n<div class=\"is-layout-flex wp-container-3 wp-block-columns abstand_gross has-background\" style=\"background-color:#e3ebf1\">\n<div class=\"is-layout-flow wp-block-column\" style=\"flex-basis:33.33%\">\n<figure class=\"wp-block-image size-large\"><img decoding=\"async\" src=\"https:\/\/www.swisscleantech.ch\/files\/Logo-Ikea.png\" alt=\"\"\/><\/figure>\n<\/div>\n\n\n\n<div class=\"is-layout-flow wp-block-column\" style=\"flex-basis:66.66%\">\n<p>Le groupe de travail Logistique verte a \u00e9t\u00e9 cr\u00e9\u00e9 en octobre 2022 par IKEA et swisscleantech. Des r\u00e9unions sont organis\u00e9es avec certains adh\u00e9rents de swisscleantech, qui visent \u00e0 faire avancer la d\u00e9carbonation de la logistique.<\/p>\n<\/div>\n<\/div>\n\n\n\n<div class=\"is-layout-flex wp-container-6 wp-block-columns\">\n<div class=\"is-layout-flow wp-block-column\">\n<p>Parmi nos business cases, on compte notamment des projets entre des entreprises de logistique et des entreprises d\u2019approvisionnement en \u00e9nergie ou bien des parcs de recharge sur le site d\u2019entreprises de logistique qui sont accessibles au public pendant la journ\u00e9e. Au-del\u00e0 de l\u2019\u00e9lectrification des v\u00e9hicules, nous discutons par exemple de logistique urbaine, sans \u00e9missions et \u00e0 faible encombrement, d\u2019un r\u00e9am\u00e9nagement de l\u2019exon\u00e9ration de la RPLP ou de nouveaux mod\u00e8les \u00e9conomiques pour rendre le transport de marchandises durable.<\/p>\n<\/div>\n\n\n\n<div class=\"is-layout-flow wp-block-column\">\n<p>Pour ce faire, nous discutons et \u00e9valuons des sc\u00e9narios et des solutions \u2013 \u00e0 partir des perspectives vari\u00e9es des diff\u00e9rents adh\u00e9rents de diverses branches&nbsp;: constructeurs et importateurs de v\u00e9hicules, entreprises de transport et de logistique, destinataires de services et clients. Des partenaires comme l\u2019Initiative Lean &amp; Green, qui poursuivent le m\u00eame objectif et apportent toute leur exp\u00e9rience, sont \u00e9galement parties prenantes&nbsp;:<\/p>\n<\/div>\n<\/div>\n\n\n\n<figure class=\"is-layout-flex wp-block-gallery-7 wp-block-gallery has-nested-images columns-7\">\n<figure class=\"wp-block-image size-large\"><img decoding=\"async\" loading=\"lazy\" width=\"370\" height=\"210\" data-id=\"18867\"  src=\"https:\/\/www.swisscleantech.ch\/files\/Logo_ABBSchweizAG.gif\" alt=\"\" class=\"wp-image-18867\"\/><\/figure>\n\n\n\n<figure class=\"wp-block-image size-large\"><img decoding=\"async\" loading=\"lazy\" width=\"370\" height=\"210\" data-id=\"3054\"  src=\"https:\/\/www.swisscleantech.ch\/files\/logo_alpenluft.jpg\" alt=\"\" class=\"wp-image-3054\" srcset=\"https:\/\/www.swisscleantech.ch\/files\/logo_alpenluft.jpg 370w, https:\/\/www.swisscleantech.ch\/files\/logo_alpenluft-300x170.jpg 300w\" sizes=\"(max-width: 370px) 100vw, 370px\" \/><\/figure>\n\n\n\n<figure class=\"wp-block-image size-large\"><img decoding=\"async\" loading=\"lazy\" width=\"617\" height=\"350\" data-id=\"22462\"  src=\"https:\/\/www.swisscleantech.ch\/files\/logo-amag.png\" alt=\"\" class=\"wp-image-22462\" srcset=\"https:\/\/www.swisscleantech.ch\/files\/logo-amag.png 617w, https:\/\/www.swisscleantech.ch\/files\/logo-amag-300x170.png 300w\" sizes=\"(max-width: 617px) 100vw, 617px\" \/><\/figure>\n\n\n\n<figure class=\"wp-block-image size-large\"><img decoding=\"async\" loading=\"lazy\" width=\"617\" height=\"350\" data-id=\"28703\"  src=\"https:\/\/www.swisscleantech.ch\/files\/ampere-dynamic.png\" alt=\"\" class=\"wp-image-28703\" srcset=\"https:\/\/www.swisscleantech.ch\/files\/ampere-dynamic.png 617w, https:\/\/www.swisscleantech.ch\/files\/ampere-dynamic-300x170.png 300w\" sizes=\"(max-width: 617px) 100vw, 617px\" \/><\/figure>\n\n\n\n<figure class=\"wp-block-image size-full\"><img decoding=\"async\" loading=\"lazy\" width=\"560\" height=\"350\" data-id=\"30819\"  src=\"https:\/\/www.swisscleantech.ch\/files\/Avia-Volt-edited.png\" alt=\"\" class=\"wp-image-30819\" srcset=\"https:\/\/www.swisscleantech.ch\/files\/Avia-Volt-edited.png 560w, https:\/\/www.swisscleantech.ch\/files\/Avia-Volt-edited-300x188.png 300w\" sizes=\"(max-width: 560px) 100vw, 560px\" \/><\/figure>\n\n\n\n<figure class=\"wp-block-image size-large\"><img decoding=\"async\" loading=\"lazy\" width=\"617\" height=\"350\" data-id=\"20595\"  src=\"https:\/\/www.swisscleantech.ch\/files\/cargo24.png\" alt=\"\" class=\"wp-image-20595\" srcset=\"https:\/\/www.swisscleantech.ch\/files\/cargo24.png 617w, https:\/\/www.swisscleantech.ch\/files\/cargo24-300x170.png 300w\" sizes=\"(max-width: 617px) 100vw, 617px\" \/><\/figure>\n\n\n\n<figure class=\"wp-block-image size-large\"><img decoding=\"async\" loading=\"lazy\" width=\"370\" height=\"210\" data-id=\"12556\"  src=\"https:\/\/www.swisscleantech.ch\/files\/CARGO_sous_terrain.gif\" alt=\"\" class=\"wp-image-12556\"\/><\/figure>\n\n\n\n<figure class=\"wp-block-image size-large\"><img decoding=\"async\" loading=\"lazy\" width=\"370\" height=\"210\" data-id=\"12112\"  src=\"https:\/\/www.swisscleantech.ch\/files\/Competec.gif\" alt=\"\" class=\"wp-image-12112\"\/><\/figure>\n\n\n\n<figure class=\"wp-block-image size-full\"><img decoding=\"async\" loading=\"lazy\" width=\"617\" height=\"350\" data-id=\"28418\"  src=\"https:\/\/www.swisscleantech.ch\/files\/designwerk-logo.png\" alt=\"\" class=\"wp-image-28418\" srcset=\"https:\/\/www.swisscleantech.ch\/files\/designwerk-logo.png 617w, https:\/\/www.swisscleantech.ch\/files\/designwerk-logo-300x170.png 300w\" sizes=\"(max-width: 617px) 100vw, 617px\" \/><\/figure>\n\n\n\n<figure class=\"wp-block-image size-large\"><img decoding=\"async\" loading=\"lazy\" width=\"370\" height=\"210\" data-id=\"3092\"  src=\"https:\/\/www.swisscleantech.ch\/files\/logo_ekz.jpg\" alt=\"\" class=\"wp-image-3092\" srcset=\"https:\/\/www.swisscleantech.ch\/files\/logo_ekz.jpg 370w, https:\/\/www.swisscleantech.ch\/files\/logo_ekz-300x170.jpg 300w\" sizes=\"(max-width: 370px) 100vw, 370px\" \/><\/figure>\n\n\n\n<figure class=\"wp-block-image size-large\"><img decoding=\"async\" loading=\"lazy\" width=\"370\" height=\"210\" data-id=\"19065\"  src=\"https:\/\/www.swisscleantech.ch\/files\/EM_Logo.gif\" alt=\"\" class=\"wp-image-19065\"\/><\/figure>\n\n\n\n<figure class=\"wp-block-image size-large\"><img decoding=\"async\" loading=\"lazy\" width=\"617\" height=\"350\" data-id=\"30537\"  src=\"https:\/\/www.swisscleantech.ch\/files\/Logo-energie360.jpg\" alt=\"\" class=\"wp-image-30537\" srcset=\"https:\/\/www.swisscleantech.ch\/files\/Logo-energie360.jpg 617w, https:\/\/www.swisscleantech.ch\/files\/Logo-energie360-300x170.jpg 300w\" sizes=\"(max-width: 617px) 100vw, 617px\" \/><\/figure>\n\n\n\n<figure class=\"wp-block-image size-large\"><img decoding=\"async\" loading=\"lazy\" width=\"617\" height=\"350\" data-id=\"28908\"  src=\"https:\/\/www.swisscleantech.ch\/files\/fiege-logo.png\" alt=\"\" class=\"wp-image-28908\" srcset=\"https:\/\/www.swisscleantech.ch\/files\/fiege-logo.png 617w, https:\/\/www.swisscleantech.ch\/files\/fiege-logo-300x170.png 300w\" sizes=\"(max-width: 617px) 100vw, 617px\" \/><\/figure>\n\n\n\n<figure class=\"wp-block-image size-full\"><img decoding=\"async\" loading=\"lazy\" width=\"617\" height=\"350\" data-id=\"28686\"  src=\"https:\/\/www.swisscleantech.ch\/files\/Logo-Ikea.png\" alt=\"\" class=\"wp-image-28686\" srcset=\"https:\/\/www.swisscleantech.ch\/files\/Logo-Ikea.png 617w, https:\/\/www.swisscleantech.ch\/files\/Logo-Ikea-300x170.png 300w\" sizes=\"(max-width: 617px) 100vw, 617px\" \/><\/figure>\n\n\n\n<figure class=\"wp-block-image size-large\"><img decoding=\"async\" loading=\"lazy\" width=\"370\" height=\"210\" data-id=\"18491\"  src=\"https:\/\/www.swisscleantech.ch\/files\/Logo_IWB.gif\" alt=\"\" class=\"wp-image-18491\"\/><\/figure>\n\n\n\n<figure class=\"wp-block-image size-large\"><img decoding=\"async\" loading=\"lazy\" width=\"370\" height=\"210\" data-id=\"13781\"  src=\"https:\/\/www.swisscleantech.ch\/files\/Logo_Jungheinrich.gif\" alt=\"\" class=\"wp-image-13781\"\/><\/figure>\n\n\n\n<figure class=\"wp-block-image size-full\"><img decoding=\"async\" loading=\"lazy\" width=\"617\" height=\"350\" data-id=\"28712\"  src=\"https:\/\/www.swisscleantech.ch\/files\/Kappeli-Logistik-Logo.png\" alt=\"\" class=\"wp-image-28712\" srcset=\"https:\/\/www.swisscleantech.ch\/files\/Kappeli-Logistik-Logo.png 617w, https:\/\/www.swisscleantech.ch\/files\/Kappeli-Logistik-Logo-300x170.png 300w\" sizes=\"(max-width: 617px) 100vw, 617px\" \/><\/figure>\n\n\n\n<figure class=\"wp-block-image size-large\"><img decoding=\"async\" loading=\"lazy\" width=\"370\" height=\"210\" data-id=\"17781\"  src=\"https:\/\/www.swisscleantech.ch\/files\/Logo_KrummenKerzersAG.gif\" alt=\"\" class=\"wp-image-17781\"\/><\/figure>\n\n\n\n<figure class=\"wp-block-image size-large\"><img decoding=\"async\" loading=\"lazy\" width=\"370\" height=\"210\" data-id=\"9398\"  src=\"https:\/\/www.swisscleantech.ch\/files\/kyburz_logo.png\" alt=\"\" class=\"wp-image-9398\" srcset=\"https:\/\/www.swisscleantech.ch\/files\/kyburz_logo.png 370w, https:\/\/www.swisscleantech.ch\/files\/kyburz_logo-300x170.png 300w\" sizes=\"(max-width: 370px) 100vw, 370px\" \/><\/figure>\n\n\n\n<figure class=\"wp-block-image size-full\"><img decoding=\"async\" loading=\"lazy\" width=\"617\" height=\"350\" data-id=\"20529\"  src=\"https:\/\/www.swisscleantech.ch\/files\/lidl-1.png\" alt=\"\" class=\"wp-image-20529\" srcset=\"https:\/\/www.swisscleantech.ch\/files\/lidl-1.png 617w, https:\/\/www.swisscleantech.ch\/files\/lidl-1-300x170.png 300w\" sizes=\"(max-width: 617px) 100vw, 617px\" \/><\/figure>\n\n\n\n<figure class=\"wp-block-image size-large\"><img decoding=\"async\" loading=\"lazy\" width=\"617\" height=\"350\" data-id=\"30253\"  src=\"https:\/\/www.swisscleantech.ch\/files\/merbag.png\" alt=\"\" class=\"wp-image-30253\" srcset=\"https:\/\/www.swisscleantech.ch\/files\/merbag.png 617w, https:\/\/www.swisscleantech.ch\/files\/merbag-300x170.png 300w\" sizes=\"(max-width: 617px) 100vw, 617px\" \/><\/figure>\n\n\n\n<figure class=\"wp-block-image size-large\"><img decoding=\"async\" loading=\"lazy\" width=\"370\" height=\"210\" data-id=\"21110\"  src=\"https:\/\/www.swisscleantech.ch\/files\/Planzer-Logo.png\" alt=\"\" class=\"wp-image-21110\" srcset=\"https:\/\/www.swisscleantech.ch\/files\/Planzer-Logo.png 370w, https:\/\/www.swisscleantech.ch\/files\/Planzer-Logo-300x170.png 300w\" sizes=\"(max-width: 370px) 100vw, 370px\" \/><\/figure>\n\n\n\n<figure class=\"wp-block-image size-large\"><img decoding=\"async\" loading=\"lazy\" width=\"370\" height=\"210\" data-id=\"17149\"  src=\"https:\/\/www.swisscleantech.ch\/files\/Logo_RappGruppe.gif\" alt=\"\" class=\"wp-image-17149\"\/><\/figure>\n\n\n\n<figure class=\"wp-block-image size-large\"><img decoding=\"async\" loading=\"lazy\" width=\"617\" height=\"350\" data-id=\"25877\"  src=\"https:\/\/www.swisscleantech.ch\/files\/sbb.png\" alt=\"\" class=\"wp-image-25877\" srcset=\"https:\/\/www.swisscleantech.ch\/files\/sbb.png 617w, https:\/\/www.swisscleantech.ch\/files\/sbb-300x170.png 300w\" sizes=\"(max-width: 617px) 100vw, 617px\" \/><\/figure>\n\n\n\n<figure class=\"wp-block-image size-large\"><img decoding=\"async\" loading=\"lazy\" width=\"370\" height=\"210\" data-id=\"18579\"  src=\"https:\/\/www.swisscleantech.ch\/files\/Logo_ScaniaSchweizAG.gif\" alt=\"\" class=\"wp-image-18579\"\/><\/figure>\n\n\n\n<figure class=\"wp-block-image size-large\"><img decoding=\"async\" loading=\"lazy\" width=\"617\" height=\"350\" data-id=\"26376\"  src=\"https:\/\/www.swisscleantech.ch\/files\/schoeni.png\" alt=\"\" class=\"wp-image-26376\" srcset=\"https:\/\/www.swisscleantech.ch\/files\/schoeni.png 617w, https:\/\/www.swisscleantech.ch\/files\/schoeni-300x170.png 300w\" sizes=\"(max-width: 617px) 100vw, 617px\" \/><\/figure>\n\n\n\n<figure class=\"wp-block-image size-large\"><img decoding=\"async\" loading=\"lazy\" width=\"617\" height=\"350\" data-id=\"24833\"  src=\"https:\/\/www.swisscleantech.ch\/files\/sieber-t-logo.png\" alt=\"\" class=\"wp-image-24833\" srcset=\"https:\/\/www.swisscleantech.ch\/files\/sieber-t-logo.png 617w, https:\/\/www.swisscleantech.ch\/files\/sieber-t-logo-300x170.png 300w\" sizes=\"(max-width: 617px) 100vw, 617px\" \/><\/figure>\n\n\n\n<figure class=\"wp-block-image size-large\"><img decoding=\"async\" loading=\"lazy\" width=\"617\" height=\"350\" data-id=\"30251\"  src=\"https:\/\/www.swisscleantech.ch\/files\/sorec-logo.png\" alt=\"\" class=\"wp-image-30251\" srcset=\"https:\/\/www.swisscleantech.ch\/files\/sorec-logo.png 617w, https:\/\/www.swisscleantech.ch\/files\/sorec-logo-300x170.png 300w\" sizes=\"(max-width: 617px) 100vw, 617px\" \/><\/figure>\n\n\n\n<figure class=\"wp-block-image size-large\"><img decoding=\"async\" loading=\"lazy\" width=\"370\" height=\"210\" data-id=\"19576\"  src=\"https:\/\/www.swisscleantech.ch\/files\/swissconnect.png\" alt=\"\" class=\"wp-image-19576\" srcset=\"https:\/\/www.swisscleantech.ch\/files\/swissconnect.png 370w, https:\/\/www.swisscleantech.ch\/files\/swissconnect-300x170.png 300w\" sizes=\"(max-width: 370px) 100vw, 370px\" \/><\/figure>\n\n\n\n<figure class=\"wp-block-image size-large\"><img decoding=\"async\" loading=\"lazy\" width=\"370\" height=\"210\" data-id=\"17451\"  src=\"https:\/\/www.swisscleantech.ch\/files\/Logo_PrimeoEnergie.gif\" alt=\"\" class=\"wp-image-17451\"\/><\/figure>\n\n\n\n<figure class=\"wp-block-image size-large\"><img decoding=\"async\" loading=\"lazy\" width=\"370\" height=\"210\" data-id=\"19277\"  src=\"https:\/\/www.swisscleantech.ch\/files\/post-logo.jpg\" alt=\"\" class=\"wp-image-19277\" srcset=\"https:\/\/www.swisscleantech.ch\/files\/post-logo.jpg 370w, https:\/\/www.swisscleantech.ch\/files\/post-logo-300x170.jpg 300w\" sizes=\"(max-width: 370px) 100vw, 370px\" \/><\/figure>\n\n\n\n<figure class=\"wp-block-image size-full\"><img decoding=\"async\" loading=\"lazy\" width=\"617\" height=\"350\" data-id=\"28550\"  src=\"https:\/\/www.swisscleantech.ch\/files\/Sonepar-Logo-mit-Claim.png\" alt=\"\" class=\"wp-image-28550\" srcset=\"https:\/\/www.swisscleantech.ch\/files\/Sonepar-Logo-mit-Claim.png 617w, https:\/\/www.swisscleantech.ch\/files\/Sonepar-Logo-mit-Claim-300x170.png 300w\" sizes=\"(max-width: 617px) 100vw, 617px\" \/><\/figure>\n\n\n\n<figure class=\"wp-block-image size-full\"><img decoding=\"async\" loading=\"lazy\" width=\"617\" height=\"350\" data-id=\"28547\"  src=\"https:\/\/www.swisscleantech.ch\/files\/Logo_Siemens.png\" alt=\"\" class=\"wp-image-28547\" srcset=\"https:\/\/www.swisscleantech.ch\/files\/Logo_Siemens.png 617w, https:\/\/www.swisscleantech.ch\/files\/Logo_Siemens-300x170.png 300w\" sizes=\"(max-width: 617px) 100vw, 617px\" \/><\/figure>\n\n\n\n<figure class=\"wp-block-image size-large\"><img decoding=\"async\" loading=\"lazy\" width=\"370\" height=\"210\" data-id=\"14051\"  src=\"https:\/\/www.swisscleantech.ch\/files\/Veloblitz_Logo.gif\" alt=\"\" class=\"wp-image-14051\"\/><\/figure>\n<\/figure>\n\n\n\n<div style=\"height:40px\" aria-hidden=\"true\" class=\"wp-block-spacer\"><\/div>\n\n\n\n<div class=\"is-layout-flex wp-container-11 wp-block-columns abstand_gross has-background\" style=\"background-color:#e3ebf1\">\n<div class=\"is-layout-flow wp-block-column\" style=\"flex-basis:33.33%\">\n<figure class=\"wp-block-image size-large\"><img decoding=\"async\" src=\"https:\/\/www.swisscleantech.ch\/files\/Raffaele-Bidone-IKEA.jpg\" alt=\"\"\/><\/figure>\n<\/div>\n\n\n\n<div class=\"is-layout-flow wp-block-column\" style=\"flex-basis:66.66%\">\n<p>\u00ab Pour parvenir \u00e0 des livraisons \u00e0 domicile 100 %\u200c sans \u00e9missions d&#8217;ici la fin 2025, le groupe de travail Logistique verte est une plateforme d&#8217;\u00e9change d&#8217;id\u00e9es et d&#8217;exp\u00e9riences o\u00f9 nous pouvons nous soutenir mutuellement et nous aider \u00e0 atteindre notre objectif. \u00bb<\/p>\n\n\n\n<p><strong>Raffaele Bidone<\/strong><br>Project Implementation Manager Zero Emission Delivery IKEA AG<\/p>\n<\/div>\n<\/div>\n\n\n\n<div class=\"is-layout-flex wp-container-14 wp-block-columns abstand_gross has-background\" style=\"background-color:#e3ebf1\">\n<div class=\"is-layout-flow wp-block-column\" style=\"flex-basis:33.33%\">\n<figure class=\"wp-block-image size-full\"><img decoding=\"async\" loading=\"lazy\" width=\"400\" height=\"400\" src=\"https:\/\/www.swisscleantech.ch\/files\/Jan-Eberle-GS1-Switzerland.jpg\" alt=\"\" class=\"wp-image-28456\" srcset=\"https:\/\/www.swisscleantech.ch\/files\/Jan-Eberle-GS1-Switzerland.jpg 400w, https:\/\/www.swisscleantech.ch\/files\/Jan-Eberle-GS1-Switzerland-300x300.jpg 300w, https:\/\/www.swisscleantech.ch\/files\/Jan-Eberle-GS1-Switzerland-125x125.jpg 125w\" sizes=\"(max-width: 400px) 100vw, 400px\" \/><\/figure>\n<\/div>\n\n\n\n<div class=\"is-layout-flow wp-block-column\" style=\"flex-basis:66.66%\">\n<p>\u00ab Le groupe de travail Logistique verte \u00e9labore des solutions qui sont utiles \u00e0 la communaut\u00e9 Lean &amp; Green pour mettre en \u0153uvre les objectifs z\u00e9ro \u00e9mission nette. La collaboration entre l\u2019Initiative et le groupe de travail permet de faire progresser la logistique durable en Suisse. \u00bb<\/p>\n\n\n\n<p><strong>Jan Eberle<\/strong><br>Head of Industry Engagement Logistics GS1 Switzerland<\/p>\n<\/div>\n<\/div>\n\n\n\n<div class=\"is-layout-flex wp-container-17 wp-block-columns abstand_gross has-background\" style=\"background-color:#e3ebf1\">\n<div class=\"is-layout-flow wp-block-column\" style=\"flex-basis:33.33%\">\n<figure class=\"wp-block-image size-full\"><img decoding=\"async\" loading=\"lazy\" width=\"400\" height=\"400\" src=\"https:\/\/www.swisscleantech.ch\/files\/Robert-Einstein-Cargo24.jpg\" alt=\"\" class=\"wp-image-32749\" srcset=\"https:\/\/www.swisscleantech.ch\/files\/Robert-Einstein-Cargo24.jpg 400w, https:\/\/www.swisscleantech.ch\/files\/Robert-Einstein-Cargo24-300x300.jpg 300w, https:\/\/www.swisscleantech.ch\/files\/Robert-Einstein-Cargo24-125x125.jpg 125w\" sizes=\"(max-width: 400px) 100vw, 400px\" \/><\/figure>\n<\/div>\n\n\n\n<div class=\"is-layout-flow wp-block-column\" style=\"flex-basis:66.66%\">\n<p>\u00ab La r\u00e9duction des trajets en camion\u200c fait partie de l&#8217;ADN de Cargo24. Le groupe de travail nous permet d&#8217;\u00e9changer avec des entreprises qui partagent les m\u00eames id\u00e9es, de d\u00e9couvrir de nouvelles pistes de r\u00e9flexion et de formuler ensemble des prises de position sur des questions politiques d&#8217;actualit\u00e9. \u00bb<\/p>\n\n\n\n<p><strong>Robert Einstein<\/strong><br>Directeur Cargo24<br><\/p>\n<\/div>\n<\/div>\n\n\n\n<div class=\"is-layout-flex wp-container-20 wp-block-columns abstand_gross has-background\" style=\"background-color:#79a6cb\">\n<div class=\"is-layout-flow wp-block-column\" style=\"flex-basis:33.33%\">\n<figure class=\"wp-block-image size-full\"><a href=\"https:\/\/www.gs1.ch\/de\/netzwerk\/lean-green\" target=\"_blank\" rel=\"noopener\"><img decoding=\"async\" loading=\"lazy\" width=\"617\" height=\"350\" src=\"https:\/\/www.swisscleantech.ch\/files\/Lean-Green-Logo.jpg\" alt=\"\" class=\"wp-image-28474\" srcset=\"https:\/\/www.swisscleantech.ch\/files\/Lean-Green-Logo.jpg 617w, https:\/\/www.swisscleantech.ch\/files\/Lean-Green-Logo-300x170.jpg 300w\" sizes=\"(max-width: 617px) 100vw, 617px\" \/><\/a><\/figure>\n<\/div>\n\n\n\n<div class=\"is-layout-flow wp-block-column\" style=\"flex-basis:66.66%\">\n<p class=\"has-black-color has-text-color\">L\u2019<a href=\"https:\/\/www.gs1.ch\/fr\/reseautage\/lean-green\" target=\"_blank\" rel=\"noopener\">Initiative Lean &amp; Green<\/a> a le m\u00eame objectif que le groupe de travail Logistique verte. Nous travaillons donc en \u00e9troite collaboration avec la communaut\u00e9 Lean &amp; Green qui est soutenue en Suisse par <a href=\"https:\/\/www.gs1.ch\/fr\" target=\"_blank\" rel=\"noreferrer noopener\">GS1 Switzerland<\/a>.<\/p>\n<\/div>\n<\/div>\n\n\n\n<div class=\"is-layout-constrained wp-block-group superhero_first\"><div class=\"wp-block-group__inner-container\">\n<div class=\"is-layout-flex wp-container-23 wp-block-columns teasertext\">\n<div class=\"is-layout-flow wp-block-column\" style=\"flex-basis:80%\">\n<p><\/p>\n<\/div>\n\n\n\n<div class=\"is-layout-flow wp-block-column\" style=\"flex-basis:20%\"><\/div>\n<\/div>\n\n\n\n<div class=\"is-layout-flex wp-container-28 wp-block-columns sh_einleitung_row2\">\n<div class=\"is-layout-flow wp-block-column\" style=\"flex-basis:80%\">\n<p>Votre entreprise est-elle adh\u00e9rente de swisscleantech et souhaite-t-elle travailler avec le groupe de travail Logistique verte&nbsp;?<\/p>\n\n\n\n<p>Alors n\u2019h\u00e9sitez pas \u00e0 m\u2019\u00e9crire <a href=\"mailto:christian.zeyer@swisscleantech.ch\">un mail<\/a>.<\/p>\n<\/div>\n\n\n\n<div class=\"is-layout-flow wp-block-column sh_einleitung_col2\" style=\"flex-basis:20%\">\n<div class=\"is-vertical is-nowrap is-layout-flex wp-container-26 wp-block-group\">\n<figure class=\"wp-block-image size-full\"><img decoding=\"async\" src=\"https:\/\/www.swisscleantech.ch\/files\/Christian-Zeyer-swisscleantech-2.jpg\" alt=\"\" class=\"wp-image-36845\"\/><figcaption class=\"wp-element-caption\"> <\/figcaption><\/figure>\n\n\n\n\n\n<div class=\"is-layout-constrained wp-block-group\"><div class=\"wp-block-group__inner-container\">\n<p><strong>Christian Zeyer<br><\/strong> <a href=\"mailto:christian.zeyer@swisscleantech.ch\">Mail<\/a> | <a href=\"https:\/\/www.linkedin.com\/in\/christian-zeyer\/\" target=\"_blank\" rel=\"noopener\">LinkedIn<\/a><\/p>\n<\/div><\/div>\n<\/div>\n\n\n<\/div>\n<\/div>\n<\/div><\/div>\n","protected":false},"excerpt":{"rendered":"<p>Le groupe de travail Logistique verte r\u00e9unit des entreprises tout au long de la cha\u00eene de valeur de la logistique pour faire avancer ensemble la d\u00e9carbonation du transport de marchandises. Il existe un potentiel important dans le secteur priv\u00e9 pour r\u00e9duire les \u00e9missions dans la logistique gr\u00e2ce \u00e0 des collaborations. Au-del\u00e0 des initiatives des entreprises,&#8230;  <a class=\"excerpt-read-more\" href=\"https:\/\/www.swisscleantech.ch\/fr\/services\/groupe-de-travail-logistique-verte\/\" title=\"LireGroupe de travail Logistique verte\">Lire la suite &raquo;<\/a><\/p>\n","protected":false},"author":14,"featured_media":0,"parent":14725,"menu_order":0,"comment_status":"closed","ping_status":"closed","template":"","meta":{"inline_featured_image":false},"acf":[],"_links":{"self":[{"href":"https:\/\/www.swisscleantech.ch\/fr\/wp-json\/wp\/v2\/pages\/28646"}],"collection":[{"href":"https:\/\/www.swisscleantech.ch\/fr\/wp-json\/wp\/v2\/pages"}],"about":[{"href":"https:\/\/www.swisscleantech.ch\/fr\/wp-json\/wp\/v2\/types\/page"}],"author":[{"embeddable":true,"href":"https:\/\/www.swisscleantech.ch\/fr\/wp-json\/wp\/v2\/users\/14"}],"replies":[{"embeddable":true,"href":"https:\/\/www.swisscleantech.ch\/fr\/wp-json\/wp\/v2\/comments?post=28646"}],"version-history":[{"count":15,"href":"https:\/\/www.swisscleantech.ch\/fr\/wp-json\/wp\/v2\/pages\/28646\/revisions"}],"predecessor-version":[{"id":37003,"href":"https:\/\/www.swisscleantech.ch\/fr\/wp-json\/wp\/v2\/pages\/28646\/revisions\/37003"}],"up":[{"embeddable":true,"href":"https:\/\/www.swisscleantech.ch\/fr\/wp-json\/wp\/v2\/pages\/14725"}],"wp:attachment":[{"href":"https:\/\/www.swisscleantech.ch\/fr\/wp-json\/wp\/v2\/media?parent=28646"}],"curies":[{"name":"wp","href":"https:\/\/api.w.org\/{rel}","templated":true}]}}