{"id":28654,"date":"2023-11-27T10:59:04","date_gmt":"2023-11-27T10:59:04","guid":{"rendered":"https:\/\/www.swisscleantech.ch\/?page_id=28654"},"modified":"2024-04-18T09:48:25","modified_gmt":"2024-04-18T09:48:25","slug":"notation-de-durabilite-pour-les-pme","status":"publish","type":"page","link":"https:\/\/www.swisscleantech.ch\/fr\/services\/notation-de-durabilite-pour-les-pme\/","title":{"rendered":"Notation de durabilit\u00e9 pour les PME"},"content":{"rendered":"\n\n\n<div id=\"sct-hero-block_a3ed37dc31a101abbca20a48809917f3\" class=\"sct_hero_wrapper\">\n   \n\t<div class=\"box_content\">\n\t\t<h1>Notation de durabilit\u00e9 pour les PME<\/h1>\n\t\t<span>avec esg2go<\/span>\n\t<\/div>\n\n\t<div class=\"box_image\" style=\"background-image: url(https:\/\/www.swisscleantech.ch\/files\/Nachhaltigkeitsrating-und-Reporting-esg2go.png);\"><\/div>\n\t\n\t\n\t\n<\/div>\n\n\n\n<h3>Pour les adh\u00e9rents, swisscleantech prend en charge les co\u00fbts de licence* pour la premi\u00e8re ann\u00e9e.<\/h3>\n\n\n\n\n\n<p>La mesurabilit\u00e9 et la comparabilit\u00e9 des mesures prises par les entreprises pour la protection du climat sont de plus en plus importantes. \u00c0 partir de 2024, \u00ab&nbsp;l\u2019obligation de rendre compte des questions non financi\u00e8res&nbsp;\u00bb (<a href=\"https:\/\/www.newsd.admin.ch\/newsd\/message\/attachments\/74001.pdf\" target=\"_blank\" rel=\"noopener\">ordonnance en PDF<\/a>) qui s\u2019imposera aux grandes entreprises cr\u00e9era \u00e9galement indirectement une obligation pour les PME&nbsp;: avec ces nouvelles dispositions, beaucoup de PME devront pr\u00e9senter leur durabilit\u00e9 de mani\u00e8re transparente pour pr\u00e9server leurs chances comme fournisseur dans les appels d\u2019offres.<\/p>\n\n\n\n<p>L\u2019outil de rating et de reporting esg2go permet aux PME de disposer d\u2019une attestation de durabilit\u00e9 moyennant un co\u00fbt ma\u00eetris\u00e9 et avec des chiffres cl\u00e9s qu\u2019il est facile de se procurer. Gr\u00e2ce \u00e0 ce scoring simple, impartial, li\u00e9 \u00e0 la branche et \u00e0 la taille de l\u2019entreprise, rapport\u00e9 aux trois crit\u00e8res ESG, les entreprises obtiennent des \u00e9l\u00e9ments de d\u00e9cision pertinents leur permettant d\u2019optimiser leur performance de durabilit\u00e9. Et en tant que fournisseur, vous disposerez d\u2019une attestation de durabilit\u00e9 facile \u00e0 obtenir, qui aura de plus en plus d\u2019importance dans les appels d\u2019offres.<\/p>\n\n\n\n<p>*Pour ses adh\u00e9rents, swisscleantech prend en charge les co\u00fbts de licence suivants&nbsp;:<\/p>\n\n\n\n<div class=\"is-layout-flex wp-container-12 wp-block-columns nl23_cols_top_bottom\">\n<div class=\"is-layout-flow wp-block-column abstand_klein has-background\" style=\"background-color:#e3ebf1\">\n<div class=\"is-layout-constrained wp-block-group\"><div class=\"wp-block-group__inner-container\">\n<h3>esg2go Light<\/h3>\n\n\n\n<p>Rating<\/p>\n<\/div><\/div>\n\n\n\n<div class=\"is-layout-constrained wp-block-group\"><div class=\"wp-block-group__inner-container\">\n<p>au lieu de 300,\u2013<br><strong>0,\u2013 la premi\u00e8re ann\u00e9e<\/strong><\/p>\n<\/div><\/div>\n<\/div>\n\n\n\n<div class=\"is-layout-flow wp-block-column abstand_klein has-background\" style=\"background-color:#e3ebf1\">\n<div class=\"is-layout-constrained wp-block-group\"><div class=\"wp-block-group__inner-container\">\n<h3>esg2go Light+<\/h3>\n\n\n\n<p>Rating &amp; Reporting<\/p>\n<\/div><\/div>\n\n\n\n<div class=\"is-layout-constrained wp-block-group\"><div class=\"wp-block-group__inner-container\">\n<div class=\"is-layout-flex wp-block-buttons\"><\/div>\n\n\n\n<p>au lieu de 550,\u2013<br><strong>0,\u2013 la premi\u00e8re ann\u00e9e Jahr<\/strong><\/p>\n<\/div><\/div>\n<\/div>\n\n\n\n<div class=\"is-layout-flow wp-block-column abstand_klein has-background\" style=\"background-color:#e3ebf1\">\n<div class=\"is-layout-constrained wp-block-group\"><div class=\"wp-block-group__inner-container\">\n<h3>esg2go Professional<\/h3>\n\n\n\n<p>Rating, Reporting &amp; Conseil<\/p>\n<\/div><\/div>\n\n\n\n<div class=\"is-layout-constrained wp-block-group\"><div class=\"wp-block-group__inner-container\">\n<div class=\"is-layout-flex wp-block-buttons\"><\/div>\n\n\n\n<p>au lieu de 750,\u2013<br><strong>200,\u2013 la premi\u00e8re ann\u00e9e<\/strong><\/p>\n<\/div><\/div>\n<\/div>\n<\/div>\n\n\n\n<p><\/p>\n\n\n\n<div class=\"is-layout-constrained wp-block-group superhero_first\"><div class=\"wp-block-group__inner-container\">\n<div class=\"is-layout-flex wp-container-15 wp-block-columns teasertext\">\n<div class=\"is-layout-flow wp-block-column\" style=\"flex-basis:80%\">\n<p><a href=\"https:\/\/order.esg2go.org\/\" target=\"_blank\" rel=\"noreferrer noopener\">D\u00e9tail des prestations et des prix sur esg2go<\/a><\/p>\n<\/div>\n\n\n\n<div class=\"is-layout-flow wp-block-column\" style=\"flex-basis:20%\"><\/div>\n<\/div>\n\n\n\n<div class=\"is-layout-flex wp-container-20 wp-block-columns sh_einleitung_row2\">\n<div class=\"is-layout-flow wp-block-column\" style=\"flex-basis:80%\">\n<p class=\"has-text-align-left\">Si vous \u00eates int\u00e9ress\u00e9 ou avez des questions sur le rating et le reporting de durabilit\u00e9 avec esg2go, n\u2019h\u00e9sitez pas \u00e0 me contacter.<\/p>\n<\/div>\n\n\n\n<div class=\"is-layout-flow wp-block-column sh_einleitung_col2\" style=\"flex-basis:20%\">\n<div class=\"is-vertical is-nowrap is-layout-flex wp-container-18 wp-block-group\">\n<figure class=\"wp-block-image size-full\"><img decoding=\"async\" loading=\"lazy\" width=\"400\" height=\"400\" src=\"https:\/\/www.swisscleantech.ch\/files\/Madeleine-Guyer.jpg\" alt=\"\" class=\"wp-image-23223\" srcset=\"https:\/\/www.swisscleantech.ch\/files\/Madeleine-Guyer.jpg 400w, https:\/\/www.swisscleantech.ch\/files\/Madeleine-Guyer-300x300.jpg 300w, https:\/\/www.swisscleantech.ch\/files\/Madeleine-Guyer-125x125.jpg 125w\" sizes=\"(max-width: 400px) 100vw, 400px\" \/><figcaption class=\"wp-element-caption\"> <\/figcaption><\/figure>\n\n\n\n\n\n<div class=\"is-layout-constrained wp-block-group\"><div class=\"wp-block-group__inner-container\">\n<p><strong>Madeleine Guyer<br><\/strong> <a href=\"mailto:madeleine.guyer@swisscleantech.ch\">Mail<\/a> | <a href=\"https:\/\/www.linkedin.com\/in\/madeleine-guyer-295ba410\/\" target=\"_blank\" rel=\"noopener\">LinkedIn<\/a><\/p>\n<\/div><\/div>\n<\/div>\n\n\n<\/div>\n<\/div>\n<\/div><\/div>\n\n\n\n<div class=\"is-layout-flex wp-container-29 wp-block-columns\">\n<div class=\"is-layout-flow wp-block-column abstand_gross has-background\" style=\"background-color:#e3ebf1\">\n<div class=\"is-layout-flex wp-container-23 wp-block-columns\">\n<div class=\"is-layout-flow wp-block-column\">\n<p>esg2go est de plus en plus accept\u00e9 par les grands clients comme attestation de durabilit\u00e9 dans les appels d\u2019offres et les monitorings de fournisseurs. Outre swisscleantech, UBS et Zurich Assurances, qui soutiennent financi\u00e8rement le Center for Corporate Responsibility and Sustainability (CCRS), comptent parmi les partenaires majeurs d\u2019esg2go.<\/p>\n<\/div>\n<\/div>\n\n\n\n<div class=\"is-layout-flex wp-container-27 wp-block-columns\">\n<div class=\"is-layout-flow wp-block-column\">\n<figure class=\"wp-block-image size-full\"><img decoding=\"async\" loading=\"lazy\" width=\"370\" height=\"210\" src=\"https:\/\/www.swisscleantech.ch\/files\/UBS-Logo.jpg\" alt=\"\" class=\"wp-image-28245\" srcset=\"https:\/\/www.swisscleantech.ch\/files\/UBS-Logo.jpg 370w, https:\/\/www.swisscleantech.ch\/files\/UBS-Logo-300x170.jpg 300w\" sizes=\"(max-width: 370px) 100vw, 370px\" \/><\/figure>\n<\/div>\n\n\n\n<div class=\"is-layout-flow wp-block-column\">\n<figure class=\"wp-block-image size-large\"><img decoding=\"async\" src=\"https:\/\/www.swisscleantech.ch\/files\/Zurich-Schweiz-Logo.png\" alt=\"\"\/><\/figure>\n<\/div>\n\n\n\n<div class=\"is-layout-flow wp-block-column\">\n<figure class=\"wp-block-image size-full\"><img decoding=\"async\" loading=\"lazy\" width=\"370\" height=\"210\" src=\"https:\/\/www.swisscleantech.ch\/files\/CCRS-Logo.jpg\" alt=\"\" class=\"wp-image-28247\" srcset=\"https:\/\/www.swisscleantech.ch\/files\/CCRS-Logo.jpg 370w, https:\/\/www.swisscleantech.ch\/files\/CCRS-Logo-300x170.jpg 300w\" sizes=\"(max-width: 370px) 100vw, 370px\" \/><\/figure>\n<\/div>\n<\/div>\n<\/div>\n<\/div>\n\n\n\n<div style=\"height:60px\" aria-hidden=\"true\" class=\"wp-block-spacer\"><\/div>\n\n\n\n<h3>Autres offres<\/h3>\n\n\n\n<div id=\"sct-kacheln-block_d76f26b4a8843267cd6dfc6c6516ace8\" class=\"sct_kacheln_wrapper\" >\n   \n\t<div class=\"acf-innerblocks-container\">\n\n<a class=\"kachel_link\" href=\" https:\/\/www.swisscleantech.ch\/fr\/services\/swiss-triple-impact-programm\/\"> <div id=\"sct-kachel-block_31dacbc497bc4751646b56ce498b7cd1\" class=\"sct_kachel span_1 grad_orange1\"  >\n   \n\t<div class=\"kachel_inner\">\n\t\t<h1>Strat\u00e9gie de durabilit\u00e9<\/h1>\n\t\t<img decoding=\"async\" class=\"kachel_icon quad2\" src=\"https:\/\/www.swisscleantech.ch\/files\/Swiss-Triple-Impact-Logo-klein.png\" \/> \t\t<span>Programme Swiss Triple Impact avec une remise de 10% pour les adh\u00e9rents de swisscleantech <\/span>\n\t<\/div>\n\t\n\t\n\t\n<\/div>\n\t<\/a> \n\n\n<a class=\"kachel_link\" href=\" https:\/\/www.swisscleantech.ch\/fr\/services\/programmes-pour-les-mesures-de-protection-du-climat-dans-les-entreprises\/\"> <div id=\"sct-kachel-block_e78140017b7b775f99c580518e2eff8b\" class=\"sct_kachel span_1 kachel_bild\" style=\"background-image: url(https:\/\/www.swisscleantech.ch\/files\/Klimabilanzen-und-Klimaziele.jpg);\"  >\n   \n\t<div class=\"kachel_inner\">\n\t\t<h1>Bilan climatique et objectifs climatiques<\/h1>\n\t\t\t\t<span>Programmes pour les mesures de protection du climat dans les entreprises <\/span>\n\t<\/div>\n\t\n\t\n\t\n<\/div>\n\t<\/a> \n\n\n<a class=\"kachel_link\" href=\" https:\/\/www.swisscleantech.ch\/fr\/services\/\"> <div id=\"sct-kachel-block_11f4af8e5f8ac2c63e22972553ec13ca\" class=\"sct_kachel span_1 grad_blau1\"  >\n   \n\t<div class=\"kachel_inner\">\n\t\t<h1>Nos services<\/h1>\n\t\t<img decoding=\"async\" class=\"kachel_icon quad2\" src=\"https:\/\/www.swisscleantech.ch\/files\/Marktplatz.svg\" \/> \t\t<span> Aper\u00e7u g\u00e9n\u00e9ral <\/span>\n\t<\/div>\n\t\n\t\n\t\n<\/div>\n\t<\/a> \n<\/div>\n\t\n\t\n<\/div>\n","protected":false},"excerpt":{"rendered":"<p>Pour les adh\u00e9rents, swisscleantech prend en charge les co\u00fbts de licence* pour la premi\u00e8re ann\u00e9e. La mesurabilit\u00e9 et la comparabilit\u00e9 des mesures prises par les entreprises pour la protection du climat sont de plus en plus importantes. \u00c0 partir de 2024, \u00ab&nbsp;l\u2019obligation de rendre compte des questions non financi\u00e8res&nbsp;\u00bb (ordonnance en PDF) qui s\u2019imposera aux&#8230;  <a class=\"excerpt-read-more\" href=\"https:\/\/www.swisscleantech.ch\/fr\/services\/notation-de-durabilite-pour-les-pme\/\" title=\"LireNotation de durabilit\u00e9 pour les PME\">Lire la suite &raquo;<\/a><\/p>\n","protected":false},"author":14,"featured_media":0,"parent":14725,"menu_order":0,"comment_status":"closed","ping_status":"closed","template":"","meta":{"inline_featured_image":false},"acf":[],"_links":{"self":[{"href":"https:\/\/www.swisscleantech.ch\/fr\/wp-json\/wp\/v2\/pages\/28654"}],"collection":[{"href":"https:\/\/www.swisscleantech.ch\/fr\/wp-json\/wp\/v2\/pages"}],"about":[{"href":"https:\/\/www.swisscleantech.ch\/fr\/wp-json\/wp\/v2\/types\/page"}],"author":[{"embeddable":true,"href":"https:\/\/www.swisscleantech.ch\/fr\/wp-json\/wp\/v2\/users\/14"}],"replies":[{"embeddable":true,"href":"https:\/\/www.swisscleantech.ch\/fr\/wp-json\/wp\/v2\/comments?post=28654"}],"version-history":[{"count":13,"href":"https:\/\/www.swisscleantech.ch\/fr\/wp-json\/wp\/v2\/pages\/28654\/revisions"}],"predecessor-version":[{"id":30585,"href":"https:\/\/www.swisscleantech.ch\/fr\/wp-json\/wp\/v2\/pages\/28654\/revisions\/30585"}],"up":[{"embeddable":true,"href":"https:\/\/www.swisscleantech.ch\/fr\/wp-json\/wp\/v2\/pages\/14725"}],"wp:attachment":[{"href":"https:\/\/www.swisscleantech.ch\/fr\/wp-json\/wp\/v2\/media?parent=28654"}],"curies":[{"name":"wp","href":"https:\/\/api.w.org\/{rel}","templated":true}]}}