{"id":30746,"date":"2024-05-06T15:49:30","date_gmt":"2024-05-06T15:49:30","guid":{"rendered":"https:\/\/www.swisscleantech.ch\/?page_id=30746"},"modified":"2024-05-08T10:04:45","modified_gmt":"2024-05-08T10:04:45","slug":"wahl-breakout-session-dialog-2024","status":"publish","type":"page","link":"https:\/\/www.swisscleantech.ch\/fr\/anmeldung-abmeldung-formulare\/wahl-breakout-session-dialog-2024\/","title":{"rendered":"Wahl Breakout Session Dialog 2024"},"content":{"rendered":"<style>.wForm form{text-align: left;}<\/style><!-- FORM: HEAD SECTION -->\n    <meta http-equiv=\"Content-Type\" content=\"text\/html; charset=utf-8\" \/>\n    <meta name=\"referrer\" content=\"no-referrer-when-downgrade\">\n    <!-- THIS SCRIPT NEEDS TO BE LOADED FIRST BEFORE wforms.js -->\n    <script type=\"text\/javascript\" data-for=\"FA__DOMContentLoadedEventDispatch\" src=\"https:\/\/www.tfaforms.com\/js\/FA__DOMContentLoadedEventDispatcher.js\" defer><\/script>\n        <script type=\"text\/javascript\">\n        document.addEventListener(\"FA__DOMContentLoaded\", function(){\n            const FORM_TIME_START = Math.floor((new Date).getTime()\/1000);\n            let formElement = document.getElementById(\"tfa_0\");\n            if (null === formElement) {\n                formElement = document.getElementById(\"0\");\n            }\n            let appendJsTimerElement = function(){\n                let formTimeDiff = Math.floor((new Date).getTime()\/1000) - FORM_TIME_START;\n                let cumulatedTimeElement = document.getElementById(\"tfa_dbCumulatedTime\");\n                if (null !== cumulatedTimeElement) {\n                    let cumulatedTime = parseInt(cumulatedTimeElement.value);\n                    if (null !== cumulatedTime && cumulatedTime > 0) {\n                        formTimeDiff += cumulatedTime;\n                    }\n                }\n                let jsTimeInput = document.createElement(\"input\");\n                jsTimeInput.setAttribute(\"type\", \"hidden\");\n                jsTimeInput.setAttribute(\"value\", formTimeDiff.toString());\n                jsTimeInput.setAttribute(\"name\", \"tfa_dbElapsedJsTime\");\n                jsTimeInput.setAttribute(\"id\", \"tfa_dbElapsedJsTime\");\n                jsTimeInput.setAttribute(\"autocomplete\", \"off\");\n                if (null !== formElement) {\n                    formElement.appendChild(jsTimeInput);\n                }\n            };\n            if (null !== formElement) {\n                if(formElement.addEventListener){\n                    formElement.addEventListener('submit', appendJsTimerElement, false);\n                } else if(formElement.attachEvent){\n                    formElement.attachEvent('onsubmit', appendJsTimerElement);\n                }\n            }\n        });\n    <\/script>\n\n    <link href=\"https:\/\/www.tfaforms.com\/dist\/form-builder\/5.0.0\/wforms-layout.css?v=1777483763\" rel=\"stylesheet\" type=\"text\/css\" \/>\n\n    <link href=\"https:\/\/www.tfaforms.com\/uploads\/themes\/theme-98242.css\" rel=\"stylesheet\" type=\"text\/css\" \/>\n    <link href=\"https:\/\/www.tfaforms.com\/dist\/form-builder\/5.0.0\/wforms-jsonly.css?v=1777483763\" rel=\"alternate stylesheet\" title=\"This stylesheet activated by javascript\" type=\"text\/css\" \/>\n    <script type=\"text\/javascript\" src=\"https:\/\/www.tfaforms.com\/wForms\/3.11\/js\/wforms.js?v=1777483763\"><\/script>\n    <script type=\"text\/javascript\">\n        if(wFORMS.behaviors.prefill) wFORMS.behaviors.prefill.skip = true;\n    <\/script>\n    <script type=\"text\/javascript\" src=\"https:\/\/www.tfaforms.com\/wForms\/3.11\/js\/localization-de.js?v=1777483763\"><\/script>\n\n<!-- FORM: BODY SECTION -->\n<div class=\"wFormContainer\" >\n    <div class=\"wFormHeader\"><\/div>\n    <style type=\"text\/css\">\n                #tfa_8,\n                *[id^=\"tfa_8[\"] {\n                    width: 660px !important;\n                }\n                #tfa_8-D,\n                *[id^=\"tfa_8[\"][class~=\"field-container-D\"] {\n                    width: auto !important;\n                }\n            \n                #tfa_12,\n                *[id^=\"tfa_12[\"] {\n                    width: 660px !important;\n                }\n                #tfa_12-D,\n                *[id^=\"tfa_12[\"][class~=\"field-container-D\"] {\n                    width: auto !important;\n                }\n            <\/style><div class=\"\"><div class=\"wForm\" id=\"5126334-WRPR\" data-language=\"de\" dir=\"ltr\">\n<div class=\"codesection\" id=\"code-5126334\"><\/div>\n<h3 class=\"wFormTitle\" data-testid=\"form-title\" id=\"5126334-T\">W\u00e4hle deine Breakout Session f\u00fcr den swisscleantech Dialog 2024.<\/h3>\n<form method=\"post\" action=\"https:\/\/www.tfaforms.com\/api_v2\/rest\/workflow\/processor\" class=\"hintsBelow labelsAbove\" id=\"5126334\">\n<div class=\"htmlSection\" id=\"tfa_39\"><div class=\"htmlContent\" id=\"tfa_39-HTML\">Die Breakout Sessions im Detail findest du im <a target=\"_blank\" href=\"https:\/\/www.swisscleantech.ch\/agendaeintrag\/swisscleantech-dialog-2024\/\">Programm<\/a>. Wir werden deine Interessen bestm\u00f6glich ber\u00fccksichtigen, k\u00f6nnen diese aber nicht in jedem Fall garantieren.<\/div><\/div>\n<fieldset id=\"tfa_7\" class=\"section\">\n<legend id=\"tfa_7-L\">Breakout Session<\/legend>\n<div class=\"oneField field-container-D    \" id=\"tfa_8-D\">\n<label id=\"tfa_8-L\" class=\"label preField reqMark\" for=\"tfa_8\"><span style=\"--TypographyColor: #585163;\" class=\"Typography_root__487rx #585163 Typography_body-md-bold__487rx Typography_align-match-parent__487rx\">Bevorzugte Breakout Session (Erste Wahl)<\/span><\/label><br><div class=\"inputWrapper\"><select aria-required=\"true\" id=\"tfa_8\" name=\"tfa_8\" title=\"Bevorzugte Breakout Session (Erste Wahl)\" class=\"required\"><option value=\"\">Bitte ausw\u00e4hlen:<\/option>\n<option value=\"tfa_19\" id=\"tfa_19\" class=\"\">Data driven sustainability \u2013 wie komme ich zu einem datengest\u00fctzten Carbon Management?<\/option>\n<option value=\"tfa_20\" id=\"tfa_20\" class=\"\">Klimarisikoanalyse als Teil der Unternehmensstrategie<\/option>\n<option value=\"tfa_21\" id=\"tfa_21\" class=\"\">Erfolgreiche Zusammenarbeit in der Supply Chain<\/option>\n<option value=\"tfa_22\" id=\"tfa_22\" class=\"\">Wie die Kreislaufwirtschaft zur neuen Normalit\u00e4t wird<\/option>\n<option value=\"tfa_23\" id=\"tfa_23\" class=\"\">Wie Produkte zum Netto-Null-Ziel f\u00fchren<\/option>\n<option value=\"tfa_24\" id=\"tfa_24\" class=\"\">Mit Eigenstromverbrauch zur Energiewende<\/option>\n<option value=\"tfa_25\" id=\"tfa_25\" class=\"\">CO2-Entfernung: Heute in die Zukunft investieren<\/option>\n<option value=\"tfa_26\" id=\"tfa_26\" class=\"\">Die Natur im Fokus: Wie Unternehmen zur Biodiversit\u00e4t beitragen<\/option>\n<option value=\"tfa_27\" id=\"tfa_27\" class=\"\">Klimawandel und k\u00fcnstliche Intelligenz: Chancen und Herausforderungen<\/option><\/select><\/div>\n<\/div>\n<div class=\"oneField field-container-D    \" id=\"tfa_12-D\">\n<label id=\"tfa_12-L\" class=\"label preField reqMark\" for=\"tfa_12\"><span style=\"--TypographyColor: #585163;\" class=\"Typography_root__487rx #585163 Typography_body-md-bold__487rx Typography_align-match-parent__487rx\">Bevorzugte Breakout Session (Zweite Wahl)<\/span><\/label><br><div class=\"inputWrapper\"><select aria-required=\"true\" id=\"tfa_12\" name=\"tfa_12\" title=\"Bevorzugte Breakout Session (Zweite Wahl)\" class=\"required\"><option value=\"\">Bitte ausw\u00e4hlen:<\/option>\n<option value=\"tfa_28\" id=\"tfa_28\" class=\"\">Data driven sustainability \u2013 wie komme ich zu einem datengest\u00fctzten Carbon Management?<\/option>\n<option value=\"tfa_29\" id=\"tfa_29\" class=\"\">Klimarisikoanalyse als Teil der Unternehmensstrategie<\/option>\n<option value=\"tfa_30\" id=\"tfa_30\" class=\"\">Erfolgreiche Zusammenarbeit in der Supply Chain<\/option>\n<option value=\"tfa_31\" id=\"tfa_31\" class=\"\">Wie die Kreislaufwirtschaft zur neuen Normalit\u00e4t wird<\/option>\n<option value=\"tfa_32\" id=\"tfa_32\" class=\"\">Wie Produkte zum Netto-Null-Ziel f\u00fchren<\/option>\n<option value=\"tfa_33\" id=\"tfa_33\" class=\"\">Mit Eigenstromverbrauch zur Energiewende<\/option>\n<option value=\"tfa_34\" id=\"tfa_34\" class=\"\">CO2-Entfernung: Heute in die Zukunft investieren<\/option>\n<option value=\"tfa_35\" id=\"tfa_35\" class=\"\">Die Natur im Fokus: Wie Unternehmen zur Biodiversit\u00e4t beitragen<\/option>\n<option value=\"tfa_36\" id=\"tfa_36\" class=\"\">Klimawandel und k\u00fcnstliche Intelligenz: Chancen und Herausforderungen<\/option><\/select><\/div>\n<\/div>\n<\/fieldset>\n<fieldset id=\"tfa_1\" class=\"section\">\n<legend id=\"tfa_1-L\">Kontaktangaben<\/legend>\n<div id=\"tfa_4\" class=\"section inline group\">\n<div class=\"oneField field-container-D    \" id=\"tfa_2-D\">\n<label id=\"tfa_2-L\" class=\"label preField reqMark\" for=\"tfa_2\">Vorname<\/label><br><div class=\"inputWrapper\"><input aria-required=\"true\" type=\"text\" id=\"tfa_2\" name=\"tfa_2\" value=\"\" title=\"Vorname\" class=\"required\"><\/div>\n<\/div>\n<div class=\"oneField field-container-D    \" id=\"tfa_3-D\">\n<label id=\"tfa_3-L\" class=\"label preField reqMark\" for=\"tfa_3\">Nachname<\/label><br><div class=\"inputWrapper\"><input aria-required=\"true\" type=\"text\" id=\"tfa_3\" name=\"tfa_3\" value=\"\" title=\"Nachname\" class=\"required\"><\/div>\n<\/div>\n<\/div>\n<div id=\"tfa_38\" class=\"section inline group\">\n<div class=\"oneField field-container-D    \" id=\"tfa_37-D\">\n<label id=\"tfa_37-L\" class=\"label preField reqMark\" for=\"tfa_37\">Dein Unternehmen<\/label><br><div class=\"inputWrapper\"><input aria-required=\"true\" type=\"text\" id=\"tfa_37\" name=\"tfa_37\" value=\"\" title=\"Dein Unternehmen\" class=\"required\"><\/div>\n<\/div>\n<div class=\"oneField field-container-D    \" id=\"tfa_5-D\">\n<label id=\"tfa_5-L\" class=\"label preField reqMark\" for=\"tfa_5\">Deine E-Mail-Adresse<\/label><br><div class=\"inputWrapper\"><input aria-required=\"true\" type=\"text\" id=\"tfa_5\" name=\"tfa_5\" value=\"\" title=\"Deine E-Mail-Adresse\" class=\"validate-email required\"><\/div>\n<\/div>\n<\/div>\n<\/fieldset>\n<div class=\"actions\" id=\"5126334-A\" data-contentid=\"submit_button\"><input type=\"submit\" data-label=\"Senden\" class=\"primaryAction\" id=\"submit_button\" value=\"Senden\"><\/div>\n<div style=\"clear:both\"><\/div>\n<input type=\"hidden\" value=\"683-57f3b55f42e1d7b16c2470a0f42e5063\" name=\"tfa_dbCounters\" id=\"tfa_dbCounters\" autocomplete=\"off\"><input type=\"hidden\" value=\"5126334\" name=\"tfa_dbFormId\" id=\"tfa_dbFormId\"><input type=\"hidden\" value=\"\" name=\"tfa_dbResponseId\" id=\"tfa_dbResponseId\"><input type=\"hidden\" value=\"df00aa4f9fbef72913d8e9bf28960aa8\" name=\"tfa_dbControl\" id=\"tfa_dbControl\"><input type=\"hidden\" value=\"\" name=\"tfa_dbWorkflowSessionUuid\" id=\"tfa_dbWorkflowSessionUuid\"><input type=\"hidden\" value=\"1777483763\" name=\"tfa_dbTimeStarted\" id=\"tfa_dbTimeStarted\" autocomplete=\"off\"><input type=\"hidden\" value=\"https:\/\/app.formassembly.com\/rest\/forms\/view\/5126334\" name=\"tfa_referrer\" id=\"tfa_referrer\"><input type=\"hidden\" value=\"12\" name=\"tfa_dbVersionId\" id=\"tfa_dbVersionId\"><input type=\"hidden\" value=\"\" name=\"tfa_switchedoff\" id=\"tfa_switchedoff\">\n<\/form>\n<\/div><\/div><div class=\"wFormFooter\"><p class=\"supportInfo\"><br><\/p><\/div>\n  <p class=\"supportInfo\" >\n      <\/p>\n <\/div>\n\n","protected":false},"excerpt":{"rendered":"","protected":false},"author":15,"featured_media":0,"parent":20573,"menu_order":0,"comment_status":"closed","ping_status":"closed","template":"","meta":{"inline_featured_image":false},"acf":[],"_links":{"self":[{"href":"https:\/\/www.swisscleantech.ch\/fr\/wp-json\/wp\/v2\/pages\/30746"}],"collection":[{"href":"https:\/\/www.swisscleantech.ch\/fr\/wp-json\/wp\/v2\/pages"}],"about":[{"href":"https:\/\/www.swisscleantech.ch\/fr\/wp-json\/wp\/v2\/types\/page"}],"author":[{"embeddable":true,"href":"https:\/\/www.swisscleantech.ch\/fr\/wp-json\/wp\/v2\/users\/15"}],"replies":[{"embeddable":true,"href":"https:\/\/www.swisscleantech.ch\/fr\/wp-json\/wp\/v2\/comments?post=30746"}],"version-history":[{"count":4,"href":"https:\/\/www.swisscleantech.ch\/fr\/wp-json\/wp\/v2\/pages\/30746\/revisions"}],"predecessor-version":[{"id":30750,"href":"https:\/\/www.swisscleantech.ch\/fr\/wp-json\/wp\/v2\/pages\/30746\/revisions\/30750"}],"up":[{"embeddable":true,"href":"https:\/\/www.swisscleantech.ch\/fr\/wp-json\/wp\/v2\/pages\/20573"}],"wp:attachment":[{"href":"https:\/\/www.swisscleantech.ch\/fr\/wp-json\/wp\/v2\/media?parent=30746"}],"curies":[{"name":"wp","href":"https:\/\/api.w.org\/{rel}","templated":true}]}}