{"id":32260,"date":"2024-11-05T07:52:54","date_gmt":"2024-11-05T07:52:54","guid":{"rendered":"https:\/\/www.swisscleantech.ch\/?page_id=32260"},"modified":"2025-06-03T13:36:30","modified_gmt":"2025-06-03T13:36:30","slug":"ia-et-protection-du-climat","status":"publish","type":"page","link":"https:\/\/www.swisscleantech.ch\/fr\/themes\/ia-et-protection-du-climat\/","title":{"rendered":"IA et protection du climat"},"content":{"rendered":"\n<h2>L\u2019IA, un catalyseur pour la protection du climat<\/h2>\n\n\n\n<p>L\u2019intelligence artificielle (IA) est un outil puissant pour aider les entreprises \u00e0 atteindre leurs objectifs climatiques et accro\u00eetre en m\u00eame temps leur efficacit\u00e9 op\u00e9rationnelle. Elle peut \u00eatre utilis\u00e9e \u00e0 la fois pour r\u00e9duire les \u00e9missions et pour renforcer la r\u00e9silience face au changement climatique.<\/p>\n\n\n\n<p>L\u2019IA prend donc de plus en plus d\u2019importance dans les d\u00e9cisions li\u00e9es au climat et pour l\u2019am\u00e9lioration des mesures de protection contre le changement climatique. Des m\u00e9thodes telles que l\u2019optimisation, les pr\u00e9visions et la simulation permettent aux entreprises d\u2019\u00e9valuer leur strat\u00e9gie climatique et de s\u00e9lectionner les meilleures mesures pour atteindre leurs objectifs climatiques.<\/p>\n\n\n\n<div class=\"is-layout-flex wp-container-3 wp-block-columns\">\n<div class=\"is-layout-flow wp-block-column has-background\" style=\"background-color:#e3ebf1\">\n<h3 class=\"abstand_klein has-background\" style=\"background-color:#e3ebf1\">Effets positifs de l\u2019intelligence artificielle sur le climat<\/h3>\n\n\n\n<ul>\n<li>En Suisse, la situation est prometteuse&nbsp;: l\u2019IA permet de b\u00e9n\u00e9ficier d\u2019avantages \u00e9cologiques et financiers et peut contribuer significativement \u00e0 la r\u00e9alisation de l\u2019objectif z\u00e9ro net d\u2019ici 2050.<\/li>\n<\/ul>\n\n\n\n<ul>\n<li>Les effets positifs potentiels de l\u2019IA sur le climat peuvent \u00eatre sup\u00e9rieurs \u00e0 l\u2019impact n\u00e9gatif li\u00e9 \u00e0 la hausse de la consommation d\u2019\u00e9lectricit\u00e9.<\/li>\n<\/ul>\n<\/div>\n\n\n\n<div class=\"is-layout-flow wp-block-column has-background\" style=\"background-color:#e3ebf1\">\n<h3 class=\"abstand_klein has-background\" style=\"background-color:#e3ebf1\">Int\u00e9gration du climat dans les strat\u00e9gies d\u2019IA<\/h3>\n\n\n\n<ul>\n<li>Pour l\u2019impl\u00e9mentation des questions climatiques dans les strat\u00e9gies d\u2019IA, le moment et le niveau d\u2019int\u00e9gration des strat\u00e9gies d\u2019IA sont d\u00e9terminants.<\/li>\n<\/ul>\n\n\n\n<ul>\n<li>Une approche \u00e0 plusieurs niveaux pour l\u2019int\u00e9gration des objectifs climatiques dans la strat\u00e9gie d\u2019IA, qui prend en consid\u00e9ration les diff\u00e9rents besoins de l\u2019organisation et soutient l\u2019impl\u00e9mentation, est recommand\u00e9e.<\/li>\n<\/ul>\n<\/div>\n<\/div>\n\n\n\n<div style=\"height:40px\" aria-hidden=\"true\" class=\"wp-block-spacer\"><\/div>\n\n\n\n<p>swisscleantech a r\u00e9alis\u00e9 en collaboration avec Accenture une \u00e9tude interprofessionnelle sur les meilleures solutions d\u2019IA disponibles sur le march\u00e9 et \u00e9labor\u00e9 des recommandations qui visent \u00e0 une action structur\u00e9e et s\u2019adressent aux responsables durabilit\u00e9 des entreprises suisses&nbsp;:<\/p>\n\n\n\n<div class=\"is-layout-flex wp-container-10 wp-block-columns abstand_gross has-background\" style=\"background-color:#066e9d\">\n<div class=\"is-layout-flow wp-block-column is-vertically-aligned-bottom\" style=\"flex-basis:33.33%\">\n<figure class=\"wp-block-image size-full\"><img decoding=\"async\" loading=\"lazy\" width=\"678\" height=\"963\" src=\"https:\/\/www.swisscleantech.ch\/files\/AI-and-Climate-Protection-Whitepaper.jpg\" alt=\"\" class=\"wp-image-32382\" srcset=\"https:\/\/www.swisscleantech.ch\/files\/AI-and-Climate-Protection-Whitepaper.jpg 678w, https:\/\/www.swisscleantech.ch\/files\/AI-and-Climate-Protection-Whitepaper-211x300.jpg 211w\" sizes=\"(max-width: 678px) 100vw, 678px\" \/><\/figure>\n<\/div>\n\n\n\n<div class=\"is-layout-flow wp-block-column\" style=\"flex-basis:66.66%\">\n<h3 class=\"has-white-color has-text-color\">Livre blanc<\/h3>\n\n\n\n<h2 class=\"has-white-color has-text-color\">IA et protection du climat : des opportunit\u00e9s pour l\u2019\u00e9conomie suisse<\/h2>\n\n\n\n<p class=\"has-white-color has-text-color\"><strong>Guide d\u2019entreprise sur l\u2019utilisation de l\u2019IA pour la r\u00e9duction des \u00e9missions et l\u2019adaptation au changement climatique<\/strong><\/p>\n\n\n\n<div class=\"is-layout-flex wp-block-buttons\">\n<div class=\"wp-block-button\"><a class=\"wp-block-button__link wp-element-button\" href=\"https:\/\/www.swisscleantech.ch\/files\/AI-and-Climate-Protection-Opportunities-for-the-Swiss-Economy-1.pdf\">T\u00e9l\u00e9charger le livre blanc (PDF en anglais)<\/a><\/div>\n<\/div>\n\n\n\n<p><a href=\"https:\/\/www.swisscleantech.ch\/files\/KI-und-Klimaschutz-Chancen-fuer-die-Schweizer-Wirtschaft-1.pdf\"><font color=\"#ffffff\">PDF en allemand<\/font><\/a><\/p>\n\n\n\n<div style=\"height:20px\" aria-hidden=\"true\" class=\"wp-block-spacer\"><\/div>\n\n\n\n<div class=\"is-layout-flex wp-container-8 wp-block-columns abstand_klein has-white-background-color has-background\">\n<div class=\"is-layout-flow wp-block-column is-vertically-aligned-center\">\n<p>Livre blanc de swisscleantech et Accenture<\/p>\n<\/div>\n\n\n\n<div class=\"is-layout-flow wp-block-column\">\n<figure class=\"wp-block-image size-full\"><img decoding=\"async\" loading=\"lazy\" width=\"617\" height=\"350\" src=\"https:\/\/www.swisscleantech.ch\/files\/Logo-accenture.jpg\" alt=\"\" class=\"wp-image-30538\" srcset=\"https:\/\/www.swisscleantech.ch\/files\/Logo-accenture.jpg 617w, https:\/\/www.swisscleantech.ch\/files\/Logo-accenture-300x170.jpg 300w\" sizes=\"(max-width: 617px) 100vw, 617px\" \/><\/figure>\n<\/div>\n<\/div>\n<\/div>\n<\/div>\n\n\n\n<div style=\"height:80px\" aria-hidden=\"true\" class=\"wp-block-spacer\"><\/div>\n\n\n\n<div id=\"sct-kacheln-block_0606f7d4c781bd1333d2a1a46463add1\" class=\"sct_kacheln_wrapper\" >\n   \n\t<div class=\"acf-innerblocks-container\">\n\n<a class=\"kachel_link\" href=\" https:\/\/www.swisscleantech.ch\/fr\/aktuell\/news-swisscleantech\/\"> <div id=\"sct-kachel-block_d268b1a684ba0eccc99dfac956f276ec\" class=\"sct_kachel span_1 grad_blau1\"  >\n   \n\t<div class=\"kachel_inner\">\n\t\t<h1>Toutes les news<\/h1>\n\t\t\t\t<span>sur l\u2019\u00e9conomie climat compatible <\/span>\n\t<\/div>\n\t\n\t\n\t\n<\/div>\n\t<\/a> \n\n\n<a class=\"kachel_link\" href=\" https:\/\/www.swisscleantech.ch\/fr\/newsletter\/\"> <div id=\"sct-kachel-block_32df256f827d625bad0d7855c5ead2ee\" class=\"sct_kachel span_1 grad_gruen3\"  >\n   \n\t<div class=\"kachel_inner\">\n\t\t<h1>Newsletter<\/h1>\n\t\t<img decoding=\"async\" class=\"kachel_icon quad3\" src=\"https:\/\/www.swisscleantech.ch\/files\/Newsletter.svg\" \/> \t\t<span>Rester inform\u00e9 sur l\u2019\u00e9nergie et le climat. <\/span>\n\t<\/div>\n\t\n\t\n\t\n<\/div>\n\t<\/a> \n\n\n<a class=\"kachel_link\" href=\" https:\/\/www.swisscleantech.ch\/fr\/adhesion\/\"> <div id=\"sct-kachel-block_71f36b8b7b6a5f57a1bc530fa23c7a2d\" class=\"sct_kachel span_1 grad_orange4\"  >\n   \n\t<div class=\"kachel_inner\">\n\t\t<h1>Participer &shy;maintenant<\/h1>\n\t\t\t\t<span>Adh\u00e9sion<\/span>\n\t<\/div>\n\t\n\t\n\t\n<\/div>\n\t<\/a> \n<\/div>\n\t\n\t\n<\/div>\n","protected":false},"excerpt":{"rendered":"<p>L\u2019IA, un catalyseur pour la protection du climat L\u2019intelligence artificielle (IA) est un outil puissant pour aider les entreprises \u00e0 atteindre leurs objectifs climatiques et accro\u00eetre en m\u00eame temps leur efficacit\u00e9 op\u00e9rationnelle. Elle peut \u00eatre utilis\u00e9e \u00e0 la fois pour r\u00e9duire les \u00e9missions et pour renforcer la r\u00e9silience face au changement climatique. L\u2019IA prend donc&#8230;  <a class=\"excerpt-read-more\" href=\"https:\/\/www.swisscleantech.ch\/fr\/themes\/ia-et-protection-du-climat\/\" title=\"LireIA et protection du climat\">Lire la suite &raquo;<\/a><\/p>\n","protected":false},"author":15,"featured_media":32115,"parent":35459,"menu_order":0,"comment_status":"closed","ping_status":"closed","template":"page-superhero.php","meta":{"inline_featured_image":false},"acf":[],"_links":{"self":[{"href":"https:\/\/www.swisscleantech.ch\/fr\/wp-json\/wp\/v2\/pages\/32260"}],"collection":[{"href":"https:\/\/www.swisscleantech.ch\/fr\/wp-json\/wp\/v2\/pages"}],"about":[{"href":"https:\/\/www.swisscleantech.ch\/fr\/wp-json\/wp\/v2\/types\/page"}],"author":[{"embeddable":true,"href":"https:\/\/www.swisscleantech.ch\/fr\/wp-json\/wp\/v2\/users\/15"}],"replies":[{"embeddable":true,"href":"https:\/\/www.swisscleantech.ch\/fr\/wp-json\/wp\/v2\/comments?post=32260"}],"version-history":[{"count":20,"href":"https:\/\/www.swisscleantech.ch\/fr\/wp-json\/wp\/v2\/pages\/32260\/revisions"}],"predecessor-version":[{"id":32451,"href":"https:\/\/www.swisscleantech.ch\/fr\/wp-json\/wp\/v2\/pages\/32260\/revisions\/32451"}],"up":[{"embeddable":true,"href":"https:\/\/www.swisscleantech.ch\/fr\/wp-json\/wp\/v2\/pages\/35459"}],"wp:featuredmedia":[{"embeddable":true,"href":"https:\/\/www.swisscleantech.ch\/fr\/wp-json\/wp\/v2\/media\/32115"}],"wp:attachment":[{"href":"https:\/\/www.swisscleantech.ch\/fr\/wp-json\/wp\/v2\/media?parent=32260"}],"curies":[{"name":"wp","href":"https:\/\/api.w.org\/{rel}","templated":true}]}}