{"id":35452,"date":"2025-05-12T14:12:47","date_gmt":"2025-05-12T14:12:47","guid":{"rendered":"https:\/\/www.swisscleantech.ch\/?page_id=35452"},"modified":"2025-06-03T13:35:38","modified_gmt":"2025-06-03T13:35:38","slug":"biodiversite-en-suisse","status":"publish","type":"page","link":"https:\/\/www.swisscleantech.ch\/fr\/themes\/biodiversite-en-suisse\/","title":{"rendered":"Biodiversit\u00e9 en Suisse"},"content":{"rendered":"\n<p><strong>La science montre que des \u00e9cosyst\u00e8mes diversifi\u00e9s, comprenant un grand nombre d\u2019esp\u00e8ces, r\u00e9sistent mieux aux crises. Il importe donc de prot\u00e9ger la biodiversit\u00e9. Le potentiel d\u2019optimisation est important, y compris en Suisse. Il faut donc trouver un \u00e9quilibre sain entre la protection de la biodiversit\u00e9 et l\u2019utilisation des espaces libres. Une v\u00e9ritable biodiversit\u00e9 est d\u00e9terminante pour la cr\u00e9ation de valeur, notamment pour l\u2019industrie alimentaire ou l\u2019industrie de la sant\u00e9..<\/strong><\/p>\n\n\n\n<div class=\"is-layout-flex wp-container-2 wp-block-columns\">\n<div class=\"is-layout-flow wp-block-column abstand_gross has-background\" style=\"background-color:#e3ebf1\">\n<h2><strong>Voici la politique de la biodiversit\u00e9 que nous d\u00e9fendons<\/strong><\/h2>\n\n\n\n<ul>\n<li>La promotion de la biodiversit\u00e9 est essentielle pour swisscleantech \u2013 des compromis cr\u00e9atifs sont n\u00e9cessaires dans la protection du paysage et du patrimoine.<\/li>\n\n\n\n<li>Il faut agir avec pr\u00e9caution lorsqu\u2019on porte atteinte \u00e0 la nature lors de la construction d\u2019installations de production d\u2019\u00e9lectricit\u00e9&nbsp;; les dommages caus\u00e9s \u00e0 la biodiversit\u00e9 sont compens\u00e9s de mani\u00e8re ad\u00e9quate et si possible dans le m\u00eame \u00e9cosyst\u00e8me.<\/li>\n\n\n\n<li>Pour une production alimentaire durable, il faut une utilisation plus efficace des engrais et des produits phytosanitaires et suffisamment de surfaces de promotion de la biodiversit\u00e9 de qualit\u00e9.<\/li>\n\n\n\n<li>Les mesures de promotion de la biodiversit\u00e9 sont mises en \u0153uvre sans bureaucratie gr\u00e2ce aux nouvelles technologies, notamment l\u2019utilisation de drones ou l\u2019intelligence artificielle.<\/li>\n\n\n\n<li>Sur les sites des entreprises, dans les parcs, sur les fa\u00e7ades et sur les toits, les mesures de promotion de la biodiversit\u00e9 sont combin\u00e9es de mani\u00e8re optimale avec la production d\u2019\u00e9nergie photovolta\u00efque.<\/li>\n\n\n\n<li>Les entreprises assument leur responsabilit\u00e9 en mati\u00e8re de biodiversit\u00e9 en d\u00e9fendant les Science-Based Targets for Nature.<\/li>\n<\/ul>\n<\/div>\n<\/div>\n\n\n\n<div style=\"height:40px\" aria-hidden=\"true\" class=\"wp-block-spacer\"><\/div>\n\n\n\n<h2><strong>Derni\u00e8res publications sur la biodiversit\u00e9<\/strong><\/h2>\n\n\n\n<div id=\"sct-arikel-preview-block_4fa2e6ee799fecd7ca5be5882fb07ebe\" class=\"more_posts_ct sct_artikel_preview_wrapper\" >\n   \n\t\t\n\t\n\t\t\n\t<div class=\"more_posts\">\n\t\t\t\t\t\t\t\t\t<a class=\"nobrd\" href=\"https:\/\/www.swisscleantech.ch\/fr\/communique-presse\/le-changement-climatique-malgre-le-changement-depoque-dialogue-swisscleantech\/\" rel=\"bookmark\" title=\"Le changement climatique malgr\u00e9 le changement d\u2019\u00e9poque \u2013 Dialogue swisscleantech\">\n\t\t\t\t\t\t\t\t\t\t\t\t\t\t\t\t\t\t\t\t\t\t\t\t\t\t\t\n\t\t\t\t\t\t\t\t\t\n\t\t\t\t\t\t\t\t\t\n\t\t\t\t\t\t\t\t\t<span class=\"cmpi\" style=\"background-image: url(https:\/\/www.swisscleantech.ch\/files\/swisscleantech-Dialog-2025-Medienmitteilung.jpg);\">\n\t\t\t\t\t\t\t\t\t\t\n\t\t\t\t\t\t\t\t\t\t\t\t\t\t\t\t\t\t\t\t\n\t\t\t\t\t\t\t\t\t<\/span>\n\t\t\t\t\t\t\t\t\t\t\t\t\t\t\t\t\t\t\n\t\t\t\t\t\t\t\t\t<div class=\"mp_wrapper\">\n\t\t\t\t\t\t\t\t\t\t<h3>Le changement climatique malgr\u00e9 le changement d\u2019\u00e9poque \u2013 Dialogue swisscleantech<\/h3><\/a>\n\t\t\t\t\t\t\t\t\t\t \t\t\t\t\t\t\t\t\t\t\n\t\t\t\t\t\t\t\t\t<strong><\/strong> Cette ann\u00e9e, le Dialogue swisscleantech a r\u00e9uni environ 500 participantes et participants, ce qui en fait le plus grand \u00e9v\u00e9nement de l\u2019histoire &#8230;\t\t\t\t\t\t\t\t\t\t\t\t\t\t\t\t\t\t<br>\n\t\t\t\t\t\t\t\t\t<span class=\"more_posts_meta\">\n\t\t\t\t\t\t\t\t\t\t\t\t\t\t\t\t\t\t\t\t\t\t\t\t\t\t\t<a href=\"\/beitragstyp\/communique-presse\" class=\"hnul nobrd\">\n\t\t\t\t\t\t\t\t\tCommuniqu\u00e9 de presse\t\t\t\t\t\t\t\t\t<\/a>\n\t\t\t\t\t\t\t\t\t\t\t\t\t\t\t\t\t\t \n\t\t\t\t\t\t\t\t\t  \n\t\t\t\t\t\t\t\t\t    &ndash; 24.06.2025\t\t\t\t\t\t\t\t\t<\/span>\n\t\t\t\t\t\t\t\t\t<\/div>\n\t\t\t\t\t\t\t\t\t\n\n\t\t\t\t\t\t\t\t\n\t\t\t\t\t<\/div>\n\t\n\t\n\t\t\n\t<div class=\"more_posts\">\n\t\t\t\t\t\t\t\t\t<a class=\"nobrd\" href=\"https:\/\/www.swisscleantech.ch\/fr\/article\/bilan-de-la-session-de-printemps-focus-sur-le-renforcement-de-la-securite-de-lapprovisionnement-en-electricite\/\" rel=\"bookmark\" title=\"Bilan de la session de printemps\u00a0: focus sur le renforcement de la s\u00e9curit\u00e9 de l\u2019approvisionnement en \u00e9lectricit\u00e9\">\n\t\t\t\t\t\t\t\t\t\t\t\t\t\t\t\t\t\t\t\t\t\t\t\t\t\t\t\n\t\t\t\t\t\t\t\t\t\n\t\t\t\t\t\t\t\t\t\n\t\t\t\t\t\t\t\t\t<span class=\"cmpi\" style=\"background-image: url(https:\/\/www.swisscleantech.ch\/files\/Ruckblick-Fruhlingssession-2025-1.jpg);\">\n\t\t\t\t\t\t\t\t\t\t\n\t\t\t\t\t\t\t\t\t\t\t\t\t\t\t\t\t\t\t\t\n\t\t\t\t\t\t\t\t\t<\/span>\n\t\t\t\t\t\t\t\t\t\t\t\t\t\t\t\t\t\t\n\t\t\t\t\t\t\t\t\t<div class=\"mp_wrapper\">\n\t\t\t\t\t\t\t\t\t\t<h3>Bilan de la session de printemps\u00a0: focus sur le renforcement de la s\u00e9curit\u00e9 de l\u2019approvisionnement en \u00e9lectricit\u00e9<\/h3><\/a>\n\t\t\t\t\t\t\t\t\t\t \t\t\t\t\t\t\t\t\t\t\n\t\t\t\t\t\t\t\t\t<strong><\/strong> Plusieurs objets essentiels pour un approvisionnement en \u00e9lectricit\u00e9 s\u00fbr et renouvelable ont \u00e9t\u00e9 d\u00e9battus au cours de la session de printemps. &#8230;\t\t\t\t\t\t\t\t\t\t\t\t\t\t\t\t\t\t<br>\n\t\t\t\t\t\t\t\t\t<span class=\"more_posts_meta\">\n\t\t\t\t\t\t\t\t\t\t\t\t\t\t\t\t\t\t\t\t\t\t\t\t\t\t\t<a href=\"\/beitragstyp\/article\" class=\"hnul nobrd\">\n\t\t\t\t\t\t\t\t\tArticle\t\t\t\t\t\t\t\t\t<\/a>\n\t\t\t\t\t\t\t\t\t\t\t\t\t\t\t\t\t\t \n\t\t\t\t\t\t\t\t\t  \n\t\t\t\t\t\t\t\t\t    &ndash; 26.03.2025\t\t\t\t\t\t\t\t\t<\/span>\n\t\t\t\t\t\t\t\t\t<\/div>\n\t\t\t\t\t\t\t\t\t\n\n\t\t\t\t\t\t\t\t\n\t\t\t\t\t<\/div>\n\t\n\t\n\t\t\n\t<div class=\"more_posts\">\n\t\t\t\t\t\t\t\t\t<a class=\"nobrd\" href=\"https:\/\/www.swisscleantech.ch\/fr\/article\/mise-en-oeuvre-hesitante-de-la-loi-sur-lelectricite\/\" rel=\"bookmark\" title=\"Mise en \u0153uvre h\u00e9sitante de la loi sur l\u2019\u00e9lectricit\u00e9\">\n\t\t\t\t\t\t\t\t\t\t\t\t\t\t\t\t\t\t\t\t\t\t\t\t\t\t\t\n\t\t\t\t\t\t\t\t\t\n\t\t\t\t\t\t\t\t\t\n\t\t\t\t\t\t\t\t\t<span class=\"cmpi\" style=\"background-image: url(https:\/\/www.swisscleantech.ch\/files\/Umsetzung-Stromgesetz.jpg);\">\n\t\t\t\t\t\t\t\t\t\t\n\t\t\t\t\t\t\t\t\t\t\t\t\t\t\t\t\t\t\t\t\n\t\t\t\t\t\t\t\t\t<\/span>\n\t\t\t\t\t\t\t\t\t\t\t\t\t\t\t\t\t\t\n\t\t\t\t\t\t\t\t\t<div class=\"mp_wrapper\">\n\t\t\t\t\t\t\t\t\t\t<h3>Mise en \u0153uvre h\u00e9sitante de la loi sur l\u2019\u00e9lectricit\u00e9<\/h3><\/a>\n\t\t\t\t\t\t\t\t\t\t \t\t\t\t\t\t\t\t\t\t\n\t\t\t\t\t\t\t\t\t<strong><\/strong> Le Conseil f\u00e9d\u00e9ral a publi\u00e9 cette semaine un premier volet pour la mise en \u0153uvre de la loi sur l\u2019\u00e9lectricit\u00e9 qui avait \u00e9t\u00e9 accept\u00e9e par &#8230;\t\t\t\t\t\t\t\t\t\t\t\t\t\t\t\t\t\t<br>\n\t\t\t\t\t\t\t\t\t<span class=\"more_posts_meta\">\n\t\t\t\t\t\t\t\t\t\t\t\t\t\t\t\t\t\t\t\t\t\t\t\t\t\t\t<a href=\"\/beitragstyp\/article\" class=\"hnul nobrd\">\n\t\t\t\t\t\t\t\t\tArticle\t\t\t\t\t\t\t\t\t<\/a>\n\t\t\t\t\t\t\t\t\t\t\t\t\t\t\t\t\t\t \n\t\t\t\t\t\t\t\t\t  \n\t\t\t\t\t\t\t\t\t    &ndash; 22.11.2024\t\t\t\t\t\t\t\t\t<\/span>\n\t\t\t\t\t\t\t\t\t<\/div>\n\t\t\t\t\t\t\t\t\t\n\n\t\t\t\t\t\t\t\t\n\t\t\t\t\t<\/div>\n\t\n\t\n\t<div style='clear: both; height: 60px;' class='themenseite_desktopbreak'><\/div>\t\n\t<div class=\"more_posts\">\n\t\t\t\t\t\t\t\t\t<a class=\"nobrd\" href=\"https:\/\/www.swisscleantech.ch\/fr\/article\/bien-renforcer-la-biodiversite-commentaire-de-linitiative-biodiversite\/\" rel=\"bookmark\" title=\"Bien renforcer la biodiversit\u00e9 \u2013 Commentaire de l\u2019initiative biodiversit\u00e9\">\n\t\t\t\t\t\t\t\t\t\t\t\t\t\t\t\t\t\t\t\t\t\t\t\t\t\t\t\n\t\t\t\t\t\t\t\t\t\n\t\t\t\t\t\t\t\t\t\n\t\t\t\t\t\t\t\t\t<span class=\"cmpi\" style=\"background-image: url(https:\/\/www.swisscleantech.ch\/files\/Biodiversitat-richtig-fordern-Einordnung-Biodiversitatsinitiative-1.jpg);\">\n\t\t\t\t\t\t\t\t\t\t\n\t\t\t\t\t\t\t\t\t\t\t\t\t\t\t\t\t\t\t\t\n\t\t\t\t\t\t\t\t\t<\/span>\n\t\t\t\t\t\t\t\t\t\t\t\t\t\t\t\t\t\t\n\t\t\t\t\t\t\t\t\t<div class=\"mp_wrapper\">\n\t\t\t\t\t\t\t\t\t\t<h3>Bien renforcer la biodiversit\u00e9 \u2013 Commentaire de l\u2019initiative biodiversit\u00e9<\/h3><\/a>\n\t\t\t\t\t\t\t\t\t\t \t\t\t\t\t\t\t\t\t\t\n\t\t\t\t\t\t\t\t\t<strong><\/strong> Bien que swisscleantech soit conscient de la n\u00e9cessit\u00e9 d\u2019agir dans le domaine de la biodiversit\u00e9, nous ne soutenons pas l\u2019initiative biodiversit\u00e9. &#8230;\t\t\t\t\t\t\t\t\t\t\t\t\t\t\t\t\t\t<br>\n\t\t\t\t\t\t\t\t\t<span class=\"more_posts_meta\">\n\t\t\t\t\t\t\t\t\t\t\t\t\t\t\t\t\t\t\t\t\t\t\t\t\t\t\t<a href=\"\/beitragstyp\/article\" class=\"hnul nobrd\">\n\t\t\t\t\t\t\t\t\tArticle\t\t\t\t\t\t\t\t\t<\/a>\n\t\t\t\t\t\t\t\t\t\t\t\t\t\t\t\t\t\t \n\t\t\t\t\t\t\t\t\t  \n\t\t\t\t\t\t\t\t\t    &ndash; 12.08.2024\t\t\t\t\t\t\t\t\t<\/span>\n\t\t\t\t\t\t\t\t\t<\/div>\n\t\t\t\t\t\t\t\t\t\n\n\t\t\t\t\t\t\t\t\n\t\t\t\t\t<\/div>\n\t\n\t\n\t\t\n\t<div class=\"more_posts\">\n\t\t\t\t\t\t\t\t\t<a class=\"nobrd\" href=\"https:\/\/www.swisscleantech.ch\/fr\/communique-presse\/dialogue-swisscleantech-2024-cetait-le-rendez-vous-annuel-de-leconomie-climat-compatible\/\" rel=\"bookmark\" title=\"Dialogue swisscleantech 2024 \u2013 c\u2019\u00e9tait le rendez-vous annuel de l\u2019\u00e9conomie climat compatible\">\n\t\t\t\t\t\t\t\t\t\t\t\t\t\t\t\t\t\t\t\t\t\t\t\t\t\t\t\n\t\t\t\t\t\t\t\t\t\n\t\t\t\t\t\t\t\t\t\n\t\t\t\t\t\t\t\t\t<span class=\"cmpi\" style=\"background-image: url(https:\/\/www.swisscleantech.ch\/files\/swisscleantech-Dialog-2024-Bundesrat-Albert-Rosti-1.jpg);\">\n\t\t\t\t\t\t\t\t\t\t\n\t\t\t\t\t\t\t\t\t\t\t\t\t\t\t\t\t\t\t\t\n\t\t\t\t\t\t\t\t\t<\/span>\n\t\t\t\t\t\t\t\t\t\t\t\t\t\t\t\t\t\t\n\t\t\t\t\t\t\t\t\t<div class=\"mp_wrapper\">\n\t\t\t\t\t\t\t\t\t\t<h3>Dialogue swisscleantech 2024 \u2013 c\u2019\u00e9tait le rendez-vous annuel de l\u2019\u00e9conomie climat compatible<\/h3><\/a>\n\t\t\t\t\t\t\t\t\t\t \t\t\t\t\t\t\t\t\t\t\n\t\t\t\t\t\t\t\t\t<strong><\/strong> L\u2019\u00e9conomie climat compatible s\u2019est r\u00e9unie aujourd\u2019hui avec pr\u00e8s de 450 repr\u00e9sentantes et repr\u00e9sentants de toutes les branches \u00e0 l\u2019occasion &#8230;\t\t\t\t\t\t\t\t\t\t\t\t\t\t\t\t\t\t<br>\n\t\t\t\t\t\t\t\t\t<span class=\"more_posts_meta\">\n\t\t\t\t\t\t\t\t\t\t\t\t\t\t\t\t\t\t\t\t\t\t\t\t\t\t\t<a href=\"\/beitragstyp\/communique-presse\" class=\"hnul nobrd\">\n\t\t\t\t\t\t\t\t\tCommuniqu\u00e9 de presse\t\t\t\t\t\t\t\t\t<\/a>\n\t\t\t\t\t\t\t\t\t\t\t\t\t\t\t\t\t\t \n\t\t\t\t\t\t\t\t\t  \n\t\t\t\t\t\t\t\t\t    &ndash; 17.06.2024\t\t\t\t\t\t\t\t\t<\/span>\n\t\t\t\t\t\t\t\t\t<\/div>\n\t\t\t\t\t\t\t\t\t\n\n\t\t\t\t\t\t\t\t\n\t\t\t\t\t<\/div>\n\t\n\t\n\t\t\n\t<div class=\"more_posts\">\n\t\t\t\t\t\t\t\t\t<a class=\"nobrd\" href=\"https:\/\/www.swisscleantech.ch\/fr\/article\/sans-loi-pour-lelectricite-pas-de-zero-net\/\" rel=\"bookmark\" title=\"Sans loi pour l\u2019\u00e9lectricit\u00e9, pas de z\u00e9ro net\">\n\t\t\t\t\t\t\t\t\t\t\t\t\t\t\t\t\t\t\t\t\t\t\t\t\t\t\t\n\t\t\t\t\t\t\t\t\t\n\t\t\t\t\t\t\t\t\t\n\t\t\t\t\t\t\t\t\t<span class=\"cmpi\" style=\"background-image: url(https:\/\/www.swisscleantech.ch\/files\/Ohne-Stromgesetz-kein-Netto-Null.jpg);\">\n\t\t\t\t\t\t\t\t\t\t\n\t\t\t\t\t\t\t\t\t\t\t\t\t\t\t\t\t\t\t\t\n\t\t\t\t\t\t\t\t\t<\/span>\n\t\t\t\t\t\t\t\t\t\t\t\t\t\t\t\t\t\t\n\t\t\t\t\t\t\t\t\t<div class=\"mp_wrapper\">\n\t\t\t\t\t\t\t\t\t\t<h3>Sans loi pour l\u2019\u00e9lectricit\u00e9, pas de z\u00e9ro net<\/h3><\/a>\n\t\t\t\t\t\t\t\t\t\t \t\t\t\t\t\t\t\t\t\t\n\t\t\t\t\t\t\t\t\t<strong><\/strong> En acceptant la loi sur la protection du climat l\u2019\u00e9t\u00e9 dernier, la Suisse a inscrit l\u2019objectif z\u00e9ro net dans la loi. Pour que nous atteignons &#8230;\t\t\t\t\t\t\t\t\t\t\t\t\t\t\t\t\t\t<br>\n\t\t\t\t\t\t\t\t\t<span class=\"more_posts_meta\">\n\t\t\t\t\t\t\t\t\t\t\t\t\t\t\t\t\t\t\t\t\t\t\t\t\t\t\t<a href=\"\/beitragstyp\/article\" class=\"hnul nobrd\">\n\t\t\t\t\t\t\t\t\tArticle\t\t\t\t\t\t\t\t\t<\/a>\n\t\t\t\t\t\t\t\t\t\t\t\t\t\t\t\t\t\t \n\t\t\t\t\t\t\t\t\t  \n\t\t\t\t\t\t\t\t\t    &ndash; 05.06.2024\t\t\t\t\t\t\t\t\t<\/span>\n\t\t\t\t\t\t\t\t\t<\/div>\n\t\t\t\t\t\t\t\t\t\n\n\t\t\t\t\t\t\t\t\n\t\t\t\t\t<\/div>\n\t\n\t\n\t<div style='clear: both; height: 5px;' class='themenseite_desktopbreak'><\/div><ul class='page-numbers'>\n\t<li><span aria-current=\"page\" class=\"page-numbers current\">1<\/span><\/li>\n\t<li><a class=\"page-numbers\" href=\"https:\/\/www.swisscleantech.ch\/fr\/wp-json\/wp\/v2\/pages\/35452\/?paged=2\">2<\/a><\/li>\n\t<li><a class=\"page-numbers\" href=\"https:\/\/www.swisscleantech.ch\/fr\/wp-json\/wp\/v2\/pages\/35452\/?paged=3\">3<\/a><\/li>\n\t<li><span class=\"page-numbers dots\">\u2026<\/span><\/li>\n\t<li><a class=\"page-numbers\" href=\"https:\/\/www.swisscleantech.ch\/fr\/wp-json\/wp\/v2\/pages\/35452\/?paged=7\">7<\/a><\/li>\n\t<li><a class=\"next page-numbers\" href=\"https:\/\/www.swisscleantech.ch\/fr\/wp-json\/wp\/v2\/pages\/35452\/?paged=2\"><\/a><\/li>\n<\/ul>\n\t\n<\/div>\n\n\n\n<div id=\"sct-kacheln-block_b13f0b288a8207146735d94007b95472\" class=\"sct_kacheln_wrapper\" >\n   \n\t<div class=\"acf-innerblocks-container\">\n\n<a class=\"kachel_link\" href=\" http:\/\/www.swisscleantech.ch\/fr\/themes\"> <div id=\"sct-kachel-block_a265ba16b82983c8b646f1dd69752dae\" class=\"sct_kachel span_1 grad_blau1\"  >\n   \n\t<div class=\"kachel_inner\">\n\t\t<h1>Nos th\u00e8mes<\/h1>\n\t\t\t\t<span>Sommaire<\/span>\n\t<\/div>\n\t\n\t\n\t\n<\/div>\n\t<\/a> \n\n\n<a class=\"kachel_link\" href=\" https:\/\/www.swisscleantech.ch\/fr\/newsletter\/\"> <div id=\"sct-kachel-block_ee097d98d56e7c8ac4f44b92d493851f\" class=\"sct_kachel span_1 grad_gruen2\"  >\n   \n\t<div class=\"kachel_inner\">\n\t\t<h1>Newsletter<\/h1>\n\t\t<img decoding=\"async\" class=\"kachel_icon quad3\" src=\"https:\/\/www.swisscleantech.ch\/files\/Newsletter.svg\" \/> \t\t<span>Se tenir au courant de l&#8217;\u00e9nergie et du climat.<\/span>\n\t<\/div>\n\t\n\t\n\t\n<\/div>\n\t<\/a> \n\n\n<a class=\"kachel_link\" href=\" https:\/\/www.swisscleantech.ch\/fr\/adhesion\/\"> <div id=\"sct-kachel-block_db551b7d496765d60c6c66e546863fc1\" class=\"sct_kachel span_1 grad_orange1\"  >\n   \n\t<div class=\"kachel_inner\">\n\t\t<h1>Participer<\/h1>\n\t\t\t\t<span>Devenir adh\u00e9rent<\/span>\n\t<\/div>\n\t\n\t\n\t\n<\/div>\n\t<\/a> \n<\/div>\n\t\n\t\n<\/div>\n","protected":false},"excerpt":{"rendered":"<p>La science montre que des \u00e9cosyst\u00e8mes diversifi\u00e9s, comprenant un grand nombre d\u2019esp\u00e8ces, r\u00e9sistent mieux aux crises. Il importe donc de prot\u00e9ger la biodiversit\u00e9. Le potentiel d\u2019optimisation est important, y compris en Suisse. Il faut donc trouver un \u00e9quilibre sain entre la protection de la biodiversit\u00e9 et l\u2019utilisation des espaces libres. Une v\u00e9ritable biodiversit\u00e9 est d\u00e9terminante&#8230;  <a class=\"excerpt-read-more\" href=\"https:\/\/www.swisscleantech.ch\/fr\/themes\/biodiversite-en-suisse\/\" title=\"LireBiodiversit\u00e9 en Suisse\">Lire la suite &raquo;<\/a><\/p>\n","protected":false},"author":15,"featured_media":35454,"parent":35459,"menu_order":0,"comment_status":"closed","ping_status":"closed","template":"page-superhero.php","meta":{"inline_featured_image":false},"acf":[],"_links":{"self":[{"href":"https:\/\/www.swisscleantech.ch\/fr\/wp-json\/wp\/v2\/pages\/35452"}],"collection":[{"href":"https:\/\/www.swisscleantech.ch\/fr\/wp-json\/wp\/v2\/pages"}],"about":[{"href":"https:\/\/www.swisscleantech.ch\/fr\/wp-json\/wp\/v2\/types\/page"}],"author":[{"embeddable":true,"href":"https:\/\/www.swisscleantech.ch\/fr\/wp-json\/wp\/v2\/users\/15"}],"replies":[{"embeddable":true,"href":"https:\/\/www.swisscleantech.ch\/fr\/wp-json\/wp\/v2\/comments?post=35452"}],"version-history":[{"count":7,"href":"https:\/\/www.swisscleantech.ch\/fr\/wp-json\/wp\/v2\/pages\/35452\/revisions"}],"predecessor-version":[{"id":35461,"href":"https:\/\/www.swisscleantech.ch\/fr\/wp-json\/wp\/v2\/pages\/35452\/revisions\/35461"}],"up":[{"embeddable":true,"href":"https:\/\/www.swisscleantech.ch\/fr\/wp-json\/wp\/v2\/pages\/35459"}],"wp:featuredmedia":[{"embeddable":true,"href":"https:\/\/www.swisscleantech.ch\/fr\/wp-json\/wp\/v2\/media\/35454"}],"wp:attachment":[{"href":"https:\/\/www.swisscleantech.ch\/fr\/wp-json\/wp\/v2\/media?parent=35452"}],"curies":[{"name":"wp","href":"https:\/\/api.w.org\/{rel}","templated":true}]}}