{"id":35459,"date":"2025-05-12T14:45:37","date_gmt":"2025-05-12T14:45:37","guid":{"rendered":"https:\/\/www.swisscleantech.ch\/?page_id=35459"},"modified":"2025-06-05T12:32:33","modified_gmt":"2025-06-05T12:32:33","slug":"themes","status":"publish","type":"page","link":"https:\/\/www.swisscleantech.ch\/fr\/themes\/","title":{"rendered":"Th\u00e8mes"},"content":{"rendered":"\n<h1>Nos th\u00e8mes<\/h1>\n\n\n\n<div id=\"sct-kacheln-block_d604ce57231210470c63b5123f67d1bc\" class=\"sct_kacheln_wrapper\" >\n   \n\t<div class=\"acf-innerblocks-container\">\n\n<a class=\"kachel_link\" href=\" https:\/\/www.swisscleantech.ch\/fr\/themes\/politique-climatique-en-suisse\/\"> <div id=\"sct-kachel-block_fbaa9cf89a4d96be67f8b1e64a754971\" class=\"sct_kachel span_2 kachel_bild\" style=\"background-image: url(https:\/\/www.swisscleantech.ch\/files\/Schweizer-Klimapolitik-1.jpg);\"  >\n   \n\t<div class=\"kachel_inner\">\n\t\t<h1>Politique climatique<\/h1>\n\t\t\t\t<span>Seules des conditions-cadre claires permettront \u00e0 la Suisse et \u00e0 ses entreprises d\u2019atteindre r\u00e9ellement l\u2019objectif z\u00e9ro net. <\/span>\n\t<\/div>\n\t\n\t\n\t\n<\/div>\n\t<\/a> \n\n\n<a class=\"kachel_link\" href=\" https:\/\/www.swisscleantech.ch\/fr\/themes\/economie-circulaire-en-suisse\/\"> <div id=\"sct-kachel-block_1e60a013cef2f95b587cd68443c1bd86\" class=\"sct_kachel span_1 grad_gruen3\"  >\n   \n\t<div class=\"kachel_inner\">\n\t\t<h1>\u00c9conomie circulaire<\/h1>\n\t\t<img decoding=\"async\" class=\"kachel_icon breit\" src=\"https:\/\/www.swisscleantech.ch\/files\/Kreislaufwirtschaft-Icon.svg\" \/> \t\t<span>Des activit\u00e9s \u00e9conomiques \u00e0 faible consommation de ressources et une r\u00e9flexion en termes de cycles pour une consommation plus durable.<\/span>\n\t<\/div>\n\t\n\t\n\t\n<\/div>\n\t<\/a> \n\n\n<a class=\"kachel_link\" href=\" https:\/\/www.swisscleantech.ch\/fr\/themes\/mobilite-en-suisse\/\"> <div id=\"sct-kachel-block_06ae3833a4a4273ca32de9e180a91a8e\" class=\"sct_kachel span_1 kachel_bild\" style=\"background-image: url(https:\/\/www.swisscleantech.ch\/files\/Schweizer-Mobilitat.jpg);\"  >\n   \n\t<div class=\"kachel_inner\">\n\t\t<h1>Mobilit\u00e9<\/h1>\n\t\t\t\t<span>La mobilit\u00e9 en Suisse a besoin de mesures fortes pour que la d\u00e9carbonisation prenne enfin de la vitesse. <\/span>\n\t<\/div>\n\t\n\t\n\t\n<\/div>\n\t<\/a> \n\n\n<a class=\"kachel_link\" href=\" https:\/\/www.swisscleantech.ch\/fr\/themes\/politique-energetique-suisse\/\"> <div id=\"sct-kachel-block_25d049a253f0f9c2ebe48f5aea8e51b8\" class=\"sct_kachel span_2 kachel_bild\" style=\"background-image: url(https:\/\/www.swisscleantech.ch\/files\/Klimapolitik-in-der-Schweiz.jpg);\"  >\n   \n\t<div class=\"kachel_inner\">\n\t\t<h1>Politique \u00e9nerg\u00e9tique<\/h1>\n\t\t\t\t<span>Pour un approvisionnement \u00e9nerg\u00e9tique s\u00fbr et durable<\/span>\n\t<\/div>\n\t\n\t\n\t\n<\/div>\n\t<\/a> \n\n\n<a class=\"kachel_link\" href=\" https:\/\/www.swisscleantech.ch\/fr\/themes\/biodiversite-en-suisse\/\"> <div id=\"sct-kachel-block_b61993da66bd2c8fa16020ccced47d8c\" class=\"sct_kachel span_1 kachel_bild\" style=\"background-image: url(https:\/\/www.swisscleantech.ch\/files\/Schweizer-Biodiversitat.jpg);\"  >\n   \n\t<div class=\"kachel_inner\">\n\t\t<h1>Biodiversit\u00e9<\/h1>\n\t\t\t\t<span>La biodiversit\u00e9 est \u00e0 la fois un facteur \u00e9conomique et une base de vie \u2013 et elle favorise la sant\u00e9 de la soci\u00e9t\u00e9.<\/span>\n\t<\/div>\n\t\n\t\n\t\n<\/div>\n\t<\/a> \n\n\n<a class=\"kachel_link\" href=\" https:\/\/www.swisscleantech.ch\/fr\/themes\/elimination-et-stockage-du-co2\/\"> <div id=\"sct-kachel-block_56f6f8fca81bb25c0c3df56130491771\" class=\"sct_kachel span_1 grad_blau3\"  >\n   \n\t<div class=\"kachel_inner\">\n\t\t<h1>\u00c9limination et stockage du CO<sub>2<\/sub><\/h1>\n\t\t<img decoding=\"async\" class=\"kachel_icon quad3\" src=\"https:\/\/www.swisscleantech.ch\/files\/COZwei-Entfernung-Icon-weiss-1.svg\" \/> \t\t<span>Compenser les \u00e9missions non \u00e9vitables avec des technologies cl\u00e9s. <\/span>\n\t<\/div>\n\t\n\t\n\t\n<\/div>\n\t<\/a> \n\n\n<a class=\"kachel_link\" href=\" https:\/\/www.swisscleantech.ch\/fr\/themes\/ia-et-protection-du-climat\/\"> <div id=\"sct-kachel-block_0b6ebad12903c6b90484f7b81017540d\" class=\"sct_kachel span_1 grad_orange3\"  >\n   \n\t<div class=\"kachel_inner\">\n\t\t<h1>IA &#038; protection du climat<\/h1>\n\t\t\t\t<span>Des opportunit\u00e9s pour l\u2019\u00e9conomie suisse<\/span>\n\t<\/div>\n\t\n\t\n\t\n<\/div>\n\t<\/a> \n<\/div>\n\t\n\t\n<\/div>\n\n\n\n<p>Autres th\u00e8mes<\/p>\n\n\n\n<div class=\"is-layout-flex wp-block-buttons\">\n<div class=\"wp-block-button\"><a class=\"wp-block-button__link wp-element-button\" href=\"https:\/\/www.swisscleantech.ch\/fr\/category\/climat\/batiment\/\">B\u00e2timents durables<\/a><\/div>\n\n\n\n<div class=\"wp-block-button\"><a class=\"wp-block-button__link wp-element-button\" href=\"https:\/\/www.swisscleantech.ch\/fr\/category\/business-models\/\">Mod\u00e8les \u00e9conomiques durables<\/a><\/div>\n\n\n\n<div class=\"wp-block-button\"><a class=\"wp-block-button__link wp-element-button\" href=\"https:\/\/www.swisscleantech.ch\/fr\/category\/ressources\/marche-publics\/\">March\u00e9s publics durables<\/a><\/div>\n<\/div>\n\n\n\n<div style=\"height:80px\" aria-hidden=\"true\" class=\"wp-block-spacer\"><\/div>\n\n\n\n<div id=\"sct-kacheln-block_d604ce57231210470c63b5123f67d1bc\" class=\"sct_kacheln_wrapper\" >\n   \n\t<div class=\"acf-innerblocks-container\">\n\n<a class=\"kachel_link\" href=\" https:\/\/www.swisscleantech.ch\/fr\/aktuell\/news-swisscleantech\/\"> <div id=\"sct-kachel-block_84138fcbb727adebca99bf8b51e3782f\" class=\"sct_kachel span_1 grad_blau3\"  >\n   \n\t<div class=\"kachel_inner\">\n\t\t<h1>Toutes les publications<\/h1>\n\t\t\t\t<span>sur l\u2019\u00e9conomie climat compatible <\/span>\n\t<\/div>\n\t\n\t\n\t\n<\/div>\n\t<\/a> \n\n\n<a class=\"kachel_link\" href=\" https:\/\/www.swisscleantech.ch\/fr\/newsletter\/\"> <div id=\"sct-kachel-block_d7e13160b72ff24803f549a17d51785e\" class=\"sct_kachel span_1 grad_gruen2\"  >\n   \n\t<div class=\"kachel_inner\">\n\t\t<h1>Newsletter<\/h1>\n\t\t<img decoding=\"async\" class=\"kachel_icon quad3\" src=\"https:\/\/www.swisscleantech.ch\/files\/Newsletter.svg\" \/> \t\t<span>Rester inform\u00e9 sur l\u2019\u00e9nergie et le climat. <\/span>\n\t<\/div>\n\t\n\t\n\t\n<\/div>\n\t<\/a> \n\n\n<a class=\"kachel_link\" href=\" https:\/\/www.swisscleantech.ch\/fr\/adhesion\/\"> <div id=\"sct-kachel-block_48dc7b0b0875c4565177e80005fe893f\" class=\"sct_kachel span_1 grad_orange3\"  >\n   \n\t<div class=\"kachel_inner\">\n\t\t<h1>Participer maintenant<\/h1>\n\t\t\t\t<span>Adh\u00e9sion <\/span>\n\t<\/div>\n\t\n\t\n\t\n<\/div>\n\t<\/a> \n<\/div>\n\t\n\t\n<\/div>\n","protected":false},"excerpt":{"rendered":"<p>Nos th\u00e8mes Autres th\u00e8mes<\/p>\n","protected":false},"author":15,"featured_media":0,"parent":0,"menu_order":0,"comment_status":"closed","ping_status":"closed","template":"","meta":{"inline_featured_image":false},"acf":[],"_links":{"self":[{"href":"https:\/\/www.swisscleantech.ch\/fr\/wp-json\/wp\/v2\/pages\/35459"}],"collection":[{"href":"https:\/\/www.swisscleantech.ch\/fr\/wp-json\/wp\/v2\/pages"}],"about":[{"href":"https:\/\/www.swisscleantech.ch\/fr\/wp-json\/wp\/v2\/types\/page"}],"author":[{"embeddable":true,"href":"https:\/\/www.swisscleantech.ch\/fr\/wp-json\/wp\/v2\/users\/15"}],"replies":[{"embeddable":true,"href":"https:\/\/www.swisscleantech.ch\/fr\/wp-json\/wp\/v2\/comments?post=35459"}],"version-history":[{"count":7,"href":"https:\/\/www.swisscleantech.ch\/fr\/wp-json\/wp\/v2\/pages\/35459\/revisions"}],"predecessor-version":[{"id":35559,"href":"https:\/\/www.swisscleantech.ch\/fr\/wp-json\/wp\/v2\/pages\/35459\/revisions\/35559"}],"wp:attachment":[{"href":"https:\/\/www.swisscleantech.ch\/fr\/wp-json\/wp\/v2\/media?parent=35459"}],"curies":[{"name":"wp","href":"https:\/\/api.w.org\/{rel}","templated":true}]}}