{"id":35475,"date":"2025-05-12T11:39:50","date_gmt":"2025-05-12T11:39:50","guid":{"rendered":"https:\/\/www.swisscleantech.ch\/?page_id=35475"},"modified":"2025-06-03T13:35:11","modified_gmt":"2025-06-03T13:35:11","slug":"mobilite-en-suisse","status":"publish","type":"page","link":"https:\/\/www.swisscleantech.ch\/fr\/themes\/mobilite-en-suisse\/","title":{"rendered":"Mobilit\u00e9 en Suisse"},"content":{"rendered":"\n<p><strong>Les transports sont l\u2019un des grands probl\u00e8mes de la politique climatique suisse&nbsp;: en chiffres absolus, les \u00e9missions stagnent \u00e0 un niveau \u00e9lev\u00e9 depuis des ann\u00e9es alors que d\u2019autres secteurs r\u00e9alisent des progr\u00e8s importants \u2013 proportionnellement, il y a m\u00eame une augmentation des \u00e9missions li\u00e9es aux transports.<\/strong><\/p>\n\n\n\n<div class=\"is-layout-flex wp-container-2 wp-block-columns\">\n<div class=\"is-layout-flow wp-block-column abstand_gross has-background\" style=\"background-color:#e3ebf1\">\n<h2>Voici la politique de la mobilit\u00e9 que nous d\u00e9fendons<\/h2>\n\n\n\n<ul>\n<li>Les transports sont enti\u00e8rement sans \u00e9missions au plus tard en 2050.<\/li>\n\n\n\n<li>En supprimant les obstacles r\u00e9glementaires, on acc\u00e9l\u00e8re l\u2019\u00e9lectrification du trafic automobile.<\/li>\n\n\n\n<li>Gr\u00e2ce \u00e0 des incitations appropri\u00e9es, le passage \u00e0 des motorisations alternatives dans le transport de marchandises continue de progresser.<\/li>\n\n\n\n<li>Relier de mani\u00e8re judicieuse diff\u00e9rents modes de transport respectueux du climat r\u00e9duit les \u00e9missions du transport de personnes et de marchandises.<\/li>\n\n\n\n<li>En priorisant certains modes de transport, l\u2019efficacit\u00e9 rapport\u00e9e \u00e0 la surface est davantage prise en compte.<\/li>\n\n\n\n<li>La conduite autonome sert en priorit\u00e9 la protection du climat et le bien public.<\/li>\n<\/ul>\n<\/div>\n<\/div>\n\n\n\n<div style=\"height:80px\" aria-hidden=\"true\" class=\"wp-block-spacer\"><\/div>\n\n\n\n<div id=\"sct-hero-block_dd73d25b32ed0dff9318e9fc53a90850\" class=\"sct_hero_wrapper\">\n   \n\t<div class=\"box_content\">\n\t\t<h1>Groupe de travail Logistique verte<\/h1>\n\t\t<span>Ensemble, faire avancer la d\u00e9carbonisation du transport de marchandises<\/span>\n\t<\/div>\n\n\t<div class=\"box_image\" style=\"background-image: url(https:\/\/www.swisscleantech.ch\/files\/Arbeitsgruppe-Grune-Logistik.jpg);\"><\/div>\n\t\n\t\n\t\n<\/div>\n\n\n\n<p>Le groupe de travail Logistique verte a \u00e9t\u00e9 cr\u00e9\u00e9 en octobre 2022 par IKEA et swisscleantech. Il r\u00e9unit diff\u00e9rents adh\u00e9rents de swisscleantech tout au long de la cha\u00eene de valeur logistique pour faire avancer la d\u00e9carbonisation de la logistique.<\/p>\n\n\n\n<div class=\"is-layout-flex wp-block-buttons\">\n<div class=\"wp-block-button\"><a class=\"wp-block-button__link wp-element-button\" href=\"https:\/\/www.swisscleantech.ch\/fr\/services\/groupe-de-travail-logistique-verte\/\">Plus d\u2019infos sur le groupe de travail Logistique verte<\/a><\/div>\n<\/div>\n\n\n\n<div style=\"height:40px\" aria-hidden=\"true\" class=\"wp-block-spacer\"><\/div>\n\n\n\n<h2>Derni\u00e8res publications sur la mobilit\u00e9<\/h2>\n\n\n\n<div id=\"sct-arikel-preview-block_745be01ca2e7d1905e1d566dfc5159ff\" class=\"more_posts_ct sct_artikel_preview_wrapper\" >\n   \n\t\t\n\t\n\t\t\n\t<div class=\"more_posts\">\n\t\t\t\t\t\t\t\t\t<a class=\"nobrd\" href=\"https:\/\/www.swisscleantech.ch\/fr\/article\/la-transition-energetique-une-contribution-essentielle-a-la-resilience-de-la-suisse\/\" rel=\"bookmark\" title=\"La transition \u00e9nerg\u00e9tique \u2013 une contribution essentielle \u00e0 la r\u00e9silience de la Suisse\">\n\t\t\t\t\t\t\t\t\t\t\t\t\t\t\t\t\t\t\t\t\t\t\t\t\t\t\t\n\t\t\t\t\t\t\t\t\t\n\t\t\t\t\t\t\t\t\t\n\t\t\t\t\t\t\t\t\t<span class=\"cmpi\" style=\"background-image: url(https:\/\/www.swisscleantech.ch\/files\/Ausblick-Klimapolitik-Energiepolitik-Schweiz-2024.jpg);\">\n\t\t\t\t\t\t\t\t\t\t\n\t\t\t\t\t\t\t\t\t\t\t\t\t\t\t\t\t\t\t\t\n\t\t\t\t\t\t\t\t\t<\/span>\n\t\t\t\t\t\t\t\t\t\t\t\t\t\t\t\t\t\t\n\t\t\t\t\t\t\t\t\t<div class=\"mp_wrapper\">\n\t\t\t\t\t\t\t\t\t\t<h3>La transition \u00e9nerg\u00e9tique \u2013 une contribution essentielle \u00e0 la r\u00e9silience de la Suisse<\/h3><\/a>\n\t\t\t\t\t\t\t\t\t\t \t\t\t\t\t\t\t\t\t\t\n\t\t\t\t\t\t\t\t\t<strong><\/strong> Un syst\u00e8me \u00e9nerg\u00e9tique, bas\u00e9 sur les \u00e9nergies renouvelables, est possible. C\u2019est ce que montre l\u2019analyse d\u2019Axpo, laquelle confirme de nombreuses &#8230;\t\t\t\t\t\t\t\t\t\t\t\t\t\t\t\t\t\t<br>\n\t\t\t\t\t\t\t\t\t<span class=\"more_posts_meta\">\n\t\t\t\t\t\t\t\t\t\t\t\t\t\t\t\t\t\t\t\t\t\t\t\t\t\t\t<a href=\"\/beitragstyp\/article\" class=\"hnul nobrd\">\n\t\t\t\t\t\t\t\t\tArticle\t\t\t\t\t\t\t\t\t<\/a>\n\t\t\t\t\t\t\t\t\t\t\t\t\t\t\t\t\t\t \n\t\t\t\t\t\t\t\t\t  \n\t\t\t\t\t\t\t\t\t    &ndash; 26.03.2026\t\t\t\t\t\t\t\t\t<\/span>\n\t\t\t\t\t\t\t\t\t<\/div>\n\t\t\t\t\t\t\t\t\t\n\n\t\t\t\t\t\t\t\t\n\t\t\t\t\t<\/div>\n\t\n\t\n\t\t\n\t<div class=\"more_posts\">\n\t\t\t\t\t\t\t\t\t<a class=\"nobrd\" href=\"https:\/\/www.swisscleantech.ch\/fr\/article\/revision-de-la-rplp-dilemme-entre-transfert-financement-et-decarbonation\/\" rel=\"bookmark\" title=\"R\u00e9vision de la RPLP \u2013 Dilemme entre transfert, financement et d\u00e9carbonation\">\n\t\t\t\t\t\t\t\t\t\t\t\t\t\t\t\t\t\t\t\t\t\t\t\t\t\t\t\n\t\t\t\t\t\t\t\t\t\n\t\t\t\t\t\t\t\t\t\n\t\t\t\t\t\t\t\t\t<span class=\"cmpi\" style=\"background-image: url(https:\/\/www.swisscleantech.ch\/files\/LSVA-Trilemma.jpg);\">\n\t\t\t\t\t\t\t\t\t\t\n\t\t\t\t\t\t\t\t\t\t\t\t\t\t\t\t\t\t\t\t\n\t\t\t\t\t\t\t\t\t<\/span>\n\t\t\t\t\t\t\t\t\t\t\t\t\t\t\t\t\t\t\n\t\t\t\t\t\t\t\t\t<div class=\"mp_wrapper\">\n\t\t\t\t\t\t\t\t\t\t<h3>R\u00e9vision de la RPLP \u2013 Dilemme entre transfert, financement et d\u00e9carbonation<\/h3><\/a>\n\t\t\t\t\t\t\t\t\t\t \t\t\t\t\t\t\t\t\t\t\n\t\t\t\t\t\t\t\t\t<strong><\/strong> Hier, concernant la redevance sur le trafic des poids lourds li\u00e9e aux prestations (RPLP), le Conseil national s\u2019est prononc\u00e9 en faveur d\u2019une &#8230;\t\t\t\t\t\t\t\t\t\t\t\t\t\t\t\t\t\t<br>\n\t\t\t\t\t\t\t\t\t<span class=\"more_posts_meta\">\n\t\t\t\t\t\t\t\t\t\t\t\t\t\t\t\t\t\t\t\t\t\t\t\t\t\t\t<a href=\"\/beitragstyp\/article\" class=\"hnul nobrd\">\n\t\t\t\t\t\t\t\t\tArticle\t\t\t\t\t\t\t\t\t<\/a>\n\t\t\t\t\t\t\t\t\t\t\t\t\t\t\t\t\t\t \n\t\t\t\t\t\t\t\t\t  \n\t\t\t\t\t\t\t\t\t    &ndash; 10.03.2026\t\t\t\t\t\t\t\t\t<\/span>\n\t\t\t\t\t\t\t\t\t<\/div>\n\t\t\t\t\t\t\t\t\t\n\n\t\t\t\t\t\t\t\t\n\t\t\t\t\t<\/div>\n\t\n\t\n\t\t\n\t<div class=\"more_posts\">\n\t\t\t\t\t\t\t\t\t<a class=\"nobrd\" href=\"https:\/\/www.swisscleantech.ch\/fr\/prise-de-position\/prise-de-position-sur-la-redevance-de-substitution-sur-les-vehicules-electriques\/\" rel=\"bookmark\" title=\"Prise de position sur la redevance de substitution sur les v\u00e9hicules \u00e9lectriques\">\n\t\t\t\t\t\t\t\t\t\t\t\t\t\t\t\t\t\t\t\t\t\t\t\t\t\t\t\n\t\t\t\t\t\t\t\t\t\n\t\t\t\t\t\t\t\t\t\n\t\t\t\t\t\t\t\t\t<span class=\"cmpi\" style=\"background-image: url(https:\/\/www.swisscleantech.ch\/files\/E-Abgabe-Stellungnahme.jpg);\">\n\t\t\t\t\t\t\t\t\t\t\n\t\t\t\t\t\t\t\t\t\t\t\t\t\t\t\t\t\t\t\t\n\t\t\t\t\t\t\t\t\t<\/span>\n\t\t\t\t\t\t\t\t\t\t\t\t\t\t\t\t\t\t\n\t\t\t\t\t\t\t\t\t<div class=\"mp_wrapper\">\n\t\t\t\t\t\t\t\t\t\t<h3>Prise de position sur la redevance de substitution sur les v\u00e9hicules \u00e9lectriques<\/h3><\/a>\n\t\t\t\t\t\t\t\t\t\t \t\t\t\t\t\t\t\t\t\t\n\t\t\t\t\t\t\t\t\t<strong><\/strong> Contrairement aux v\u00e9hicules \u00e0 moteur \u00e0 combustion, les v\u00e9hicules enti\u00e8rement \u00e9lectriques (v\u00e9hicules \u00e9lectriques \u00e0 batterie BEV) ne paient &#8230;\t\t\t\t\t\t\t\t\t\t\t\t\t\t\t\t\t\t<br>\n\t\t\t\t\t\t\t\t\t<span class=\"more_posts_meta\">\n\t\t\t\t\t\t\t\t\t\t\t\t\t\t\t\t\t\t\t\t\t\t\t\t\t\t\t<a href=\"\/beitragstyp\/prise-de-position\" class=\"hnul nobrd\">\n\t\t\t\t\t\t\t\t\tPrise de position\t\t\t\t\t\t\t\t\t<\/a>\n\t\t\t\t\t\t\t\t\t\t\t\t\t\t\t\t\t\t \n\t\t\t\t\t\t\t\t\t  \n\t\t\t\t\t\t\t\t\t    &ndash; 09.01.2026\t\t\t\t\t\t\t\t\t<\/span>\n\t\t\t\t\t\t\t\t\t<\/div>\n\t\t\t\t\t\t\t\t\t\n\n\t\t\t\t\t\t\t\t\n\t\t\t\t\t<\/div>\n\t\n\t\n\t<div style='clear: both; height: 60px;' class='themenseite_desktopbreak'><\/div>\t\n\t<div class=\"more_posts\">\n\t\t\t\t\t\t\t\t\t<a class=\"nobrd\" href=\"https:\/\/www.swisscleantech.ch\/fr\/publication\/strategies-de-decarbonation-pour-les-entreprises-suisses-livre-blanc\/\" rel=\"bookmark\" title=\"Strat\u00e9gies de d\u00e9carbonation pour les entreprises suisses \u2013 Livre blanc\">\n\t\t\t\t\t\t\t\t\t\t\t\t\t\t\t\t\t\t\t\t\t\t\t\t\t\t\t\n\t\t\t\t\t\t\t\t\t\n\t\t\t\t\t\t\t\t\t\n\t\t\t\t\t\t\t\t\t<span class=\"cmpi\" style=\"background-image: url(https:\/\/www.swisscleantech.ch\/files\/Cinq-etapes-vers-lobjectif-suisse-zero-emission-nette.jpg);\">\n\t\t\t\t\t\t\t\t\t\t\n\t\t\t\t\t\t\t\t\t\t\t\t\t\t\t\t\t\t\t\t\n\t\t\t\t\t\t\t\t\t<\/span>\n\t\t\t\t\t\t\t\t\t\t\t\t\t\t\t\t\t\t\n\t\t\t\t\t\t\t\t\t<div class=\"mp_wrapper\">\n\t\t\t\t\t\t\t\t\t\t<h3>Strat\u00e9gies de d\u00e9carbonation pour les entreprises suisses \u2013 Livre blanc<\/h3><\/a>\n\t\t\t\t\t\t\t\t\t\t \t\t\t\t\t\t\t\t\t\t\n\t\t\t\t\t\t\t\t\t<strong><\/strong> La d\u00e9carbonation de l\u2019\u00e9conomie suisse est cruciale pour atteindre les objectifs z\u00e9ro net de la Suisse, et pour les entreprises les d\u00e9fis sont &#8230;\t\t\t\t\t\t\t\t\t\t\t\t\t\t\t\t\t\t<br>\n\t\t\t\t\t\t\t\t\t<span class=\"more_posts_meta\">\n\t\t\t\t\t\t\t\t\t\t\t\t\t\t\t\t\t\t\t\t\t\t\t\t\t\t\t<a href=\"\/beitragstyp\/publication\" class=\"hnul nobrd\">\n\t\t\t\t\t\t\t\t\tPublication\t\t\t\t\t\t\t\t\t<\/a>\n\t\t\t\t\t\t\t\t\t\t\t\t\t\t\t\t\t\t \n\t\t\t\t\t\t\t\t\t  \n\t\t\t\t\t\t\t\t\t    &ndash; 19.12.2025\t\t\t\t\t\t\t\t\t<\/span>\n\t\t\t\t\t\t\t\t\t<\/div>\n\t\t\t\t\t\t\t\t\t\n\n\t\t\t\t\t\t\t\t\n\t\t\t\t\t<\/div>\n\t\n\t\n\t\t\n\t<div class=\"more_posts\">\n\t\t\t\t\t\t\t\t\t<a class=\"nobrd\" href=\"https:\/\/www.swisscleantech.ch\/fr\/communique-presse\/le-changement-climatique-malgre-le-changement-depoque-dialogue-swisscleantech\/\" rel=\"bookmark\" title=\"Le changement climatique malgr\u00e9 le changement d\u2019\u00e9poque \u2013 Dialogue swisscleantech\">\n\t\t\t\t\t\t\t\t\t\t\t\t\t\t\t\t\t\t\t\t\t\t\t\t\t\t\t\n\t\t\t\t\t\t\t\t\t\n\t\t\t\t\t\t\t\t\t\n\t\t\t\t\t\t\t\t\t<span class=\"cmpi\" style=\"background-image: url(https:\/\/www.swisscleantech.ch\/files\/swisscleantech-Dialog-2025-Medienmitteilung.jpg);\">\n\t\t\t\t\t\t\t\t\t\t\n\t\t\t\t\t\t\t\t\t\t\t\t\t\t\t\t\t\t\t\t\n\t\t\t\t\t\t\t\t\t<\/span>\n\t\t\t\t\t\t\t\t\t\t\t\t\t\t\t\t\t\t\n\t\t\t\t\t\t\t\t\t<div class=\"mp_wrapper\">\n\t\t\t\t\t\t\t\t\t\t<h3>Le changement climatique malgr\u00e9 le changement d\u2019\u00e9poque \u2013 Dialogue swisscleantech<\/h3><\/a>\n\t\t\t\t\t\t\t\t\t\t \t\t\t\t\t\t\t\t\t\t\n\t\t\t\t\t\t\t\t\t<strong><\/strong> Cette ann\u00e9e, le Dialogue swisscleantech a r\u00e9uni environ 500 participantes et participants, ce qui en fait le plus grand \u00e9v\u00e9nement de l\u2019histoire &#8230;\t\t\t\t\t\t\t\t\t\t\t\t\t\t\t\t\t\t<br>\n\t\t\t\t\t\t\t\t\t<span class=\"more_posts_meta\">\n\t\t\t\t\t\t\t\t\t\t\t\t\t\t\t\t\t\t\t\t\t\t\t\t\t\t\t<a href=\"\/beitragstyp\/communique-presse\" class=\"hnul nobrd\">\n\t\t\t\t\t\t\t\t\tCommuniqu\u00e9 de presse\t\t\t\t\t\t\t\t\t<\/a>\n\t\t\t\t\t\t\t\t\t\t\t\t\t\t\t\t\t\t \n\t\t\t\t\t\t\t\t\t  \n\t\t\t\t\t\t\t\t\t    &ndash; 24.06.2025\t\t\t\t\t\t\t\t\t<\/span>\n\t\t\t\t\t\t\t\t\t<\/div>\n\t\t\t\t\t\t\t\t\t\n\n\t\t\t\t\t\t\t\t\n\t\t\t\t\t<\/div>\n\t\n\t\n\t\t\n\t<div class=\"more_posts\">\n\t\t\t\t\t\t\t\t\t<a class=\"nobrd\" href=\"https:\/\/www.swisscleantech.ch\/fr\/prise-de-position\/prise-de-position-sur-les-dispositions-dexecution-de-la-loi-sur-le-co2-pour-la-periode-posterieure-a-2024\/\" rel=\"bookmark\" title=\"Prise de position sur les dispositions d\u2019ex\u00e9cution de la loi sur le CO2 pour la p\u00e9riode post\u00e9rieure \u00e0 2024\">\n\t\t\t\t\t\t\t\t\t\t\t\t\t\t\t\t\t\t\t\t\t\t\t\t\t\t\t\n\t\t\t\t\t\t\t\t\t\n\t\t\t\t\t\t\t\t\t\n\t\t\t\t\t\t\t\t\t<span class=\"cmpi\" style=\"background-image: url(https:\/\/www.swisscleantech.ch\/files\/Revision-CO2-Gesetz.jpg);\">\n\t\t\t\t\t\t\t\t\t\t\n\t\t\t\t\t\t\t\t\t\t\t\t\t\t\t\t\t\t\t\t\n\t\t\t\t\t\t\t\t\t<\/span>\n\t\t\t\t\t\t\t\t\t\t\t\t\t\t\t\t\t\t\n\t\t\t\t\t\t\t\t\t<div class=\"mp_wrapper\">\n\t\t\t\t\t\t\t\t\t\t<h3>Prise de position sur les dispositions d\u2019ex\u00e9cution de la loi sur le CO<sub>2<\/sub> pour la p\u00e9riode post\u00e9rieure \u00e0 2024<\/h3><\/a>\n\t\t\t\t\t\t\t\t\t\t \t\t\t\t\t\t\t\t\t\t\n\t\t\t\t\t\t\t\t\t<strong><\/strong> Association \u00e9conomique rassemblant l\u2019ensemble des branches et centr\u00e9e sur la politique climatique et \u00e9nerg\u00e9tique, swisscleantech d\u00e9fend une &#8230;\t\t\t\t\t\t\t\t\t\t\t\t\t\t\t\t\t\t<br>\n\t\t\t\t\t\t\t\t\t<span class=\"more_posts_meta\">\n\t\t\t\t\t\t\t\t\t\t\t\t\t\t\t\t\t\t\t\t\t\t\t\t\t\t\t<a href=\"\/beitragstyp\/prise-de-position\" class=\"hnul nobrd\">\n\t\t\t\t\t\t\t\t\tPrise de position\t\t\t\t\t\t\t\t\t<\/a>\n\t\t\t\t\t\t\t\t\t\t\t\t\t\t\t\t\t\t \n\t\t\t\t\t\t\t\t\t  \n\t\t\t\t\t\t\t\t\t    &ndash; 17.10.2024\t\t\t\t\t\t\t\t\t<\/span>\n\t\t\t\t\t\t\t\t\t<\/div>\n\t\t\t\t\t\t\t\t\t\n\n\t\t\t\t\t\t\t\t\n\t\t\t\t\t<\/div>\n\t\n\t\n\t<div style='clear: both; height: 5px;' class='themenseite_desktopbreak'><\/div><ul class='page-numbers'>\n\t<li><span aria-current=\"page\" class=\"page-numbers current\">1<\/span><\/li>\n\t<li><a class=\"page-numbers\" href=\"https:\/\/www.swisscleantech.ch\/fr\/wp-json\/wp\/v2\/pages\/35475\/?paged=2\">2<\/a><\/li>\n\t<li><a class=\"page-numbers\" href=\"https:\/\/www.swisscleantech.ch\/fr\/wp-json\/wp\/v2\/pages\/35475\/?paged=3\">3<\/a><\/li>\n\t<li><span class=\"page-numbers dots\">\u2026<\/span><\/li>\n\t<li><a class=\"page-numbers\" href=\"https:\/\/www.swisscleantech.ch\/fr\/wp-json\/wp\/v2\/pages\/35475\/?paged=14\">14<\/a><\/li>\n\t<li><a class=\"next page-numbers\" href=\"https:\/\/www.swisscleantech.ch\/fr\/wp-json\/wp\/v2\/pages\/35475\/?paged=2\"><\/a><\/li>\n<\/ul>\n\t\n<\/div>\n\n\n\n<div id=\"sct-kacheln-block_cbb19d1b0b78229694efa87ba0a70c11\" class=\"sct_kacheln_wrapper\" >\n   \n\t<div class=\"acf-innerblocks-container\">\n\n<a class=\"kachel_link\" href=\" http:\/\/www.swisscleantech.ch\/fr\/themes\"> <div id=\"sct-kachel-block_109ca8a32bc8279b9f37dd9d100eac4a\" class=\"sct_kachel span_1 grad_blau1\"  >\n   \n\t<div class=\"kachel_inner\">\n\t\t<h1>Nos th\u00e8mes<\/h1>\n\t\t\t\t<span>Sommaire<\/span>\n\t<\/div>\n\t\n\t\n\t\n<\/div>\n\t<\/a> \n\n\n<a class=\"kachel_link\" href=\" https:\/\/www.swisscleantech.ch\/fr\/newsletter\/\"> <div id=\"sct-kachel-block_13da64f0733ee6d62346063ac2eaaca5\" class=\"sct_kachel span_1 grad_gruen3\"  >\n   \n\t<div class=\"kachel_inner\">\n\t\t<h1>Newsletter<\/h1>\n\t\t<img decoding=\"async\" class=\"kachel_icon quad3\" src=\"https:\/\/www.swisscleantech.ch\/files\/Newsletter.svg\" \/> \t\t<span>Se tenir au courant de l&#8217;\u00e9nergie et du climat.<\/span>\n\t<\/div>\n\t\n\t\n\t\n<\/div>\n\t<\/a> \n\n\n<a class=\"kachel_link\" href=\" https:\/\/www.swisscleantech.ch\/fr\/adhesion\/\"> <div id=\"sct-kachel-block_1d3218a9ca262c2633864e8e2bdc0d8a\" class=\"sct_kachel span_1 grad_orange4\"  >\n   \n\t<div class=\"kachel_inner\">\n\t\t<h1>Participer<\/h1>\n\t\t\t\t<span>Devenir adh\u00e9rent<\/span>\n\t<\/div>\n\t\n\t\n\t\n<\/div>\n\t<\/a> \n<\/div>\n\t\n\t\n<\/div>\n","protected":false},"excerpt":{"rendered":"<p>Les transports sont l\u2019un des grands probl\u00e8mes de la politique climatique suisse&nbsp;: en chiffres absolus, les \u00e9missions stagnent \u00e0 un niveau \u00e9lev\u00e9 depuis des ann\u00e9es alors que d\u2019autres secteurs r\u00e9alisent des progr\u00e8s importants \u2013 proportionnellement, il y a m\u00eame une augmentation des \u00e9missions li\u00e9es aux transports. Voici la politique de la mobilit\u00e9 que nous d\u00e9fendons&#8230;  <a class=\"excerpt-read-more\" href=\"https:\/\/www.swisscleantech.ch\/fr\/themes\/mobilite-en-suisse\/\" title=\"LireMobilit\u00e9 en Suisse\">Lire la suite &raquo;<\/a><\/p>\n","protected":false},"author":15,"featured_media":35478,"parent":35459,"menu_order":0,"comment_status":"closed","ping_status":"closed","template":"page-superhero.php","meta":{"inline_featured_image":false},"acf":[],"_links":{"self":[{"href":"https:\/\/www.swisscleantech.ch\/fr\/wp-json\/wp\/v2\/pages\/35475"}],"collection":[{"href":"https:\/\/www.swisscleantech.ch\/fr\/wp-json\/wp\/v2\/pages"}],"about":[{"href":"https:\/\/www.swisscleantech.ch\/fr\/wp-json\/wp\/v2\/types\/page"}],"author":[{"embeddable":true,"href":"https:\/\/www.swisscleantech.ch\/fr\/wp-json\/wp\/v2\/users\/15"}],"replies":[{"embeddable":true,"href":"https:\/\/www.swisscleantech.ch\/fr\/wp-json\/wp\/v2\/comments?post=35475"}],"version-history":[{"count":3,"href":"https:\/\/www.swisscleantech.ch\/fr\/wp-json\/wp\/v2\/pages\/35475\/revisions"}],"predecessor-version":[{"id":35494,"href":"https:\/\/www.swisscleantech.ch\/fr\/wp-json\/wp\/v2\/pages\/35475\/revisions\/35494"}],"up":[{"embeddable":true,"href":"https:\/\/www.swisscleantech.ch\/fr\/wp-json\/wp\/v2\/pages\/35459"}],"wp:featuredmedia":[{"embeddable":true,"href":"https:\/\/www.swisscleantech.ch\/fr\/wp-json\/wp\/v2\/media\/35478"}],"wp:attachment":[{"href":"https:\/\/www.swisscleantech.ch\/fr\/wp-json\/wp\/v2\/media?parent=35475"}],"curies":[{"name":"wp","href":"https:\/\/api.w.org\/{rel}","templated":true}]}}