{"id":35479,"date":"2025-05-07T15:50:55","date_gmt":"2025-05-07T15:50:55","guid":{"rendered":"https:\/\/www.swisscleantech.ch\/?page_id=35479"},"modified":"2025-06-03T13:31:43","modified_gmt":"2025-06-03T13:31:43","slug":"politique-energetique-suisse","status":"publish","type":"page","link":"https:\/\/www.swisscleantech.ch\/fr\/themes\/politique-energetique-suisse\/","title":{"rendered":"Politique \u00e9nerg\u00e9tique suisse"},"content":{"rendered":"\n<p><strong>Deux tiers de la consommation \u00e9nerg\u00e9tique de la Suisse sont couverts par des sources d\u2019\u00e9nergie fossiles, lesquelles g\u00e9n\u00e8rent 75% des \u00e9missions de gaz \u00e0 effet de serre. Pour parvenir \u00e0 un approvisionnement \u00e9nerg\u00e9tique s\u00fbr et \u00e0 la d\u00e9carbonisation, l\u2019\u00e9conomie et la soci\u00e9t\u00e9 doivent donc miser principalement sur l\u2019\u00e9lectrification. Cela entra\u00eenera une baisse de la consommation d\u2019\u00e9nergie et une hausse de la consommation d\u2019\u00e9lectricit\u00e9. Un approvisionnement en \u00e9lectricit\u00e9 renouvelable, stable et en m\u00eame temps finan\u00e7able est essentiel.<\/strong><\/p>\n\n\n\n<div class=\"is-layout-flex wp-container-2 wp-block-columns\">\n<div class=\"is-layout-flow wp-block-column abstand_gross has-background\" style=\"background-color:#e3ebf1\">\n<h2>Voici la politique \u00e9nerg\u00e9tique que nous d\u00e9fendons<\/h2>\n\n\n\n<ul>\n<li>Un d\u00e9veloppement acc\u00e9l\u00e9r\u00e9 des \u00e9nergies renouvelables avec un focus sur la production d\u2019\u00e9lectricit\u00e9 en hiver<\/li>\n\n\n\n<li>Un r\u00e9seau d\u2019\u00e9lectricit\u00e9 intelligent, bien structur\u00e9, et une int\u00e9gration efficace des \u00e9nergies renouvelables.<\/li>\n\n\n\n<li>Int\u00e9gration dans le march\u00e9 de l\u2019\u00e9lectricit\u00e9 europ\u00e9en<\/li>\n\n\n\n<li>Plus d\u2019efficacit\u00e9 \u00e9nerg\u00e9tique et plus de flexibilit\u00e9 dans le syst\u00e8me \u00e9lectrique gr\u00e2ce au stockage et \u00e0 la gestion de la demande (demand side management).<\/li>\n\n\n\n<li>D\u00e9carbonisation syst\u00e9matique du secteur de la chaleur.<\/li>\n\n\n\n<li>Un approvisionnement compl\u00e9mentaire avec des vecteurs \u00e9nerg\u00e9tiques synth\u00e9tiques.<\/li>\n<\/ul>\n<\/div>\n<\/div>\n\n\n\n<div style=\"height:40px\" aria-hidden=\"true\" class=\"wp-block-spacer\"><\/div>\n\n\n\n<h2>Derni\u00e8res publications sur la politique \u00e9nerg\u00e9tique suisse<\/h2>\n\n\n\n<div id=\"sct-arikel-preview-block_9a274600d4cc7254cda2995c1088c125\" class=\"more_posts_ct sct_artikel_preview_wrapper\" >\n   \n\t\t\n\t\n\t\t\n\t<div class=\"more_posts\">\n\t\t\t\t\t\t\t\t\t<a class=\"nobrd\" href=\"https:\/\/www.swisscleantech.ch\/fr\/prise-de-position\/prise-de-position-sur-la-modification-de-lordonnance-sur-la-protection-des-eaux-oeaux-mise-en-oeuvre-de-22-3702-motion-jauslin\/\" rel=\"bookmark\" title=\"Prise de position sur la modification de l\u2019ordonnance sur la protection des eaux OEaux (mise en \u0153uvre de 22.3702 motion Jauslin)\">\n\t\t\t\t\t\t\t\t\t\t\t\t\t\t\t\t\t\t\t\t\t\t\t\t\t\t\t\n\t\t\t\t\t\t\t\t\t\n\t\t\t\t\t\t\t\t\t\n\t\t\t\t\t\t\t\t\t<span class=\"cmpi\" style=\"background-image: url(https:\/\/www.swisscleantech.ch\/files\/Aenderung-Gewaesserschutzverordnung.jpg);\">\n\t\t\t\t\t\t\t\t\t\t\n\t\t\t\t\t\t\t\t\t\t\t\t\t\t\t\t\t\t\t\t\n\t\t\t\t\t\t\t\t\t<\/span>\n\t\t\t\t\t\t\t\t\t\t\t\t\t\t\t\t\t\t\n\t\t\t\t\t\t\t\t\t<div class=\"mp_wrapper\">\n\t\t\t\t\t\t\t\t\t\t<h3>Prise de position sur la modification de l\u2019ordonnance sur la protection des eaux OEaux (mise en \u0153uvre de 22.3702 motion Jauslin)<\/h3><\/a>\n\t\t\t\t\t\t\t\t\t\t \t\t\t\t\t\t\t\t\t\t\n\t\t\t\t\t\t\t\t\t<strong><\/strong> La modification de l\u2019ordonnance cr\u00e9era les conditions l\u00e9gales permettant d\u2019exploiter plus efficacement les rejets thermiques et la chaleur souterraine &#8230;\t\t\t\t\t\t\t\t\t\t\t\t\t\t\t\t\t\t<br>\n\t\t\t\t\t\t\t\t\t<span class=\"more_posts_meta\">\n\t\t\t\t\t\t\t\t\t\t\t\t\t\t\t\t\t\t\t\t\t\t\t\t\t\t\t<a href=\"\/beitragstyp\/prise-de-position\" class=\"hnul nobrd\">\n\t\t\t\t\t\t\t\t\tPrise de position\t\t\t\t\t\t\t\t\t<\/a>\n\t\t\t\t\t\t\t\t\t\t\t\t\t\t\t\t\t\t \n\t\t\t\t\t\t\t\t\t  \n\t\t\t\t\t\t\t\t\t    &ndash; 09.04.2026\t\t\t\t\t\t\t\t\t<\/span>\n\t\t\t\t\t\t\t\t\t<\/div>\n\t\t\t\t\t\t\t\t\t\n\n\t\t\t\t\t\t\t\t\n\t\t\t\t\t<\/div>\n\t\n\t\n\t\t\n\t<div class=\"more_posts\">\n\t\t\t\t\t\t\t\t\t<a class=\"nobrd\" href=\"https:\/\/www.swisscleantech.ch\/fr\/article\/la-transition-energetique-une-contribution-essentielle-a-la-resilience-de-la-suisse\/\" rel=\"bookmark\" title=\"La transition \u00e9nerg\u00e9tique \u2013 une contribution essentielle \u00e0 la r\u00e9silience de la Suisse\">\n\t\t\t\t\t\t\t\t\t\t\t\t\t\t\t\t\t\t\t\t\t\t\t\t\t\t\t\n\t\t\t\t\t\t\t\t\t\n\t\t\t\t\t\t\t\t\t\n\t\t\t\t\t\t\t\t\t<span class=\"cmpi\" style=\"background-image: url(https:\/\/www.swisscleantech.ch\/files\/Ausblick-Klimapolitik-Energiepolitik-Schweiz-2024.jpg);\">\n\t\t\t\t\t\t\t\t\t\t\n\t\t\t\t\t\t\t\t\t\t\t\t\t\t\t\t\t\t\t\t\n\t\t\t\t\t\t\t\t\t<\/span>\n\t\t\t\t\t\t\t\t\t\t\t\t\t\t\t\t\t\t\n\t\t\t\t\t\t\t\t\t<div class=\"mp_wrapper\">\n\t\t\t\t\t\t\t\t\t\t<h3>La transition \u00e9nerg\u00e9tique \u2013 une contribution essentielle \u00e0 la r\u00e9silience de la Suisse<\/h3><\/a>\n\t\t\t\t\t\t\t\t\t\t \t\t\t\t\t\t\t\t\t\t\n\t\t\t\t\t\t\t\t\t<strong><\/strong> Un syst\u00e8me \u00e9nerg\u00e9tique, bas\u00e9 sur les \u00e9nergies renouvelables, est possible. C\u2019est ce que montre l\u2019analyse d\u2019Axpo, laquelle confirme de nombreuses &#8230;\t\t\t\t\t\t\t\t\t\t\t\t\t\t\t\t\t\t<br>\n\t\t\t\t\t\t\t\t\t<span class=\"more_posts_meta\">\n\t\t\t\t\t\t\t\t\t\t\t\t\t\t\t\t\t\t\t\t\t\t\t\t\t\t\t<a href=\"\/beitragstyp\/article\" class=\"hnul nobrd\">\n\t\t\t\t\t\t\t\t\tArticle\t\t\t\t\t\t\t\t\t<\/a>\n\t\t\t\t\t\t\t\t\t\t\t\t\t\t\t\t\t\t \n\t\t\t\t\t\t\t\t\t  \n\t\t\t\t\t\t\t\t\t    &ndash; 26.03.2026\t\t\t\t\t\t\t\t\t<\/span>\n\t\t\t\t\t\t\t\t\t<\/div>\n\t\t\t\t\t\t\t\t\t\n\n\t\t\t\t\t\t\t\t\n\t\t\t\t\t<\/div>\n\t\n\t\n\t\t\n\t<div class=\"more_posts\">\n\t\t\t\t\t\t\t\t\t<a class=\"nobrd\" href=\"https:\/\/www.swisscleantech.ch\/fr\/communique-presse\/laccord-sur-lelectricite-est-determinant-pour-atteindre-lobjectif-zero-net-et-pour-la-securite-de-lapprovisionnement\/\" rel=\"bookmark\" title=\"L\u2019accord sur l\u2019\u00e9lectricit\u00e9\u00a0est d\u00e9terminant pour atteindre l\u2019objectif z\u00e9ro net et pour la s\u00e9curit\u00e9 de l\u2019approvisionnement\">\n\t\t\t\t\t\t\t\t\t\t\t\t\t\t\t\t\t\t\t\t\t\t\t\t\t\t\t\n\t\t\t\t\t\t\t\t\t\n\t\t\t\t\t\t\t\t\t\n\t\t\t\t\t\t\t\t\t<span class=\"cmpi\" style=\"background-image: url(https:\/\/www.swisscleantech.ch\/files\/Stromabkommen-Botschaft-Bundesrat.jpg);\">\n\t\t\t\t\t\t\t\t\t\t\n\t\t\t\t\t\t\t\t\t\t\t\t\t\t\t\t\t\t\t\t\n\t\t\t\t\t\t\t\t\t<\/span>\n\t\t\t\t\t\t\t\t\t\t\t\t\t\t\t\t\t\t\n\t\t\t\t\t\t\t\t\t<div class=\"mp_wrapper\">\n\t\t\t\t\t\t\t\t\t\t<h3>L\u2019accord sur l\u2019\u00e9lectricit\u00e9\u00a0est d\u00e9terminant pour atteindre l\u2019objectif z\u00e9ro net et pour la s\u00e9curit\u00e9 de l\u2019approvisionnement<\/h3><\/a>\n\t\t\t\t\t\t\t\t\t\t \t\t\t\t\t\t\t\t\t\t\n\t\t\t\t\t\t\t\t\t<strong><\/strong> Avec le message publi\u00e9 par le Conseil f\u00e9d\u00e9ral concernant l\u2019accord sur l\u2019\u00e9lectricit\u00e9, la Suisse fait un pas important en direction d\u2019un &#8230;\t\t\t\t\t\t\t\t\t\t\t\t\t\t\t\t\t\t<br>\n\t\t\t\t\t\t\t\t\t<span class=\"more_posts_meta\">\n\t\t\t\t\t\t\t\t\t\t\t\t\t\t\t\t\t\t\t\t\t\t\t\t\t\t\t<a href=\"\/beitragstyp\/communique-presse\" class=\"hnul nobrd\">\n\t\t\t\t\t\t\t\t\tCommuniqu\u00e9 de presse\t\t\t\t\t\t\t\t\t<\/a>\n\t\t\t\t\t\t\t\t\t\t\t\t\t\t\t\t\t\t \n\t\t\t\t\t\t\t\t\t  \n\t\t\t\t\t\t\t\t\t    &ndash; 13.03.2026\t\t\t\t\t\t\t\t\t<\/span>\n\t\t\t\t\t\t\t\t\t<\/div>\n\t\t\t\t\t\t\t\t\t\n\n\t\t\t\t\t\t\t\t\n\t\t\t\t\t<\/div>\n\t\n\t\n\t<div style='clear: both; height: 60px;' class='themenseite_desktopbreak'><\/div>\t\n\t<div class=\"more_posts\">\n\t\t\t\t\t\t\t\t\t<a class=\"nobrd\" href=\"https:\/\/www.swisscleantech.ch\/fr\/article\/fonds-climat-une-evolution-plutot-quune-revolution\/\" rel=\"bookmark\" title=\"Fonds climat\u00a0: une \u00e9volution plut\u00f4t qu\u2019une r\u00e9volution\">\n\t\t\t\t\t\t\t\t\t\t\t\t\t\t\t\t\t\t\t\t\t\t\t\t\t\t\t\n\t\t\t\t\t\t\t\t\t\n\t\t\t\t\t\t\t\t\t\n\t\t\t\t\t\t\t\t\t<span class=\"cmpi\" style=\"background-image: url(https:\/\/www.swisscleantech.ch\/files\/Klimafonds-Initiative-Evolution-statt-Revolution.jpg);\">\n\t\t\t\t\t\t\t\t\t\t\n\t\t\t\t\t\t\t\t\t\t\t\t\t\t\t\t\t\t\t\t\n\t\t\t\t\t\t\t\t\t<\/span>\n\t\t\t\t\t\t\t\t\t\t\t\t\t\t\t\t\t\t\n\t\t\t\t\t\t\t\t\t<div class=\"mp_wrapper\">\n\t\t\t\t\t\t\t\t\t\t<h3>Fonds climat\u00a0: une \u00e9volution plut\u00f4t qu\u2019une r\u00e9volution<\/h3><\/a>\n\t\t\t\t\t\t\t\t\t\t \t\t\t\t\t\t\t\t\t\t\n\t\t\t\t\t\t\t\t\t<strong><\/strong> La Suisse a clairement d\u00e9fini son objectif z\u00e9ro net, mais elle n\u2019est pas sur la bonne trajectoire, des mesures s\u2019imposent ! Pour atteindre cet &#8230;\t\t\t\t\t\t\t\t\t\t\t\t\t\t\t\t\t\t<br>\n\t\t\t\t\t\t\t\t\t<span class=\"more_posts_meta\">\n\t\t\t\t\t\t\t\t\t\t\t\t\t\t\t\t\t\t\t\t\t\t\t\t\t\t\t<a href=\"\/beitragstyp\/article\" class=\"hnul nobrd\">\n\t\t\t\t\t\t\t\t\tArticle\t\t\t\t\t\t\t\t\t<\/a>\n\t\t\t\t\t\t\t\t\t\t\t\t\t\t\t\t\t\t \n\t\t\t\t\t\t\t\t\t  \n\t\t\t\t\t\t\t\t\t    &ndash; 12.02.2026\t\t\t\t\t\t\t\t\t<\/span>\n\t\t\t\t\t\t\t\t\t<\/div>\n\t\t\t\t\t\t\t\t\t\n\n\t\t\t\t\t\t\t\t\n\t\t\t\t\t<\/div>\n\t\n\t\n\t\t\n\t<div class=\"more_posts\">\n\t\t\t\t\t\t\t\t\t<a class=\"nobrd\" href=\"https:\/\/www.swisscleantech.ch\/fr\/publication\/strategies-de-decarbonation-pour-les-entreprises-suisses-livre-blanc\/\" rel=\"bookmark\" title=\"Strat\u00e9gies de d\u00e9carbonation pour les entreprises suisses \u2013 Livre blanc\">\n\t\t\t\t\t\t\t\t\t\t\t\t\t\t\t\t\t\t\t\t\t\t\t\t\t\t\t\n\t\t\t\t\t\t\t\t\t\n\t\t\t\t\t\t\t\t\t\n\t\t\t\t\t\t\t\t\t<span class=\"cmpi\" style=\"background-image: url(https:\/\/www.swisscleantech.ch\/files\/Cinq-etapes-vers-lobjectif-suisse-zero-emission-nette.jpg);\">\n\t\t\t\t\t\t\t\t\t\t\n\t\t\t\t\t\t\t\t\t\t\t\t\t\t\t\t\t\t\t\t\n\t\t\t\t\t\t\t\t\t<\/span>\n\t\t\t\t\t\t\t\t\t\t\t\t\t\t\t\t\t\t\n\t\t\t\t\t\t\t\t\t<div class=\"mp_wrapper\">\n\t\t\t\t\t\t\t\t\t\t<h3>Strat\u00e9gies de d\u00e9carbonation pour les entreprises suisses \u2013 Livre blanc<\/h3><\/a>\n\t\t\t\t\t\t\t\t\t\t \t\t\t\t\t\t\t\t\t\t\n\t\t\t\t\t\t\t\t\t<strong><\/strong> La d\u00e9carbonation de l\u2019\u00e9conomie suisse est cruciale pour atteindre les objectifs z\u00e9ro net de la Suisse, et pour les entreprises les d\u00e9fis sont &#8230;\t\t\t\t\t\t\t\t\t\t\t\t\t\t\t\t\t\t<br>\n\t\t\t\t\t\t\t\t\t<span class=\"more_posts_meta\">\n\t\t\t\t\t\t\t\t\t\t\t\t\t\t\t\t\t\t\t\t\t\t\t\t\t\t\t<a href=\"\/beitragstyp\/publication\" class=\"hnul nobrd\">\n\t\t\t\t\t\t\t\t\tPublication\t\t\t\t\t\t\t\t\t<\/a>\n\t\t\t\t\t\t\t\t\t\t\t\t\t\t\t\t\t\t \n\t\t\t\t\t\t\t\t\t  \n\t\t\t\t\t\t\t\t\t    &ndash; 19.12.2025\t\t\t\t\t\t\t\t\t<\/span>\n\t\t\t\t\t\t\t\t\t<\/div>\n\t\t\t\t\t\t\t\t\t\n\n\t\t\t\t\t\t\t\t\n\t\t\t\t\t<\/div>\n\t\n\t\n\t\t\n\t<div class=\"more_posts\">\n\t\t\t\t\t\t\t\t\t<a class=\"nobrd\" href=\"https:\/\/www.swisscleantech.ch\/fr\/article\/pas-de-transition-energetique-sans-un-reseau-electrique-performant\/\" rel=\"bookmark\" title=\"Pas de transition \u00e9nerg\u00e9tique sans un r\u00e9seau \u00e9lectrique performant\">\n\t\t\t\t\t\t\t\t\t\t\t\t\t\t\t\t\t\t\t\t\t\t\t\t\t\t\t\n\t\t\t\t\t\t\t\t\t\n\t\t\t\t\t\t\t\t\t\n\t\t\t\t\t\t\t\t\t<span class=\"cmpi\" style=\"background-image: url(https:\/\/www.swisscleantech.ch\/files\/Keine-Energiewende-ohne-fittes-Stromnetz.jpg);\">\n\t\t\t\t\t\t\t\t\t\t\n\t\t\t\t\t\t\t\t\t\t\t\t\t\t\t\t\t\t\t\t\n\t\t\t\t\t\t\t\t\t<\/span>\n\t\t\t\t\t\t\t\t\t\t\t\t\t\t\t\t\t\t\n\t\t\t\t\t\t\t\t\t<div class=\"mp_wrapper\">\n\t\t\t\t\t\t\t\t\t\t<h3>Pas de transition \u00e9nerg\u00e9tique sans un r\u00e9seau \u00e9lectrique performant<\/h3><\/a>\n\t\t\t\t\t\t\t\t\t\t \t\t\t\t\t\t\t\t\t\t\n\t\t\t\t\t\t\t\t\t<strong><\/strong> L\u2019acc\u00e9l\u00e9ration de l\u2019extension et de la transformation des r\u00e9seaux \u00e9lectriques, un \u00e9l\u00e9ment central de la transition \u00e9nerg\u00e9tique, a \u00e9t\u00e9 &#8230;\t\t\t\t\t\t\t\t\t\t\t\t\t\t\t\t\t\t<br>\n\t\t\t\t\t\t\t\t\t<span class=\"more_posts_meta\">\n\t\t\t\t\t\t\t\t\t\t\t\t\t\t\t\t\t\t\t\t\t\t\t\t\t\t\t<a href=\"\/beitragstyp\/article\" class=\"hnul nobrd\">\n\t\t\t\t\t\t\t\t\tArticle\t\t\t\t\t\t\t\t\t<\/a>\n\t\t\t\t\t\t\t\t\t\t\t\t\t\t\t\t\t\t \n\t\t\t\t\t\t\t\t\t  \n\t\t\t\t\t\t\t\t\t    &ndash; 18.12.2025\t\t\t\t\t\t\t\t\t<\/span>\n\t\t\t\t\t\t\t\t\t<\/div>\n\t\t\t\t\t\t\t\t\t\n\n\t\t\t\t\t\t\t\t\n\t\t\t\t\t<\/div>\n\t\n\t\n\t<div style='clear: both; height: 5px;' class='themenseite_desktopbreak'><\/div><ul class='page-numbers'>\n\t<li><span aria-current=\"page\" class=\"page-numbers current\">1<\/span><\/li>\n\t<li><a class=\"page-numbers\" href=\"https:\/\/www.swisscleantech.ch\/fr\/wp-json\/wp\/v2\/pages\/35479\/?paged=2\">2<\/a><\/li>\n\t<li><a class=\"page-numbers\" href=\"https:\/\/www.swisscleantech.ch\/fr\/wp-json\/wp\/v2\/pages\/35479\/?paged=3\">3<\/a><\/li>\n\t<li><span class=\"page-numbers dots\">\u2026<\/span><\/li>\n\t<li><a class=\"page-numbers\" href=\"https:\/\/www.swisscleantech.ch\/fr\/wp-json\/wp\/v2\/pages\/35479\/?paged=58\">58<\/a><\/li>\n\t<li><a class=\"next page-numbers\" href=\"https:\/\/www.swisscleantech.ch\/fr\/wp-json\/wp\/v2\/pages\/35479\/?paged=2\"><\/a><\/li>\n<\/ul>\n\t\n<\/div>\n\n\n\n<div id=\"sct-kacheln-block_47cb40ee48f1ed2841f4db6f38d3e90c\" class=\"sct_kacheln_wrapper\" >\n   \n\t<div class=\"acf-innerblocks-container\">\n\n<a class=\"kachel_link\" href=\" http:\/\/www.swisscleantech.ch\/fr\/themes\"> <div id=\"sct-kachel-block_2957be06e643499ef2d5619f8f4e22e1\" class=\"sct_kachel span_1 grad_blau4\"  >\n   \n\t<div class=\"kachel_inner\">\n\t\t<h1>Nos th\u00e8mes<\/h1>\n\t\t\t\t<span>Sommaire<\/span>\n\t<\/div>\n\t\n\t\n\t\n<\/div>\n\t<\/a> \n\n\n<a class=\"kachel_link\" href=\" https:\/\/www.swisscleantech.ch\/fr\/newsletter\/\"> <div id=\"sct-kachel-block_b85380126e5bc65f936c54c591d30186\" class=\"sct_kachel span_1 grad_gruen4\"  >\n   \n\t<div class=\"kachel_inner\">\n\t\t<h1>Newsletter<\/h1>\n\t\t<img decoding=\"async\" class=\"kachel_icon quad3\" src=\"https:\/\/www.swisscleantech.ch\/files\/Newsletter.svg\" \/> \t\t<span>Se tenir au courant de l&#8217;\u00e9nergie et du climat.<\/span>\n\t<\/div>\n\t\n\t\n\t\n<\/div>\n\t<\/a> \n\n\n<a class=\"kachel_link\" href=\" https:\/\/www.swisscleantech.ch\/fr\/adhesion\/\"> <div id=\"sct-kachel-block_82394c6dedabf79a28ae8fe56188ef03\" class=\"sct_kachel span_1 grad_orange1\"  >\n   \n\t<div class=\"kachel_inner\">\n\t\t<h1>Participer<\/h1>\n\t\t\t\t<span>Devenir adh\u00e9rent<\/span>\n\t<\/div>\n\t\n\t\n\t\n<\/div>\n\t<\/a> \n<\/div>\n\t\n\t\n<\/div>\n","protected":false},"excerpt":{"rendered":"<p>Deux tiers de la consommation \u00e9nerg\u00e9tique de la Suisse sont couverts par des sources d\u2019\u00e9nergie fossiles, lesquelles g\u00e9n\u00e8rent 75% des \u00e9missions de gaz \u00e0 effet de serre. Pour parvenir \u00e0 un approvisionnement \u00e9nerg\u00e9tique s\u00fbr et \u00e0 la d\u00e9carbonisation, l\u2019\u00e9conomie et la soci\u00e9t\u00e9 doivent donc miser principalement sur l\u2019\u00e9lectrification. Cela entra\u00eenera une baisse de la consommation&#8230;  <a class=\"excerpt-read-more\" href=\"https:\/\/www.swisscleantech.ch\/fr\/themes\/politique-energetique-suisse\/\" title=\"LirePolitique \u00e9nerg\u00e9tique suisse\">Lire la suite &raquo;<\/a><\/p>\n","protected":false},"author":15,"featured_media":35482,"parent":35459,"menu_order":0,"comment_status":"closed","ping_status":"closed","template":"page-superhero.php","meta":{"inline_featured_image":false},"acf":[],"_links":{"self":[{"href":"https:\/\/www.swisscleantech.ch\/fr\/wp-json\/wp\/v2\/pages\/35479"}],"collection":[{"href":"https:\/\/www.swisscleantech.ch\/fr\/wp-json\/wp\/v2\/pages"}],"about":[{"href":"https:\/\/www.swisscleantech.ch\/fr\/wp-json\/wp\/v2\/types\/page"}],"author":[{"embeddable":true,"href":"https:\/\/www.swisscleantech.ch\/fr\/wp-json\/wp\/v2\/users\/15"}],"replies":[{"embeddable":true,"href":"https:\/\/www.swisscleantech.ch\/fr\/wp-json\/wp\/v2\/comments?post=35479"}],"version-history":[{"count":2,"href":"https:\/\/www.swisscleantech.ch\/fr\/wp-json\/wp\/v2\/pages\/35479\/revisions"}],"predecessor-version":[{"id":35481,"href":"https:\/\/www.swisscleantech.ch\/fr\/wp-json\/wp\/v2\/pages\/35479\/revisions\/35481"}],"up":[{"embeddable":true,"href":"https:\/\/www.swisscleantech.ch\/fr\/wp-json\/wp\/v2\/pages\/35459"}],"wp:featuredmedia":[{"embeddable":true,"href":"https:\/\/www.swisscleantech.ch\/fr\/wp-json\/wp\/v2\/media\/35482"}],"wp:attachment":[{"href":"https:\/\/www.swisscleantech.ch\/fr\/wp-json\/wp\/v2\/media?parent=35479"}],"curies":[{"name":"wp","href":"https:\/\/api.w.org\/{rel}","templated":true}]}}