{"id":35483,"date":"2025-05-07T17:18:06","date_gmt":"2025-05-07T17:18:06","guid":{"rendered":"https:\/\/www.swisscleantech.ch\/?page_id=35483"},"modified":"2026-01-14T16:58:54","modified_gmt":"2026-01-14T16:58:54","slug":"elimination-et-stockage-du-co2","status":"publish","type":"page","link":"https:\/\/www.swisscleantech.ch\/fr\/themes\/elimination-et-stockage-du-co2\/","title":{"rendered":"\u00c9limination et stockage du CO2"},"content":{"rendered":"\n<p class=\"has-small-font-size\">Photo&nbsp;: Climeworks | \u00a9 OZZO Photography<\/p>\n\n\n\n<p><strong>Pour atteindre l\u2019objectif z\u00e9ro net, les \u00e9missions non \u00e9vitables doivent \u00eatre stock\u00e9es durablement dans des formations g\u00e9ologiques ou compens\u00e9es par l\u2019\u00e9limination du CO<sub>2<\/sub>. Le march\u00e9 du stockage de longue dur\u00e9e du CO<sub>2<\/sub> doit cro\u00eetre de mani\u00e8re exponentielle dans les prochaines ann\u00e9es pour contribuer \u00e0 la r\u00e9alisation des objectifs z\u00e9ro net. Nous intervenons en faveur de l\u2019\u00e9laboration de conditions-cadre qui encouragent ce type de march\u00e9 et d\u2019infrastructures.<\/strong><\/p>\n\n\n\n<div class=\"is-layout-flex wp-container-2 wp-block-columns\">\n<div class=\"is-layout-flow wp-block-column abstand_gross has-background\" style=\"background-color:#e3ebf1\">\n<h2>Voici les objectifs que nous d\u00e9fendons<\/h2>\n\n\n\n<ul>\n<li>La Suisse initie rapidement des infrastructures de transport du CO<sub>2<\/sub> avec des connexions internationales.<\/li>\n\n\n\n<li>Un cadre l\u00e9gal clair et visant \u00e0 encourager le march\u00e9 et les technologies est mis en place en temps voulu.<\/li>\n\n\n\n<li>Les entreprises suisses contribuent au d\u00e9veloppement du march\u00e9 de l\u2019\u00e9limination du CO<sub>2<\/sub><\/li>\n<\/ul>\n<\/div>\n<\/div>\n\n\n\n<div style=\"height:80px\" aria-hidden=\"true\" class=\"wp-block-spacer\"><\/div>\n\n\n\n<div id=\"sct-hero-block_6abfc7dc67ef870374557cd4bafa069c\" class=\"sct_hero_wrapper\">\n   \n\t<div class=\"box_content\">\n\t\t<h1>Solutions d\u2019\u00e9limination du CO<sub>2<\/sub><\/h1>\n\t\t<span><\/span>\n\t<\/div>\n\n\t<div class=\"box_image\" style=\"background-image: url(https:\/\/www.swisscleantech.ch\/files\/Solutions-delimination-du-CO2.jpg);\"><\/div>\n\t\n\t\n\t\n<\/div>\n\n\n\n<p>Ces adh\u00e9rents de swisscleantech aident les entreprises \u00e0 atteindre leurs objectifs z\u00e9ro net; les certificats peuvent \u00eatre achet\u00e9s directement via des projets concrets ou aupr\u00e8s d\u2019interm\u00e9diaires:<\/p>\n\n\n\n<div class=\"is-layout-flex wp-block-buttons\">\n<div class=\"wp-block-button\"><a class=\"wp-block-button__link wp-element-button\" href=\"https:\/\/www.swisscleantech.ch\/fr\/services\/solutions-delimination-du-co2\/\">Solutions d\u2019\u00e9limination du CO<sub>2<\/sub><\/a><\/div>\n<\/div>\n\n\n\n<div style=\"height:80px\" aria-hidden=\"true\" class=\"wp-block-spacer\"><\/div>\n\n\n\n<div class=\"is-layout-flex wp-container-12 wp-block-columns abstand_gross has-background\" style=\"background-color:#066e9d\">\n<div class=\"is-layout-flow wp-block-column is-vertically-aligned-bottom\" style=\"flex-basis:50%\">\n<figure class=\"wp-block-image size-large\"><img decoding=\"async\" loading=\"lazy\" width=\"1024\" height=\"722\" src=\"https:\/\/www.swisscleantech.ch\/files\/Booklet-CO2-Entfernung-1024x722.png\" alt=\"\" class=\"wp-image-34744\" srcset=\"https:\/\/www.swisscleantech.ch\/files\/Booklet-CO2-Entfernung-1024x722.png 1024w, https:\/\/www.swisscleantech.ch\/files\/Booklet-CO2-Entfernung-300x211.png 300w, https:\/\/www.swisscleantech.ch\/files\/Booklet-CO2-Entfernung-768x541.png 768w, https:\/\/www.swisscleantech.ch\/files\/Booklet-CO2-Entfernung.png 1115w\" sizes=\"(max-width: 1024px) 100vw, 1024px\" \/><\/figure>\n<\/div>\n\n\n\n<div class=\"is-layout-flow wp-block-column\" style=\"flex-basis:50%\">\n<h3 class=\"has-white-color has-text-color\">Booklet<\/h3>\n\n\n\n<h2 class=\"has-white-color has-text-color\">\u00c9limination du CO<sub>2<\/sub><\/h2>\n\n\n\n<div class=\"is-layout-flex wp-block-buttons\">\n<div class=\"wp-block-button\"><a class=\"wp-block-button__link wp-element-button\" href=\"https:\/\/www.swisscleantech.ch\/fr\/elimination-du-co2-lessentiel-en-bref\/\">L\u2019essentiel en bref<\/a><\/div>\n<\/div>\n\n\n\n<div style=\"height:20px\" aria-hidden=\"true\" class=\"wp-block-spacer\"><\/div>\n\n\n\n<div class=\"is-layout-flex wp-container-10 wp-block-columns\">\n<div class=\"is-layout-flow wp-block-column abstand_klein has-white-background-color has-background\" style=\"flex-basis:100%\">\n<div class=\"is-layout-flex wp-container-8 wp-block-columns\">\n<div class=\"is-layout-flow wp-block-column is-vertically-aligned-center\" style=\"flex-basis:70%\">\n<p>Booklet de swisscleantech en collaboration avec la Poste Suisse.<\/p>\n<\/div>\n\n\n\n<div class=\"is-layout-flow wp-block-column\" style=\"flex-basis:30%\"><div class=\"wp-block-image\">\n<figure class=\"alignright size-full is-resized\"><img decoding=\"async\" loading=\"lazy\" src=\"https:\/\/www.swisscleantech.ch\/files\/Logo-Die-Schweizerische-Post-fur-Kurzversion-White-Paper-COZwei-Entfernung.png\" alt=\"\" class=\"wp-image-30648\" width=\"100\" height=\"100\" srcset=\"https:\/\/www.swisscleantech.ch\/files\/Logo-Die-Schweizerische-Post-fur-Kurzversion-White-Paper-COZwei-Entfernung.png 400w, https:\/\/www.swisscleantech.ch\/files\/Logo-Die-Schweizerische-Post-fur-Kurzversion-White-Paper-COZwei-Entfernung-300x300.png 300w, https:\/\/www.swisscleantech.ch\/files\/Logo-Die-Schweizerische-Post-fur-Kurzversion-White-Paper-COZwei-Entfernung-125x125.png 125w\" sizes=\"(max-width: 100px) 100vw, 100px\" \/><\/figure><\/div><\/div>\n<\/div>\n<\/div>\n<\/div>\n<\/div>\n<\/div>\n\n\n\n<div style=\"height:40px\" aria-hidden=\"true\" class=\"wp-block-spacer\"><\/div>\n\n\n\n<p>Au-del\u00e0 de \u00ab&nbsp;<a href=\"https:\/\/www.swisscleantech.ch\/fr\/publication\/elimination-du-co2-lessentiel-en-bref\/\">L\u2019essentiel en bref<\/a>&nbsp;\u00bb, nous avons aussi \u00e9tudi\u00e9 la question de l\u2019\u00e9limination du CO<sub>2<\/sub> de mani\u00e8re approfondie avec Dr. Cyril Brunner de l\u2019ETH Zurich&nbsp;:<\/p>\n\n\n\n<div class=\"is-layout-flex wp-block-buttons\">\n<div class=\"wp-block-button\"><a class=\"wp-block-button__link wp-element-button\" href=\"https:\/\/www.swisscleantech.ch\/fr\/publication\/elimination-du-co2-indispensable-pour-nos-objectifs-climatiques\/\">Livre blanc<\/a><\/div>\n<\/div>\n\n\n\n<div style=\"height:40px\" aria-hidden=\"true\" class=\"wp-block-spacer\"><\/div>\n\n\n\n<h2>Derni\u00e8res publications sur l\u2019\u00e9limination et le stockage du CO<sub>2<\/sub><\/h2>\n\n\n\n<div id=\"sct-arikel-preview-block_b9016adb57bb8c24b16a13d50151206f\" class=\"more_posts_ct sct_artikel_preview_wrapper\" >\n   \n\t\t\n\t\n\t\t\n\t<div class=\"more_posts\">\n\t\t\t\t\t\t\t\t\t<a class=\"nobrd\" href=\"https:\/\/www.swisscleantech.ch\/fr\/prise-de-position\/prise-de-position-sur-la-modification-de-lordonnance-sur-la-protection-du-climat\/\" rel=\"bookmark\" title=\"Prise de position sur la modification de l\u2019ordonnance sur la protection du climat\">\n\t\t\t\t\t\t\t\t\t\t\t\t\t\t\t\t\t\t\t\t\t\t\t\t\t\t\t\n\t\t\t\t\t\t\t\t\t\n\t\t\t\t\t\t\t\t\t\n\t\t\t\t\t\t\t\t\t<span class=\"cmpi\" style=\"background-image: url(https:\/\/www.swisscleantech.ch\/files\/Beitragsbild.jpg);\">\n\t\t\t\t\t\t\t\t\t\t\n\t\t\t\t\t\t\t\t\t\t\t\t\t\t\t\t\t\t\t\t\n\t\t\t\t\t\t\t\t\t<\/span>\n\t\t\t\t\t\t\t\t\t\t\t\t\t\t\t\t\t\t\n\t\t\t\t\t\t\t\t\t<div class=\"mp_wrapper\">\n\t\t\t\t\t\t\t\t\t\t<h3>Prise de position sur la modification de l\u2019ordonnance sur la protection du climat<\/h3><\/a>\n\t\t\t\t\t\t\t\t\t\t \t\t\t\t\t\t\t\t\t\t\n\t\t\t\t\t\t\t\t\t<strong><\/strong> La loi sur le climat et l\u2019innovation (LCI) ayant \u00e9t\u00e9 largement accept\u00e9e par la population, il importe qu\u2019elle soit maintenant r\u00e9ellement mise &#8230;\t\t\t\t\t\t\t\t\t\t\t\t\t\t\t\t\t\t<br>\n\t\t\t\t\t\t\t\t\t<span class=\"more_posts_meta\">\n\t\t\t\t\t\t\t\t\t\t\t\t\t\t\t\t\t\t\t\t\t\t\t\t\t\t\t<a href=\"\/beitragstyp\/prise-de-position\" class=\"hnul nobrd\">\n\t\t\t\t\t\t\t\t\tPrise de position\t\t\t\t\t\t\t\t\t<\/a>\n\t\t\t\t\t\t\t\t\t\t\t\t\t\t\t\t\t\t \n\t\t\t\t\t\t\t\t\t  \n\t\t\t\t\t\t\t\t\t    &ndash; 19.03.2026\t\t\t\t\t\t\t\t\t<\/span>\n\t\t\t\t\t\t\t\t\t<\/div>\n\t\t\t\t\t\t\t\t\t\n\n\t\t\t\t\t\t\t\t\n\t\t\t\t\t<\/div>\n\t\n\t\n\t\t\n\t<div class=\"more_posts\">\n\t\t\t\t\t\t\t\t\t<a class=\"nobrd\" href=\"https:\/\/www.swisscleantech.ch\/fr\/publication\/strategies-de-decarbonation-pour-les-entreprises-suisses-livre-blanc\/\" rel=\"bookmark\" title=\"Strat\u00e9gies de d\u00e9carbonation pour les entreprises suisses \u2013 Livre blanc\">\n\t\t\t\t\t\t\t\t\t\t\t\t\t\t\t\t\t\t\t\t\t\t\t\t\t\t\t\n\t\t\t\t\t\t\t\t\t\n\t\t\t\t\t\t\t\t\t\n\t\t\t\t\t\t\t\t\t<span class=\"cmpi\" style=\"background-image: url(https:\/\/www.swisscleantech.ch\/files\/Cinq-etapes-vers-lobjectif-suisse-zero-emission-nette.jpg);\">\n\t\t\t\t\t\t\t\t\t\t\n\t\t\t\t\t\t\t\t\t\t\t\t\t\t\t\t\t\t\t\t\n\t\t\t\t\t\t\t\t\t<\/span>\n\t\t\t\t\t\t\t\t\t\t\t\t\t\t\t\t\t\t\n\t\t\t\t\t\t\t\t\t<div class=\"mp_wrapper\">\n\t\t\t\t\t\t\t\t\t\t<h3>Strat\u00e9gies de d\u00e9carbonation pour les entreprises suisses \u2013 Livre blanc<\/h3><\/a>\n\t\t\t\t\t\t\t\t\t\t \t\t\t\t\t\t\t\t\t\t\n\t\t\t\t\t\t\t\t\t<strong><\/strong> La d\u00e9carbonation de l\u2019\u00e9conomie suisse est cruciale pour atteindre les objectifs z\u00e9ro net de la Suisse, et pour les entreprises les d\u00e9fis sont &#8230;\t\t\t\t\t\t\t\t\t\t\t\t\t\t\t\t\t\t<br>\n\t\t\t\t\t\t\t\t\t<span class=\"more_posts_meta\">\n\t\t\t\t\t\t\t\t\t\t\t\t\t\t\t\t\t\t\t\t\t\t\t\t\t\t\t<a href=\"\/beitragstyp\/publication\" class=\"hnul nobrd\">\n\t\t\t\t\t\t\t\t\tPublication\t\t\t\t\t\t\t\t\t<\/a>\n\t\t\t\t\t\t\t\t\t\t\t\t\t\t\t\t\t\t \n\t\t\t\t\t\t\t\t\t  \n\t\t\t\t\t\t\t\t\t    &ndash; 19.12.2025\t\t\t\t\t\t\t\t\t<\/span>\n\t\t\t\t\t\t\t\t\t<\/div>\n\t\t\t\t\t\t\t\t\t\n\n\t\t\t\t\t\t\t\t\n\t\t\t\t\t<\/div>\n\t\n\t\n\t\t\n\t<div class=\"more_posts\">\n\t\t\t\t\t\t\t\t\t<a class=\"nobrd\" href=\"https:\/\/www.swisscleantech.ch\/fr\/publication\/atteindre-zero-net-avec-des-emissions-residuelles-difficilement-evitables-livre-blanc\/\" rel=\"bookmark\" title=\"Atteindre z\u00e9ro net avec des \u00e9missions r\u00e9siduelles difficilement \u00e9vitables \u2013 Livre blanc\">\n\t\t\t\t\t\t\t\t\t\t\t\t\t\t\t\t\t\t\t\t\t\t\t\t\t\t\t\n\t\t\t\t\t\t\t\t\t\n\t\t\t\t\t\t\t\t\t\n\t\t\t\t\t\t\t\t\t<span class=\"cmpi\" style=\"background-image: url(https:\/\/www.swisscleantech.ch\/files\/CO2-Entfernung-und-Bilanzierung.jpg);\">\n\t\t\t\t\t\t\t\t\t\t\n\t\t\t\t\t\t\t\t\t\t\t\t\t\t\t\t\t\t\t\t\n\t\t\t\t\t\t\t\t\t<\/span>\n\t\t\t\t\t\t\t\t\t\t\t\t\t\t\t\t\t\t\n\t\t\t\t\t\t\t\t\t<div class=\"mp_wrapper\">\n\t\t\t\t\t\t\t\t\t\t<h3>Atteindre z\u00e9ro net avec des \u00e9missions r\u00e9siduelles difficilement \u00e9vitables \u2013 Livre blanc<\/h3><\/a>\n\t\t\t\t\t\t\t\t\t\t \t\t\t\t\t\t\t\t\t\t\n\t\t\t\t\t\t\t\t\t<strong><\/strong> Pour atteindre z\u00e9ro net en 2050, les entreprises doivent r\u00e9duire au maximum leurs \u00e9missions et compenser les \u00e9missions restantes, difficilement &#8230;\t\t\t\t\t\t\t\t\t\t\t\t\t\t\t\t\t\t<br>\n\t\t\t\t\t\t\t\t\t<span class=\"more_posts_meta\">\n\t\t\t\t\t\t\t\t\t\t\t\t\t\t\t\t\t\t\t\t\t\t\t\t\t\t\t<a href=\"\/beitragstyp\/publication\" class=\"hnul nobrd\">\n\t\t\t\t\t\t\t\t\tPublication\t\t\t\t\t\t\t\t\t<\/a>\n\t\t\t\t\t\t\t\t\t\t\t\t\t\t\t\t\t\t \n\t\t\t\t\t\t\t\t\t  \n\t\t\t\t\t\t\t\t\t    &ndash; 29.10.2025\t\t\t\t\t\t\t\t\t<\/span>\n\t\t\t\t\t\t\t\t\t<\/div>\n\t\t\t\t\t\t\t\t\t\n\n\t\t\t\t\t\t\t\t\n\t\t\t\t\t<\/div>\n\t\n\t\n\t<div style='clear: both; height: 60px;' class='themenseite_desktopbreak'><\/div>\t\n\t<div class=\"more_posts\">\n\t\t\t\t\t\t\t\t\t<a class=\"nobrd\" href=\"https:\/\/www.swisscleantech.ch\/fr\/communique-presse\/le-changement-climatique-malgre-le-changement-depoque-dialogue-swisscleantech\/\" rel=\"bookmark\" title=\"Le changement climatique malgr\u00e9 le changement d\u2019\u00e9poque \u2013 Dialogue swisscleantech\">\n\t\t\t\t\t\t\t\t\t\t\t\t\t\t\t\t\t\t\t\t\t\t\t\t\t\t\t\n\t\t\t\t\t\t\t\t\t\n\t\t\t\t\t\t\t\t\t\n\t\t\t\t\t\t\t\t\t<span class=\"cmpi\" style=\"background-image: url(https:\/\/www.swisscleantech.ch\/files\/swisscleantech-Dialog-2025-Medienmitteilung.jpg);\">\n\t\t\t\t\t\t\t\t\t\t\n\t\t\t\t\t\t\t\t\t\t\t\t\t\t\t\t\t\t\t\t\n\t\t\t\t\t\t\t\t\t<\/span>\n\t\t\t\t\t\t\t\t\t\t\t\t\t\t\t\t\t\t\n\t\t\t\t\t\t\t\t\t<div class=\"mp_wrapper\">\n\t\t\t\t\t\t\t\t\t\t<h3>Le changement climatique malgr\u00e9 le changement d\u2019\u00e9poque \u2013 Dialogue swisscleantech<\/h3><\/a>\n\t\t\t\t\t\t\t\t\t\t \t\t\t\t\t\t\t\t\t\t\n\t\t\t\t\t\t\t\t\t<strong><\/strong> Cette ann\u00e9e, le Dialogue swisscleantech a r\u00e9uni environ 500 participantes et participants, ce qui en fait le plus grand \u00e9v\u00e9nement de l\u2019histoire &#8230;\t\t\t\t\t\t\t\t\t\t\t\t\t\t\t\t\t\t<br>\n\t\t\t\t\t\t\t\t\t<span class=\"more_posts_meta\">\n\t\t\t\t\t\t\t\t\t\t\t\t\t\t\t\t\t\t\t\t\t\t\t\t\t\t\t<a href=\"\/beitragstyp\/communique-presse\" class=\"hnul nobrd\">\n\t\t\t\t\t\t\t\t\tCommuniqu\u00e9 de presse\t\t\t\t\t\t\t\t\t<\/a>\n\t\t\t\t\t\t\t\t\t\t\t\t\t\t\t\t\t\t \n\t\t\t\t\t\t\t\t\t  \n\t\t\t\t\t\t\t\t\t    &ndash; 24.06.2025\t\t\t\t\t\t\t\t\t<\/span>\n\t\t\t\t\t\t\t\t\t<\/div>\n\t\t\t\t\t\t\t\t\t\n\n\t\t\t\t\t\t\t\t\n\t\t\t\t\t<\/div>\n\t\n\t\n\t\t\n\t<div class=\"more_posts\">\n\t\t\t\t\t\t\t\t\t<a class=\"nobrd\" href=\"https:\/\/www.swisscleantech.ch\/fr\/article\/des-infrastructures-de-transport-et-de-stockage-du-co2-en-suisse-une-etape-cle-pour-atteindre-lobjectif-zero-net\/\" rel=\"bookmark\" title=\"Des infrastructures de transport et de stockage du CO2 en Suisse\u00a0: une \u00e9tape cl\u00e9 pour atteindre l\u2019objectif z\u00e9ro net\">\n\t\t\t\t\t\t\t\t\t\t\t\t\t\t\t\t\t\t\t\t\t\t\t\t\t\t\t\n\t\t\t\t\t\t\t\t\t\n\t\t\t\t\t\t\t\t\t\n\t\t\t\t\t\t\t\t\t<span class=\"cmpi\" style=\"background-image: url(https:\/\/www.swisscleantech.ch\/files\/White-Paper-CO2-Entfernung-300x3001-1.jpg);\">\n\t\t\t\t\t\t\t\t\t\t\n\t\t\t\t\t\t\t\t\t\t\t\t\t\t\t\t\t\t\t\t\n\t\t\t\t\t\t\t\t\t<\/span>\n\t\t\t\t\t\t\t\t\t\t\t\t\t\t\t\t\t\t\n\t\t\t\t\t\t\t\t\t<div class=\"mp_wrapper\">\n\t\t\t\t\t\t\t\t\t\t<h3>Des infrastructures de transport et de stockage du CO<sub>2<\/sub> en Suisse\u00a0: une \u00e9tape cl\u00e9 pour atteindre l\u2019objectif z\u00e9ro net<\/h3><\/a>\n\t\t\t\t\t\t\t\t\t\t \t\t\t\t\t\t\t\t\t\t\n\t\t\t\t\t\t\t\t\t<strong><\/strong> Le d\u00e9veloppement d\u2019infrastructures de captage, de transport et de stockage durable du CO<sub>2<\/sub> est une \u00e9tape essentielle pour que la Suisse &#8230;\t\t\t\t\t\t\t\t\t\t\t\t\t\t\t\t\t\t<br>\n\t\t\t\t\t\t\t\t\t<span class=\"more_posts_meta\">\n\t\t\t\t\t\t\t\t\t\t\t\t\t\t\t\t\t\t\t\t\t\t\t\t\t\t\t<a href=\"\/beitragstyp\/article\" class=\"hnul nobrd\">\n\t\t\t\t\t\t\t\t\tArticle\t\t\t\t\t\t\t\t\t<\/a>\n\t\t\t\t\t\t\t\t\t\t\t\t\t\t\t\t\t\t \n\t\t\t\t\t\t\t\t\t  \n\t\t\t\t\t\t\t\t\t    &ndash; 25.10.2024\t\t\t\t\t\t\t\t\t<\/span>\n\t\t\t\t\t\t\t\t\t<\/div>\n\t\t\t\t\t\t\t\t\t\n\n\t\t\t\t\t\t\t\t\n\t\t\t\t\t<\/div>\n\t\n\t\n\t\t\n\t<div class=\"more_posts\">\n\t\t\t\t\t\t\t\t\t<a class=\"nobrd\" href=\"https:\/\/www.swisscleantech.ch\/fr\/prise-de-position\/prise-de-position-sur-les-dispositions-dexecution-de-la-loi-sur-le-co2-pour-la-periode-posterieure-a-2024\/\" rel=\"bookmark\" title=\"Prise de position sur les dispositions d\u2019ex\u00e9cution de la loi sur le CO2 pour la p\u00e9riode post\u00e9rieure \u00e0 2024\">\n\t\t\t\t\t\t\t\t\t\t\t\t\t\t\t\t\t\t\t\t\t\t\t\t\t\t\t\n\t\t\t\t\t\t\t\t\t\n\t\t\t\t\t\t\t\t\t\n\t\t\t\t\t\t\t\t\t<span class=\"cmpi\" style=\"background-image: url(https:\/\/www.swisscleantech.ch\/files\/Revision-CO2-Gesetz.jpg);\">\n\t\t\t\t\t\t\t\t\t\t\n\t\t\t\t\t\t\t\t\t\t\t\t\t\t\t\t\t\t\t\t\n\t\t\t\t\t\t\t\t\t<\/span>\n\t\t\t\t\t\t\t\t\t\t\t\t\t\t\t\t\t\t\n\t\t\t\t\t\t\t\t\t<div class=\"mp_wrapper\">\n\t\t\t\t\t\t\t\t\t\t<h3>Prise de position sur les dispositions d\u2019ex\u00e9cution de la loi sur le CO<sub>2<\/sub> pour la p\u00e9riode post\u00e9rieure \u00e0 2024<\/h3><\/a>\n\t\t\t\t\t\t\t\t\t\t \t\t\t\t\t\t\t\t\t\t\n\t\t\t\t\t\t\t\t\t<strong><\/strong> Association \u00e9conomique rassemblant l\u2019ensemble des branches et centr\u00e9e sur la politique climatique et \u00e9nerg\u00e9tique, swisscleantech d\u00e9fend une &#8230;\t\t\t\t\t\t\t\t\t\t\t\t\t\t\t\t\t\t<br>\n\t\t\t\t\t\t\t\t\t<span class=\"more_posts_meta\">\n\t\t\t\t\t\t\t\t\t\t\t\t\t\t\t\t\t\t\t\t\t\t\t\t\t\t\t<a href=\"\/beitragstyp\/prise-de-position\" class=\"hnul nobrd\">\n\t\t\t\t\t\t\t\t\tPrise de position\t\t\t\t\t\t\t\t\t<\/a>\n\t\t\t\t\t\t\t\t\t\t\t\t\t\t\t\t\t\t \n\t\t\t\t\t\t\t\t\t  \n\t\t\t\t\t\t\t\t\t    &ndash; 17.10.2024\t\t\t\t\t\t\t\t\t<\/span>\n\t\t\t\t\t\t\t\t\t<\/div>\n\t\t\t\t\t\t\t\t\t\n\n\t\t\t\t\t\t\t\t\n\t\t\t\t\t<\/div>\n\t\n\t\n\t<div style='clear: both; height: 5px;' class='themenseite_desktopbreak'><\/div><ul class='page-numbers'>\n\t<li><span aria-current=\"page\" class=\"page-numbers current\">1<\/span><\/li>\n\t<li><a class=\"page-numbers\" href=\"https:\/\/www.swisscleantech.ch\/fr\/wp-json\/wp\/v2\/pages\/35483\/?paged=2\">2<\/a><\/li>\n\t<li><a class=\"next page-numbers\" href=\"https:\/\/www.swisscleantech.ch\/fr\/wp-json\/wp\/v2\/pages\/35483\/?paged=2\"><\/a><\/li>\n<\/ul>\n\t\n<\/div>\n\n\n\n<div id=\"sct-kacheln-block_a2efd7f26a9056c1cb8ce4d79856978a\" class=\"sct_kacheln_wrapper\" >\n   \n\t<div class=\"acf-innerblocks-container\">\n\n<a class=\"kachel_link\" href=\" http:\/\/www.swisscleantech.ch\/fr\/themes\"> <div id=\"sct-kachel-block_be384cefe00b28769606ff1a1f18fe9f\" class=\"sct_kachel span_1 grad_blau4\"  >\n   \n\t<div class=\"kachel_inner\">\n\t\t<h1>Nos th\u00e8mes<\/h1>\n\t\t\t\t<span>Sommaire<\/span>\n\t<\/div>\n\t\n\t\n\t\n<\/div>\n\t<\/a> \n\n\n<a class=\"kachel_link\" href=\" https:\/\/www.swisscleantech.ch\/fr\/newsletter\/\"> <div id=\"sct-kachel-block_fe954998418cd6b013be168008311840\" class=\"sct_kachel span_1 grad_gruen2\"  >\n   \n\t<div class=\"kachel_inner\">\n\t\t<h1>Newsletter<\/h1>\n\t\t<img decoding=\"async\" class=\"kachel_icon quad3\" src=\"https:\/\/www.swisscleantech.ch\/files\/Newsletter.svg\" \/> \t\t<span>Se tenir au courant de l&#8217;\u00e9nergie et du climat.<\/span>\n\t<\/div>\n\t\n\t\n\t\n<\/div>\n\t<\/a> \n\n\n<a class=\"kachel_link\" href=\" https:\/\/www.swisscleantech.ch\/fr\/adhesion\/\"> <div id=\"sct-kachel-block_d4d8b5b8d272b5089955ee3be4a6739e\" class=\"sct_kachel span_1 grad_orange4\"  >\n   \n\t<div class=\"kachel_inner\">\n\t\t<h1>Participer<\/h1>\n\t\t\t\t<span>Devenir adh\u00e9rent<\/span>\n\t<\/div>\n\t\n\t\n\t\n<\/div>\n\t<\/a> \n<\/div>\n\t\n\t\n<\/div>\n","protected":false},"excerpt":{"rendered":"<p>Photo&nbsp;: Climeworks | \u00a9 OZZO Photography Pour atteindre l\u2019objectif z\u00e9ro net, les \u00e9missions non \u00e9vitables doivent \u00eatre stock\u00e9es durablement dans des formations g\u00e9ologiques ou compens\u00e9es par l\u2019\u00e9limination du CO<sub>2<\/sub>. Le march\u00e9 du stockage de longue dur\u00e9e du CO<sub>2<\/sub> doit cro\u00eetre de mani\u00e8re exponentielle dans les prochaines ann\u00e9es pour contribuer \u00e0 la r\u00e9alisation des objectifs z\u00e9ro&#8230;  <a class=\"excerpt-read-more\" href=\"https:\/\/www.swisscleantech.ch\/fr\/themes\/elimination-et-stockage-du-co2\/\" title=\"Lire\u00c9limination et stockage du CO2\">Lire la suite &raquo;<\/a><\/p>\n","protected":false},"author":15,"featured_media":35486,"parent":35459,"menu_order":0,"comment_status":"closed","ping_status":"closed","template":"page-superhero.php","meta":{"inline_featured_image":false},"acf":[],"_links":{"self":[{"href":"https:\/\/www.swisscleantech.ch\/fr\/wp-json\/wp\/v2\/pages\/35483"}],"collection":[{"href":"https:\/\/www.swisscleantech.ch\/fr\/wp-json\/wp\/v2\/pages"}],"about":[{"href":"https:\/\/www.swisscleantech.ch\/fr\/wp-json\/wp\/v2\/types\/page"}],"author":[{"embeddable":true,"href":"https:\/\/www.swisscleantech.ch\/fr\/wp-json\/wp\/v2\/users\/15"}],"replies":[{"embeddable":true,"href":"https:\/\/www.swisscleantech.ch\/fr\/wp-json\/wp\/v2\/comments?post=35483"}],"version-history":[{"count":9,"href":"https:\/\/www.swisscleantech.ch\/fr\/wp-json\/wp\/v2\/pages\/35483\/revisions"}],"predecessor-version":[{"id":37736,"href":"https:\/\/www.swisscleantech.ch\/fr\/wp-json\/wp\/v2\/pages\/35483\/revisions\/37736"}],"up":[{"embeddable":true,"href":"https:\/\/www.swisscleantech.ch\/fr\/wp-json\/wp\/v2\/pages\/35459"}],"wp:featuredmedia":[{"embeddable":true,"href":"https:\/\/www.swisscleantech.ch\/fr\/wp-json\/wp\/v2\/media\/35486"}],"wp:attachment":[{"href":"https:\/\/www.swisscleantech.ch\/fr\/wp-json\/wp\/v2\/media?parent=35483"}],"curies":[{"name":"wp","href":"https:\/\/api.w.org\/{rel}","templated":true}]}}