{"id":8793,"date":"2018-05-21T19:44:26","date_gmt":"2018-05-21T19:44:26","guid":{"rendered":"https:\/\/www.swisscleantech.ch\/?page_id=8793"},"modified":"2026-02-17T08:29:21","modified_gmt":"2026-02-17T08:29:21","slug":"adhesion","status":"publish","type":"page","link":"https:\/\/www.swisscleantech.ch\/fr\/adhesion\/","title":{"rendered":"Adh\u00e9sion"},"content":{"rendered":"<div id=\"portrait_slider\" class=\"flexslider\">\n<ul class=\"slides\">\n<li style=\"list-style: none;\"><img decoding=\"async\" src=\"\/files\/sct_participer_sld2.jpg\" \/><\/li>\n<li style=\"list-style: none;\"><img decoding=\"async\" src=\"\/files\/sct_participer_sld3.jpg\" \/><\/li>\n<li style=\"list-style: none;\"><img decoding=\"async\" src=\"\/files\/sct_participer_sld4.jpg\" \/><\/li>\n<\/ul>\n<\/div>\n<h4>Devenir adh\u00e9rent \u2013 agir pour soi et pour la soci\u00e9t\u00e9<\/h4>\n<p>Devenez adh\u00e9rent de swisscleantech. Agissez pour que l\u2019\u00e9conomie devienne climat compatible. Indiquez quels sont vos besoins en lien avec une \u00e9conomie climat compatible ! Echangez avec des d\u00e9cideurs et des experts du monde de l\u2019\u00e9conomie, de la politique et des sciences. Acqu\u00e9rez une expertise sur la fa\u00e7on de faire \u00e9voluer les lois, les ordonnances et les normes et sur les mod\u00e8les \u00e9conomiques performants dans le futur.<\/p>\n<p>Nous proposons deux cat\u00e9gories d\u2019adh\u00e9sion. Choisissez celle qui vous convient.<\/p>\n<p><a class=\"ctabtn\" href=\"https:\/\/www.swisscleantech.ch\/fr\/adhesion\/adhesion-pour-les-entreprises\/\">Adh\u00e9sion pour les entreprises<\/a> \u00a0 <a class=\"ctabtn\" href=\"https:\/\/www.swisscleantech.ch\/fr\/adhesion\/adhesion-pour-les-associations\/\">Adh\u00e9sion pour les associations<\/a><\/p>\n<p>En tant d\u2019adh\u00e9rent, vous approuvez notre <a href=\"https:\/\/www.swisscleantech.ch\/fr\/swisscleantech-charte\/\">charte<\/a> et nos <a href=\"https:\/\/www.swisscleantech.ch\/files\/FR_SCA_Statuten_Version_2021_fin.pdf\">statuts<\/a>. Dans la rubrique Th\u00e8mes, vous pouvez voir o\u00f9 et comment nous nous engageons pour une \u00e9conomie climat compatible. Dans la rubrique <a href=\"https:\/\/www.swisscleantech.ch\/fr\/services\/\" target=\"_blank\" rel=\"noopener noreferrer\">Prestations de service<\/a>, nous vous pr\u00e9sentons concr\u00e8tement les services que nous vous proposons.<\/p>\n<p>&nbsp;<\/p>\n<h4>Devenir supporter \u2013 Mettre l\u2019\u00e9conomie en mouvement. Climat compatible.<\/h4>\n<p>Pour que l\u2019\u00e9conomie devienne climat compatible, il faut une grande force de conviction vis-\u00e0-vis des responsables politiques, \u00e9conomiques et de la soci\u00e9t\u00e9. Particulier, entreprise, organisation partenaire ou fondation, vous pouvez soutenir cette action. En savoir plus!<\/p>\n<p><a class=\"ctabtn\" href=\"https:\/\/www.swisscleantech.ch\/fr\/adhesion\/fondations-donateurs-prives\/\">Fondations &amp; Donateurs priv\u00e9s<\/a><\/p>\n<p><a href=\"https:\/\/www.swisscleantech.ch\/fr\/adhesion\/support-en-tant-quentreprise\/\">Entreprises<\/a><br \/>\n<a href=\"https:\/\/www.swisscleantech.ch\/fr\/adhesion\/organisations-partenaires\/\">Organisations partenaires<\/a><\/p>\n<p>&nbsp;<\/p>\n<h4>\u00c9conomie climat compatible. Nos environ 700 adh\u00e9rents issus de toutes les branches d\u2019activit\u00e9.<\/h4>\n<p>Ceux qui adh\u00e8rent \u00e0 swisscleantech s\u2019engagent. Ils s\u2019engagent \u00e0 promouvoir une \u00e9conomie climat compatible. Tous les adh\u00e9rents ont sign\u00e9 notre charte. Ils agissent pour que la Suisse devienne neutre en CO<sub>2<\/sub> d\u2019ici 2050. Grands ou petits, tous peuvent contribuer \u00e0 ce que nous atteignions l\u2019objectif: une \u00e9conomie climat compatible.<\/p>\n<div class=\"mgausz_ct\"><a href=\"https:\/\/www.ekz.ch\/de\/privatkunden.html\" target=\"_blank\" rel=\"noopener\"><div class=\"box_mitglied bmausz1\" style=\"background-image: url(https:\/\/www.swisscleantech.ch\/files\/logo_ekz.jpg);\">\n\t\t\t\t\t\t\t\t<div class=\"box_mitglied_overlay\">\n\t\t\t\t\t\t\t\t<div class=\"box_mitglied_text\">\n\t\t\t\t\t\t\t\t\t<span class=\"box_mitglied_titel\">EKZ Elektrizit\u00e4tswerke des Kantons Z\u00fcrich<\/span><br><span class=\"box_mitglied_typ\">firmenmitglied<\/span><\/div>\n\t\t\t\t\t\t\t\t<\/div>\t\t\t\t\t\t\t\t\t\t\t\t\t\t\t\t\n\t\t\t\t\t<\/div><div class=\"box_mitglied_mobinfo\">\n\t\t\t\t\t\t\t\t\t<span class=\"box_mitglied_titel\">EKZ Elektrizit\u00e4tswerke des Kantons Z\u00fcrich<\/span>\n\t\t\t\t\t\t\t\t\t<div style=\"clear: both;\"><\/div>\n\t\t\t\t\t\t\t\t\t<span class=\"box_mitglied_typ\">firmenmitglied<\/span>\n\t\t\t\t\t\t\t\t<\/div><\/a><a href=\"http:\/\/www.bierhuebeli.ch\" target=\"_blank\" rel=\"noopener\"><div class=\"box_mitglied bmausz2\" style=\"background-image: url(https:\/\/www.swisscleantech.ch\/files\/Bierh\u00fcbeli_Logo.gif);\">\n\t\t\t\t\t\t\t\t<div class=\"box_mitglied_overlay\">\n\t\t\t\t\t\t\t\t<div class=\"box_mitglied_text\">\n\t\t\t\t\t\t\t\t\t<span class=\"box_mitglied_titel\">Bierh\u00fcbeli GmbH<\/span><br><span class=\"box_mitglied_typ\">firmenmitglied<\/span><\/div>\n\t\t\t\t\t\t\t\t<\/div>\t\t\t\t\t\t\t\t\t\t\t\t\t\t\t\t\n\t\t\t\t\t<\/div><div class=\"box_mitglied_mobinfo\">\n\t\t\t\t\t\t\t\t\t<span class=\"box_mitglied_titel\">Bierh\u00fcbeli GmbH<\/span>\n\t\t\t\t\t\t\t\t\t<div style=\"clear: both;\"><\/div>\n\t\t\t\t\t\t\t\t\t<span class=\"box_mitglied_typ\">firmenmitglied<\/span>\n\t\t\t\t\t\t\t\t<\/div><\/a><a href=\"https:\/\/new.siemens.com\/ch\/de.html\" target=\"_blank\" rel=\"noopener\"><div class=\"box_mitglied bmausz3\" style=\"background-image: url(https:\/\/www.swisscleantech.ch\/files\/Logo_Siemens.png);\">\n\t\t\t\t\t\t\t\t<div class=\"box_mitglied_overlay\">\n\t\t\t\t\t\t\t\t<div class=\"box_mitglied_text\">\n\t\t\t\t\t\t\t\t\t<span class=\"box_mitglied_titel\">Siemens Schweiz AG<\/span><br><span class=\"box_mitglied_typ\">firmenmitglied<\/span><\/div>\n\t\t\t\t\t\t\t\t<\/div>\t\t\t\t\t\t\t\t\t\t\t\t\t\t\t\t\n\t\t\t\t\t<\/div><div class=\"box_mitglied_mobinfo\">\n\t\t\t\t\t\t\t\t\t<span class=\"box_mitglied_titel\">Siemens Schweiz AG<\/span>\n\t\t\t\t\t\t\t\t\t<div style=\"clear: both;\"><\/div>\n\t\t\t\t\t\t\t\t\t<span class=\"box_mitglied_typ\">firmenmitglied<\/span>\n\t\t\t\t\t\t\t\t<\/div><\/a><a href=\"https:\/\/oekoboiler.com\/\" target=\"_blank\" rel=\"noopener\"><div class=\"box_mitglied bmausz4\" style=\"background-image: url(https:\/\/www.swisscleantech.ch\/files\/oekoboiler-logo-neu.png);\">\n\t\t\t\t\t\t\t\t<div class=\"box_mitglied_overlay\">\n\t\t\t\t\t\t\t\t<div class=\"box_mitglied_text\">\n\t\t\t\t\t\t\t\t\t<span class=\"box_mitglied_titel\">OEKOBOILER SWISS AG<\/span><br><span class=\"box_mitglied_typ\">firmenmitglied<\/span><\/div>\n\t\t\t\t\t\t\t\t<\/div>\t\t\t\t\t\t\t\t\t\t\t\t\t\t\t\t\n\t\t\t\t\t<\/div><div class=\"box_mitglied_mobinfo\">\n\t\t\t\t\t\t\t\t\t<span class=\"box_mitglied_titel\">OEKOBOILER SWISS AG<\/span>\n\t\t\t\t\t\t\t\t\t<div style=\"clear: both;\"><\/div>\n\t\t\t\t\t\t\t\t\t<span class=\"box_mitglied_typ\">firmenmitglied<\/span>\n\t\t\t\t\t\t\t\t<\/div><\/a><a href=\"https:\/\/www.sachsprinting.ch\/\" target=\"_blank\" rel=\"noopener\"><div class=\"box_mitglied bmausz5\" style=\"background-image: url(https:\/\/www.swisscleantech.ch\/files\/sachs-printing-logo.png);\">\n\t\t\t\t\t\t\t\t<div class=\"box_mitglied_overlay\">\n\t\t\t\t\t\t\t\t<div class=\"box_mitglied_text\">\n\t\t\t\t\t\t\t\t\t<span class=\"box_mitglied_titel\">SACHS Printing AG<\/span><br><span class=\"box_mitglied_typ\">firmenmitglied<\/span><\/div>\n\t\t\t\t\t\t\t\t<\/div>\t\t\t\t\t\t\t\t\t\t\t\t\t\t\t\t\n\t\t\t\t\t<\/div><div class=\"box_mitglied_mobinfo\">\n\t\t\t\t\t\t\t\t\t<span class=\"box_mitglied_titel\">SACHS Printing AG<\/span>\n\t\t\t\t\t\t\t\t\t<div style=\"clear: both;\"><\/div>\n\t\t\t\t\t\t\t\t\t<span class=\"box_mitglied_typ\">firmenmitglied<\/span>\n\t\t\t\t\t\t\t\t<\/div><\/a><a href=\"https:\/\/greenpick.ch\/\" target=\"_blank\" rel=\"noopener\"><div class=\"box_mitglied bmausz6\" style=\"background-image: url(https:\/\/www.swisscleantech.ch\/files\/greenpick-logo.png);\">\n\t\t\t\t\t\t\t\t<div class=\"box_mitglied_overlay\">\n\t\t\t\t\t\t\t\t<div class=\"box_mitglied_text\">\n\t\t\t\t\t\t\t\t\t<span class=\"box_mitglied_titel\">GreenPick.ch by Green Now AG<\/span><br><span class=\"box_mitglied_typ\">firmenmitglied<\/span><\/div>\n\t\t\t\t\t\t\t\t<\/div>\t\t\t\t\t\t\t\t\t\t\t\t\t\t\t\t\n\t\t\t\t\t<\/div><div class=\"box_mitglied_mobinfo\">\n\t\t\t\t\t\t\t\t\t<span class=\"box_mitglied_titel\">GreenPick.ch by Green Now AG<\/span>\n\t\t\t\t\t\t\t\t\t<div style=\"clear: both;\"><\/div>\n\t\t\t\t\t\t\t\t\t<span class=\"box_mitglied_typ\">firmenmitglied<\/span>\n\t\t\t\t\t\t\t\t<\/div><\/a><\/div><div style=\"clear: both;\"><\/div>\n<p>Tous \u00a0 <a class=\"home_link\" href=\"https:\/\/www.swisscleantech.ch\/fr\/association\/adherents-partenaires\/\">les adh\u00e9rents<\/a> \u00a0 <a class=\"home_link\" href=\"https:\/\/www.swisscleantech.ch\/fr\/association\/adherents-partenaires\/?f=firmenmitglied\">Entreprises<\/a> \u00a0 <a class=\"home_link\" href=\"https:\/\/www.swisscleantech.ch\/fr\/association\/adherents-partenaires\/?f=verbandsmitglied\">Associations<\/a><\/p>\n","protected":false},"excerpt":{"rendered":"<p>Devenir adh\u00e9rent \u2013 agir pour soi et pour la soci\u00e9t\u00e9 Devenez adh\u00e9rent de swisscleantech. Agissez pour que l\u2019\u00e9conomie devienne climat compatible. Indiquez quels sont vos besoins en lien avec une \u00e9conomie climat compatible ! Echangez avec des d\u00e9cideurs et des experts du monde de l\u2019\u00e9conomie, de la politique et des sciences. Acqu\u00e9rez une expertise sur&#8230;  <a class=\"excerpt-read-more\" href=\"https:\/\/www.swisscleantech.ch\/fr\/mitglieder\/greenpick-ch-by-green-now-ag\/\" title=\"LireGreenPick.ch by Green Now AG\">Lire la suite &raquo;<\/a><\/p>\n","protected":false},"author":2,"featured_media":0,"parent":0,"menu_order":0,"comment_status":"closed","ping_status":"closed","template":"","meta":{"inline_featured_image":false},"acf":[],"_links":{"self":[{"href":"https:\/\/www.swisscleantech.ch\/fr\/wp-json\/wp\/v2\/pages\/8793"}],"collection":[{"href":"https:\/\/www.swisscleantech.ch\/fr\/wp-json\/wp\/v2\/pages"}],"about":[{"href":"https:\/\/www.swisscleantech.ch\/fr\/wp-json\/wp\/v2\/types\/page"}],"author":[{"embeddable":true,"href":"https:\/\/www.swisscleantech.ch\/fr\/wp-json\/wp\/v2\/users\/2"}],"replies":[{"embeddable":true,"href":"https:\/\/www.swisscleantech.ch\/fr\/wp-json\/wp\/v2\/comments?post=8793"}],"version-history":[{"count":39,"href":"https:\/\/www.swisscleantech.ch\/fr\/wp-json\/wp\/v2\/pages\/8793\/revisions"}],"predecessor-version":[{"id":38029,"href":"https:\/\/www.swisscleantech.ch\/fr\/wp-json\/wp\/v2\/pages\/8793\/revisions\/38029"}],"wp:attachment":[{"href":"https:\/\/www.swisscleantech.ch\/fr\/wp-json\/wp\/v2\/media?parent=8793"}],"curies":[{"name":"wp","href":"https:\/\/api.w.org\/{rel}","templated":true}]}}