{"id":8856,"date":"2018-06-06T04:33:20","date_gmt":"2018-06-06T04:33:20","guid":{"rendered":"https:\/\/www.swisscleantech.ch\/?page_id=8856"},"modified":"2021-11-08T08:49:31","modified_gmt":"2021-11-08T08:49:31","slug":"adherents-partenaires","status":"publish","type":"page","link":"https:\/\/www.swisscleantech.ch\/fr\/association\/adherents-partenaires\/","title":{"rendered":"Adh\u00e9rents &#038; partenaires"},"content":{"rendered":"<p>Nos adh\u00e9rents, entreprises ou associations, et nos partenaires d\u00e9fendent une politique \u00e9nerg\u00e9tique et environnementale progressive. Votre voix compte pour mettre cette politique en \u0153uvre\u00a0!<\/p>\n","protected":false},"excerpt":{"rendered":"<p>Nos adh\u00e9rents, entreprises ou associations, et nos partenaires d\u00e9fendent une politique \u00e9nerg\u00e9tique et environnementale progressive. Votre voix compte pour mettre cette politique en \u0153uvre\u00a0!<\/p>\n","protected":false},"author":2,"featured_media":0,"parent":8771,"menu_order":0,"comment_status":"closed","ping_status":"closed","template":"","meta":{"inline_featured_image":false},"acf":[],"_links":{"self":[{"href":"https:\/\/www.swisscleantech.ch\/fr\/wp-json\/wp\/v2\/pages\/8856"}],"collection":[{"href":"https:\/\/www.swisscleantech.ch\/fr\/wp-json\/wp\/v2\/pages"}],"about":[{"href":"https:\/\/www.swisscleantech.ch\/fr\/wp-json\/wp\/v2\/types\/page"}],"author":[{"embeddable":true,"href":"https:\/\/www.swisscleantech.ch\/fr\/wp-json\/wp\/v2\/users\/2"}],"replies":[{"embeddable":true,"href":"https:\/\/www.swisscleantech.ch\/fr\/wp-json\/wp\/v2\/comments?post=8856"}],"version-history":[{"count":3,"href":"https:\/\/www.swisscleantech.ch\/fr\/wp-json\/wp\/v2\/pages\/8856\/revisions"}],"predecessor-version":[{"id":20024,"href":"https:\/\/www.swisscleantech.ch\/fr\/wp-json\/wp\/v2\/pages\/8856\/revisions\/20024"}],"up":[{"embeddable":true,"href":"https:\/\/www.swisscleantech.ch\/fr\/wp-json\/wp\/v2\/pages\/8771"}],"wp:attachment":[{"href":"https:\/\/www.swisscleantech.ch\/fr\/wp-json\/wp\/v2\/media?parent=8856"}],"curies":[{"name":"wp","href":"https:\/\/api.w.org\/{rel}","templated":true}]}}