{"id":9609,"date":"2018-10-01T14:38:35","date_gmt":"2018-10-01T14:38:35","guid":{"rendered":"https:\/\/www.swisscleantech.ch\/?page_id=9609"},"modified":"2018-10-02T16:31:03","modified_gmt":"2018-10-02T16:31:03","slug":"inscription-a-levenement-dhiver","status":"publish","type":"page","link":"https:\/\/www.swisscleantech.ch\/fr\/inscriptions-et-formulaires\/inscription-a-levenement-dhiver\/","title":{"rendered":"Inscription \u00e0 l\u2019\u00e9v\u00e9nement d\u2019hiver"},"content":{"rendered":"<h1><span lang=\"FR\">Inscription\/D\u00e9sinscription \u00e9v\u00e9nement d'hiver 2018<\/span><\/h1>\r\n<h4>La voie vers un avenir respectueux du climat\u00a0<\/h4>\r\n<p><span lang=\"FR\">Mardi, 13 novembre 2018, \u00e0 partir de 17:30 heures \u00e0 la Kraftwerk, Selnaustrasse 25, 8001 Z\u00fcrich<\/span>\u00a0(<a href=\"https:\/\/www.google.de\/maps\/place\/Kraftwerk\/@47.3725313,8.53003,17z\/data=!3m1!4b1!4m5!3m4!1s0x47900a049ca3b081:0x2bc87c19bbcaf8d6!8m2!3d47.3725277!4d8.5322187\" target=\"_blank\" rel=\"noopener\">map<\/a>)<\/p>\r\n<div class=\"wpforms-container wpforms-container-full\" id=\"wpforms-9608\"><form id=\"wpforms-form-9608\" class=\"wpforms-validate wpforms-form\" data-formid=\"9608\" method=\"post\" enctype=\"multipart\/form-data\" action=\"\/fr\/wp-json\/wp\/v2\/pages\/9609\" data-token=\"38079d216a9c87793fd3e0b452f5cf5f\"><noscript class=\"wpforms-error-noscript\">Veuillez activer JavaScript dans votre navigateur pour remplir ce formulaire.<\/noscript><div class=\"wpforms-field-container\"><div id=\"wpforms-9608-field_7-container\" class=\"wpforms-field wpforms-field-checkbox\" data-field-id=\"7\"><ul id=\"wpforms-9608-field_7\"><li class=\"choice-1 depth-1\"><input type=\"checkbox\" id=\"wpforms-9608-field_7_1\" name=\"wpforms[fields][7][]\" value=\"Je m\u2019inscris \u00e0 l\u2019\u00e9v\u00e9nement principal (accueil \u00e0 partir de 17:30 heures)\"  ><label class=\"wpforms-field-label-inline\" for=\"wpforms-9608-field_7_1\">Je m\u2019inscris \u00e0 l\u2019\u00e9v\u00e9nement principal (accueil \u00e0 partir de 17:30 heures)<\/label><\/li><li class=\"choice-2 depth-1\"><input type=\"checkbox\" id=\"wpforms-9608-field_7_2\" name=\"wpforms[fields][7][]\" value=\"Je m\u2019int\u00e9resse \u00e0 une \u00e9ventuelle adh\u00e9sion et participerai \u00e0 la r\u00e9union d\u2019information qui pr\u00e9c\u00e8de (\u00e0 17:00 heures)\"  ><label class=\"wpforms-field-label-inline\" for=\"wpforms-9608-field_7_2\">Je m\u2019int\u00e9resse \u00e0 une \u00e9ventuelle adh\u00e9sion et participerai \u00e0 la r\u00e9union d\u2019information qui pr\u00e9c\u00e8de (\u00e0 17:00 heures)<\/label><\/li><li class=\"choice-5 depth-1\"><input type=\"checkbox\" id=\"wpforms-9608-field_7_5\" name=\"wpforms[fields][7][]\" value=\"Je ne suis pas disponible et souhaite ne plus recevoir d\u2019information concernant cet \u00e9v\u00e9nement\"  ><label class=\"wpforms-field-label-inline\" for=\"wpforms-9608-field_7_5\">Je ne suis pas disponible et souhaite ne plus recevoir d\u2019information concernant cet \u00e9v\u00e9nement<\/label><\/li><\/ul><\/div><div id=\"wpforms-9608-field_1-container\" class=\"wpforms-field wpforms-field-name\" data-field-id=\"1\"><label class=\"wpforms-field-label\" for=\"wpforms-9608-field_1\">Pr\u00e9nom et Nom <span class=\"wpforms-required-label\">*<\/span><\/label><input type=\"text\" id=\"wpforms-9608-field_1\" class=\"wpforms-field-large wpforms-field-required\" name=\"wpforms[fields][1]\" required><\/div><div id=\"wpforms-9608-field_2-container\" class=\"wpforms-field wpforms-field-text\" data-field-id=\"2\"><label class=\"wpforms-field-label\" for=\"wpforms-9608-field_2\">Entreprise\/Organisation <span class=\"wpforms-required-label\">*<\/span><\/label><input type=\"text\" id=\"wpforms-9608-field_2\" class=\"wpforms-field-large wpforms-field-required\" name=\"wpforms[fields][2]\" required><\/div><div id=\"wpforms-9608-field_3-container\" class=\"wpforms-field wpforms-field-text\" data-field-id=\"3\"><label class=\"wpforms-field-label\" for=\"wpforms-9608-field_3\">Function <span class=\"wpforms-required-label\">*<\/span><\/label><input type=\"text\" id=\"wpforms-9608-field_3\" class=\"wpforms-field-large wpforms-field-required\" name=\"wpforms[fields][3]\" required><\/div><div id=\"wpforms-9608-field_4-container\" class=\"wpforms-field wpforms-field-email\" data-field-id=\"4\"><label class=\"wpforms-field-label\" for=\"wpforms-9608-field_4\">E-Mail <span class=\"wpforms-required-label\">*<\/span><\/label><input type=\"email\" id=\"wpforms-9608-field_4\" class=\"wpforms-field-large wpforms-field-required\" name=\"wpforms[fields][4]\" required><\/div><div id=\"wpforms-9608-field_5-container\" class=\"wpforms-field wpforms-field-checkbox\" data-field-id=\"5\"><label class=\"wpforms-field-label wpforms-label-hide\" for=\"wpforms-9608-field_5\">Checkboxen<\/label><ul id=\"wpforms-9608-field_5\"><li class=\"choice-1 depth-1\"><input type=\"checkbox\" id=\"wpforms-9608-field_5_1\" name=\"wpforms[fields][5][]\" value=\"Adh\u00e9rent swisscleantech\"  ><label class=\"wpforms-field-label-inline\" for=\"wpforms-9608-field_5_1\">Adh\u00e9rent swisscleantech<\/label><\/li><li class=\"choice-2 depth-1\"><input type=\"checkbox\" id=\"wpforms-9608-field_5_2\" name=\"wpforms[fields][5][]\" value=\"Non-adh\u00e9rent\"  ><label class=\"wpforms-field-label-inline\" for=\"wpforms-9608-field_5_2\">Non-adh\u00e9rent<\/label><\/li><\/ul><\/div><div id=\"wpforms-9608-field_6-container\" class=\"wpforms-field wpforms-field-textarea\" data-field-id=\"6\"><label class=\"wpforms-field-label\" for=\"wpforms-9608-field_6\">Remarques<\/label><textarea id=\"wpforms-9608-field_6\" class=\"wpforms-field-medium\" name=\"wpforms[fields][6]\" ><\/textarea><\/div><\/div><div class=\"wpforms-field wpforms-field-hp\"><label for=\"wpforms-9608-field-hp\" class=\"wpforms-field-label\">Email<\/label><input type=\"text\" name=\"wpforms[hp]\" id=\"wpforms-9608-field-hp\" class=\"wpforms-field-medium\"><\/div><div class=\"wpforms-submit-container\"><input type=\"hidden\" name=\"wpforms[id]\" value=\"9608\"><input type=\"hidden\" name=\"wpforms[author]\" value=\"2\"><button type=\"submit\" name=\"wpforms[submit]\" id=\"wpforms-submit-9608\" class=\"wpforms-submit\" data-alt-text=\"En progr\u00e8s...\" data-submit-text=\"Envoyer\" aria-live=\"assertive\" value=\"wpforms-submit\">Envoyer<\/button><\/div><\/form><\/div>  <!-- .wpforms-container -->\r\n<p><a href=\"https:\/\/www.swisscleantech.ch\/fr\/agendaeintrag\/winteranlass-der-weg-in-eine-klimafreundliche-zukunft\/\">Retour \u00e0 l'\u00e9v\u00e9nement<\/a><br \/>\r\n<a href=\"https:\/\/www.swisscleantech.ch\/fr\/agenda\/\">Retour \u00e0 l'agenda<\/a><\/p>","protected":false},"excerpt":{"rendered":"Inscription\/D\u00e9sinscription \u00e9v\u00e9nement d'hiver 2018 La voie vers un avenir respectueux du climat\u00a0 Mardi, 13 novembre 2018, \u00e0 partir de 17:30 heures \u00e0 la Kraftwerk, Selnaustrasse 25, 8001 Z\u00fcrich\u00a0(map) Retour \u00e0 l'\u00e9v\u00e9nement Retour \u00e0 l'agenda","protected":false},"author":2,"featured_media":0,"parent":22568,"menu_order":0,"comment_status":"closed","ping_status":"closed","template":"","meta":{"inline_featured_image":false},"acf":[],"_links":{"self":[{"href":"https:\/\/www.swisscleantech.ch\/fr\/wp-json\/wp\/v2\/pages\/9609"}],"collection":[{"href":"https:\/\/www.swisscleantech.ch\/fr\/wp-json\/wp\/v2\/pages"}],"about":[{"href":"https:\/\/www.swisscleantech.ch\/fr\/wp-json\/wp\/v2\/types\/page"}],"author":[{"embeddable":true,"href":"https:\/\/www.swisscleantech.ch\/fr\/wp-json\/wp\/v2\/users\/2"}],"replies":[{"embeddable":true,"href":"https:\/\/www.swisscleantech.ch\/fr\/wp-json\/wp\/v2\/comments?post=9609"}],"version-history":[{"count":5,"href":"https:\/\/www.swisscleantech.ch\/fr\/wp-json\/wp\/v2\/pages\/9609\/revisions"}],"predecessor-version":[{"id":9622,"href":"https:\/\/www.swisscleantech.ch\/fr\/wp-json\/wp\/v2\/pages\/9609\/revisions\/9622"}],"up":[{"embeddable":true,"href":"https:\/\/www.swisscleantech.ch\/fr\/wp-json\/wp\/v2\/pages\/22568"}],"wp:attachment":[{"href":"https:\/\/www.swisscleantech.ch\/fr\/wp-json\/wp\/v2\/media?parent=9609"}],"curies":[{"name":"wp","href":"https:\/\/api.w.org\/{rel}","templated":true}]}}